{"id":11820,"date":"2022-07-25T11:25:37","date_gmt":"2022-07-25T09:25:37","guid":{"rendered":"http:\/\/www.tgm.ac.at\/?page_id=11820"},"modified":"2024-11-26T09:50:44","modified_gmt":"2024-11-26T08:50:44","slug":"diplomarbeiten-2021-wi","status":"publish","type":"page","link":"http:\/\/172.16.202.26\/?page_id=11820","title":{"rendered":"Diplomarbeiten 2021 WI"},"content":{"rendered":"\t\t<div data-elementor-type=\"wp-page\" data-elementor-id=\"11820\" class=\"elementor elementor-11820\">\n\t\t\t\t\t\t<section class=\"elementor-section elementor-top-section elementor-element elementor-element-d94d3ce elementor-section-boxed elementor-section-height-default elementor-section-height-default\" data-id=\"d94d3ce\" data-element_type=\"section\">\n\t\t\t\t\t\t<div class=\"elementor-container elementor-column-gap-default\">\n\t\t\t\t\t<div class=\"elementor-column elementor-col-100 elementor-top-column elementor-element elementor-element-21ff2e8\" data-id=\"21ff2e8\" data-element_type=\"column\">\n\t\t\t<div class=\"elementor-widget-wrap elementor-element-populated\">\n\t\t\t\t\t\t<div class=\"elementor-element elementor-element-2417a3b elementor-widget elementor-widget-heading\" data-id=\"2417a3b\" data-element_type=\"widget\" data-widget_type=\"heading.default\">\n\t\t\t\t<div class=\"elementor-widget-container\">\n\t\t\t<style>\/*! elementor - v3.20.0 - 13-03-2024 *\/\n.elementor-heading-title{padding:0;margin:0;line-height:1}.elementor-widget-heading .elementor-heading-title[class*=elementor-size-]>a{color:inherit;font-size:inherit;line-height:inherit}.elementor-widget-heading .elementor-heading-title.elementor-size-small{font-size:15px}.elementor-widget-heading .elementor-heading-title.elementor-size-medium{font-size:19px}.elementor-widget-heading .elementor-heading-title.elementor-size-large{font-size:29px}.elementor-widget-heading .elementor-heading-title.elementor-size-xl{font-size:39px}.elementor-widget-heading .elementor-heading-title.elementor-size-xxl{font-size:59px}<\/style><h2 class=\"elementor-heading-title elementor-size-default\">Diplomarbeiten 2021<\/h2>\t\t<\/div>\n\t\t\t\t<\/div>\n\t\t\t\t\t<\/div>\n\t\t<\/div>\n\t\t\t\t\t<\/div>\n\t\t<\/section>\n\t\t\t\t<section class=\"elementor-section elementor-top-section elementor-element elementor-element-14206e5 elementor-section-boxed elementor-section-height-default elementor-section-height-default\" data-id=\"14206e5\" data-element_type=\"section\">\n\t\t\t\t\t\t<div class=\"elementor-container elementor-column-gap-default\">\n\t\t\t\t\t<div class=\"elementor-column elementor-col-100 elementor-top-column elementor-element elementor-element-c8006b6\" data-id=\"c8006b6\" data-element_type=\"column\" data-settings=\"{&quot;background_background&quot;:&quot;classic&quot;}\">\n\t\t\t<div class=\"elementor-widget-wrap elementor-element-populated\">\n\t\t\t\t\t\t<div class=\"elementor-element elementor-element-e190d1c elementor-widget elementor-widget-heading\" data-id=\"e190d1c\" data-element_type=\"widget\" data-widget_type=\"heading.default\">\n\t\t\t\t<div class=\"elementor-widget-container\">\n\t\t\t<h2 class=\"elementor-heading-title elementor-size-default\">Simulation von Produktions- und Logistikprozessen<\/h2>\t\t<\/div>\n\t\t\t\t<\/div>\n\t\t\t\t<div class=\"elementor-element elementor-element-5ebb97e elementor-widget elementor-widget-text-editor\" data-id=\"5ebb97e\" data-element_type=\"widget\" data-widget_type=\"text-editor.default\">\n\t\t\t\t<div class=\"elementor-widget-container\">\n\t\t\t<style>\/*! elementor - v3.20.0 - 13-03-2024 *\/\n.elementor-widget-text-editor.elementor-drop-cap-view-stacked .elementor-drop-cap{background-color:#69727d;color:#fff}.elementor-widget-text-editor.elementor-drop-cap-view-framed .elementor-drop-cap{color:#69727d;border:3px solid;background-color:transparent}.elementor-widget-text-editor:not(.elementor-drop-cap-view-default) .elementor-drop-cap{margin-top:8px}.elementor-widget-text-editor:not(.elementor-drop-cap-view-default) .elementor-drop-cap-letter{width:1em;height:1em}.elementor-widget-text-editor .elementor-drop-cap{float:left;text-align:center;line-height:1;font-size:50px}.elementor-widget-text-editor .elementor-drop-cap-letter{display:inline-block}<\/style>\t\t\t\t<p>Materialflusssimulation dient zur Analyse komplexer, logistischer Systeme. Sie findet u.a. Anwendung in Produktions- und Montageprozessen, bei Wartungs- und Reparaturprozessen, in Lagern, Distributionszentren und Flugh\u00e4fen.<br><br><\/p><p>Im Zuge dieser Arbeit wurden zwei Aufgabenstellungen mit der Software Plant Simulation von Siemens zum Thema Materialflusssimulation bearbeitet:&nbsp;<\/p>\n<p>Die erste Aufgabe war die Erstellung eines Simulationsmodells eines Lagers. Auf Basis der Simulationsergebnisse wurde ein Lagerkonzept erarbeitet.&nbsp;<\/p>\n<p>Die zweite Aufgabe war die Erstellung eines Simulationsmodells einer Produktion. Auf Basis der Simulationsergebnisse wurde ein Produktionskonzept erarbeitet.<\/p>\t\t\t\t\t\t<\/div>\n\t\t\t\t<\/div>\n\t\t\t\t<div class=\"elementor-element elementor-element-55e1c37 elementor-widget elementor-widget-image\" data-id=\"55e1c37\" data-element_type=\"widget\" data-widget_type=\"image.default\">\n\t\t\t\t<div class=\"elementor-widget-container\">\n\t\t\t<style>\/*! elementor - v3.20.0 - 13-03-2024 *\/\n.elementor-widget-image{text-align:center}.elementor-widget-image a{display:inline-block}.elementor-widget-image a img[src$=\".svg\"]{width:48px}.elementor-widget-image img{vertical-align:middle;display:inline-block}<\/style>\t\t\t\t\t\t\t\t\t\t<img fetchpriority=\"high\" decoding=\"async\" width=\"1915\" height=\"905\" src=\"http:\/\/172.16.202.26\/wp-content\/uploads\/2022\/07\/DA_Gattringer_2021.jpg\" class=\"attachment-full size-full wp-image-11841\" alt=\"\" srcset=\"http:\/\/172.16.202.26\/wp-content\/uploads\/2022\/07\/DA_Gattringer_2021.jpg 1915w, http:\/\/172.16.202.26\/wp-content\/uploads\/2022\/07\/DA_Gattringer_2021-300x142.jpg 300w, http:\/\/172.16.202.26\/wp-content\/uploads\/2022\/07\/DA_Gattringer_2021-1024x484.jpg 1024w, http:\/\/172.16.202.26\/wp-content\/uploads\/2022\/07\/DA_Gattringer_2021-768x363.jpg 768w, http:\/\/172.16.202.26\/wp-content\/uploads\/2022\/07\/DA_Gattringer_2021-1536x726.jpg 1536w\" sizes=\"(max-width: 1915px) 100vw, 1915px\" \/>\t\t\t\t\t\t\t\t\t\t\t\t\t<\/div>\n\t\t\t\t<\/div>\n\t\t\t\t\t<\/div>\n\t\t<\/div>\n\t\t\t\t\t<\/div>\n\t\t<\/section>\n\t\t\t\t<section class=\"elementor-section elementor-top-section elementor-element elementor-element-13a752c elementor-section-boxed elementor-section-height-default elementor-section-height-default\" data-id=\"13a752c\" data-element_type=\"section\">\n\t\t\t\t\t\t<div class=\"elementor-container elementor-column-gap-default\">\n\t\t\t\t\t<div class=\"elementor-column elementor-col-100 elementor-top-column elementor-element elementor-element-5f306a4\" data-id=\"5f306a4\" data-element_type=\"column\" data-settings=\"{&quot;background_background&quot;:&quot;classic&quot;}\">\n\t\t\t<div class=\"elementor-widget-wrap elementor-element-populated\">\n\t\t\t\t\t\t<div class=\"elementor-element elementor-element-d7e1095 elementor-widget elementor-widget-heading\" data-id=\"d7e1095\" data-element_type=\"widget\" data-widget_type=\"heading.default\">\n\t\t\t\t<div class=\"elementor-widget-container\">\n\t\t\t<h2 class=\"elementor-heading-title elementor-size-default\">CAD How To\u00b4s - Entwicklung eines modularen CAD-Handbuchs<\/h2>\t\t<\/div>\n\t\t\t\t<\/div>\n\t\t\t\t<div class=\"elementor-element elementor-element-1ad966a elementor-widget elementor-widget-text-editor\" data-id=\"1ad966a\" data-element_type=\"widget\" data-widget_type=\"text-editor.default\">\n\t\t\t\t<div class=\"elementor-widget-container\">\n\t\t\t\t\t\t\t<p>Im Rahmen der CAD-Ausbildung als zentraler Bestandteil der technischen Ausbildung kommt es h\u00e4ufig vor, dass globale oder individuelle Fragestellungen zu zentralen oder speziellen Themenbereichen im, aber auch au\u00dferhalb des Unterrichts behandelt werden m\u00fcssen. Ziel dieser Diplomarbeit war es daher ein modulares Handbuch zu entwickeln, in dem wesentliche Themenstellungen kapitelweise kurz und pr\u00e4gnant aufbereitet sind, um Sch\u00fcler*innen und Lehrkr\u00e4fte im Rahmen der CAD-Qualifizierung zu unterst\u00fctzen.<\/p><p>\u00a0<\/p><p>Realisiert wurde die Arbeit, indem zu Projektbeginn eine Erhebung der projektrelevanten Bed\u00fcrfnisse der betroffenen Lehrkr\u00e4fte und der Sch\u00fcler*innen durchgef\u00fchrt wurde. Darauf aufbauend erfolgte eine strukturierte Auswahl relevanter Teilbereiche, f\u00fcr die L\u00f6sungsans\u00e4tze recherchiert und ausgearbeitet, sowie zielgruppenspezifische pr\u00e4gnante Kurzanleitungen erstellt wurden.<\/p><p>Als Ergebnis liegt ein modular aufgebautes Handbuch zur raschen und l\u00f6sungsorientierten Umsetzung ausgew\u00e4hlter CAD-Problemstellungen vor. Zur Unterst\u00fctzung wurden ausgew\u00e4hlte Kapitel auch mittels Videosequenzen umgesetzt.<\/p>\t\t\t\t\t\t<\/div>\n\t\t\t\t<\/div>\n\t\t\t\t<div class=\"elementor-element elementor-element-a1ae85c elementor-widget elementor-widget-image\" data-id=\"a1ae85c\" data-element_type=\"widget\" data-widget_type=\"image.default\">\n\t\t\t\t<div class=\"elementor-widget-container\">\n\t\t\t\t\t\t\t\t\t\t\t\t\t<img decoding=\"async\" width=\"277\" height=\"300\" src=\"http:\/\/172.16.202.26\/wp-content\/uploads\/2022\/07\/DA_Hollnsteiner_2021-277x300.png\" class=\"attachment-medium size-medium wp-image-11840\" alt=\"\" srcset=\"http:\/\/172.16.202.26\/wp-content\/uploads\/2022\/07\/DA_Hollnsteiner_2021-277x300.png 277w, http:\/\/172.16.202.26\/wp-content\/uploads\/2022\/07\/DA_Hollnsteiner_2021.png 561w\" sizes=\"(max-width: 277px) 100vw, 277px\" \/>\t\t\t\t\t\t\t\t\t\t\t\t\t<\/div>\n\t\t\t\t<\/div>\n\t\t\t\t\t<\/div>\n\t\t<\/div>\n\t\t\t\t\t<\/div>\n\t\t<\/section>\n\t\t\t\t<section class=\"elementor-section elementor-top-section elementor-element elementor-element-3c3b90a elementor-section-boxed elementor-section-height-default elementor-section-height-default\" data-id=\"3c3b90a\" data-element_type=\"section\">\n\t\t\t\t\t\t<div class=\"elementor-container elementor-column-gap-default\">\n\t\t\t\t\t<div class=\"elementor-column elementor-col-100 elementor-top-column elementor-element elementor-element-5fc8391\" data-id=\"5fc8391\" data-element_type=\"column\" data-settings=\"{&quot;background_background&quot;:&quot;classic&quot;}\">\n\t\t\t<div class=\"elementor-widget-wrap elementor-element-populated\">\n\t\t\t\t\t\t<div class=\"elementor-element elementor-element-18a3acf elementor-widget elementor-widget-heading\" data-id=\"18a3acf\" data-element_type=\"widget\" data-widget_type=\"heading.default\">\n\t\t\t\t<div class=\"elementor-widget-container\">\n\t\t\t<h2 class=\"elementor-heading-title elementor-size-default\">Automatisierung eines Einmaischkessels<\/h2>\t\t<\/div>\n\t\t\t\t<\/div>\n\t\t\t\t<div class=\"elementor-element elementor-element-7c93bc7 elementor-widget elementor-widget-text-editor\" data-id=\"7c93bc7\" data-element_type=\"widget\" data-widget_type=\"text-editor.default\">\n\t\t\t\t<div class=\"elementor-widget-container\">\n\t\t\t\t\t\t\t<p>Das Diplomarbeitsprojekt \u201cAutomatisierung eines Einmaischkessels\u201d besch\u00e4ftigte sich mit dem Bau und der Inbetriebnahme eines funktionsf\u00e4higen Einmaischkessels, der zur Vereinfachung des Heimbrauprozesses dienen soll. Die Funktionsf\u00e4higkeit bezieht sich hierbei auf die Steuerung mittels programmierter Software und deren Zusammenarbeit mit der Hardware. Die Wirtschaftlichkeit des Projekts wurde mittels einer Marktanalyse untersucht.<\/p>\t\t\t\t\t\t<\/div>\n\t\t\t\t<\/div>\n\t\t\t\t<div class=\"elementor-element elementor-element-6954ca1 elementor-widget elementor-widget-image\" data-id=\"6954ca1\" data-element_type=\"widget\" data-widget_type=\"image.default\">\n\t\t\t\t<div class=\"elementor-widget-container\">\n\t\t\t\t\t\t\t\t\t\t\t\t\t<img decoding=\"async\" width=\"416\" height=\"368\" src=\"http:\/\/172.16.202.26\/wp-content\/uploads\/2022\/07\/DA_HuberFauland_2021.png\" class=\"attachment-1536x1536 size-1536x1536 wp-image-11845\" alt=\"\" srcset=\"http:\/\/172.16.202.26\/wp-content\/uploads\/2022\/07\/DA_HuberFauland_2021.png 416w, http:\/\/172.16.202.26\/wp-content\/uploads\/2022\/07\/DA_HuberFauland_2021-300x265.png 300w\" sizes=\"(max-width: 416px) 100vw, 416px\" \/>\t\t\t\t\t\t\t\t\t\t\t\t\t<\/div>\n\t\t\t\t<\/div>\n\t\t\t\t\t<\/div>\n\t\t<\/div>\n\t\t\t\t\t<\/div>\n\t\t<\/section>\n\t\t\t\t<section class=\"elementor-section elementor-top-section elementor-element elementor-element-9256e33 elementor-section-boxed elementor-section-height-default elementor-section-height-default\" data-id=\"9256e33\" data-element_type=\"section\">\n\t\t\t\t\t\t<div class=\"elementor-container elementor-column-gap-default\">\n\t\t\t\t\t<div class=\"elementor-column elementor-col-100 elementor-top-column elementor-element elementor-element-d42a244\" data-id=\"d42a244\" data-element_type=\"column\" data-settings=\"{&quot;background_background&quot;:&quot;classic&quot;}\">\n\t\t\t<div class=\"elementor-widget-wrap elementor-element-populated\">\n\t\t\t\t\t\t<div class=\"elementor-element elementor-element-59622a3 elementor-widget elementor-widget-heading\" data-id=\"59622a3\" data-element_type=\"widget\" data-widget_type=\"heading.default\">\n\t\t\t\t<div class=\"elementor-widget-container\">\n\t\t\t<h2 class=\"elementor-heading-title elementor-size-default\">Gesch\u00e4ftsmodellentwicklung f\u00fcr den Einsatz von Lastenfahrr\u00e4der durch KEP Dienstleister in der City Logistik<\/h2>\t\t<\/div>\n\t\t\t\t<\/div>\n\t\t\t\t<div class=\"elementor-element elementor-element-5ba391a elementor-widget elementor-widget-text-editor\" data-id=\"5ba391a\" data-element_type=\"widget\" data-widget_type=\"text-editor.default\">\n\t\t\t\t<div class=\"elementor-widget-container\">\n\t\t\t\t\t\t\t<p>Die Diplomarbeitsgruppe rund um die Sch\u00fcler Clemens Buchinger, Clemens Hainberger, Raphael Wirth und Sergio Valenzuela erarbeiteten einen Businessplan f\u00fcr die Entwicklung der Gesch\u00e4ftsidee eines auf den \u00f6sterreichischen Markt abgestimmten Lastenrades, um urbane logistische Probleme mit umweltfreundlichen Methoden zu l\u00f6sen. Das Lastenrad soll mit seinem gro\u00dfen Ladevolumen das perfekte Bindeglied zwischen Kunden und Auslieferungslager sein und damit beitragen, die letzten Meter zum Kunden zeiteffizient und \u00f6kologisch zu \u00fcberwinden. Mit dem Businessplan konnten die Diplomanden zeigen, dass die Idee auch \u00f6konomisch Potential hat.<\/p>\t\t\t\t\t\t<\/div>\n\t\t\t\t<\/div>\n\t\t\t\t<div class=\"elementor-element elementor-element-4320668 elementor-widget elementor-widget-image\" data-id=\"4320668\" data-element_type=\"widget\" data-widget_type=\"image.default\">\n\t\t\t\t<div class=\"elementor-widget-container\">\n\t\t\t\t\t\t\t\t\t\t\t\t\t<img loading=\"lazy\" decoding=\"async\" width=\"640\" height=\"595\" src=\"http:\/\/172.16.202.26\/wp-content\/uploads\/2022\/07\/DA_Leeb_2021.jpg\" class=\"attachment-medium_large size-medium_large wp-image-11847\" alt=\"\" srcset=\"http:\/\/172.16.202.26\/wp-content\/uploads\/2022\/07\/DA_Leeb_2021.jpg 719w, http:\/\/172.16.202.26\/wp-content\/uploads\/2022\/07\/DA_Leeb_2021-300x279.jpg 300w\" sizes=\"(max-width: 640px) 100vw, 640px\" \/>\t\t\t\t\t\t\t\t\t\t\t\t\t<\/div>\n\t\t\t\t<\/div>\n\t\t\t\t\t<\/div>\n\t\t<\/div>\n\t\t\t\t\t<\/div>\n\t\t<\/section>\n\t\t\t\t<section class=\"elementor-section elementor-top-section elementor-element elementor-element-8e26401 elementor-section-boxed elementor-section-height-default elementor-section-height-default\" data-id=\"8e26401\" data-element_type=\"section\">\n\t\t\t\t\t\t<div class=\"elementor-container elementor-column-gap-default\">\n\t\t\t\t\t<div class=\"elementor-column elementor-col-100 elementor-top-column elementor-element elementor-element-cc3f476\" data-id=\"cc3f476\" data-element_type=\"column\" data-settings=\"{&quot;background_background&quot;:&quot;classic&quot;}\">\n\t\t\t<div class=\"elementor-widget-wrap elementor-element-populated\">\n\t\t\t\t\t\t<div class=\"elementor-element elementor-element-26d8bcc elementor-widget elementor-widget-heading\" data-id=\"26d8bcc\" data-element_type=\"widget\" data-widget_type=\"heading.default\">\n\t\t\t\t<div class=\"elementor-widget-container\">\n\t\t\t<h2 class=\"elementor-heading-title elementor-size-default\">Werbewirkungsanalyse im Rahmen der Einf\u00fchrung neuer Eistee-Produkte<\/h2>\t\t<\/div>\n\t\t\t\t<\/div>\n\t\t\t\t<div class=\"elementor-element elementor-element-f4069e3 elementor-widget elementor-widget-text-editor\" data-id=\"f4069e3\" data-element_type=\"widget\" data-widget_type=\"text-editor.default\">\n\t\t\t\t<div class=\"elementor-widget-container\">\n\t\t\t\t\t\t\t<p>Im Zuge von Produkt-Neueinf\u00fchrungen wurde im Rahmen der Diplomarbeit eine Werbewirkungsanalyse f\u00fcr die Firma RAUCH Fruchts\u00e4fte GmbH &amp; Co OG durchgef\u00fchrt. Dabei wurde in Zusammenarbeit mit Rauch Fruchts\u00e4fte ein Fragebogen entwickelt, um unter anderem die Bekanntheit der Produkte in der Zielgruppe zu erheben. Dar\u00fcber hinaus wurde auf psychologische Aspekte bei der Produktauswahl sowie auf M\u00f6glichkeiten des Sponsorings eingegangen. Die Durchf\u00fchrung der Befragung brachte interessante Ergebnisse, welche von der Gruppe sehr anschaulich dargestellt und interpretiert wurden.<\/p>\t\t\t\t\t\t<\/div>\n\t\t\t\t<\/div>\n\t\t\t\t<div class=\"elementor-element elementor-element-1d34bb9 elementor-widget elementor-widget-image\" data-id=\"1d34bb9\" data-element_type=\"widget\" data-widget_type=\"image.default\">\n\t\t\t\t<div class=\"elementor-widget-container\">\n\t\t\t\t\t\t\t\t\t\t\t\t\t<img loading=\"lazy\" decoding=\"async\" width=\"300\" height=\"271\" src=\"http:\/\/172.16.202.26\/wp-content\/uploads\/2022\/07\/DA_Schuhmayer_2021-300x271.jpg\" class=\"attachment-medium size-medium wp-image-11854\" alt=\"\" srcset=\"http:\/\/172.16.202.26\/wp-content\/uploads\/2022\/07\/DA_Schuhmayer_2021-300x271.jpg 300w, http:\/\/172.16.202.26\/wp-content\/uploads\/2022\/07\/DA_Schuhmayer_2021.jpg 480w\" sizes=\"(max-width: 300px) 100vw, 300px\" \/>\t\t\t\t\t\t\t\t\t\t\t\t\t<\/div>\n\t\t\t\t<\/div>\n\t\t\t\t\t<\/div>\n\t\t<\/div>\n\t\t\t\t\t<\/div>\n\t\t<\/section>\n\t\t\t\t<section class=\"elementor-section elementor-top-section elementor-element elementor-element-8a49228 elementor-section-boxed elementor-section-height-default elementor-section-height-default\" data-id=\"8a49228\" data-element_type=\"section\">\n\t\t\t\t\t\t<div class=\"elementor-container elementor-column-gap-default\">\n\t\t\t\t\t<div class=\"elementor-column elementor-col-100 elementor-top-column elementor-element elementor-element-d553292\" data-id=\"d553292\" data-element_type=\"column\" data-settings=\"{&quot;background_background&quot;:&quot;classic&quot;}\">\n\t\t\t<div class=\"elementor-widget-wrap elementor-element-populated\">\n\t\t\t\t\t\t<div class=\"elementor-element elementor-element-1bd1588 elementor-widget elementor-widget-heading\" data-id=\"1bd1588\" data-element_type=\"widget\" data-widget_type=\"heading.default\">\n\t\t\t\t<div class=\"elementor-widget-container\">\n\t\t\t<h2 class=\"elementor-heading-title elementor-size-default\">Erstellen von digitalen Lern- und \u00dcbungsmaterialien als Vorbereitung f\u00fcr den 1. Jahrgang der Abteilung Wirtschaftsingenieure am TGM<\/h2>\t\t<\/div>\n\t\t\t\t<\/div>\n\t\t\t\t<div class=\"elementor-element elementor-element-3a15fde elementor-widget elementor-widget-text-editor\" data-id=\"3a15fde\" data-element_type=\"widget\" data-widget_type=\"text-editor.default\">\n\t\t\t\t<div class=\"elementor-widget-container\">\n\t\t\t\t\t\t\t<p>Die Aufgabe dieses Diplomarbeitsprojektes bestand darin, eine digitale Lernplattform aufzubauen, welche die variierenden Niveaustufen der Unterstufenabg\u00e4nger*innen in den Gegenst\u00e4nden Deutsch, Englisch und Mathematik egalisiert, um den reibungslosen Einstieg in den ersten Jahrgang am TGM in der Abteilung f\u00fcr Wirtschaftsingenieure zu gew\u00e4hrleisten.<\/p><p>Das Ergebnis setzt sich aus einem Moodlekurs bestehend aus einem Deutsch-, Englisch- und Mathematik-Teil zusammen. Mit einem abgestimmten Mix aus klassischen Lernaufgaben und neuartigen Actionspielen erleben die Sch\u00fcler*innen ein packendes Lernerlebnis. Mit dem Level up- Konzept wirkt die Plattform fesselnd und l\u00e4dt zum regelm\u00e4\u00dfigen Lernen ein. Die in den Kursen integrierten Elemente erm\u00f6glichen einen reibungslosen Einstieg in den ersten Jahrgang bei den Wirtschaftsingenieuren und dadurch eine gro\u00dfe Zukunft.<\/p>\t\t\t\t\t\t<\/div>\n\t\t\t\t<\/div>\n\t\t\t\t<div class=\"elementor-element elementor-element-7a093eb elementor-widget elementor-widget-image\" data-id=\"7a093eb\" data-element_type=\"widget\" data-widget_type=\"image.default\">\n\t\t\t\t<div class=\"elementor-widget-container\">\n\t\t\t\t\t\t\t\t\t\t\t\t\t<img loading=\"lazy\" decoding=\"async\" width=\"379\" height=\"319\" src=\"http:\/\/172.16.202.26\/wp-content\/uploads\/2022\/07\/DA_WeberCo_2021.png\" class=\"attachment-medium_large size-medium_large wp-image-11858\" alt=\"\" srcset=\"http:\/\/172.16.202.26\/wp-content\/uploads\/2022\/07\/DA_WeberCo_2021.png 379w, http:\/\/172.16.202.26\/wp-content\/uploads\/2022\/07\/DA_WeberCo_2021-300x253.png 300w\" sizes=\"(max-width: 379px) 100vw, 379px\" \/>\t\t\t\t\t\t\t\t\t\t\t\t\t<\/div>\n\t\t\t\t<\/div>\n\t\t\t\t\t<\/div>\n\t\t<\/div>\n\t\t\t\t\t<\/div>\n\t\t<\/section>\n\t\t\t\t<\/div>\n\t\t","protected":false},"excerpt":{"rendered":"<p>Diplomarbeiten 2021 Simulation von Produktions- und Logistikprozessen Materialflusssimulation dient zur Analyse komplexer, logistischer Systeme. Sie findet u.a. Anwendung in Produktions- und Montageprozessen, bei Wartungs- und Reparaturprozessen, in Lagern, Distributionszentren und Flugh\u00e4fen. Im Zuge dieser Arbeit wurden zwei Aufgabenstellungen mit der Software Plant Simulation von Siemens zum Thema Materialflusssimulation bearbeitet:&nbsp; Die erste Aufgabe war die Erstellung eines Simulationsmodells eines Lagers. Auf [&hellip;]<\/p>\n","protected":false},"author":3,"featured_media":0,"parent":12686,"menu_order":0,"comment_status":"closed","ping_status":"closed","template":"elementor_header_footer","meta":[],"_links":{"self":[{"href":"http:\/\/172.16.202.26\/index.php?rest_route=\/wp\/v2\/pages\/11820"}],"collection":[{"href":"http:\/\/172.16.202.26\/index.php?rest_route=\/wp\/v2\/pages"}],"about":[{"href":"http:\/\/172.16.202.26\/index.php?rest_route=\/wp\/v2\/types\/page"}],"author":[{"embeddable":true,"href":"http:\/\/172.16.202.26\/index.php?rest_route=\/wp\/v2\/users\/3"}],"replies":[{"embeddable":true,"href":"http:\/\/172.16.202.26\/index.php?rest_route=%2Fwp%2Fv2%2Fcomments&post=11820"}],"version-history":[{"count":47,"href":"http:\/\/172.16.202.26\/index.php?rest_route=\/wp\/v2\/pages\/11820\/revisions"}],"predecessor-version":[{"id":24324,"href":"http:\/\/172.16.202.26\/index.php?rest_route=\/wp\/v2\/pages\/11820\/revisions\/24324"}],"up":[{"embeddable":true,"href":"http:\/\/172.16.202.26\/index.php?rest_route=\/wp\/v2\/pages\/12686"}],"wp:attachment":[{"href":"http:\/\/172.16.202.26\/index.php?rest_route=%2Fwp%2Fv2%2Fmedia&parent=11820"}],"curies":[{"name":"wp","href":"https:\/\/api.w.org\/{rel}","templated":true}]}}