{"id":12283,"date":"2022-08-02T09:16:15","date_gmt":"2022-08-02T07:16:15","guid":{"rendered":"http:\/\/185.164.4.234\/?page_id=12283"},"modified":"2025-11-07T08:30:58","modified_gmt":"2025-11-07T07:30:58","slug":"bildungsberatung","status":"publish","type":"page","link":"http:\/\/172.16.202.26\/?page_id=12283","title":{"rendered":"Bildungsberatung"},"content":{"rendered":"\t\t<div data-elementor-type=\"wp-page\" data-elementor-id=\"12283\" class=\"elementor elementor-12283\">\n\t\t\t\t\t\t<section class=\"elementor-section elementor-top-section elementor-element elementor-element-2779fd5 elementor-section-boxed elementor-section-height-default elementor-section-height-default\" data-id=\"2779fd5\" data-element_type=\"section\">\n\t\t\t\t\t\t<div class=\"elementor-container elementor-column-gap-default\">\n\t\t\t\t\t<div class=\"elementor-column elementor-col-100 elementor-top-column elementor-element elementor-element-2a7ab5d\" data-id=\"2a7ab5d\" data-element_type=\"column\">\n\t\t\t<div class=\"elementor-widget-wrap elementor-element-populated\">\n\t\t\t\t\t\t<div class=\"elementor-element elementor-element-eebffca elementor-widget elementor-widget-heading\" data-id=\"eebffca\" data-element_type=\"widget\" data-widget_type=\"heading.default\">\n\t\t\t\t<div class=\"elementor-widget-container\">\n\t\t\t<style>\/*! elementor - v3.20.0 - 13-03-2024 *\/\n.elementor-heading-title{padding:0;margin:0;line-height:1}.elementor-widget-heading .elementor-heading-title[class*=elementor-size-]>a{color:inherit;font-size:inherit;line-height:inherit}.elementor-widget-heading .elementor-heading-title.elementor-size-small{font-size:15px}.elementor-widget-heading .elementor-heading-title.elementor-size-medium{font-size:19px}.elementor-widget-heading .elementor-heading-title.elementor-size-large{font-size:29px}.elementor-widget-heading .elementor-heading-title.elementor-size-xl{font-size:39px}.elementor-widget-heading .elementor-heading-title.elementor-size-xxl{font-size:59px}<\/style><h2 class=\"elementor-heading-title elementor-size-default\">Bildungsberatung (BiBer)<\/h2>\t\t<\/div>\n\t\t\t\t<\/div>\n\t\t\t\t\t<\/div>\n\t\t<\/div>\n\t\t\t\t\t<\/div>\n\t\t<\/section>\n\t\t\t\t<section class=\"elementor-section elementor-top-section elementor-element elementor-element-1ac8ae7 elementor-section-boxed elementor-section-height-default elementor-section-height-default\" data-id=\"1ac8ae7\" data-element_type=\"section\">\n\t\t\t\t\t\t<div class=\"elementor-container elementor-column-gap-default\">\n\t\t\t\t\t<div class=\"elementor-column elementor-col-50 elementor-top-column elementor-element elementor-element-440006e\" data-id=\"440006e\" data-element_type=\"column\">\n\t\t\t<div class=\"elementor-widget-wrap elementor-element-populated\">\n\t\t\t\t\t\t<div class=\"elementor-element elementor-element-dbf723e elementor-widget elementor-widget-text-editor\" data-id=\"dbf723e\" data-element_type=\"widget\" data-widget_type=\"text-editor.default\">\n\t\t\t\t<div class=\"elementor-widget-container\">\n\t\t\t<style>\/*! elementor - v3.20.0 - 13-03-2024 *\/\n.elementor-widget-text-editor.elementor-drop-cap-view-stacked .elementor-drop-cap{background-color:#69727d;color:#fff}.elementor-widget-text-editor.elementor-drop-cap-view-framed .elementor-drop-cap{color:#69727d;border:3px solid;background-color:transparent}.elementor-widget-text-editor:not(.elementor-drop-cap-view-default) .elementor-drop-cap{margin-top:8px}.elementor-widget-text-editor:not(.elementor-drop-cap-view-default) .elementor-drop-cap-letter{width:1em;height:1em}.elementor-widget-text-editor .elementor-drop-cap{float:left;text-align:center;line-height:1;font-size:50px}.elementor-widget-text-editor .elementor-drop-cap-letter{display:inline-block}<\/style>\t\t\t\t<p>Wir Bildungsberaterinnen und Bildungsberater sind speziell ausgebildete Lehrkr\u00e4fte, die f\u00fcr<\/p><p>\u2192\u00a0 Information,<br \/>\u2192\u00a0 Orientierungshilfe,<br \/>\u2192\u00a0 Entscheidungvorbereitung sowie<br \/>\u2192\u00a0 individuelle Beratung<br \/>zur Verf\u00fcgung stehen.<\/p>\t\t\t\t\t\t<\/div>\n\t\t\t\t<\/div>\n\t\t\t\t<div class=\"elementor-element elementor-element-0c91ef6 elementor-widget elementor-widget-heading\" data-id=\"0c91ef6\" data-element_type=\"widget\" data-widget_type=\"heading.default\">\n\t\t\t\t<div class=\"elementor-widget-container\">\n\t\t\t<h3 class=\"elementor-heading-title elementor-size-default\">F\u00fcr wen sind wir da?<\/h3>\t\t<\/div>\n\t\t\t\t<\/div>\n\t\t\t\t<div class=\"elementor-element elementor-element-cfa2b91 elementor-widget elementor-widget-text-editor\" data-id=\"cfa2b91\" data-element_type=\"widget\" data-widget_type=\"text-editor.default\">\n\t\t\t\t<div class=\"elementor-widget-container\">\n\t\t\t\t\t\t\t<p>\u2192\u00a0 Sch\u00fclerinnen und Sch\u00fcler<br \/>\u2192\u00a0 Eltern<\/p>\t\t\t\t\t\t<\/div>\n\t\t\t\t<\/div>\n\t\t\t\t<div class=\"elementor-element elementor-element-cf74516 elementor-widget elementor-widget-heading\" data-id=\"cf74516\" data-element_type=\"widget\" data-widget_type=\"heading.default\">\n\t\t\t\t<div class=\"elementor-widget-container\">\n\t\t\t<h3 class=\"elementor-heading-title elementor-size-default\">F\u00fcr welche Anliegen sind wir da?\n<\/h3>\t\t<\/div>\n\t\t\t\t<\/div>\n\t\t\t\t<div class=\"elementor-element elementor-element-b5bb708 elementor-widget elementor-widget-text-editor\" data-id=\"b5bb708\" data-element_type=\"widget\" data-widget_type=\"text-editor.default\">\n\t\t\t\t<div class=\"elementor-widget-container\">\n\t\t\t\t\t\t\t<p>Bei Fragen&#8230;<br \/>\u2192\u00a0 zur Wahl einer Ausbildung am TGM<br \/>\u2192\u00a0 zu schulischen Problemen<br \/>\u2192\u00a0 zu Lernproblemen<br \/>\u2192\u00a0 zur Schullaufbahn<br \/>\u2192\u00a0 zum \u00dcbertritt in eine andere Schule<br \/>\u2192\u00a0 zu anderen Beratungseinrichtungen<br \/>\u2192\u00a0 zu Bewerbungen<br \/>\u2192\u00a0 zu weiter f\u00fchrenden Ausbildungen<\/p>\t\t\t\t\t\t<\/div>\n\t\t\t\t<\/div>\n\t\t\t\t<div class=\"elementor-element elementor-element-8f72450 elementor-widget elementor-widget-heading\" data-id=\"8f72450\" data-element_type=\"widget\" data-widget_type=\"heading.default\">\n\t\t\t\t<div class=\"elementor-widget-container\">\n\t\t\t<h3 class=\"elementor-heading-title elementor-size-default\">Wie sieht die Hilfe aus?<\/h3>\t\t<\/div>\n\t\t\t\t<\/div>\n\t\t\t\t<div class=\"elementor-element elementor-element-d56d6cf elementor-widget elementor-widget-text-editor\" data-id=\"d56d6cf\" data-element_type=\"widget\" data-widget_type=\"text-editor.default\">\n\t\t\t\t<div class=\"elementor-widget-container\">\n\t\t\t\t\t\t\t<p>\u2192\u00a0 Einzelgespr\u00e4che<br \/>\u2192\u00a0 Beratungen f\u00fcr Sch\u00fclerinnen und Sch\u00fcler bzw. Eltern<br \/>\u2192\u00a0 Studienberatungs-Tools<br \/>\u2192\u00a0 Externes Coaching (z.B. Arbeiterkammer)<\/p>\t\t\t\t\t\t<\/div>\n\t\t\t\t<\/div>\n\t\t\t\t<div class=\"elementor-element elementor-element-1606721 elementor-widget elementor-widget-heading\" data-id=\"1606721\" data-element_type=\"widget\" data-widget_type=\"heading.default\">\n\t\t\t\t<div class=\"elementor-widget-container\">\n\t\t\t<h3 class=\"elementor-heading-title elementor-size-default\">Beratungen erfolgen<\/h3>\t\t<\/div>\n\t\t\t\t<\/div>\n\t\t\t\t<div class=\"elementor-element elementor-element-e983bc5 elementor-widget elementor-widget-text-editor\" data-id=\"e983bc5\" data-element_type=\"widget\" data-widget_type=\"text-editor.default\">\n\t\t\t\t<div class=\"elementor-widget-container\">\n\t\t\t\t\t\t\t<p>\u2192\u00a0 vertraulich<br \/>\u2192\u00a0 kostenlos<br \/>\u2192\u00a0 auf Wunsch anonym<\/p>\t\t\t\t\t\t<\/div>\n\t\t\t\t<\/div>\n\t\t\t\t\t<\/div>\n\t\t<\/div>\n\t\t\t\t<div class=\"elementor-column elementor-col-50 elementor-top-column elementor-element elementor-element-a65785e\" data-id=\"a65785e\" data-element_type=\"column\">\n\t\t\t<div class=\"elementor-widget-wrap elementor-element-populated\">\n\t\t\t\t\t\t<section class=\"elementor-section elementor-inner-section elementor-element elementor-element-0de40e6 elementor-section-boxed elementor-section-height-default elementor-section-height-default\" data-id=\"0de40e6\" data-element_type=\"section\">\n\t\t\t\t\t\t<div class=\"elementor-container elementor-column-gap-default\">\n\t\t\t\t\t<div class=\"elementor-column elementor-col-50 elementor-inner-column elementor-element elementor-element-7dd6b16\" data-id=\"7dd6b16\" data-element_type=\"column\">\n\t\t\t<div class=\"elementor-widget-wrap elementor-element-populated\">\n\t\t\t\t\t\t<div class=\"elementor-element elementor-element-943b3d9 elementor-widget elementor-widget-image\" data-id=\"943b3d9\" data-element_type=\"widget\" data-widget_type=\"image.default\">\n\t\t\t\t<div class=\"elementor-widget-container\">\n\t\t\t<style>\/*! elementor - v3.20.0 - 13-03-2024 *\/\n.elementor-widget-image{text-align:center}.elementor-widget-image a{display:inline-block}.elementor-widget-image a img[src$=\".svg\"]{width:48px}.elementor-widget-image img{vertical-align:middle;display:inline-block}<\/style>\t\t\t\t\t\t\t\t\t\t<img fetchpriority=\"high\" decoding=\"async\" width=\"640\" height=\"429\" src=\"http:\/\/172.16.202.26\/wp-content\/uploads\/2023\/09\/jjanik-1024x687.jpg\" class=\"attachment-large size-large wp-image-19635\" alt=\"\" srcset=\"http:\/\/172.16.202.26\/wp-content\/uploads\/2023\/09\/jjanik-1024x687.jpg 1024w, http:\/\/172.16.202.26\/wp-content\/uploads\/2023\/09\/jjanik-300x201.jpg 300w, http:\/\/172.16.202.26\/wp-content\/uploads\/2023\/09\/jjanik-768x515.jpg 768w, http:\/\/172.16.202.26\/wp-content\/uploads\/2023\/09\/jjanik-1536x1030.jpg 1536w, http:\/\/172.16.202.26\/wp-content\/uploads\/2023\/09\/jjanik-2048x1374.jpg 2048w\" sizes=\"(max-width: 640px) 100vw, 640px\" \/>\t\t\t\t\t\t\t\t\t\t\t\t\t<\/div>\n\t\t\t\t<\/div>\n\t\t\t\t<div class=\"elementor-element elementor-element-29d4083 elementor-widget elementor-widget-text-editor\" data-id=\"29d4083\" data-element_type=\"widget\" data-widget_type=\"text-editor.default\">\n\t\t\t\t<div class=\"elementor-widget-container\">\n\t\t\t\t\t\t\t<p style=\"text-align: center;\"><strong>Jennifer Janik\u00a0<\/strong><\/p><p style=\"text-align: center;\"><a href=\"mailto:jjanik@tgm.ac.at\" target=\"_blank\" rel=\"noopener\">jjanik@tgm.ac.at<\/a><\/p>\t\t\t\t\t\t<\/div>\n\t\t\t\t<\/div>\n\t\t\t\t\t<\/div>\n\t\t<\/div>\n\t\t\t\t<div class=\"elementor-column elementor-col-50 elementor-inner-column elementor-element elementor-element-8040a5e\" data-id=\"8040a5e\" data-element_type=\"column\">\n\t\t\t<div class=\"elementor-widget-wrap elementor-element-populated\">\n\t\t\t\t\t\t<div class=\"elementor-element elementor-element-2fe0078 elementor-widget elementor-widget-image\" data-id=\"2fe0078\" data-element_type=\"widget\" data-widget_type=\"image.default\">\n\t\t\t\t<div class=\"elementor-widget-container\">\n\t\t\t\t\t\t\t\t\t\t\t\t\t<img decoding=\"async\" src=\"http:\/\/172.16.202.26\/wp-content\/uploads\/elementor\/thumbs\/cstefan-pso6xkyiydg66t0junvp9v85hy8wckal26s473uyww.jpg\" title=\"cstefan\" alt=\"cstefan\" loading=\"lazy\" \/>\t\t\t\t\t\t\t\t\t\t\t\t\t<\/div>\n\t\t\t\t<\/div>\n\t\t\t\t<div class=\"elementor-element elementor-element-749c1f1 elementor-widget elementor-widget-text-editor\" data-id=\"749c1f1\" data-element_type=\"widget\" data-widget_type=\"text-editor.default\">\n\t\t\t\t<div class=\"elementor-widget-container\">\n\t\t\t\t\t\t\t<p style=\"text-align: center;\"><strong>Claudia Loder<\/strong><\/p><p style=\"text-align: center;\"><a href=\"mailto:cloder@tgm.ac.at\" target=\"_blank\" rel=\"noopener\">cloder@tgm.ac.at<\/a><\/p>\t\t\t\t\t\t<\/div>\n\t\t\t\t<\/div>\n\t\t\t\t\t<\/div>\n\t\t<\/div>\n\t\t\t\t\t<\/div>\n\t\t<\/section>\n\t\t\t\t<section class=\"elementor-section elementor-inner-section elementor-element elementor-element-71a4371 elementor-section-boxed elementor-section-height-default elementor-section-height-default\" data-id=\"71a4371\" data-element_type=\"section\">\n\t\t\t\t\t\t<div class=\"elementor-container elementor-column-gap-default\">\n\t\t\t\t\t<div class=\"elementor-column elementor-col-50 elementor-inner-column elementor-element elementor-element-aab4615\" data-id=\"aab4615\" data-element_type=\"column\">\n\t\t\t<div class=\"elementor-widget-wrap elementor-element-populated\">\n\t\t\t\t\t\t<div class=\"elementor-element elementor-element-25c5f0f elementor-widget elementor-widget-image\" data-id=\"25c5f0f\" data-element_type=\"widget\" data-widget_type=\"image.default\">\n\t\t\t\t<div class=\"elementor-widget-container\">\n\t\t\t\t\t\t\t\t\t\t\t\t\t<img decoding=\"async\" width=\"2560\" height=\"1717\" src=\"http:\/\/172.16.202.26\/wp-content\/uploads\/2023\/09\/zakall2-scaled.jpg\" class=\"attachment-full size-full wp-image-19653\" alt=\"\" srcset=\"http:\/\/172.16.202.26\/wp-content\/uploads\/2023\/09\/zakall2-scaled.jpg 2560w, http:\/\/172.16.202.26\/wp-content\/uploads\/2023\/09\/zakall2-300x201.jpg 300w, http:\/\/172.16.202.26\/wp-content\/uploads\/2023\/09\/zakall2-1024x687.jpg 1024w, http:\/\/172.16.202.26\/wp-content\/uploads\/2023\/09\/zakall2-768x515.jpg 768w, http:\/\/172.16.202.26\/wp-content\/uploads\/2023\/09\/zakall2-1536x1030.jpg 1536w, http:\/\/172.16.202.26\/wp-content\/uploads\/2023\/09\/zakall2-2048x1374.jpg 2048w\" sizes=\"(max-width: 2560px) 100vw, 2560px\" \/>\t\t\t\t\t\t\t\t\t\t\t\t\t<\/div>\n\t\t\t\t<\/div>\n\t\t\t\t<div class=\"elementor-element elementor-element-ae16ea3 elementor-widget elementor-widget-text-editor\" data-id=\"ae16ea3\" data-element_type=\"widget\" data-widget_type=\"text-editor.default\">\n\t\t\t\t<div class=\"elementor-widget-container\">\n\t\t\t\t\t\t\t<p style=\"text-align: center;\"><strong>Stefan Zakall\u00a0<\/strong><\/p><p style=\"text-align: center;\"><a href=\"mailto:szakall@tgm.ac.at\" target=\"_blank\" rel=\"noopener\">szakall@tgm.ac.at<\/a><\/p>\t\t\t\t\t\t<\/div>\n\t\t\t\t<\/div>\n\t\t\t\t\t<\/div>\n\t\t<\/div>\n\t\t\t\t<div class=\"elementor-column elementor-col-50 elementor-inner-column elementor-element elementor-element-98adde8\" data-id=\"98adde8\" data-element_type=\"column\">\n\t\t\t<div class=\"elementor-widget-wrap elementor-element-populated\">\n\t\t\t\t\t\t<div class=\"elementor-element elementor-element-b9f82da elementor-widget elementor-widget-image\" data-id=\"b9f82da\" data-element_type=\"widget\" data-widget_type=\"image.default\">\n\t\t\t\t<div class=\"elementor-widget-container\">\n\t\t\t\t\t\t\t\t\t\t\t\t\t<img decoding=\"async\" width=\"2560\" height=\"1717\" src=\"http:\/\/172.16.202.26\/wp-content\/uploads\/2023\/09\/mmaierhofer3-scaled.jpg\" class=\"attachment-full size-full wp-image-19645\" alt=\"\" srcset=\"http:\/\/172.16.202.26\/wp-content\/uploads\/2023\/09\/mmaierhofer3-scaled.jpg 2560w, http:\/\/172.16.202.26\/wp-content\/uploads\/2023\/09\/mmaierhofer3-300x201.jpg 300w, http:\/\/172.16.202.26\/wp-content\/uploads\/2023\/09\/mmaierhofer3-1024x687.jpg 1024w, http:\/\/172.16.202.26\/wp-content\/uploads\/2023\/09\/mmaierhofer3-768x515.jpg 768w, http:\/\/172.16.202.26\/wp-content\/uploads\/2023\/09\/mmaierhofer3-1536x1030.jpg 1536w, http:\/\/172.16.202.26\/wp-content\/uploads\/2023\/09\/mmaierhofer3-2048x1374.jpg 2048w\" sizes=\"(max-width: 2560px) 100vw, 2560px\" \/>\t\t\t\t\t\t\t\t\t\t\t\t\t<\/div>\n\t\t\t\t<\/div>\n\t\t\t\t<div class=\"elementor-element elementor-element-f6c237c elementor-widget elementor-widget-text-editor\" data-id=\"f6c237c\" data-element_type=\"widget\" data-widget_type=\"text-editor.default\">\n\t\t\t\t<div class=\"elementor-widget-container\">\n\t\t\t\t\t\t\t<p style=\"text-align: center;\"><strong>Mario Maierhofer<\/strong><\/p><p style=\"text-align: center;\"><a href=\"mailto:mmaierhofer@tgm.ac.at\" target=\"_blank\" rel=\"noopener\">mmaierhofer@tgm.ac.at<\/a><\/p>\t\t\t\t\t\t<\/div>\n\t\t\t\t<\/div>\n\t\t\t\t\t<\/div>\n\t\t<\/div>\n\t\t\t\t\t<\/div>\n\t\t<\/section>\n\t\t\t\t<section class=\"elementor-section elementor-inner-section elementor-element elementor-element-14d4742 elementor-section-boxed elementor-section-height-default elementor-section-height-default\" data-id=\"14d4742\" data-element_type=\"section\">\n\t\t\t\t\t\t<div class=\"elementor-container elementor-column-gap-default\">\n\t\t\t\t\t<div class=\"elementor-column elementor-col-100 elementor-inner-column elementor-element elementor-element-1856455\" data-id=\"1856455\" data-element_type=\"column\">\n\t\t\t<div class=\"elementor-widget-wrap elementor-element-populated\">\n\t\t\t\t\t\t<div class=\"elementor-element elementor-element-40aa4e4 elementor-widget elementor-widget-image\" data-id=\"40aa4e4\" data-element_type=\"widget\" data-widget_type=\"image.default\">\n\t\t\t\t<div class=\"elementor-widget-container\">\n\t\t\t\t\t\t\t\t\t\t\t\t\t<img loading=\"lazy\" decoding=\"async\" width=\"2560\" height=\"1717\" src=\"http:\/\/172.16.202.26\/wp-content\/uploads\/2023\/09\/ckalinka2-scaled.jpg\" class=\"attachment-full size-full wp-image-19649\" alt=\"\" srcset=\"http:\/\/172.16.202.26\/wp-content\/uploads\/2023\/09\/ckalinka2-scaled.jpg 2560w, http:\/\/172.16.202.26\/wp-content\/uploads\/2023\/09\/ckalinka2-300x201.jpg 300w, http:\/\/172.16.202.26\/wp-content\/uploads\/2023\/09\/ckalinka2-1024x687.jpg 1024w, http:\/\/172.16.202.26\/wp-content\/uploads\/2023\/09\/ckalinka2-768x515.jpg 768w, http:\/\/172.16.202.26\/wp-content\/uploads\/2023\/09\/ckalinka2-1536x1030.jpg 1536w, http:\/\/172.16.202.26\/wp-content\/uploads\/2023\/09\/ckalinka2-2048x1374.jpg 2048w\" sizes=\"(max-width: 2560px) 100vw, 2560px\" \/>\t\t\t\t\t\t\t\t\t\t\t\t\t<\/div>\n\t\t\t\t<\/div>\n\t\t\t\t<div class=\"elementor-element elementor-element-96cf63a elementor-widget elementor-widget-text-editor\" data-id=\"96cf63a\" data-element_type=\"widget\" data-widget_type=\"text-editor.default\">\n\t\t\t\t<div class=\"elementor-widget-container\">\n\t\t\t\t\t\t\t<p style=\"text-align: center;\"><strong>Christoph Kalinka<\/strong><\/p><p style=\"text-align: center;\"><a href=\"mailto:ckalinka@tgm.ac.at\" target=\"_blank\" rel=\"noopener\">ckalinka@tgm.ac.at<\/a><\/p>\t\t\t\t\t\t<\/div>\n\t\t\t\t<\/div>\n\t\t\t\t\t<\/div>\n\t\t<\/div>\n\t\t\t\t\t<\/div>\n\t\t<\/section>\n\t\t\t\t\t<\/div>\n\t\t<\/div>\n\t\t\t\t\t<\/div>\n\t\t<\/section>\n\t\t\t\t<section class=\"elementor-section elementor-top-section elementor-element elementor-element-fe43a64 elementor-section-boxed elementor-section-height-default elementor-section-height-default\" data-id=\"fe43a64\" data-element_type=\"section\">\n\t\t\t\t\t\t<div class=\"elementor-container elementor-column-gap-default\">\n\t\t\t\t\t<div class=\"elementor-column elementor-col-100 elementor-top-column elementor-element elementor-element-b99d426\" data-id=\"b99d426\" data-element_type=\"column\">\n\t\t\t<div class=\"elementor-widget-wrap elementor-element-populated\">\n\t\t\t\t\t\t<div class=\"elementor-element elementor-element-df74869 elementor-widget elementor-widget-heading\" data-id=\"df74869\" data-element_type=\"widget\" data-widget_type=\"heading.default\">\n\t\t\t\t<div class=\"elementor-widget-container\">\n\t\t\t<h2 class=\"elementor-heading-title elementor-size-default\">Wir bitten um Voranmeldung per Mail - Gerne finden wir auch einen anderen, passenden Termin f\u00fcr dich. <\/h2>\t\t<\/div>\n\t\t\t\t<\/div>\n\t\t\t\t\t<\/div>\n\t\t<\/div>\n\t\t\t\t\t<\/div>\n\t\t<\/section>\n\t\t\t\t<section class=\"elementor-section elementor-top-section elementor-element elementor-element-6a8d976 elementor-section-boxed elementor-section-height-default elementor-section-height-default\" data-id=\"6a8d976\" data-element_type=\"section\">\n\t\t\t\t\t\t<div class=\"elementor-container elementor-column-gap-default\">\n\t\t\t\t\t<div class=\"elementor-column elementor-col-100 elementor-top-column elementor-element elementor-element-5f61cd8\" data-id=\"5f61cd8\" data-element_type=\"column\">\n\t\t\t<div class=\"elementor-widget-wrap elementor-element-populated\">\n\t\t\t\t\t\t<div class=\"elementor-element elementor-element-3b25fe1 elementor-widget elementor-widget-heading\" data-id=\"3b25fe1\" data-element_type=\"widget\" data-widget_type=\"heading.default\">\n\t\t\t\t<div class=\"elementor-widget-container\">\n\t\t\t<h2 class=\"elementor-heading-title elementor-size-default\">Sprechstunden:<\/h2>\t\t<\/div>\n\t\t\t\t<\/div>\n\t\t\t\t<div class=\"elementor-element elementor-element-55ab926 elementor-widget elementor-widget-eael-advanced-data-table\" data-id=\"55ab926\" data-element_type=\"widget\" data-widget_type=\"eael-advanced-data-table.default\">\n\t\t\t\t<div class=\"elementor-widget-container\">\n\t\t\t<div class=\"ea-advanced-data-table-wrap\" data-id=\"55ab926\"><div class=\"ea-advanced-data-table-wrap-inner\">\n                <table class=\"ea-advanced-data-table ea-advanced-data-table-static ea-advanced-data-table-55ab926\" data-id=\"55ab926\"><thead><tr><th><p><br><\/p><\/th><th style=\"width: 179px\"><p>      Montag<\/p><\/th><th style=\"width: 170px\"><p>Dienstag<\/p><\/th><th style=\"width: 185px\"><p>        Mittwoch<\/p><\/th><th style=\"width: 223px\"><p> Donnerstag<\/p><\/th><th><p>Freitag<\/p><\/th><\/tr><\/thead><tbody><tr><td><p> 8:00 - 8:50 Uhr<\/p><\/td><td><p><br><\/p><\/td><td><\/td><td><\/td><td><\/td><td><\/td><\/tr><tr><td><p> 8:50 - 9:40 Uhr<\/p><\/td><td><p><br><\/p><\/td><td><p><br><\/p><\/td><td><\/td><td><p>Christoph Kalinka (H 537)<\/p><\/td><td><p><br><\/p><\/td><\/tr><tr><td><p> 9:50 - 10:40 Uhr<\/p><\/td><td><p>Claudia Loder (V 450)<\/p><\/td><td><\/td><td><\/td><td><\/td><td><\/td><\/tr><tr><td><p> 10:40 - 11:30 Uhr<\/p><\/td><td><\/td><td><p>Stefan Zakall (H 1124)<\/p><\/td><td><p>Jennifer Janik (H 828)<\/p><\/td><td><\/td><td><\/td><\/tr><tr><td><p> 11:30 - 12:20 Uhr<\/p><\/td><td><\/td><td><p><br><\/p><\/td><td><\/td><td><p><br><\/p><\/td><td><p>Mario Maierhofer (H 1350)<\/p><\/td><\/tr><tr><td><p> 12:30 - 13:30 Uhr<\/p><\/td><td><\/td><td><\/td><td><\/td><td><\/td><td><\/td><\/tr><tr><td><p> 13:20 - 14:10 Uhr<\/p><\/td><td><\/td><td><\/td><td><\/td><td><\/td><td><\/td><\/tr><tr><td><p> 14:10 - 15:00 Uhr<\/p><\/td><td><\/td><td><\/td><td><p><br><\/p><\/td><td><\/td><td><\/td><\/tr><tr><td><p>15:10 - 16:00 Uhr<\/p><\/td><td><\/td><td><\/td><td><p><br><\/p><\/td><td><\/td><td><\/td><\/tr><\/tbody><\/table>\n            <\/div><\/div>\t\t<\/div>\n\t\t\t\t<\/div>\n\t\t\t\t\t<\/div>\n\t\t<\/div>\n\t\t\t\t\t<\/div>\n\t\t<\/section>\n\t\t\t\t<\/div>\n\t\t","protected":false},"excerpt":{"rendered":"<p>Bildungsberatung (BiBer) Wir Bildungsberaterinnen und Bildungsberater sind speziell ausgebildete Lehrkr\u00e4fte, die f\u00fcr \u2192\u00a0 Information,\u2192\u00a0 Orientierungshilfe,\u2192\u00a0 Entscheidungvorbereitung sowie\u2192\u00a0 individuelle Beratungzur Verf\u00fcgung stehen. F\u00fcr wen sind wir da? \u2192\u00a0 Sch\u00fclerinnen und Sch\u00fcler\u2192\u00a0 Eltern F\u00fcr welche Anliegen sind wir da? Bei Fragen&#8230;\u2192\u00a0 zur Wahl einer Ausbildung am TGM\u2192\u00a0 zu schulischen Problemen\u2192\u00a0 zu Lernproblemen\u2192\u00a0 zur Schullaufbahn\u2192\u00a0 zum \u00dcbertritt in eine andere Schule\u2192\u00a0 zu anderen [&hellip;]<\/p>\n","protected":false},"author":3,"featured_media":0,"parent":12203,"menu_order":0,"comment_status":"closed","ping_status":"closed","template":"elementor_header_footer","meta":[],"_links":{"self":[{"href":"http:\/\/172.16.202.26\/index.php?rest_route=\/wp\/v2\/pages\/12283"}],"collection":[{"href":"http:\/\/172.16.202.26\/index.php?rest_route=\/wp\/v2\/pages"}],"about":[{"href":"http:\/\/172.16.202.26\/index.php?rest_route=\/wp\/v2\/types\/page"}],"author":[{"embeddable":true,"href":"http:\/\/172.16.202.26\/index.php?rest_route=\/wp\/v2\/users\/3"}],"replies":[{"embeddable":true,"href":"http:\/\/172.16.202.26\/index.php?rest_route=%2Fwp%2Fv2%2Fcomments&post=12283"}],"version-history":[{"count":202,"href":"http:\/\/172.16.202.26\/index.php?rest_route=\/wp\/v2\/pages\/12283\/revisions"}],"predecessor-version":[{"id":26172,"href":"http:\/\/172.16.202.26\/index.php?rest_route=\/wp\/v2\/pages\/12283\/revisions\/26172"}],"up":[{"embeddable":true,"href":"http:\/\/172.16.202.26\/index.php?rest_route=\/wp\/v2\/pages\/12203"}],"wp:attachment":[{"href":"http:\/\/172.16.202.26\/index.php?rest_route=%2Fwp%2Fv2%2Fmedia&parent=12283"}],"curies":[{"name":"wp","href":"https:\/\/api.w.org\/{rel}","templated":true}]}}