{"id":14380,"date":"2022-09-28T13:37:48","date_gmt":"2022-09-28T11:37:48","guid":{"rendered":"https:\/\/www.tgm.ac.at\/?page_id=14380"},"modified":"2022-10-08T18:38:49","modified_gmt":"2022-10-08T16:38:49","slug":"peermediation","status":"publish","type":"page","link":"http:\/\/172.16.202.26\/?page_id=14380","title":{"rendered":"Peermediation"},"content":{"rendered":"\t\t<div data-elementor-type=\"wp-page\" data-elementor-id=\"14380\" class=\"elementor elementor-14380\">\n\t\t\t\t\t\t<section class=\"elementor-section elementor-top-section elementor-element elementor-element-d94d3ce elementor-section-boxed elementor-section-height-default elementor-section-height-default\" data-id=\"d94d3ce\" data-element_type=\"section\">\n\t\t\t\t\t\t<div class=\"elementor-container elementor-column-gap-default\">\n\t\t\t\t\t<div class=\"elementor-column elementor-col-100 elementor-top-column elementor-element elementor-element-21ff2e8\" data-id=\"21ff2e8\" data-element_type=\"column\">\n\t\t\t<div class=\"elementor-widget-wrap elementor-element-populated\">\n\t\t\t\t\t\t<div class=\"elementor-element elementor-element-2417a3b elementor-widget elementor-widget-heading\" data-id=\"2417a3b\" data-element_type=\"widget\" data-widget_type=\"heading.default\">\n\t\t\t\t<div class=\"elementor-widget-container\">\n\t\t\t<style>\/*! elementor - v3.20.0 - 13-03-2024 *\/\n.elementor-heading-title{padding:0;margin:0;line-height:1}.elementor-widget-heading .elementor-heading-title[class*=elementor-size-]>a{color:inherit;font-size:inherit;line-height:inherit}.elementor-widget-heading .elementor-heading-title.elementor-size-small{font-size:15px}.elementor-widget-heading .elementor-heading-title.elementor-size-medium{font-size:19px}.elementor-widget-heading .elementor-heading-title.elementor-size-large{font-size:29px}.elementor-widget-heading .elementor-heading-title.elementor-size-xl{font-size:39px}.elementor-widget-heading .elementor-heading-title.elementor-size-xxl{font-size:59px}<\/style><h2 class=\"elementor-heading-title elementor-size-default\">Buddy-System und Peer-Mediation<\/h2>\t\t<\/div>\n\t\t\t\t<\/div>\n\t\t\t\t\t<\/div>\n\t\t<\/div>\n\t\t\t\t\t<\/div>\n\t\t<\/section>\n\t\t\t\t<section class=\"elementor-section elementor-top-section elementor-element elementor-element-a320c45 elementor-section-boxed elementor-section-height-default elementor-section-height-default\" data-id=\"a320c45\" data-element_type=\"section\">\n\t\t\t\t\t\t<div class=\"elementor-container elementor-column-gap-default\">\n\t\t\t\t\t<div class=\"elementor-column elementor-col-100 elementor-top-column elementor-element elementor-element-750f1c6\" data-id=\"750f1c6\" data-element_type=\"column\">\n\t\t\t<div class=\"elementor-widget-wrap elementor-element-populated\">\n\t\t\t\t\t\t<div class=\"elementor-element elementor-element-66130f6 elementor-widget elementor-widget-image\" data-id=\"66130f6\" data-element_type=\"widget\" data-widget_type=\"image.default\">\n\t\t\t\t<div class=\"elementor-widget-container\">\n\t\t\t<style>\/*! elementor - v3.20.0 - 13-03-2024 *\/\n.elementor-widget-image{text-align:center}.elementor-widget-image a{display:inline-block}.elementor-widget-image a img[src$=\".svg\"]{width:48px}.elementor-widget-image img{vertical-align:middle;display:inline-block}<\/style>\t\t\t\t\t\t\t\t\t\t<img decoding=\"async\" src=\"http:\/\/172.16.202.26\/wp-content\/uploads\/elementor\/thumbs\/peer_logo_FINAL-pvrvptpq91mmp5so9hknd37o28h8zwz8tcoibghpd4.png\" title=\"peer_logo_FINAL\" alt=\"peer_logo_FINAL\" loading=\"lazy\" \/>\t\t\t\t\t\t\t\t\t\t\t\t\t<\/div>\n\t\t\t\t<\/div>\n\t\t\t\t\t<\/div>\n\t\t<\/div>\n\t\t\t\t\t<\/div>\n\t\t<\/section>\n\t\t\t\t<section class=\"elementor-section elementor-top-section elementor-element elementor-element-fc826e5 elementor-section-boxed elementor-section-height-default elementor-section-height-default\" data-id=\"fc826e5\" data-element_type=\"section\">\n\t\t\t\t\t\t<div class=\"elementor-container elementor-column-gap-default\">\n\t\t\t\t\t<div class=\"elementor-column elementor-col-100 elementor-top-column elementor-element elementor-element-42930fa\" data-id=\"42930fa\" data-element_type=\"column\">\n\t\t\t<div class=\"elementor-widget-wrap elementor-element-populated\">\n\t\t\t\t\t\t<div class=\"elementor-element elementor-element-b18b121 elementor-widget elementor-widget-text-editor\" data-id=\"b18b121\" data-element_type=\"widget\" data-widget_type=\"text-editor.default\">\n\t\t\t\t<div class=\"elementor-widget-container\">\n\t\t\t<style>\/*! elementor - v3.20.0 - 13-03-2024 *\/\n.elementor-widget-text-editor.elementor-drop-cap-view-stacked .elementor-drop-cap{background-color:#69727d;color:#fff}.elementor-widget-text-editor.elementor-drop-cap-view-framed .elementor-drop-cap{color:#69727d;border:3px solid;background-color:transparent}.elementor-widget-text-editor:not(.elementor-drop-cap-view-default) .elementor-drop-cap{margin-top:8px}.elementor-widget-text-editor:not(.elementor-drop-cap-view-default) .elementor-drop-cap-letter{width:1em;height:1em}.elementor-widget-text-editor .elementor-drop-cap{float:left;text-align:center;line-height:1;font-size:50px}.elementor-widget-text-editor .elementor-drop-cap-letter{display:inline-block}<\/style>\t\t\t\t<p>Das Buddy-System ist in erster Linie zur Unterst\u00fctzung der 1. Jahrg\u00e4nge bei der Einfindung in die neue Schulumgebung da. Unsere Buddys, die gleichzeitig auch Mitglieder des Peermediationsteams sind, stellen sich gleich zu Anfang in der Schuleingangsphase vor und begleiten die neuen Sch\u00fclerinnen und Sch\u00fcler in den ersten Wochen am TGM.\u00a0<\/p><p>\u00a0<\/p><p>So werden nicht nur Ansprechpersonen f\u00fcr Tipps und Tricks f\u00fcr den Schulalltag geschaffen, sondern auch die Interaktion zwischen Klassen und Jahrg\u00e4ngen gest\u00e4rkt. Durch Check-Ups in bestimmten Intervallen bleiben Buddys das ganze erste Jahr \u00fcber mit den 1. Klassen in Verbindung. Sie stellen so Ansprechpersonen abseits der Lehrkr\u00e4fte zur Verf\u00fcgung, zu denen im Gespr\u00e4ch m\u00f6glicherweise eine geringere Hemmschwelle beim Reden \u00fcber etwaige Probleme besteht.<\/p>\t\t\t\t\t\t<\/div>\n\t\t\t\t<\/div>\n\t\t\t\t\t<\/div>\n\t\t<\/div>\n\t\t\t\t\t<\/div>\n\t\t<\/section>\n\t\t\t\t<section class=\"elementor-section elementor-top-section elementor-element elementor-element-28ab4f0 elementor-section-boxed elementor-section-height-default elementor-section-height-default\" data-id=\"28ab4f0\" data-element_type=\"section\">\n\t\t\t\t\t\t<div class=\"elementor-container elementor-column-gap-default\">\n\t\t\t\t\t<div class=\"elementor-column elementor-col-100 elementor-top-column elementor-element elementor-element-3631e2d\" data-id=\"3631e2d\" data-element_type=\"column\">\n\t\t\t<div class=\"elementor-widget-wrap elementor-element-populated\">\n\t\t\t\t\t\t<div class=\"elementor-element elementor-element-b970603 elementor-widget elementor-widget-image\" data-id=\"b970603\" data-element_type=\"widget\" data-widget_type=\"image.default\">\n\t\t\t\t<div class=\"elementor-widget-container\">\n\t\t\t\t\t\t\t\t\t\t\t\t\t<img fetchpriority=\"high\" decoding=\"async\" width=\"640\" height=\"360\" src=\"http:\/\/172.16.202.26\/wp-content\/uploads\/2022\/06\/w4-768x432.jpg\" class=\"attachment-medium_large size-medium_large wp-image-8567\" alt=\"\" srcset=\"http:\/\/172.16.202.26\/wp-content\/uploads\/2022\/06\/w4-768x432.jpg 768w, http:\/\/172.16.202.26\/wp-content\/uploads\/2022\/06\/w4-300x169.jpg 300w, http:\/\/172.16.202.26\/wp-content\/uploads\/2022\/06\/w4-1024x576.jpg 1024w, http:\/\/172.16.202.26\/wp-content\/uploads\/2022\/06\/w4-1536x864.jpg 1536w, http:\/\/172.16.202.26\/wp-content\/uploads\/2022\/06\/w4.jpg 2000w\" sizes=\"(max-width: 640px) 100vw, 640px\" \/>\t\t\t\t\t\t\t\t\t\t\t\t\t<\/div>\n\t\t\t\t<\/div>\n\t\t\t\t\t<\/div>\n\t\t<\/div>\n\t\t\t\t\t<\/div>\n\t\t<\/section>\n\t\t\t\t<section class=\"elementor-section elementor-top-section elementor-element elementor-element-0f1bfd1 elementor-section-boxed elementor-section-height-default elementor-section-height-default\" data-id=\"0f1bfd1\" data-element_type=\"section\">\n\t\t\t\t\t\t<div class=\"elementor-container elementor-column-gap-default\">\n\t\t\t\t\t<div class=\"elementor-column elementor-col-100 elementor-top-column elementor-element elementor-element-ac1d6c7\" data-id=\"ac1d6c7\" data-element_type=\"column\">\n\t\t\t<div class=\"elementor-widget-wrap elementor-element-populated\">\n\t\t\t\t\t\t<div class=\"elementor-element elementor-element-ec406a9 elementor-widget elementor-widget-text-editor\" data-id=\"ec406a9\" data-element_type=\"widget\" data-widget_type=\"text-editor.default\">\n\t\t\t\t<div class=\"elementor-widget-container\">\n\t\t\t\t\t\t\t<p>Wie schon erw\u00e4hnt sind unsere Buddys auch ausgebildete Peermediator*innen. Sie sind also auch f\u00fcr eventuelle Streitigkeiten oder Schwierigkeiten zwischen Sch\u00fclerinnen und Sch\u00fclern oder Sch\u00fclergruppen da und unterst\u00fctzen die Betroffenen bei der L\u00f6sungsfindung f\u00fcr das Problem.<\/p><p>\u00a0<\/p><p>Wie sie das machen, lernen sie in ihrer einj\u00e4hrigen Ausbildung, die mit einer Pr\u00fcfung vor zertifizierten Mediator*innen des \u00d6BM (\u00d6sterreichischer Bundesverband f\u00fcr Mediation) abgeschlossen wird.<br \/>Die Ausbildung besteht aus 24 Stunden Theorie- und 36 Stunden Praxistraining. In den theoretischen Einheiten werden in Form von acht Modulen unter anderem Themen wie Kommunikation, Konflikt, Gewalt und gewaltfreie Kommunikation, Gender und Diversit\u00e4t, Mediation und Selbsterfahrung besprochen. Geleitet werden diese Module von unseren Peer-Coaches in Zusammenarbeit mit Mediator*innen des \u00d6BM. Anschlie\u00dfend folgt die praktische Anwendung der gerade erlernten Kenntnisse, die in gr\u00f6\u00dferen Bl\u00f6cken beziehungsweise auf einer zweit\u00e4gigen Exkursion auf der Friedensbug in Schlaining erfolgt. <br \/>Zuletzt steht eine praktische Pr\u00fcfung bevor, die unsere Sch\u00fclerinnen und Sch\u00fcler zu zertifizierten Peermediator*innen macht.<\/p>\t\t\t\t\t\t<\/div>\n\t\t\t\t<\/div>\n\t\t\t\t\t<\/div>\n\t\t<\/div>\n\t\t\t\t\t<\/div>\n\t\t<\/section>\n\t\t\t\t<section class=\"elementor-section elementor-top-section elementor-element elementor-element-1198bef elementor-section-boxed elementor-section-height-default elementor-section-height-default\" data-id=\"1198bef\" data-element_type=\"section\">\n\t\t\t\t\t\t<div class=\"elementor-container elementor-column-gap-default\">\n\t\t\t\t\t<div class=\"elementor-column elementor-col-33 elementor-top-column elementor-element elementor-element-61760fd\" data-id=\"61760fd\" data-element_type=\"column\">\n\t\t\t<div class=\"elementor-widget-wrap elementor-element-populated\">\n\t\t\t\t\t\t<div class=\"elementor-element elementor-element-14564e5 elementor-widget elementor-widget-image\" data-id=\"14564e5\" data-element_type=\"widget\" data-widget_type=\"image.default\">\n\t\t\t\t<div class=\"elementor-widget-container\">\n\t\t\t\t\t\t\t\t\t\t\t\t\t<img decoding=\"async\" width=\"640\" height=\"360\" src=\"http:\/\/172.16.202.26\/wp-content\/uploads\/2022\/06\/w1-1-1024x576.jpg\" class=\"attachment-large size-large wp-image-8564\" alt=\"\" srcset=\"http:\/\/172.16.202.26\/wp-content\/uploads\/2022\/06\/w1-1-1024x576.jpg 1024w, http:\/\/172.16.202.26\/wp-content\/uploads\/2022\/06\/w1-1-300x169.jpg 300w, http:\/\/172.16.202.26\/wp-content\/uploads\/2022\/06\/w1-1-768x432.jpg 768w, http:\/\/172.16.202.26\/wp-content\/uploads\/2022\/06\/w1-1-1536x864.jpg 1536w, http:\/\/172.16.202.26\/wp-content\/uploads\/2022\/06\/w1-1.jpg 2000w\" sizes=\"(max-width: 640px) 100vw, 640px\" \/>\t\t\t\t\t\t\t\t\t\t\t\t\t<\/div>\n\t\t\t\t<\/div>\n\t\t\t\t\t<\/div>\n\t\t<\/div>\n\t\t\t\t<div class=\"elementor-column elementor-col-33 elementor-top-column elementor-element elementor-element-7ef4fe8\" data-id=\"7ef4fe8\" data-element_type=\"column\">\n\t\t\t<div class=\"elementor-widget-wrap elementor-element-populated\">\n\t\t\t\t\t\t<div class=\"elementor-element elementor-element-d80b4e9 elementor-widget elementor-widget-image\" data-id=\"d80b4e9\" data-element_type=\"widget\" data-widget_type=\"image.default\">\n\t\t\t\t<div class=\"elementor-widget-container\">\n\t\t\t\t\t\t\t\t\t\t\t\t\t<img decoding=\"async\" width=\"640\" height=\"360\" src=\"http:\/\/172.16.202.26\/wp-content\/uploads\/2022\/06\/w1-1024x576.jpg\" class=\"attachment-large size-large wp-image-8541\" alt=\"\" srcset=\"http:\/\/172.16.202.26\/wp-content\/uploads\/2022\/06\/w1-1024x576.jpg 1024w, http:\/\/172.16.202.26\/wp-content\/uploads\/2022\/06\/w1-300x169.jpg 300w, http:\/\/172.16.202.26\/wp-content\/uploads\/2022\/06\/w1-768x432.jpg 768w, http:\/\/172.16.202.26\/wp-content\/uploads\/2022\/06\/w1-1536x864.jpg 1536w, http:\/\/172.16.202.26\/wp-content\/uploads\/2022\/06\/w1.jpg 2000w\" sizes=\"(max-width: 640px) 100vw, 640px\" \/>\t\t\t\t\t\t\t\t\t\t\t\t\t<\/div>\n\t\t\t\t<\/div>\n\t\t\t\t\t<\/div>\n\t\t<\/div>\n\t\t\t\t<div class=\"elementor-column elementor-col-33 elementor-top-column elementor-element elementor-element-54b46be\" data-id=\"54b46be\" data-element_type=\"column\">\n\t\t\t<div class=\"elementor-widget-wrap elementor-element-populated\">\n\t\t\t\t\t\t<div class=\"elementor-element elementor-element-fd2083a elementor-widget elementor-widget-image\" data-id=\"fd2083a\" data-element_type=\"widget\" data-widget_type=\"image.default\">\n\t\t\t\t<div class=\"elementor-widget-container\">\n\t\t\t\t\t\t\t\t\t\t\t\t\t<img loading=\"lazy\" decoding=\"async\" width=\"640\" height=\"853\" src=\"http:\/\/172.16.202.26\/wp-content\/uploads\/2022\/06\/w2-768x1024.jpg\" class=\"attachment-large size-large wp-image-8542\" alt=\"\" srcset=\"http:\/\/172.16.202.26\/wp-content\/uploads\/2022\/06\/w2-768x1024.jpg 768w, http:\/\/172.16.202.26\/wp-content\/uploads\/2022\/06\/w2-225x300.jpg 225w, http:\/\/172.16.202.26\/wp-content\/uploads\/2022\/06\/w2-1152x1536.jpg 1152w, http:\/\/172.16.202.26\/wp-content\/uploads\/2022\/06\/w2-1536x2048.jpg 1536w, http:\/\/172.16.202.26\/wp-content\/uploads\/2022\/06\/w2-scaled.jpg 1920w\" sizes=\"(max-width: 640px) 100vw, 640px\" \/>\t\t\t\t\t\t\t\t\t\t\t\t\t<\/div>\n\t\t\t\t<\/div>\n\t\t\t\t\t<\/div>\n\t\t<\/div>\n\t\t\t\t\t<\/div>\n\t\t<\/section>\n\t\t\t\t<section class=\"elementor-section elementor-top-section elementor-element elementor-element-ca3e8fa elementor-section-boxed elementor-section-height-default elementor-section-height-default\" data-id=\"ca3e8fa\" data-element_type=\"section\">\n\t\t\t\t\t\t<div class=\"elementor-container elementor-column-gap-default\">\n\t\t\t\t\t<div class=\"elementor-column elementor-col-100 elementor-top-column elementor-element elementor-element-e7f9055\" data-id=\"e7f9055\" data-element_type=\"column\">\n\t\t\t<div class=\"elementor-widget-wrap elementor-element-populated\">\n\t\t\t\t\t\t<div class=\"elementor-element elementor-element-60e9281 elementor-widget elementor-widget-text-editor\" data-id=\"60e9281\" data-element_type=\"widget\" data-widget_type=\"text-editor.default\">\n\t\t\t\t<div class=\"elementor-widget-container\">\n\t\t\t\t\t\t\t<p>F\u00fcr Fragen, Informationen und Anregungen steht unser Peermediationsteam sehr gerne unter\u00a0<span style=\"text-decoration: underline;\"><a href=\"mailto:peermediationhwi@tgm.ac.at\" target=\"_blank\" rel=\"noopener\">peermediationhwi@tgm.ac.at<\/a><\/span> zur Verf\u00fcgung.<\/p>\t\t\t\t\t\t<\/div>\n\t\t\t\t<\/div>\n\t\t\t\t\t<\/div>\n\t\t<\/div>\n\t\t\t\t\t<\/div>\n\t\t<\/section>\n\t\t\t\t<\/div>\n\t\t","protected":false},"excerpt":{"rendered":"<p>Buddy-System und Peer-Mediation Das Buddy-System ist in erster Linie zur Unterst\u00fctzung der 1. Jahrg\u00e4nge bei der Einfindung in die neue Schulumgebung da. Unsere Buddys, die gleichzeitig auch Mitglieder des Peermediationsteams sind, stellen sich gleich zu Anfang in der Schuleingangsphase vor und begleiten die neuen Sch\u00fclerinnen und Sch\u00fcler in den ersten Wochen am TGM.\u00a0 \u00a0 So werden nicht nur Ansprechpersonen f\u00fcr [&hellip;]<\/p>\n","protected":false},"author":3,"featured_media":0,"parent":12686,"menu_order":0,"comment_status":"closed","ping_status":"closed","template":"elementor_header_footer","meta":[],"_links":{"self":[{"href":"http:\/\/172.16.202.26\/index.php?rest_route=\/wp\/v2\/pages\/14380"}],"collection":[{"href":"http:\/\/172.16.202.26\/index.php?rest_route=\/wp\/v2\/pages"}],"about":[{"href":"http:\/\/172.16.202.26\/index.php?rest_route=\/wp\/v2\/types\/page"}],"author":[{"embeddable":true,"href":"http:\/\/172.16.202.26\/index.php?rest_route=\/wp\/v2\/users\/3"}],"replies":[{"embeddable":true,"href":"http:\/\/172.16.202.26\/index.php?rest_route=%2Fwp%2Fv2%2Fcomments&post=14380"}],"version-history":[{"count":37,"href":"http:\/\/172.16.202.26\/index.php?rest_route=\/wp\/v2\/pages\/14380\/revisions"}],"predecessor-version":[{"id":14613,"href":"http:\/\/172.16.202.26\/index.php?rest_route=\/wp\/v2\/pages\/14380\/revisions\/14613"}],"up":[{"embeddable":true,"href":"http:\/\/172.16.202.26\/index.php?rest_route=\/wp\/v2\/pages\/12686"}],"wp:attachment":[{"href":"http:\/\/172.16.202.26\/index.php?rest_route=%2Fwp%2Fv2%2Fmedia&parent=14380"}],"curies":[{"name":"wp","href":"https:\/\/api.w.org\/{rel}","templated":true}]}}