{"id":19054,"date":"2023-07-24T14:31:10","date_gmt":"2023-07-24T12:31:10","guid":{"rendered":"http:\/\/172.16.202.26\/?page_id=19054"},"modified":"2024-03-14T10:12:42","modified_gmt":"2024-03-14T09:12:42","slug":"fachtheoretische-unterrichtsgegenstaende","status":"publish","type":"page","link":"http:\/\/172.16.202.26\/?page_id=19054","title":{"rendered":"fachtheoretische Unterrichtsgegenst\u00e4nde"},"content":{"rendered":"\t\t<div data-elementor-type=\"wp-page\" data-elementor-id=\"19054\" class=\"elementor elementor-19054\">\n\t\t\t\t\t\t<section class=\"elementor-section elementor-top-section elementor-element elementor-element-d94d3ce elementor-section-boxed elementor-section-height-default elementor-section-height-default\" data-id=\"d94d3ce\" data-element_type=\"section\">\n\t\t\t\t\t\t<div class=\"elementor-container elementor-column-gap-default\">\n\t\t\t\t\t<div class=\"elementor-column elementor-col-100 elementor-top-column elementor-element elementor-element-21ff2e8\" data-id=\"21ff2e8\" data-element_type=\"column\">\n\t\t\t<div class=\"elementor-widget-wrap elementor-element-populated\">\n\t\t\t\t\t\t<div class=\"elementor-element elementor-element-2417a3b elementor-widget elementor-widget-heading\" data-id=\"2417a3b\" data-element_type=\"widget\" data-widget_type=\"heading.default\">\n\t\t\t\t<div class=\"elementor-widget-container\">\n\t\t\t<style>\/*! elementor - v3.20.0 - 13-03-2024 *\/\n.elementor-heading-title{padding:0;margin:0;line-height:1}.elementor-widget-heading .elementor-heading-title[class*=elementor-size-]>a{color:inherit;font-size:inherit;line-height:inherit}.elementor-widget-heading .elementor-heading-title.elementor-size-small{font-size:15px}.elementor-widget-heading .elementor-heading-title.elementor-size-medium{font-size:19px}.elementor-widget-heading .elementor-heading-title.elementor-size-large{font-size:29px}.elementor-widget-heading .elementor-heading-title.elementor-size-xl{font-size:39px}.elementor-widget-heading .elementor-heading-title.elementor-size-xxl{font-size:59px}<\/style><h2 class=\"elementor-heading-title elementor-size-default\">Fachtheoretische Unterrichtsgegenst\u00e4nde<\/h2>\t\t<\/div>\n\t\t\t\t<\/div>\n\t\t\t\t\t<\/div>\n\t\t<\/div>\n\t\t\t\t\t<\/div>\n\t\t<\/section>\n\t\t\t\t<section class=\"elementor-section elementor-top-section elementor-element elementor-element-91fb967 elementor-section-boxed elementor-section-height-default elementor-section-height-default\" data-id=\"91fb967\" data-element_type=\"section\">\n\t\t\t\t\t\t<div class=\"elementor-container elementor-column-gap-default\">\n\t\t\t\t\t<div class=\"elementor-column elementor-col-50 elementor-top-column elementor-element elementor-element-e1a6a0e\" data-id=\"e1a6a0e\" data-element_type=\"column\">\n\t\t\t<div class=\"elementor-widget-wrap elementor-element-populated\">\n\t\t\t\t\t\t<div class=\"elementor-element elementor-element-11ff3ec elementor-widget elementor-widget-text-editor\" data-id=\"11ff3ec\" data-element_type=\"widget\" data-widget_type=\"text-editor.default\">\n\t\t\t\t<div class=\"elementor-widget-container\">\n\t\t\t<style>\/*! elementor - v3.20.0 - 13-03-2024 *\/\n.elementor-widget-text-editor.elementor-drop-cap-view-stacked .elementor-drop-cap{background-color:#69727d;color:#fff}.elementor-widget-text-editor.elementor-drop-cap-view-framed .elementor-drop-cap{color:#69727d;border:3px solid;background-color:transparent}.elementor-widget-text-editor:not(.elementor-drop-cap-view-default) .elementor-drop-cap{margin-top:8px}.elementor-widget-text-editor:not(.elementor-drop-cap-view-default) .elementor-drop-cap-letter{width:1em;height:1em}.elementor-widget-text-editor .elementor-drop-cap{float:left;text-align:center;line-height:1;font-size:50px}.elementor-widget-text-editor .elementor-drop-cap-letter{display:inline-block}<\/style>\t\t\t\t<p><strong>Hardwareentwicklung<\/strong><\/p><p>Elektronik ist aus unserem Leben nicht mehr wegzudenken, von Haushaltsger\u00e4ten \u00fcber Smartphones bis hin zum selbstfahrenden Auto. Im Gegenstand Hardwareentwicklung lernst Du einerseits die Grundlagen der Elektronik, die als Basis f\u00fcr einen zuk\u00fcnftigen, erfolgreichen Techniker dienen. Weiters lernst Du, wie man Schaltungen berechnet und diese mit Hilfe des Computers simuliert. Das sind die Voraussetzungen f\u00fcr die Fertigung von ganzen Platinen. All dieses Wissen wendest Du zum Abschluss der Ausbildung praktisch in einem Diplomprojekt an: gemeinsam mit Mitsch\u00fclerInnen entwickelst und baust Du ein aus Hardware und Software bestehendes Ger\u00e4t.<\/p>\t\t\t\t\t\t<\/div>\n\t\t\t\t<\/div>\n\t\t\t\t\t<\/div>\n\t\t<\/div>\n\t\t\t\t<div class=\"elementor-column elementor-col-50 elementor-top-column elementor-element elementor-element-940776c\" data-id=\"940776c\" data-element_type=\"column\">\n\t\t\t<div class=\"elementor-widget-wrap elementor-element-populated\">\n\t\t\t\t\t\t<div class=\"elementor-element elementor-element-9939703 elementor-widget elementor-widget-image\" data-id=\"9939703\" data-element_type=\"widget\" data-widget_type=\"image.default\">\n\t\t\t\t<div class=\"elementor-widget-container\">\n\t\t\t<style>\/*! elementor - v3.20.0 - 13-03-2024 *\/\n.elementor-widget-image{text-align:center}.elementor-widget-image a{display:inline-block}.elementor-widget-image a img[src$=\".svg\"]{width:48px}.elementor-widget-image img{vertical-align:middle;display:inline-block}<\/style>\t\t\t\t\t\t\t\t\t\t<img decoding=\"async\" src=\"http:\/\/172.16.202.26\/wp-content\/uploads\/elementor\/thumbs\/el1-pozwtstmkpp26kyl0gmbhhgynjxnlf68h6wu89mhfq.jpg\" title=\"\" alt=\"\" loading=\"lazy\" \/>\t\t\t\t\t\t\t\t\t\t\t\t\t<\/div>\n\t\t\t\t<\/div>\n\t\t\t\t\t<\/div>\n\t\t<\/div>\n\t\t\t\t\t<\/div>\n\t\t<\/section>\n\t\t\t\t<section class=\"elementor-section elementor-top-section elementor-element elementor-element-ac42fcb elementor-section-boxed elementor-section-height-default elementor-section-height-default\" data-id=\"ac42fcb\" data-element_type=\"section\">\n\t\t\t\t\t\t<div class=\"elementor-container elementor-column-gap-default\">\n\t\t\t\t\t<div class=\"elementor-column elementor-col-50 elementor-top-column elementor-element elementor-element-c208646\" data-id=\"c208646\" data-element_type=\"column\">\n\t\t\t<div class=\"elementor-widget-wrap elementor-element-populated\">\n\t\t\t\t\t\t<div class=\"elementor-element elementor-element-9824a9e elementor-widget elementor-widget-text-editor\" data-id=\"9824a9e\" data-element_type=\"widget\" data-widget_type=\"text-editor.default\">\n\t\t\t\t<div class=\"elementor-widget-container\">\n\t\t\t\t\t\t\t<p><strong>Messtechnik und Regelungssysteme<\/strong><\/p><p>Der Einsatz von Sensoren, die die unterschiedlichsten Umweltbedingungen erfassen, ist ein unverzichtbarer Bestandteil in der Entwicklung von Systemen. Ob bei Fahrassistenten im Auto, bei der Steuerung von Maschinen oder Eisenbahnen, \u00fcberall sammeln Sensoren Daten, um entsprechend in den Ablauf einzugreifen und die Sicherheit zu garantieren. Die elektronischen Regelungssysteme reagieren auf diese Daten in Sekundenbruchteilen oder gar in Echtzeit, wie etwa bei selbstfahrenden Fahrzeugen. Du lernst in diesem Gegenstand die Theorie und die entsprechenden Algorithmen, um f\u00fcr die Praxis solche Regelungssysteme zu entwerfen.<\/p>\t\t\t\t\t\t<\/div>\n\t\t\t\t<\/div>\n\t\t\t\t\t<\/div>\n\t\t<\/div>\n\t\t\t\t<div class=\"elementor-column elementor-col-50 elementor-top-column elementor-element elementor-element-4b49a02\" data-id=\"4b49a02\" data-element_type=\"column\">\n\t\t\t<div class=\"elementor-widget-wrap elementor-element-populated\">\n\t\t\t\t\t\t<div class=\"elementor-element elementor-element-f50c484 elementor-widget elementor-widget-image\" data-id=\"f50c484\" data-element_type=\"widget\" data-widget_type=\"image.default\">\n\t\t\t\t<div class=\"elementor-widget-container\">\n\t\t\t\t\t\t\t\t\t\t\t\t\t<img decoding=\"async\" src=\"http:\/\/172.16.202.26\/wp-content\/uploads\/elementor\/thumbs\/mb_2-pnpd3ak91faga2q8zczjoaxesm77vdgyqdffrmp2mw.png\" title=\"\" alt=\"\" loading=\"lazy\" \/>\t\t\t\t\t\t\t\t\t\t\t\t\t<\/div>\n\t\t\t\t<\/div>\n\t\t\t\t\t<\/div>\n\t\t<\/div>\n\t\t\t\t\t<\/div>\n\t\t<\/section>\n\t\t\t\t<section class=\"elementor-section elementor-top-section elementor-element elementor-element-5445476 elementor-section-boxed elementor-section-height-default elementor-section-height-default\" data-id=\"5445476\" data-element_type=\"section\">\n\t\t\t\t\t\t<div class=\"elementor-container elementor-column-gap-default\">\n\t\t\t\t\t<div class=\"elementor-column elementor-col-50 elementor-top-column elementor-element elementor-element-b75cc04\" data-id=\"b75cc04\" data-element_type=\"column\">\n\t\t\t<div class=\"elementor-widget-wrap elementor-element-populated\">\n\t\t\t\t\t\t<div class=\"elementor-element elementor-element-6525d30 elementor-widget elementor-widget-text-editor\" data-id=\"6525d30\" data-element_type=\"widget\" data-widget_type=\"text-editor.default\">\n\t\t\t\t<div class=\"elementor-widget-container\">\n\t\t\t\t\t\t\t<p><strong>Digitale Systeme und Computersysteme<\/strong><\/p><p>Fernsehen, Musik, Unterhaltunselektronik \u2013 \u00fcberall werden Daten digital verarbeitet. \u00dcberall stecken Computer dahinter. Diese oft sehr komplexen Systeme ben\u00f6tigen ein ganz spezielles Wissen, das \u00fcber das klassische Programmieren hinausgeht. Diese Systeme aus sogenannten Digitalen Signalprozessoren oder frei programmierbaren digitalen Bausteinen m\u00fcssen sorgf\u00e4ltig designt werden, um ihre Aufgaben sicher und zuverl\u00e4ssig auszuf\u00fchren. So soll zum Beispiel die Grafikkarte in deinem Computer bei der virtuellen Fu\u00dfballmeisterschaft die Farben der Spielerdressen und des Stadions echtheitsgetreu wiedergeben. Du lernst Algorithmen und Technologien kennen, um in die komplexe Welt der digitalen Signalverarbeitung einzutauchen.<\/p>\t\t\t\t\t\t<\/div>\n\t\t\t\t<\/div>\n\t\t\t\t\t<\/div>\n\t\t<\/div>\n\t\t\t\t<div class=\"elementor-column elementor-col-50 elementor-top-column elementor-element elementor-element-1b566b9\" data-id=\"1b566b9\" data-element_type=\"column\">\n\t\t\t<div class=\"elementor-widget-wrap elementor-element-populated\">\n\t\t\t\t\t\t<div class=\"elementor-element elementor-element-0f5a16e elementor-widget elementor-widget-image\" data-id=\"0f5a16e\" data-element_type=\"widget\" data-widget_type=\"image.default\">\n\t\t\t\t<div class=\"elementor-widget-container\">\n\t\t\t\t\t\t\t\t\t\t\t\t\t<img decoding=\"async\" src=\"http:\/\/172.16.202.26\/wp-content\/uploads\/elementor\/thumbs\/el3-pozwtygnppws48qe3j22wg1q7v5uvlsmhytr3xe4ee.jpg\" title=\"\" alt=\"\" loading=\"lazy\" \/>\t\t\t\t\t\t\t\t\t\t\t\t\t<\/div>\n\t\t\t\t<\/div>\n\t\t\t\t\t<\/div>\n\t\t<\/div>\n\t\t\t\t\t<\/div>\n\t\t<\/section>\n\t\t\t\t<section class=\"elementor-section elementor-top-section elementor-element elementor-element-55e9039 elementor-section-boxed elementor-section-height-default elementor-section-height-default\" data-id=\"55e9039\" data-element_type=\"section\">\n\t\t\t\t\t\t<div class=\"elementor-container elementor-column-gap-default\">\n\t\t\t\t\t<div class=\"elementor-column elementor-col-50 elementor-top-column elementor-element elementor-element-8f09cc3\" data-id=\"8f09cc3\" data-element_type=\"column\">\n\t\t\t<div class=\"elementor-widget-wrap elementor-element-populated\">\n\t\t\t\t\t\t<div class=\"elementor-element elementor-element-7e83534 elementor-widget elementor-widget-text-editor\" data-id=\"7e83534\" data-element_type=\"widget\" data-widget_type=\"text-editor.default\">\n\t\t\t\t<div class=\"elementor-widget-container\">\n\t\t\t\t\t\t\t<p><strong>Kommunikationssysteme und -netze<\/strong><\/p><p>Mobile Daten er\u00f6ffnen dir neue Welten. Die Frage ist jedoch, wie finden die Daten ihren Weg durch das weltweite Netz? Hier bekommst du Einblick in die weltweiten Kommunikationsnetze. Von der leitungsgebundenen Kommunikation \u00fcber die Ausbreitung von Funkwellen lernst du die verschiedenen \u00dcbertragungswege und ihre technischen Eigenschaften kennen. Wir zeigen dir, worauf es bei g\u00e4ngigen \u00dcbertragungssystemen, z.B. Internet, Mobilfunk, digitales Fernsehen, WLAN, Bluetooth etc., ankommt. Als Add-On besteht auch die M\u00f6glichkeit, eine weltweit anerkannte Zertifizierung eines namhaften, international t\u00e4tigen Netzwerktechnik-Konzerns zu erwerben.<\/p>\t\t\t\t\t\t<\/div>\n\t\t\t\t<\/div>\n\t\t\t\t\t<\/div>\n\t\t<\/div>\n\t\t\t\t<div class=\"elementor-column elementor-col-50 elementor-top-column elementor-element elementor-element-cf075c7\" data-id=\"cf075c7\" data-element_type=\"column\">\n\t\t\t<div class=\"elementor-widget-wrap elementor-element-populated\">\n\t\t\t\t\t\t<div class=\"elementor-element elementor-element-2278072 elementor-widget elementor-widget-image\" data-id=\"2278072\" data-element_type=\"widget\" data-widget_type=\"image.default\">\n\t\t\t\t<div class=\"elementor-widget-container\">\n\t\t\t\t\t\t\t\t\t\t\t\t\t<img decoding=\"async\" src=\"http:\/\/172.16.202.26\/wp-content\/uploads\/elementor\/thumbs\/el4-pozwtygnppws48qe3j22wg1q7v5uvlsmhytr3xe4ee.jpg\" title=\"\" alt=\"\" loading=\"lazy\" \/>\t\t\t\t\t\t\t\t\t\t\t\t\t<\/div>\n\t\t\t\t<\/div>\n\t\t\t\t\t<\/div>\n\t\t<\/div>\n\t\t\t\t\t<\/div>\n\t\t<\/section>\n\t\t\t\t<section class=\"elementor-section elementor-top-section elementor-element elementor-element-bc8567a elementor-section-boxed elementor-section-height-default elementor-section-height-default\" data-id=\"bc8567a\" data-element_type=\"section\">\n\t\t\t\t\t\t<div class=\"elementor-container elementor-column-gap-default\">\n\t\t\t\t\t<div class=\"elementor-column elementor-col-50 elementor-top-column elementor-element elementor-element-54ee1fe\" data-id=\"54ee1fe\" data-element_type=\"column\">\n\t\t\t<div class=\"elementor-widget-wrap elementor-element-populated\">\n\t\t\t\t\t\t<div class=\"elementor-element elementor-element-8ff054c elementor-widget elementor-widget-text-editor\" data-id=\"8ff054c\" data-element_type=\"widget\" data-widget_type=\"text-editor.default\">\n\t\t\t\t<div class=\"elementor-widget-container\">\n\t\t\t\t\t\t\t<p><strong>Fachspezifische Softwaretechnik<\/strong><\/p><p>Wenn Du dich in deinem Zimmer umschaust, siehst Du Ger\u00e4te, in denen \u2013 egal ob in Spiel-Konsole, Stereoanlage oder deinem Smartphone \u2013 Mikrocontroller stecken. Diese Kleincomputer brauchen aber Software, die ihnen \u201esagt\u201c, was sie tun sollen, damit Du Spiele spielen, Musik h\u00f6ren oder telefonieren kannst . Die daf\u00fcr notwendigen Programmierkenntnisse lernst Du bereits ab dem ersten Jahrgang kennen. Ein gut ausgebildeter Elektroniker muss daher auch sehr gute Kenntnisse im Softwarebereich aufweisen, um den Anforderungen im Beruf gerecht zu werden. Gute Elektronik ist Hardware und Software\u00a0Co-Design!<\/p>\t\t\t\t\t\t<\/div>\n\t\t\t\t<\/div>\n\t\t\t\t\t<\/div>\n\t\t<\/div>\n\t\t\t\t<div class=\"elementor-column elementor-col-50 elementor-top-column elementor-element elementor-element-4430f33\" data-id=\"4430f33\" data-element_type=\"column\">\n\t\t\t<div class=\"elementor-widget-wrap elementor-element-populated\">\n\t\t\t\t\t\t<div class=\"elementor-element elementor-element-7714d17 elementor-widget elementor-widget-image\" data-id=\"7714d17\" data-element_type=\"widget\" data-widget_type=\"image.default\">\n\t\t\t\t<div class=\"elementor-widget-container\">\n\t\t\t\t\t\t\t\t\t\t\t\t\t<img decoding=\"async\" src=\"http:\/\/172.16.202.26\/wp-content\/uploads\/elementor\/thumbs\/el5-pozwu0cc3dzcrgnnsjvc1fknemwlb003684q2hbc1y.jpg\" title=\"\" alt=\"\" loading=\"lazy\" \/>\t\t\t\t\t\t\t\t\t\t\t\t\t<\/div>\n\t\t\t\t<\/div>\n\t\t\t\t\t<\/div>\n\t\t<\/div>\n\t\t\t\t\t<\/div>\n\t\t<\/section>\n\t\t\t\t<\/div>\n\t\t","protected":false},"excerpt":{"rendered":"<p>Fachtheoretische Unterrichtsgegenst\u00e4nde Hardwareentwicklung Elektronik ist aus unserem Leben nicht mehr wegzudenken, von Haushaltsger\u00e4ten \u00fcber Smartphones bis hin zum selbstfahrenden Auto. Im Gegenstand Hardwareentwicklung lernst Du einerseits die Grundlagen der Elektronik, die als Basis f\u00fcr einen zuk\u00fcnftigen, erfolgreichen Techniker dienen. Weiters lernst Du, wie man Schaltungen berechnet und diese mit Hilfe des Computers simuliert. Das sind die Voraussetzungen f\u00fcr die Fertigung [&hellip;]<\/p>\n","protected":false},"author":3,"featured_media":0,"parent":12652,"menu_order":0,"comment_status":"closed","ping_status":"closed","template":"elementor_header_footer","meta":[],"_links":{"self":[{"href":"http:\/\/172.16.202.26\/index.php?rest_route=\/wp\/v2\/pages\/19054"}],"collection":[{"href":"http:\/\/172.16.202.26\/index.php?rest_route=\/wp\/v2\/pages"}],"about":[{"href":"http:\/\/172.16.202.26\/index.php?rest_route=\/wp\/v2\/types\/page"}],"author":[{"embeddable":true,"href":"http:\/\/172.16.202.26\/index.php?rest_route=\/wp\/v2\/users\/3"}],"replies":[{"embeddable":true,"href":"http:\/\/172.16.202.26\/index.php?rest_route=%2Fwp%2Fv2%2Fcomments&post=19054"}],"version-history":[{"count":10,"href":"http:\/\/172.16.202.26\/index.php?rest_route=\/wp\/v2\/pages\/19054\/revisions"}],"predecessor-version":[{"id":21909,"href":"http:\/\/172.16.202.26\/index.php?rest_route=\/wp\/v2\/pages\/19054\/revisions\/21909"}],"up":[{"embeddable":true,"href":"http:\/\/172.16.202.26\/index.php?rest_route=\/wp\/v2\/pages\/12652"}],"wp:attachment":[{"href":"http:\/\/172.16.202.26\/index.php?rest_route=%2Fwp%2Fv2%2Fmedia&parent=19054"}],"curies":[{"name":"wp","href":"https:\/\/api.w.org\/{rel}","templated":true}]}}