{"id":19088,"date":"2023-07-24T16:33:48","date_gmt":"2023-07-24T14:33:48","guid":{"rendered":"http:\/\/172.16.202.26\/?page_id=19088"},"modified":"2024-03-14T10:13:50","modified_gmt":"2024-03-14T09:13:50","slug":"fachtheoretische-unterrichtsgegenstaende","status":"publish","type":"page","link":"http:\/\/172.16.202.26\/?page_id=19088","title":{"rendered":"fachtheoretische Unterrichtsgegenst\u00e4nde"},"content":{"rendered":"\t\t<div data-elementor-type=\"wp-page\" data-elementor-id=\"19088\" class=\"elementor elementor-19088\">\n\t\t\t\t\t\t<section class=\"elementor-section elementor-top-section elementor-element elementor-element-d94d3ce elementor-section-boxed elementor-section-height-default elementor-section-height-default\" data-id=\"d94d3ce\" data-element_type=\"section\">\n\t\t\t\t\t\t<div class=\"elementor-container elementor-column-gap-default\">\n\t\t\t\t\t<div class=\"elementor-column elementor-col-100 elementor-top-column elementor-element elementor-element-21ff2e8\" data-id=\"21ff2e8\" data-element_type=\"column\">\n\t\t\t<div class=\"elementor-widget-wrap elementor-element-populated\">\n\t\t\t\t\t\t<div class=\"elementor-element elementor-element-2417a3b elementor-widget elementor-widget-heading\" data-id=\"2417a3b\" data-element_type=\"widget\" data-widget_type=\"heading.default\">\n\t\t\t\t<div class=\"elementor-widget-container\">\n\t\t\t<style>\/*! elementor - v3.20.0 - 13-03-2024 *\/\n.elementor-heading-title{padding:0;margin:0;line-height:1}.elementor-widget-heading .elementor-heading-title[class*=elementor-size-]>a{color:inherit;font-size:inherit;line-height:inherit}.elementor-widget-heading .elementor-heading-title.elementor-size-small{font-size:15px}.elementor-widget-heading .elementor-heading-title.elementor-size-medium{font-size:19px}.elementor-widget-heading .elementor-heading-title.elementor-size-large{font-size:29px}.elementor-widget-heading .elementor-heading-title.elementor-size-xl{font-size:39px}.elementor-widget-heading .elementor-heading-title.elementor-size-xxl{font-size:59px}<\/style><h2 class=\"elementor-heading-title elementor-size-default\">Fachtheoretische Unterrichtsgegenst\u00e4nde<\/h2>\t\t<\/div>\n\t\t\t\t<\/div>\n\t\t\t\t\t<\/div>\n\t\t<\/div>\n\t\t\t\t\t<\/div>\n\t\t<\/section>\n\t\t\t\t<section class=\"elementor-section elementor-top-section elementor-element elementor-element-91fb967 elementor-section-boxed elementor-section-height-default elementor-section-height-default\" data-id=\"91fb967\" data-element_type=\"section\">\n\t\t\t\t\t\t<div class=\"elementor-container elementor-column-gap-default\">\n\t\t\t\t\t<div class=\"elementor-column elementor-col-50 elementor-top-column elementor-element elementor-element-e1a6a0e\" data-id=\"e1a6a0e\" data-element_type=\"column\">\n\t\t\t<div class=\"elementor-widget-wrap elementor-element-populated\">\n\t\t\t\t\t\t<div class=\"elementor-element elementor-element-11ff3ec elementor-widget elementor-widget-text-editor\" data-id=\"11ff3ec\" data-element_type=\"widget\" data-widget_type=\"text-editor.default\">\n\t\t\t\t<div class=\"elementor-widget-container\">\n\t\t\t<style>\/*! elementor - v3.20.0 - 13-03-2024 *\/\n.elementor-widget-text-editor.elementor-drop-cap-view-stacked .elementor-drop-cap{background-color:#69727d;color:#fff}.elementor-widget-text-editor.elementor-drop-cap-view-framed .elementor-drop-cap{color:#69727d;border:3px solid;background-color:transparent}.elementor-widget-text-editor:not(.elementor-drop-cap-view-default) .elementor-drop-cap{margin-top:8px}.elementor-widget-text-editor:not(.elementor-drop-cap-view-default) .elementor-drop-cap-letter{width:1em;height:1em}.elementor-widget-text-editor .elementor-drop-cap{float:left;text-align:center;line-height:1;font-size:50px}.elementor-widget-text-editor .elementor-drop-cap-letter{display:inline-block}<\/style>\t\t\t\t<p><strong>Chemie und Umwelttechnik<\/strong><\/p><p>Die Chemie ist der Grundstein der Kunststofftechnik \u2013 angefangen beim Roh\u00f6l, beziehungsweise nachwachsenden Rohstoffquellen, m\u00fcssen Kunststofftechniker*innen die gesamte Prozesskette kennenlernen. Im Fach Chemie und Umwelttechnik werden die Grundprinzipien der Kunststoffchemie anschaulich vermittelt.<\/p><p>Die Umwelttechnik ist der zweite gro\u00dfe Schwerpunkt dieses Gegenstandes. Vor allem das Recycling und die chemische Wiederaufbereitung sind in Anbetracht der Umweltproblematiken von Kunststoffen von grundlegender Bedeutung! Immerhin ist der Schutz des Planeten ein besonderer Fokus der Ausbildung an der tgm Kunststofftechnik.<\/p><p>Unterst\u00fctzt wird der Theorieunterricht von der Fachpraxis im Chemielabor. Im zweiten und dritten Jahr werden die Sch\u00fclerinnen und Sch\u00fcler f\u00fcr einen Halbtag pro Woche im Umgang mit Chemikalien und Labor-Equipment unterrichtet. Vor allem analytische Verfahren werden hier vermittelt, da diese teilweise auch im Verlauf der Diplomarbeit notwendig sind.<\/p>\t\t\t\t\t\t<\/div>\n\t\t\t\t<\/div>\n\t\t\t\t\t<\/div>\n\t\t<\/div>\n\t\t\t\t<div class=\"elementor-column elementor-col-50 elementor-top-column elementor-element elementor-element-940776c\" data-id=\"940776c\" data-element_type=\"column\">\n\t\t\t<div class=\"elementor-widget-wrap elementor-element-populated\">\n\t\t\t\t\t\t<div class=\"elementor-element elementor-element-9939703 elementor-widget elementor-widget-image\" data-id=\"9939703\" data-element_type=\"widget\" data-widget_type=\"image.default\">\n\t\t\t\t<div class=\"elementor-widget-container\">\n\t\t\t<style>\/*! elementor - v3.20.0 - 13-03-2024 *\/\n.elementor-widget-image{text-align:center}.elementor-widget-image a{display:inline-block}.elementor-widget-image a img[src$=\".svg\"]{width:48px}.elementor-widget-image img{vertical-align:middle;display:inline-block}<\/style>\t\t\t\t\t\t\t\t\t\t<img decoding=\"async\" src=\"http:\/\/172.16.202.26\/wp-content\/uploads\/elementor\/thumbs\/kt1-por50v44n2h98uz3m6cleea8wjz3lxa826jelegk1m.png\" title=\"\" alt=\"\" loading=\"lazy\" \/>\t\t\t\t\t\t\t\t\t\t\t\t\t<\/div>\n\t\t\t\t<\/div>\n\t\t\t\t\t<\/div>\n\t\t<\/div>\n\t\t\t\t\t<\/div>\n\t\t<\/section>\n\t\t\t\t<section class=\"elementor-section elementor-top-section elementor-element elementor-element-ac42fcb elementor-section-boxed elementor-section-height-default elementor-section-height-default\" data-id=\"ac42fcb\" data-element_type=\"section\">\n\t\t\t\t\t\t<div class=\"elementor-container elementor-column-gap-default\">\n\t\t\t\t\t<div class=\"elementor-column elementor-col-50 elementor-top-column elementor-element elementor-element-c208646\" data-id=\"c208646\" data-element_type=\"column\">\n\t\t\t<div class=\"elementor-widget-wrap elementor-element-populated\">\n\t\t\t\t\t\t<div class=\"elementor-element elementor-element-9824a9e elementor-widget elementor-widget-text-editor\" data-id=\"9824a9e\" data-element_type=\"widget\" data-widget_type=\"text-editor.default\">\n\t\t\t\t<div class=\"elementor-widget-container\">\n\t\t\t\t\t\t\t<p><strong>Kunststoffverarbeitung und Automatisierungstechnik<\/strong><\/p><p>Der Sammelgegenstand Kunststoffverarbeitung und Automatisierungstechnik ist das vermutlich vielseitigste Unterrichtsfach der Abteilung Kunststofftechnik und bildet das R\u00fcckgrat zur Ausbildung einer Kunststofftechnikerin, eines Kunststofftechnikers.<\/p><p>In 4-6. Wochenstunden (ab der dritten Klasse) lernen die Sch\u00fcler*innen, wie Kunststoffe mittels Extrusion und Spritzguss verarbeitet werden, wie modere Regeltechniken f\u00fcr Energie- und Ressourceneffizienz sorgen und mit welchem Greifarm ein Produkt am geschicktesten entnommen werden kann.<\/p><p>Die hier erlernten Kenntnisse sind essentiell f\u00fcr das Arbeiten in der Kunststofftechnik, egal ob Verarbeitung, Forschung oder Automatisierung. Des Weiteren bilden sie die Grundlage der Abschlussarbeit, da alle Diplomarbeiten sich hier erlernter Techniken bedienen.<\/p>\t\t\t\t\t\t<\/div>\n\t\t\t\t<\/div>\n\t\t\t\t\t<\/div>\n\t\t<\/div>\n\t\t\t\t<div class=\"elementor-column elementor-col-50 elementor-top-column elementor-element elementor-element-4b49a02\" data-id=\"4b49a02\" data-element_type=\"column\">\n\t\t\t<div class=\"elementor-widget-wrap elementor-element-populated\">\n\t\t\t\t\t\t<div class=\"elementor-element elementor-element-f50c484 elementor-widget elementor-widget-image\" data-id=\"f50c484\" data-element_type=\"widget\" data-widget_type=\"image.default\">\n\t\t\t\t<div class=\"elementor-widget-container\">\n\t\t\t\t\t\t\t\t\t\t\t\t\t<img decoding=\"async\" src=\"http:\/\/172.16.202.26\/wp-content\/uploads\/elementor\/thumbs\/kt2-por5h5nf3os6hjb4h7vsma9vkzo511yqatme22aw6y.png\" title=\"\" alt=\"\" loading=\"lazy\" \/>\t\t\t\t\t\t\t\t\t\t\t\t\t<\/div>\n\t\t\t\t<\/div>\n\t\t\t\t\t<\/div>\n\t\t<\/div>\n\t\t\t\t\t<\/div>\n\t\t<\/section>\n\t\t\t\t<section class=\"elementor-section elementor-top-section elementor-element elementor-element-bc8567a elementor-section-boxed elementor-section-height-default elementor-section-height-default\" data-id=\"bc8567a\" data-element_type=\"section\">\n\t\t\t\t\t\t<div class=\"elementor-container elementor-column-gap-default\">\n\t\t\t\t\t<div class=\"elementor-column elementor-col-50 elementor-top-column elementor-element elementor-element-54ee1fe\" data-id=\"54ee1fe\" data-element_type=\"column\">\n\t\t\t<div class=\"elementor-widget-wrap elementor-element-populated\">\n\t\t\t\t\t\t<div class=\"elementor-element elementor-element-8ff054c elementor-widget elementor-widget-text-editor\" data-id=\"8ff054c\" data-element_type=\"widget\" data-widget_type=\"text-editor.default\">\n\t\t\t\t<div class=\"elementor-widget-container\">\n\t\t\t\t\t\t\t<p><strong>Konstruktion und Produktentwicklung<\/strong><\/p><p>Im Gegenstand Konstruktion und Produktentwicklung lernt man Produkte zu designen und Formen und Werkzeuge zu konstruieren. Neben wichtigen Grundlagen der Darstellenden Geometrie und der technischen Fachzeichnung, werden mittels 3D-Konstruktion die Elemente des Formenbaus gelehrt. Der Konstruktionsunterricht findet im Computersaal statt. Am Ende der Ausbildung sind die Sch\u00fcler*innen in der Lage komplexe Spritzgie\u00dfwerkzeuge zu zeichnen. Manche Formen werden in unseren Werkst\u00e4tten auch gefertigt und im Rahmen von Diplomarbeiten bemustert. In dem Kurzvideo sieht man eine animierte Zeichnung eines Sch\u00fclers im 5 Jahrgang f\u00fcr eine Trillerpfeifenform.<\/p><p>Unsere Absolvent*innen arbeiten zum Teil als Ingenieure in der Konstruktion. Kunststofftechniker*innen k\u00f6nnen Ideen in technisch konkrete Umsetzungen bringen. Ob Teile f\u00fcr die Fahrzeugtechnik bis hin zum Prothesenbau \u2013 \u00fcberall braucht man die Kombination aus werkstofflichem und verarbeitungstechnischem Know-How.<\/p><p>Auch Prototypen werden bei uns selbst konstruiert und gefertigt. Wir produzieren unsere eigenen Filamente, konstruieren Teile mit CAD Programmen und drucken auf unseren 3D-Druckern diese Teile dann aus. So erlernen und erleben die Sch\u00fcler*innen den gesamten Prozess der Entwicklung, Konstruktion und Fertigung eines Produktes.<\/p>\t\t\t\t\t\t<\/div>\n\t\t\t\t<\/div>\n\t\t\t\t\t<\/div>\n\t\t<\/div>\n\t\t\t\t<div class=\"elementor-column elementor-col-50 elementor-top-column elementor-element elementor-element-4430f33\" data-id=\"4430f33\" data-element_type=\"column\">\n\t\t\t<div class=\"elementor-widget-wrap elementor-element-populated\">\n\t\t\t\t\t\t<div class=\"elementor-element elementor-element-7714d17 elementor-widget elementor-widget-image\" data-id=\"7714d17\" data-element_type=\"widget\" data-widget_type=\"image.default\">\n\t\t\t\t<div class=\"elementor-widget-container\">\n\t\t\t\t\t\t\t\t\t\t\t\t\t<img decoding=\"async\" src=\"http:\/\/172.16.202.26\/wp-content\/uploads\/elementor\/thumbs\/kt3-por5ob774akquox0pb7klha6ckepm4d6m8dfjvp0so.png\" title=\"\" alt=\"\" loading=\"lazy\" \/>\t\t\t\t\t\t\t\t\t\t\t\t\t<\/div>\n\t\t\t\t<\/div>\n\t\t\t\t\t<\/div>\n\t\t<\/div>\n\t\t\t\t\t<\/div>\n\t\t<\/section>\n\t\t\t\t<\/div>\n\t\t","protected":false},"excerpt":{"rendered":"<p>Fachtheoretische Unterrichtsgegenst\u00e4nde Chemie und Umwelttechnik Die Chemie ist der Grundstein der Kunststofftechnik \u2013 angefangen beim Roh\u00f6l, beziehungsweise nachwachsenden Rohstoffquellen, m\u00fcssen Kunststofftechniker*innen die gesamte Prozesskette kennenlernen. Im Fach Chemie und Umwelttechnik werden die Grundprinzipien der Kunststoffchemie anschaulich vermittelt. Die Umwelttechnik ist der zweite gro\u00dfe Schwerpunkt dieses Gegenstandes. Vor allem das Recycling und die chemische Wiederaufbereitung sind in Anbetracht der Umweltproblematiken von [&hellip;]<\/p>\n","protected":false},"author":3,"featured_media":0,"parent":12667,"menu_order":0,"comment_status":"closed","ping_status":"closed","template":"elementor_header_footer","meta":[],"_links":{"self":[{"href":"http:\/\/172.16.202.26\/index.php?rest_route=\/wp\/v2\/pages\/19088"}],"collection":[{"href":"http:\/\/172.16.202.26\/index.php?rest_route=\/wp\/v2\/pages"}],"about":[{"href":"http:\/\/172.16.202.26\/index.php?rest_route=\/wp\/v2\/types\/page"}],"author":[{"embeddable":true,"href":"http:\/\/172.16.202.26\/index.php?rest_route=\/wp\/v2\/users\/3"}],"replies":[{"embeddable":true,"href":"http:\/\/172.16.202.26\/index.php?rest_route=%2Fwp%2Fv2%2Fcomments&post=19088"}],"version-history":[{"count":13,"href":"http:\/\/172.16.202.26\/index.php?rest_route=\/wp\/v2\/pages\/19088\/revisions"}],"predecessor-version":[{"id":21918,"href":"http:\/\/172.16.202.26\/index.php?rest_route=\/wp\/v2\/pages\/19088\/revisions\/21918"}],"up":[{"embeddable":true,"href":"http:\/\/172.16.202.26\/index.php?rest_route=\/wp\/v2\/pages\/12667"}],"wp:attachment":[{"href":"http:\/\/172.16.202.26\/index.php?rest_route=%2Fwp%2Fv2%2Fmedia&parent=19088"}],"curies":[{"name":"wp","href":"https:\/\/api.w.org\/{rel}","templated":true}]}}