{"id":19411,"date":"2023-07-25T15:26:05","date_gmt":"2023-07-25T13:26:05","guid":{"rendered":"http:\/\/172.16.202.26\/?page_id=19411"},"modified":"2023-11-08T13:07:25","modified_gmt":"2023-11-08T12:07:25","slug":"fachtheoretische-unterrichtsgegenstaende-wirtschaftsingenieure-vorbereitungslehrgang","status":"publish","type":"page","link":"http:\/\/172.16.202.26\/?page_id=19411","title":{"rendered":"fachtheoretische Unterrichtsgegenst\u00e4nde &#8211; Wirtschaftsingenieure &#8211; Vorbereitungslehrgang"},"content":{"rendered":"\t\t<div data-elementor-type=\"wp-page\" data-elementor-id=\"19411\" class=\"elementor elementor-19411\">\n\t\t\t\t\t\t<section class=\"elementor-section elementor-top-section elementor-element elementor-element-d94d3ce elementor-section-boxed elementor-section-height-default elementor-section-height-default\" data-id=\"d94d3ce\" data-element_type=\"section\">\n\t\t\t\t\t\t<div class=\"elementor-container elementor-column-gap-default\">\n\t\t\t\t\t<div class=\"elementor-column elementor-col-100 elementor-top-column elementor-element elementor-element-21ff2e8\" data-id=\"21ff2e8\" data-element_type=\"column\">\n\t\t\t<div class=\"elementor-widget-wrap elementor-element-populated\">\n\t\t\t\t\t\t<div class=\"elementor-element elementor-element-2417a3b elementor-widget elementor-widget-heading\" data-id=\"2417a3b\" data-element_type=\"widget\" data-widget_type=\"heading.default\">\n\t\t\t\t<div class=\"elementor-widget-container\">\n\t\t\t<style>\/*! elementor - v3.20.0 - 13-03-2024 *\/\n.elementor-heading-title{padding:0;margin:0;line-height:1}.elementor-widget-heading .elementor-heading-title[class*=elementor-size-]>a{color:inherit;font-size:inherit;line-height:inherit}.elementor-widget-heading .elementor-heading-title.elementor-size-small{font-size:15px}.elementor-widget-heading .elementor-heading-title.elementor-size-medium{font-size:19px}.elementor-widget-heading .elementor-heading-title.elementor-size-large{font-size:29px}.elementor-widget-heading .elementor-heading-title.elementor-size-xl{font-size:39px}.elementor-widget-heading .elementor-heading-title.elementor-size-xxl{font-size:59px}<\/style><h2 class=\"elementor-heading-title elementor-size-default\">fachtheoretische Unterrichtsgegenst\u00e4nde<\/h2>\t\t<\/div>\n\t\t\t\t<\/div>\n\t\t\t\t\t<\/div>\n\t\t<\/div>\n\t\t\t\t\t<\/div>\n\t\t<\/section>\n\t\t\t\t<section class=\"elementor-section elementor-top-section elementor-element elementor-element-91fb967 elementor-section-boxed elementor-section-height-default elementor-section-height-default\" data-id=\"91fb967\" data-element_type=\"section\">\n\t\t\t\t\t\t<div class=\"elementor-container elementor-column-gap-default\">\n\t\t\t\t\t<div class=\"elementor-column elementor-col-50 elementor-top-column elementor-element elementor-element-e1a6a0e\" data-id=\"e1a6a0e\" data-element_type=\"column\">\n\t\t\t<div class=\"elementor-widget-wrap elementor-element-populated\">\n\t\t\t\t\t\t<div class=\"elementor-element elementor-element-11ff3ec elementor-widget elementor-widget-text-editor\" data-id=\"11ff3ec\" data-element_type=\"widget\" data-widget_type=\"text-editor.default\">\n\t\t\t\t<div class=\"elementor-widget-container\">\n\t\t\t<style>\/*! elementor - v3.20.0 - 13-03-2024 *\/\n.elementor-widget-text-editor.elementor-drop-cap-view-stacked .elementor-drop-cap{background-color:#69727d;color:#fff}.elementor-widget-text-editor.elementor-drop-cap-view-framed .elementor-drop-cap{color:#69727d;border:3px solid;background-color:transparent}.elementor-widget-text-editor:not(.elementor-drop-cap-view-default) .elementor-drop-cap{margin-top:8px}.elementor-widget-text-editor:not(.elementor-drop-cap-view-default) .elementor-drop-cap-letter{width:1em;height:1em}.elementor-widget-text-editor .elementor-drop-cap{float:left;text-align:center;line-height:1;font-size:50px}.elementor-widget-text-editor .elementor-drop-cap-letter{display:inline-block}<\/style>\t\t\t\t<p><strong>Grundlagen des Maschinenbaus<\/strong><\/p><p>Im Gegenstand Grundlagen des Maschinenbaus lernen Sie die Vielf\u00e4ltigkeit der Technik kennen. Wie werden all die Dinge, die Sie im t\u00e4glichen Leben sehen und benutzen, entwickelt und produziert? Hier k\u00f6nnen Sie selbst Produkte so berechnen und entwickeln, dass sie funktionieren und kosteng\u00fcnstig hergestellt werden k\u00f6nnen. Zus\u00e4tzlich besch\u00e4ftigen Sie sich in diesem Gegenstand mit technischen Werkstoffen (Metalle, Kunststoffe und Verbundwerkstoffe). Neben den Werkstoffen ist die Fertigungstechnik ein wichtiges Kapitel in Ihrer Ausbildung. Sie umfasst die wirtschaftliche Herstellung von Produkten ausgehend vom Rohzustand bis hin zum fertigen Bauteil.<\/p>\t\t\t\t\t\t<\/div>\n\t\t\t\t<\/div>\n\t\t\t\t\t<\/div>\n\t\t<\/div>\n\t\t\t\t<div class=\"elementor-column elementor-col-50 elementor-top-column elementor-element elementor-element-940776c\" data-id=\"940776c\" data-element_type=\"column\">\n\t\t\t<div class=\"elementor-widget-wrap elementor-element-populated\">\n\t\t\t\t\t\t<div class=\"elementor-element elementor-element-9939703 elementor-widget elementor-widget-image\" data-id=\"9939703\" data-element_type=\"widget\" data-widget_type=\"image.default\">\n\t\t\t\t<div class=\"elementor-widget-container\">\n\t\t\t<style>\/*! elementor - v3.20.0 - 13-03-2024 *\/\n.elementor-widget-image{text-align:center}.elementor-widget-image a{display:inline-block}.elementor-widget-image a img[src$=\".svg\"]{width:48px}.elementor-widget-image img{vertical-align:middle;display:inline-block}<\/style>\t\t\t\t\t\t\t\t\t\t<img decoding=\"async\" src=\"http:\/\/172.16.202.26\/wp-content\/uploads\/elementor\/thumbs\/mech_1-puo2t0dm5m2eorufgxbx0so2y03x33p0toozvhql74.jpg\" title=\"\" alt=\"\" loading=\"lazy\" \/>\t\t\t\t\t\t\t\t\t\t\t\t\t<\/div>\n\t\t\t\t<\/div>\n\t\t\t\t\t<\/div>\n\t\t<\/div>\n\t\t\t\t\t<\/div>\n\t\t<\/section>\n\t\t\t\t<section class=\"elementor-section elementor-top-section elementor-element elementor-element-bc8567a elementor-section-boxed elementor-section-height-default elementor-section-height-default\" data-id=\"bc8567a\" data-element_type=\"section\">\n\t\t\t\t\t\t<div class=\"elementor-container elementor-column-gap-default\">\n\t\t\t\t\t<div class=\"elementor-column elementor-col-50 elementor-top-column elementor-element elementor-element-54ee1fe\" data-id=\"54ee1fe\" data-element_type=\"column\">\n\t\t\t<div class=\"elementor-widget-wrap elementor-element-populated\">\n\t\t\t\t\t\t<div class=\"elementor-element elementor-element-8ff054c elementor-widget elementor-widget-text-editor\" data-id=\"8ff054c\" data-element_type=\"widget\" data-widget_type=\"text-editor.default\">\n\t\t\t\t<div class=\"elementor-widget-container\">\n\t\t\t\t\t\t\t<p><strong>Werkst\u00e4tte<\/strong><\/p><p>In der Werkst\u00e4tte werden die grundlegenden Kenntnisse in unterschiedlichen praktischen und technischen F\u00e4higkeiten vermittelt. Diese praxisorientierte Art der Ausbildung bietet sowohl f\u00fcr die Arbeitswelt als auch f\u00fcr ein weiterf\u00fchrendes Studium eine wertvolle Basis. Die wichtigsten Werkst\u00e4tten im Bereich der Wirtschaftsingenieure sind:<br \/>Maschinenbau Grundausbildung (Zerspanungstechnik, Drehen, Fr\u00e4sen), Elektrotechnik, Kunststofftechnik, Computer und Netzwerktechnik, Arbeitsvorbereitung, Schwei\u00dferei, Gie\u00dferei, Modelltischlerei, CNC, Werkzeug- und Vorrichtungsbau.<\/p>\t\t\t\t\t\t<\/div>\n\t\t\t\t<\/div>\n\t\t\t\t\t<\/div>\n\t\t<\/div>\n\t\t\t\t<div class=\"elementor-column elementor-col-50 elementor-top-column elementor-element elementor-element-4430f33\" data-id=\"4430f33\" data-element_type=\"column\">\n\t\t\t<div class=\"elementor-widget-wrap elementor-element-populated\">\n\t\t\t\t\t\t<div class=\"elementor-element elementor-element-7714d17 elementor-widget elementor-widget-image\" data-id=\"7714d17\" data-element_type=\"widget\" data-widget_type=\"image.default\">\n\t\t\t\t<div class=\"elementor-widget-container\">\n\t\t\t\t\t\t\t\t\t\t\t\t\t<img decoding=\"async\" src=\"http:\/\/172.16.202.26\/wp-content\/uploads\/elementor\/thumbs\/werk_1-pn6arzqtqktnqpb6q4p2hgxrgoqzhoumqx51ia3k5s.jpg\" title=\"\" alt=\"\" loading=\"lazy\" \/>\t\t\t\t\t\t\t\t\t\t\t\t\t<\/div>\n\t\t\t\t<\/div>\n\t\t\t\t\t<\/div>\n\t\t<\/div>\n\t\t\t\t\t<\/div>\n\t\t<\/section>\n\t\t\t\t<\/div>\n\t\t","protected":false},"excerpt":{"rendered":"<p>fachtheoretische Unterrichtsgegenst\u00e4nde Grundlagen des Maschinenbaus Im Gegenstand Grundlagen des Maschinenbaus lernen Sie die Vielf\u00e4ltigkeit der Technik kennen. Wie werden all die Dinge, die Sie im t\u00e4glichen Leben sehen und benutzen, entwickelt und produziert? Hier k\u00f6nnen Sie selbst Produkte so berechnen und entwickeln, dass sie funktionieren und kosteng\u00fcnstig hergestellt werden k\u00f6nnen. Zus\u00e4tzlich besch\u00e4ftigen Sie sich in diesem Gegenstand mit technischen Werkstoffen [&hellip;]<\/p>\n","protected":false},"author":3,"featured_media":0,"parent":8527,"menu_order":0,"comment_status":"closed","ping_status":"closed","template":"elementor_header_footer","meta":[],"_links":{"self":[{"href":"http:\/\/172.16.202.26\/index.php?rest_route=\/wp\/v2\/pages\/19411"}],"collection":[{"href":"http:\/\/172.16.202.26\/index.php?rest_route=\/wp\/v2\/pages"}],"about":[{"href":"http:\/\/172.16.202.26\/index.php?rest_route=\/wp\/v2\/types\/page"}],"author":[{"embeddable":true,"href":"http:\/\/172.16.202.26\/index.php?rest_route=\/wp\/v2\/users\/3"}],"replies":[{"embeddable":true,"href":"http:\/\/172.16.202.26\/index.php?rest_route=%2Fwp%2Fv2%2Fcomments&post=19411"}],"version-history":[{"count":7,"href":"http:\/\/172.16.202.26\/index.php?rest_route=\/wp\/v2\/pages\/19411\/revisions"}],"predecessor-version":[{"id":20925,"href":"http:\/\/172.16.202.26\/index.php?rest_route=\/wp\/v2\/pages\/19411\/revisions\/20925"}],"up":[{"embeddable":true,"href":"http:\/\/172.16.202.26\/index.php?rest_route=\/wp\/v2\/pages\/8527"}],"wp:attachment":[{"href":"http:\/\/172.16.202.26\/index.php?rest_route=%2Fwp%2Fv2%2Fmedia&parent=19411"}],"curies":[{"name":"wp","href":"https:\/\/api.w.org\/{rel}","templated":true}]}}