{"id":19800,"date":"2023-09-08T09:51:28","date_gmt":"2023-09-08T07:51:28","guid":{"rendered":"http:\/\/172.16.202.26\/?page_id=19800"},"modified":"2026-04-08T09:10:06","modified_gmt":"2026-04-08T07:10:06","slug":"schulpsychologie-2","status":"publish","type":"page","link":"http:\/\/172.16.202.26\/?page_id=19800","title":{"rendered":"Schulpsychologie"},"content":{"rendered":"\t\t<div data-elementor-type=\"wp-page\" data-elementor-id=\"19800\" class=\"elementor elementor-19800\">\n\t\t\t\t\t\t<section class=\"elementor-section elementor-top-section elementor-element elementor-element-725226d elementor-section-boxed elementor-section-height-default elementor-section-height-default\" data-id=\"725226d\" data-element_type=\"section\">\n\t\t\t\t\t\t<div class=\"elementor-container elementor-column-gap-default\">\n\t\t\t\t\t<div class=\"elementor-column elementor-col-100 elementor-top-column elementor-element elementor-element-88155fd\" data-id=\"88155fd\" data-element_type=\"column\">\n\t\t\t<div class=\"elementor-widget-wrap elementor-element-populated\">\n\t\t\t\t\t\t<div class=\"elementor-element elementor-element-a9e17d5 elementor-widget elementor-widget-heading\" data-id=\"a9e17d5\" data-element_type=\"widget\" data-widget_type=\"heading.default\">\n\t\t\t\t<div class=\"elementor-widget-container\">\n\t\t\t<style>\/*! elementor - v3.20.0 - 13-03-2024 *\/\n.elementor-heading-title{padding:0;margin:0;line-height:1}.elementor-widget-heading .elementor-heading-title[class*=elementor-size-]>a{color:inherit;font-size:inherit;line-height:inherit}.elementor-widget-heading .elementor-heading-title.elementor-size-small{font-size:15px}.elementor-widget-heading .elementor-heading-title.elementor-size-medium{font-size:19px}.elementor-widget-heading .elementor-heading-title.elementor-size-large{font-size:29px}.elementor-widget-heading .elementor-heading-title.elementor-size-xl{font-size:39px}.elementor-widget-heading .elementor-heading-title.elementor-size-xxl{font-size:59px}<\/style><h2 class=\"elementor-heading-title elementor-size-default\">Schulpsychologie<\/h2>\t\t<\/div>\n\t\t\t\t<\/div>\n\t\t\t\t\t<\/div>\n\t\t<\/div>\n\t\t\t\t\t<\/div>\n\t\t<\/section>\n\t\t\t\t<section class=\"elementor-section elementor-top-section elementor-element elementor-element-d72a33b elementor-section-boxed elementor-section-height-default elementor-section-height-default\" data-id=\"d72a33b\" data-element_type=\"section\">\n\t\t\t\t\t\t<div class=\"elementor-container elementor-column-gap-default\">\n\t\t\t\t\t<div class=\"elementor-column elementor-col-100 elementor-top-column elementor-element elementor-element-4df04c0\" data-id=\"4df04c0\" data-element_type=\"column\">\n\t\t\t<div class=\"elementor-widget-wrap elementor-element-populated\">\n\t\t\t\t\t\t<div class=\"elementor-element elementor-element-e654c29 elementor-widget elementor-widget-text-editor\" data-id=\"e654c29\" data-element_type=\"widget\" data-widget_type=\"text-editor.default\">\n\t\t\t\t<div class=\"elementor-widget-container\">\n\t\t\t<style>\/*! elementor - v3.20.0 - 13-03-2024 *\/\n.elementor-widget-text-editor.elementor-drop-cap-view-stacked .elementor-drop-cap{background-color:#69727d;color:#fff}.elementor-widget-text-editor.elementor-drop-cap-view-framed .elementor-drop-cap{color:#69727d;border:3px solid;background-color:transparent}.elementor-widget-text-editor:not(.elementor-drop-cap-view-default) .elementor-drop-cap{margin-top:8px}.elementor-widget-text-editor:not(.elementor-drop-cap-view-default) .elementor-drop-cap-letter{width:1em;height:1em}.elementor-widget-text-editor .elementor-drop-cap{float:left;text-align:center;line-height:1;font-size:50px}.elementor-widget-text-editor .elementor-drop-cap-letter{display:inline-block}<\/style>\t\t\t\t<p>Die Schulpsychologie steht als psychologische Beratungseinrichtung des Bildungsministeriums Sch\u00fclerinnen und Sch\u00fclern, Lehrenden sowie\u00a0 Erziehungsberechtigten und Leitungspersonen zur Verf\u00fcgung.\u00a0<\/p><p>Die Inanspruchnahme von schulpsychologischen Leistungen ist freiwillig, kostenlos und vertraulich.<\/p>\t\t\t\t\t\t<\/div>\n\t\t\t\t<\/div>\n\t\t\t\t\t<\/div>\n\t\t<\/div>\n\t\t\t\t\t<\/div>\n\t\t<\/section>\n\t\t\t\t<section class=\"elementor-section elementor-top-section elementor-element elementor-element-12e78e3 elementor-section-boxed elementor-section-height-default elementor-section-height-default\" data-id=\"12e78e3\" data-element_type=\"section\">\n\t\t\t\t\t\t<div class=\"elementor-container elementor-column-gap-default\">\n\t\t\t\t\t<div class=\"elementor-column elementor-col-100 elementor-top-column elementor-element elementor-element-5ef42a8\" data-id=\"5ef42a8\" data-element_type=\"column\">\n\t\t\t<div class=\"elementor-widget-wrap elementor-element-populated\">\n\t\t\t\t\t\t<div class=\"elementor-element elementor-element-53b0fef elementor-widget elementor-widget-heading\" data-id=\"53b0fef\" data-element_type=\"widget\" data-widget_type=\"heading.default\">\n\t\t\t\t<div class=\"elementor-widget-container\">\n\t\t\t<h3 class=\"elementor-heading-title elementor-size-default\">Zu folgenden Bereichen k\u00f6nnen Sch\u00fclerinnen und Sch\u00fcler, Lehrkr\u00e4fte und Erziehungsberechtigte Unterst\u00fctzung bekommen:<\/h3>\t\t<\/div>\n\t\t\t\t<\/div>\n\t\t\t\t<div class=\"elementor-element elementor-element-728e9fb elementor-widget elementor-widget-text-editor\" data-id=\"728e9fb\" data-element_type=\"widget\" data-widget_type=\"text-editor.default\">\n\t\t\t\t<div class=\"elementor-widget-container\">\n\t\t\t\t\t\t\t<p>\u2192 Lern- und Leistungsprobleme<\/p><p>\u2192 pers\u00f6nliche Krisen<\/p><p>\u2192 Konflikte im sozialen Umfeld<\/p><p>\u2192 Bildungsberatung<\/p><p>\u2192 Mentale Gesundheit<\/p>\t\t\t\t\t\t<\/div>\n\t\t\t\t<\/div>\n\t\t\t\t\t<\/div>\n\t\t<\/div>\n\t\t\t\t\t<\/div>\n\t\t<\/section>\n\t\t\t\t<section class=\"elementor-section elementor-top-section elementor-element elementor-element-d2fa1af elementor-section-boxed elementor-section-height-default elementor-section-height-default\" data-id=\"d2fa1af\" data-element_type=\"section\">\n\t\t\t\t\t\t<div class=\"elementor-container elementor-column-gap-default\">\n\t\t\t\t\t<div class=\"elementor-column elementor-col-100 elementor-top-column elementor-element elementor-element-25f4f57\" data-id=\"25f4f57\" data-element_type=\"column\">\n\t\t\t<div class=\"elementor-widget-wrap elementor-element-populated\">\n\t\t\t\t\t\t<div class=\"elementor-element elementor-element-c11c85e elementor-widget elementor-widget-heading\" data-id=\"c11c85e\" data-element_type=\"widget\" data-widget_type=\"heading.default\">\n\t\t\t\t<div class=\"elementor-widget-container\">\n\t\t\t<h3 class=\"elementor-heading-title elementor-size-default\">Wie sieht die Hilfe aus?<\/h3>\t\t<\/div>\n\t\t\t\t<\/div>\n\t\t\t\t<div class=\"elementor-element elementor-element-9eff3cb elementor-widget elementor-widget-text-editor\" data-id=\"9eff3cb\" data-element_type=\"widget\" data-widget_type=\"text-editor.default\">\n\t\t\t\t<div class=\"elementor-widget-container\">\n\t\t\t\t\t\t\t<p>\u2192 Erstgespr\u00e4ch und Beratung<\/p><p>\u2192 Psychologische Diagnostik<\/p><p>\u2192 Klinisch-psycholgische Intervention<\/p><p>\u2192 Supervision und Coaching<\/p><p>\u2192 Krisenintervention<\/p>\t\t\t\t\t\t<\/div>\n\t\t\t\t<\/div>\n\t\t\t\t\t<\/div>\n\t\t<\/div>\n\t\t\t\t\t<\/div>\n\t\t<\/section>\n\t\t\t\t<section class=\"elementor-section elementor-top-section elementor-element elementor-element-48d0822 elementor-section-boxed elementor-section-height-default elementor-section-height-default\" data-id=\"48d0822\" data-element_type=\"section\">\n\t\t\t\t\t\t<div class=\"elementor-container elementor-column-gap-default\">\n\t\t\t\t\t<div class=\"elementor-column elementor-col-100 elementor-top-column elementor-element elementor-element-641b6fc\" data-id=\"641b6fc\" data-element_type=\"column\">\n\t\t\t<div class=\"elementor-widget-wrap elementor-element-populated\">\n\t\t\t\t\t\t<div class=\"elementor-element elementor-element-9a32b96 elementor-widget elementor-widget-heading\" data-id=\"9a32b96\" data-element_type=\"widget\" data-widget_type=\"heading.default\">\n\t\t\t\t<div class=\"elementor-widget-container\">\n\t\t\t<h3 class=\"elementor-heading-title elementor-size-default\">Wie l\u00e4uft der Beratungsprozess ab?<\/h3>\t\t<\/div>\n\t\t\t\t<\/div>\n\t\t\t\t<div class=\"elementor-element elementor-element-c04b987 elementor-widget elementor-widget-text-editor\" data-id=\"c04b987\" data-element_type=\"widget\" data-widget_type=\"text-editor.default\">\n\t\t\t\t<div class=\"elementor-widget-container\">\n\t\t\t\t\t\t\t<p>Eine Terminvereinbarung ist per E-Mail oder QR-Buchung m\u00f6glich.<\/p><p>Das Beratungsgespr\u00e4ch findet entweder in der Schule (Raum H741) oder im B\u00fcro (Freyung 1) statt.<\/p><p>Neben der Durchf\u00fchrung individueller Beratungen koordiniert und unterst\u00fctzt die Schulpsychologie auch die psychosoziale Beratung durch andere Fachkr\u00e4fte im Schulbereich wie z.B. die Jugendcoaches, Sch\u00fcler- und Bildungsberater:innen.<\/p>\t\t\t\t\t\t<\/div>\n\t\t\t\t<\/div>\n\t\t\t\t\t<\/div>\n\t\t<\/div>\n\t\t\t\t\t<\/div>\n\t\t<\/section>\n\t\t\t\t<section class=\"elementor-section elementor-top-section elementor-element elementor-element-d980eea elementor-section-boxed elementor-section-height-default elementor-section-height-default\" data-id=\"d980eea\" data-element_type=\"section\">\n\t\t\t\t\t\t<div class=\"elementor-container elementor-column-gap-default\">\n\t\t\t\t\t<div class=\"elementor-column elementor-col-100 elementor-top-column elementor-element elementor-element-0676094\" data-id=\"0676094\" data-element_type=\"column\">\n\t\t\t<div class=\"elementor-widget-wrap elementor-element-populated\">\n\t\t\t\t\t\t<div class=\"elementor-element elementor-element-159f919 elementor-widget elementor-widget-image\" data-id=\"159f919\" data-element_type=\"widget\" data-widget_type=\"image.default\">\n\t\t\t\t<div class=\"elementor-widget-container\">\n\t\t\t<style>\/*! elementor - v3.20.0 - 13-03-2024 *\/\n.elementor-widget-image{text-align:center}.elementor-widget-image a{display:inline-block}.elementor-widget-image a img[src$=\".svg\"]{width:48px}.elementor-widget-image img{vertical-align:middle;display:inline-block}<\/style>\t\t\t\t\t\t\t\t\t\t<img decoding=\"async\" src=\"http:\/\/172.16.202.26\/wp-content\/uploads\/elementor\/thumbs\/Screenshot-Schulpsychologie-4-rlozpve9di1klwhisyqkq29wss0q8peg1o7y5zwsc4.png\" title=\"Screenshot Schulpsychologie 4\" alt=\"Screenshot Schulpsychologie 4\" loading=\"lazy\" \/>\t\t\t\t\t\t\t\t\t\t\t\t\t<\/div>\n\t\t\t\t<\/div>\n\t\t\t\t\t<\/div>\n\t\t<\/div>\n\t\t\t\t\t<\/div>\n\t\t<\/section>\n\t\t\t\t<section class=\"elementor-section elementor-top-section elementor-element elementor-element-abe8845 elementor-section-boxed elementor-section-height-default elementor-section-height-default\" data-id=\"abe8845\" data-element_type=\"section\">\n\t\t\t\t\t\t<div class=\"elementor-container elementor-column-gap-default\">\n\t\t\t\t\t<div class=\"elementor-column elementor-col-100 elementor-top-column elementor-element elementor-element-3f0299b\" data-id=\"3f0299b\" data-element_type=\"column\">\n\t\t\t<div class=\"elementor-widget-wrap elementor-element-populated\">\n\t\t\t\t\t\t<div class=\"elementor-element elementor-element-1dc3811 elementor-widget elementor-widget-image\" data-id=\"1dc3811\" data-element_type=\"widget\" data-widget_type=\"image.default\">\n\t\t\t\t<div class=\"elementor-widget-container\">\n\t\t\t\t\t\t\t\t\t\t\t\t\t<img decoding=\"async\" src=\"http:\/\/172.16.202.26\/wp-content\/uploads\/elementor\/thumbs\/Screenshot-Schulpsychologie-1-rloz7s03tb9v44rpgn6484nh4r7d2gkgk44gl8qnny.png\" title=\"Screenshot Schulpsychologie 1\" alt=\"Screenshot Schulpsychologie 1\" loading=\"lazy\" \/>\t\t\t\t\t\t\t\t\t\t\t\t\t<\/div>\n\t\t\t\t<\/div>\n\t\t\t\t\t<\/div>\n\t\t<\/div>\n\t\t\t\t\t<\/div>\n\t\t<\/section>\n\t\t\t\t<section class=\"elementor-section elementor-top-section elementor-element elementor-element-de36321 elementor-section-boxed elementor-section-height-default elementor-section-height-default\" data-id=\"de36321\" data-element_type=\"section\">\n\t\t\t\t\t\t<div class=\"elementor-container elementor-column-gap-default\">\n\t\t\t\t\t<div class=\"elementor-column elementor-col-100 elementor-top-column elementor-element elementor-element-1b59365\" data-id=\"1b59365\" data-element_type=\"column\">\n\t\t\t<div class=\"elementor-widget-wrap elementor-element-populated\">\n\t\t\t\t\t\t<div class=\"elementor-element elementor-element-7a7afd7 elementor-widget elementor-widget-image\" data-id=\"7a7afd7\" data-element_type=\"widget\" data-widget_type=\"image.default\">\n\t\t\t\t<div class=\"elementor-widget-container\">\n\t\t\t\t\t\t\t\t\t\t\t\t\t<img fetchpriority=\"high\" decoding=\"async\" width=\"640\" height=\"198\" src=\"http:\/\/172.16.202.26\/wp-content\/uploads\/2025\/09\/Screenshot-1-768x237.png\" class=\"attachment-medium_large size-medium_large wp-image-25895\" alt=\"\" srcset=\"http:\/\/172.16.202.26\/wp-content\/uploads\/2025\/09\/Screenshot-1-768x237.png 768w, http:\/\/172.16.202.26\/wp-content\/uploads\/2025\/09\/Screenshot-1-300x93.png 300w, http:\/\/172.16.202.26\/wp-content\/uploads\/2025\/09\/Screenshot-1.png 912w\" sizes=\"(max-width: 640px) 100vw, 640px\" \/>\t\t\t\t\t\t\t\t\t\t\t\t\t<\/div>\n\t\t\t\t<\/div>\n\t\t\t\t\t<\/div>\n\t\t<\/div>\n\t\t\t\t\t<\/div>\n\t\t<\/section>\n\t\t\t\t<\/div>\n\t\t","protected":false},"excerpt":{"rendered":"<p>Schulpsychologie Die Schulpsychologie steht als psychologische Beratungseinrichtung des Bildungsministeriums Sch\u00fclerinnen und Sch\u00fclern, Lehrenden sowie\u00a0 Erziehungsberechtigten und Leitungspersonen zur Verf\u00fcgung.\u00a0 Die Inanspruchnahme von schulpsychologischen Leistungen ist freiwillig, kostenlos und vertraulich. Zu folgenden Bereichen k\u00f6nnen Sch\u00fclerinnen und Sch\u00fcler, Lehrkr\u00e4fte und Erziehungsberechtigte Unterst\u00fctzung bekommen: \u2192 Lern- und Leistungsprobleme \u2192 pers\u00f6nliche Krisen \u2192 Konflikte im sozialen Umfeld \u2192 Bildungsberatung \u2192 Mentale Gesundheit Wie sieht [&hellip;]<\/p>\n","protected":false},"author":3,"featured_media":0,"parent":12203,"menu_order":0,"comment_status":"closed","ping_status":"closed","template":"elementor_header_footer","meta":[],"_links":{"self":[{"href":"http:\/\/172.16.202.26\/index.php?rest_route=\/wp\/v2\/pages\/19800"}],"collection":[{"href":"http:\/\/172.16.202.26\/index.php?rest_route=\/wp\/v2\/pages"}],"about":[{"href":"http:\/\/172.16.202.26\/index.php?rest_route=\/wp\/v2\/types\/page"}],"author":[{"embeddable":true,"href":"http:\/\/172.16.202.26\/index.php?rest_route=\/wp\/v2\/users\/3"}],"replies":[{"embeddable":true,"href":"http:\/\/172.16.202.26\/index.php?rest_route=%2Fwp%2Fv2%2Fcomments&post=19800"}],"version-history":[{"count":67,"href":"http:\/\/172.16.202.26\/index.php?rest_route=\/wp\/v2\/pages\/19800\/revisions"}],"predecessor-version":[{"id":26841,"href":"http:\/\/172.16.202.26\/index.php?rest_route=\/wp\/v2\/pages\/19800\/revisions\/26841"}],"up":[{"embeddable":true,"href":"http:\/\/172.16.202.26\/index.php?rest_route=\/wp\/v2\/pages\/12203"}],"wp:attachment":[{"href":"http:\/\/172.16.202.26\/index.php?rest_route=%2Fwp%2Fv2%2Fmedia&parent=19800"}],"curies":[{"name":"wp","href":"https:\/\/api.w.org\/{rel}","templated":true}]}}