{"id":20049,"date":"2023-09-20T16:30:48","date_gmt":"2023-09-20T14:30:48","guid":{"rendered":"http:\/\/172.16.202.26\/?page_id=20049"},"modified":"2023-09-20T17:33:32","modified_gmt":"2023-09-20T15:33:32","slug":"junior-company-2016-17","status":"publish","type":"page","link":"http:\/\/172.16.202.26\/?page_id=20049","title":{"rendered":"Junior Company &#8211; 2016\/17"},"content":{"rendered":"\t\t<div data-elementor-type=\"wp-page\" data-elementor-id=\"20049\" class=\"elementor elementor-20049\">\n\t\t\t\t\t\t<section class=\"elementor-section elementor-top-section elementor-element elementor-element-d94d3ce elementor-section-boxed elementor-section-height-default elementor-section-height-default\" data-id=\"d94d3ce\" data-element_type=\"section\">\n\t\t\t\t\t\t<div class=\"elementor-container elementor-column-gap-default\">\n\t\t\t\t\t<div class=\"elementor-column elementor-col-100 elementor-top-column elementor-element elementor-element-21ff2e8\" data-id=\"21ff2e8\" data-element_type=\"column\">\n\t\t\t<div class=\"elementor-widget-wrap elementor-element-populated\">\n\t\t\t\t\t\t<div class=\"elementor-element elementor-element-2417a3b elementor-widget elementor-widget-heading\" data-id=\"2417a3b\" data-element_type=\"widget\" data-widget_type=\"heading.default\">\n\t\t\t\t<div class=\"elementor-widget-container\">\n\t\t\t<style>\/*! elementor - v3.20.0 - 13-03-2024 *\/\n.elementor-heading-title{padding:0;margin:0;line-height:1}.elementor-widget-heading .elementor-heading-title[class*=elementor-size-]>a{color:inherit;font-size:inherit;line-height:inherit}.elementor-widget-heading .elementor-heading-title.elementor-size-small{font-size:15px}.elementor-widget-heading .elementor-heading-title.elementor-size-medium{font-size:19px}.elementor-widget-heading .elementor-heading-title.elementor-size-large{font-size:29px}.elementor-widget-heading .elementor-heading-title.elementor-size-xl{font-size:39px}.elementor-widget-heading .elementor-heading-title.elementor-size-xxl{font-size:59px}<\/style><h2 class=\"elementor-heading-title elementor-size-default\">Junior Company 2016\/17<\/h2>\t\t<\/div>\n\t\t\t\t<\/div>\n\t\t\t\t\t<\/div>\n\t\t<\/div>\n\t\t\t\t\t<\/div>\n\t\t<\/section>\n\t\t\t\t<section class=\"elementor-section elementor-top-section elementor-element elementor-element-1442a13 elementor-section-boxed elementor-section-height-default elementor-section-height-default\" data-id=\"1442a13\" data-element_type=\"section\">\n\t\t\t\t\t\t<div class=\"elementor-container elementor-column-gap-default\">\n\t\t\t\t\t<div class=\"elementor-column elementor-col-100 elementor-top-column elementor-element elementor-element-650508b\" data-id=\"650508b\" data-element_type=\"column\">\n\t\t\t<div class=\"elementor-widget-wrap elementor-element-populated\">\n\t\t\t\t\t\t<div class=\"elementor-element elementor-element-32c636f elementor-widget elementor-widget-text-editor\" data-id=\"32c636f\" data-element_type=\"widget\" data-widget_type=\"text-editor.default\">\n\t\t\t\t<div class=\"elementor-widget-container\">\n\t\t\t<style>\/*! elementor - v3.20.0 - 13-03-2024 *\/\n.elementor-widget-text-editor.elementor-drop-cap-view-stacked .elementor-drop-cap{background-color:#69727d;color:#fff}.elementor-widget-text-editor.elementor-drop-cap-view-framed .elementor-drop-cap{color:#69727d;border:3px solid;background-color:transparent}.elementor-widget-text-editor:not(.elementor-drop-cap-view-default) .elementor-drop-cap{margin-top:8px}.elementor-widget-text-editor:not(.elementor-drop-cap-view-default) .elementor-drop-cap-letter{width:1em;height:1em}.elementor-widget-text-editor .elementor-drop-cap{float:left;text-align:center;line-height:1;font-size:50px}.elementor-widget-text-editor .elementor-drop-cap-letter{display:inline-block}<\/style>\t\t\t\t<div data-mobiledoc=\"{\"><div><strong> <img decoding=\"async\" class=\"alignnone size-full wp-image-8633\" src=\"http:\/\/172.16.202.26\/wp-content\/uploads\/2022\/06\/logo1.jpg\" alt=\"\" width=\"96\" height=\"96\" \/><\/strong><\/div><\/div><div data-mobiledoc=\"{\"><div><p>\u00a0<\/p><p><strong>SunJar<\/strong>, die erste Junior Company wurde im Schuljahr 2016\/2017 von 11 Sch\u00fclern der 4AHWIM und der 4BHWIM gegr\u00fcndet. SunJar produziert solarbetriebene LED-Lampen in Einmachgl\u00e4sern, sozusagen \u201e Sonne f\u00fcr die Nacht\u201c. Es werden Lampen mit modernster High-Tech-Solartechnologie in nostalgischen Einmachgl\u00e4sern erzeugt und \u2013 je nach Modell \u2013 um 12 \u20ac bis 20 \u20ac verkauft. Die LED-Leuchte wird dabei tags\u00fcber \u00fcber Solarzellen im Deckel durch das Sonnenlicht aufgeladen und spendet in der Dunkelheit f\u00fcr mehrere Stunden Licht. SunJar eignet sich ideal als Gartenlampe oder zur Dekoration und ist auch ein perfektes Geschenk f\u00fcr diverse Anl\u00e4sse wie beispielsweise Weihnachten oder Valentinstag.<\/p><\/div><div data-mobiledoc=\"{\"><p>Das Gesch\u00e4ftsjahr 2016\/2017 verlief \u00e4u\u00dferst erfolgreich. Ein Umsatz von ca. 3.000 \u20ac, ein Gewinn von \u00fcber 1.000 \u20ac und ein ROI von ann\u00e4hernd 130% sprechen f\u00fcr sich. Die gewonnene Erfahrung und der Spa\u00df w\u00e4hrend des Projektes lassen sich aber nicht in Zahlen ausdr\u00fccken und k\u00f6nnen auch nicht im <a href=\"http:\/\/172.16.202.26\/images\/HWI\/JC_SunJar\/SunJar_Geschftsbericht.pdf\">Gesch\u00e4ftsbericht<\/a> abgedruckt werden. SunJar war so erfolgreich, dass die erste Junior Company des TGM sogar dem renommierten \u00f6sterreichischen Wirtschaftsmagazin trend einen Artikel wert war.<\/p><p>Ein gelungener Start des Ausbildungsprofils \u201eTechnisches Innovationsmanagement und Entrepreneurship\u201c. Da das TGM als zweite Schule \u00d6sterreichs ein \u201eCompetence Center for Entrepreneurship Education in Engineering\u201c ist, konnte den teilnehmenden Sch\u00fcler auch zus\u00e4tzlich zur erfolgreich abgeschlossenen Matura Entrepreneurship-Zertifikate zur Best\u00e4tigung ihrer hervorragenden Leistungen \u00fcberreicht werden.<\/p><\/div><\/div>\t\t\t\t\t\t<\/div>\n\t\t\t\t<\/div>\n\t\t\t\t\t<\/div>\n\t\t<\/div>\n\t\t\t\t\t<\/div>\n\t\t<\/section>\n\t\t\t\t<section class=\"elementor-section elementor-top-section elementor-element elementor-element-6fcfaf1 elementor-section-boxed elementor-section-height-default elementor-section-height-default\" data-id=\"6fcfaf1\" data-element_type=\"section\">\n\t\t\t\t\t\t<div class=\"elementor-container elementor-column-gap-default\">\n\t\t\t\t\t<div class=\"elementor-column elementor-col-100 elementor-top-column elementor-element elementor-element-8f78f00\" data-id=\"8f78f00\" data-element_type=\"column\">\n\t\t\t<div class=\"elementor-widget-wrap elementor-element-populated\">\n\t\t\t\t\t\t<div class=\"elementor-element elementor-element-6558802 elementor-widget elementor-widget-image\" data-id=\"6558802\" data-element_type=\"widget\" data-widget_type=\"image.default\">\n\t\t\t\t<div class=\"elementor-widget-container\">\n\t\t\t<style>\/*! elementor - v3.20.0 - 13-03-2024 *\/\n.elementor-widget-image{text-align:center}.elementor-widget-image a{display:inline-block}.elementor-widget-image a img[src$=\".svg\"]{width:48px}.elementor-widget-image img{vertical-align:middle;display:inline-block}<\/style>\t\t\t\t\t\t\t\t\t\t<img fetchpriority=\"high\" decoding=\"async\" width=\"1246\" height=\"844\" src=\"http:\/\/172.16.202.26\/wp-content\/uploads\/2022\/06\/jc1.jpg\" class=\"attachment-full size-full wp-image-8635\" alt=\"\" srcset=\"http:\/\/172.16.202.26\/wp-content\/uploads\/2022\/06\/jc1.jpg 1246w, http:\/\/172.16.202.26\/wp-content\/uploads\/2022\/06\/jc1-300x203.jpg 300w, http:\/\/172.16.202.26\/wp-content\/uploads\/2022\/06\/jc1-1024x694.jpg 1024w, http:\/\/172.16.202.26\/wp-content\/uploads\/2022\/06\/jc1-768x520.jpg 768w\" sizes=\"(max-width: 1246px) 100vw, 1246px\" \/>\t\t\t\t\t\t\t\t\t\t\t\t\t<\/div>\n\t\t\t\t<\/div>\n\t\t\t\t\t<\/div>\n\t\t<\/div>\n\t\t\t\t\t<\/div>\n\t\t<\/section>\n\t\t\t\t<\/div>\n\t\t","protected":false},"excerpt":{"rendered":"<p>Junior Company 2016\/17 \u00a0 SunJar, die erste Junior Company wurde im Schuljahr 2016\/2017 von 11 Sch\u00fclern der 4AHWIM und der 4BHWIM gegr\u00fcndet. SunJar produziert solarbetriebene LED-Lampen in Einmachgl\u00e4sern, sozusagen \u201e Sonne f\u00fcr die Nacht\u201c. Es werden Lampen mit modernster High-Tech-Solartechnologie in nostalgischen Einmachgl\u00e4sern erzeugt und \u2013 je nach Modell \u2013 um 12 \u20ac bis 20 \u20ac verkauft. Die LED-Leuchte wird [&hellip;]<\/p>\n","protected":false},"author":3,"featured_media":0,"parent":12686,"menu_order":0,"comment_status":"closed","ping_status":"closed","template":"elementor_header_footer","meta":[],"_links":{"self":[{"href":"http:\/\/172.16.202.26\/index.php?rest_route=\/wp\/v2\/pages\/20049"}],"collection":[{"href":"http:\/\/172.16.202.26\/index.php?rest_route=\/wp\/v2\/pages"}],"about":[{"href":"http:\/\/172.16.202.26\/index.php?rest_route=\/wp\/v2\/types\/page"}],"author":[{"embeddable":true,"href":"http:\/\/172.16.202.26\/index.php?rest_route=\/wp\/v2\/users\/3"}],"replies":[{"embeddable":true,"href":"http:\/\/172.16.202.26\/index.php?rest_route=%2Fwp%2Fv2%2Fcomments&post=20049"}],"version-history":[{"count":14,"href":"http:\/\/172.16.202.26\/index.php?rest_route=\/wp\/v2\/pages\/20049\/revisions"}],"predecessor-version":[{"id":20163,"href":"http:\/\/172.16.202.26\/index.php?rest_route=\/wp\/v2\/pages\/20049\/revisions\/20163"}],"up":[{"embeddable":true,"href":"http:\/\/172.16.202.26\/index.php?rest_route=\/wp\/v2\/pages\/12686"}],"wp:attachment":[{"href":"http:\/\/172.16.202.26\/index.php?rest_route=%2Fwp%2Fv2%2Fmedia&parent=20049"}],"curies":[{"name":"wp","href":"https:\/\/api.w.org\/{rel}","templated":true}]}}