{"id":20060,"date":"2023-09-20T16:38:36","date_gmt":"2023-09-20T14:38:36","guid":{"rendered":"http:\/\/172.16.202.26\/?page_id=20060"},"modified":"2023-09-20T17:34:36","modified_gmt":"2023-09-20T15:34:36","slug":"junior-company-2017-18","status":"publish","type":"page","link":"http:\/\/172.16.202.26\/?page_id=20060","title":{"rendered":"Junior Company &#8211; 2017\/18"},"content":{"rendered":"\t\t<div data-elementor-type=\"wp-page\" data-elementor-id=\"20060\" class=\"elementor elementor-20060\">\n\t\t\t\t\t\t<section class=\"elementor-section elementor-top-section elementor-element elementor-element-d94d3ce elementor-section-boxed elementor-section-height-default elementor-section-height-default\" data-id=\"d94d3ce\" data-element_type=\"section\">\n\t\t\t\t\t\t<div class=\"elementor-container elementor-column-gap-default\">\n\t\t\t\t\t<div class=\"elementor-column elementor-col-100 elementor-top-column elementor-element elementor-element-21ff2e8\" data-id=\"21ff2e8\" data-element_type=\"column\">\n\t\t\t<div class=\"elementor-widget-wrap elementor-element-populated\">\n\t\t\t\t\t\t<div class=\"elementor-element elementor-element-2417a3b elementor-widget elementor-widget-heading\" data-id=\"2417a3b\" data-element_type=\"widget\" data-widget_type=\"heading.default\">\n\t\t\t\t<div class=\"elementor-widget-container\">\n\t\t\t<style>\/*! elementor - v3.20.0 - 13-03-2024 *\/\n.elementor-heading-title{padding:0;margin:0;line-height:1}.elementor-widget-heading .elementor-heading-title[class*=elementor-size-]>a{color:inherit;font-size:inherit;line-height:inherit}.elementor-widget-heading .elementor-heading-title.elementor-size-small{font-size:15px}.elementor-widget-heading .elementor-heading-title.elementor-size-medium{font-size:19px}.elementor-widget-heading .elementor-heading-title.elementor-size-large{font-size:29px}.elementor-widget-heading .elementor-heading-title.elementor-size-xl{font-size:39px}.elementor-widget-heading .elementor-heading-title.elementor-size-xxl{font-size:59px}<\/style><h2 class=\"elementor-heading-title elementor-size-default\">Junior Company 2017\/18<\/h2>\t\t<\/div>\n\t\t\t\t<\/div>\n\t\t\t\t\t<\/div>\n\t\t<\/div>\n\t\t\t\t\t<\/div>\n\t\t<\/section>\n\t\t\t\t<section class=\"elementor-section elementor-top-section elementor-element elementor-element-58d9707 elementor-section-boxed elementor-section-height-default elementor-section-height-default\" data-id=\"58d9707\" data-element_type=\"section\">\n\t\t\t\t\t\t<div class=\"elementor-container elementor-column-gap-default\">\n\t\t\t\t\t<div class=\"elementor-column elementor-col-100 elementor-top-column elementor-element elementor-element-6b12d97\" data-id=\"6b12d97\" data-element_type=\"column\">\n\t\t\t<div class=\"elementor-widget-wrap elementor-element-populated\">\n\t\t\t\t\t\t<div class=\"elementor-element elementor-element-7ff2929 elementor-widget elementor-widget-text-editor\" data-id=\"7ff2929\" data-element_type=\"widget\" data-widget_type=\"text-editor.default\">\n\t\t\t\t<div class=\"elementor-widget-container\">\n\t\t\t<style>\/*! elementor - v3.20.0 - 13-03-2024 *\/\n.elementor-widget-text-editor.elementor-drop-cap-view-stacked .elementor-drop-cap{background-color:#69727d;color:#fff}.elementor-widget-text-editor.elementor-drop-cap-view-framed .elementor-drop-cap{color:#69727d;border:3px solid;background-color:transparent}.elementor-widget-text-editor:not(.elementor-drop-cap-view-default) .elementor-drop-cap{margin-top:8px}.elementor-widget-text-editor:not(.elementor-drop-cap-view-default) .elementor-drop-cap-letter{width:1em;height:1em}.elementor-widget-text-editor .elementor-drop-cap{float:left;text-align:center;line-height:1;font-size:50px}.elementor-widget-text-editor .elementor-drop-cap-letter{display:inline-block}<\/style>\t\t\t\t<div data-mobiledoc=\"{\"><div><p><img decoding=\"async\" class=\"alignnone wp-image-8644 size-full\" src=\"http:\/\/172.16.202.26\/wp-content\/uploads\/2022\/06\/logo2.gif\" alt=\"\" width=\"102\" height=\"102\" \/><\/p><\/div><div data-mobiledoc=\"{\"><div><p>\u00a0<\/p><p>Zu Beginn des Schuljahres 2017\/2018 stand die Frage im Raum, ob der Erfolg der Junior Company SunJar aus 2016\/2017 durch die neue Junior Company <strong>Rope\u2019n Hooks<\/strong> fortgesetzt werden kann \u2013 die Antwort lautet eindeutig: ja! Die 14 hochmotivierten Sch\u00fclerinnen und Sch\u00fcler der 4AHWIM lassen keinen Zweifel aufkommen, dass sie hohe soziale und wirtschaftliche Kompetenz aufweisen.<\/p><p>Ein Produkt ist rasch gefunden \u2013 eine innovative Deckengarderobe. Eine \u00fcberaus minimalistische L\u00f6sung eines an der Decke befestigten Seils, dass nichts weiter braucht als mehrere aufgef\u00e4delte Haken und ein Gewicht am unteren Seilende; genial einfach \u2013 einfach genial. Bei dieser H\u00e4ngegarderobe scheinen die Kleidungsst\u00fccke scheinbar in der Luft zu schweben. Eine witzige Idee f\u00fcr Minimalisten und Menschen, die Sinn f\u00fcr Au\u00dfergew\u00f6hnliches haben und bereit sind 21 \u20ac f\u00fcr die Black &amp; White Edition oder 24 \u20ac f\u00fcr die Natural Edition auszugeben.<\/p><p>Au\u00dfergew\u00f6hnlich verl\u00e4uft auch das Gesch\u00e4ftsjahr von Rope\u2019n Hooks. Die Sch\u00fclerinnen und Sch\u00fcler wollen nicht nur wirtschaftlich erfolgreich sein, sondern nehmen auch an den diversesten Wettbewerben teil \u2013 sei es beim Landeswettbewerb von Junior Austria oder bei Jugend Innovativ, wo sie bis in das Halbfinale vorsto\u00dfen. Der mediale Erfolg l\u00e4sst nicht lange auf sich warten. Es erscheint ein Artikel im Kurier und sogar Wirtschaftskammerpr\u00e4sident Dr. Christoph Leitl wird auf Rope\u2019n Hooks aufmerksam. Sein durch die Zeitschrift trend medial begleiteter Besuch stellte sicher das Highlight des \u2013 wie dem <a href=\"http:\/\/172.16.202.26\/images\/HWI\/JC_RopeHooks\/Rope_n_Hooks_Geschftsbericht.pdf\">Gesch\u00e4ftsbericht<\/a> zu entnehmen ist \u2013 auch wirtschaftlich sehr erfolgreichen Gesch\u00e4ftsjahres dar.<\/p><\/div><\/div><\/div>\t\t\t\t\t\t<\/div>\n\t\t\t\t<\/div>\n\t\t\t\t\t<\/div>\n\t\t<\/div>\n\t\t\t\t\t<\/div>\n\t\t<\/section>\n\t\t\t\t<section class=\"elementor-section elementor-top-section elementor-element elementor-element-50383f0 elementor-section-boxed elementor-section-height-default elementor-section-height-default\" data-id=\"50383f0\" data-element_type=\"section\">\n\t\t\t\t\t\t<div class=\"elementor-container elementor-column-gap-default\">\n\t\t\t\t\t<div class=\"elementor-column elementor-col-100 elementor-top-column elementor-element elementor-element-781db30\" data-id=\"781db30\" data-element_type=\"column\">\n\t\t\t<div class=\"elementor-widget-wrap elementor-element-populated\">\n\t\t\t\t\t\t<div class=\"elementor-element elementor-element-06f1009 elementor-widget elementor-widget-image\" data-id=\"06f1009\" data-element_type=\"widget\" data-widget_type=\"image.default\">\n\t\t\t\t<div class=\"elementor-widget-container\">\n\t\t\t<style>\/*! elementor - v3.20.0 - 13-03-2024 *\/\n.elementor-widget-image{text-align:center}.elementor-widget-image a{display:inline-block}.elementor-widget-image a img[src$=\".svg\"]{width:48px}.elementor-widget-image img{vertical-align:middle;display:inline-block}<\/style>\t\t\t\t\t\t\t\t\t\t<img fetchpriority=\"high\" decoding=\"async\" width=\"1241\" height=\"879\" src=\"http:\/\/172.16.202.26\/wp-content\/uploads\/2022\/06\/jc2.jpg\" class=\"attachment-full size-full wp-image-8645\" alt=\"\" srcset=\"http:\/\/172.16.202.26\/wp-content\/uploads\/2022\/06\/jc2.jpg 1241w, http:\/\/172.16.202.26\/wp-content\/uploads\/2022\/06\/jc2-300x212.jpg 300w, http:\/\/172.16.202.26\/wp-content\/uploads\/2022\/06\/jc2-1024x725.jpg 1024w, http:\/\/172.16.202.26\/wp-content\/uploads\/2022\/06\/jc2-768x544.jpg 768w\" sizes=\"(max-width: 1241px) 100vw, 1241px\" \/>\t\t\t\t\t\t\t\t\t\t\t\t\t<\/div>\n\t\t\t\t<\/div>\n\t\t\t\t\t<\/div>\n\t\t<\/div>\n\t\t\t\t\t<\/div>\n\t\t<\/section>\n\t\t\t\t<\/div>\n\t\t","protected":false},"excerpt":{"rendered":"<p>Junior Company 2017\/18 \u00a0 Zu Beginn des Schuljahres 2017\/2018 stand die Frage im Raum, ob der Erfolg der Junior Company SunJar aus 2016\/2017 durch die neue Junior Company Rope\u2019n Hooks fortgesetzt werden kann \u2013 die Antwort lautet eindeutig: ja! Die 14 hochmotivierten Sch\u00fclerinnen und Sch\u00fcler der 4AHWIM lassen keinen Zweifel aufkommen, dass sie hohe soziale und wirtschaftliche Kompetenz aufweisen. Ein [&hellip;]<\/p>\n","protected":false},"author":3,"featured_media":0,"parent":12686,"menu_order":0,"comment_status":"closed","ping_status":"closed","template":"elementor_header_footer","meta":[],"_links":{"self":[{"href":"http:\/\/172.16.202.26\/index.php?rest_route=\/wp\/v2\/pages\/20060"}],"collection":[{"href":"http:\/\/172.16.202.26\/index.php?rest_route=\/wp\/v2\/pages"}],"about":[{"href":"http:\/\/172.16.202.26\/index.php?rest_route=\/wp\/v2\/types\/page"}],"author":[{"embeddable":true,"href":"http:\/\/172.16.202.26\/index.php?rest_route=\/wp\/v2\/users\/3"}],"replies":[{"embeddable":true,"href":"http:\/\/172.16.202.26\/index.php?rest_route=%2Fwp%2Fv2%2Fcomments&post=20060"}],"version-history":[{"count":13,"href":"http:\/\/172.16.202.26\/index.php?rest_route=\/wp\/v2\/pages\/20060\/revisions"}],"predecessor-version":[{"id":20166,"href":"http:\/\/172.16.202.26\/index.php?rest_route=\/wp\/v2\/pages\/20060\/revisions\/20166"}],"up":[{"embeddable":true,"href":"http:\/\/172.16.202.26\/index.php?rest_route=\/wp\/v2\/pages\/12686"}],"wp:attachment":[{"href":"http:\/\/172.16.202.26\/index.php?rest_route=%2Fwp%2Fv2%2Fmedia&parent=20060"}],"curies":[{"name":"wp","href":"https:\/\/api.w.org\/{rel}","templated":true}]}}