{"id":20066,"date":"2023-09-20T16:43:16","date_gmt":"2023-09-20T14:43:16","guid":{"rendered":"http:\/\/172.16.202.26\/?page_id=20066"},"modified":"2023-09-20T17:35:45","modified_gmt":"2023-09-20T15:35:45","slug":"junior-company-2018-19","status":"publish","type":"page","link":"http:\/\/172.16.202.26\/?page_id=20066","title":{"rendered":"Junior Company &#8211; 2018\/19"},"content":{"rendered":"\t\t<div data-elementor-type=\"wp-page\" data-elementor-id=\"20066\" class=\"elementor elementor-20066\">\n\t\t\t\t\t\t<section class=\"elementor-section elementor-top-section elementor-element elementor-element-d94d3ce elementor-section-boxed elementor-section-height-default elementor-section-height-default\" data-id=\"d94d3ce\" data-element_type=\"section\">\n\t\t\t\t\t\t<div class=\"elementor-container elementor-column-gap-default\">\n\t\t\t\t\t<div class=\"elementor-column elementor-col-100 elementor-top-column elementor-element elementor-element-21ff2e8\" data-id=\"21ff2e8\" data-element_type=\"column\">\n\t\t\t<div class=\"elementor-widget-wrap elementor-element-populated\">\n\t\t\t\t\t\t<div class=\"elementor-element elementor-element-2417a3b elementor-widget elementor-widget-heading\" data-id=\"2417a3b\" data-element_type=\"widget\" data-widget_type=\"heading.default\">\n\t\t\t\t<div class=\"elementor-widget-container\">\n\t\t\t<style>\/*! elementor - v3.20.0 - 13-03-2024 *\/\n.elementor-heading-title{padding:0;margin:0;line-height:1}.elementor-widget-heading .elementor-heading-title[class*=elementor-size-]>a{color:inherit;font-size:inherit;line-height:inherit}.elementor-widget-heading .elementor-heading-title.elementor-size-small{font-size:15px}.elementor-widget-heading .elementor-heading-title.elementor-size-medium{font-size:19px}.elementor-widget-heading .elementor-heading-title.elementor-size-large{font-size:29px}.elementor-widget-heading .elementor-heading-title.elementor-size-xl{font-size:39px}.elementor-widget-heading .elementor-heading-title.elementor-size-xxl{font-size:59px}<\/style><h2 class=\"elementor-heading-title elementor-size-default\">Junior Company 2018\/19<\/h2>\t\t<\/div>\n\t\t\t\t<\/div>\n\t\t\t\t\t<\/div>\n\t\t<\/div>\n\t\t\t\t\t<\/div>\n\t\t<\/section>\n\t\t\t\t<section class=\"elementor-section elementor-top-section elementor-element elementor-element-729404f elementor-section-boxed elementor-section-height-default elementor-section-height-default\" data-id=\"729404f\" data-element_type=\"section\">\n\t\t\t\t\t\t<div class=\"elementor-container elementor-column-gap-default\">\n\t\t\t\t\t<div class=\"elementor-column elementor-col-100 elementor-top-column elementor-element elementor-element-7bcb507\" data-id=\"7bcb507\" data-element_type=\"column\">\n\t\t\t<div class=\"elementor-widget-wrap elementor-element-populated\">\n\t\t\t\t\t\t<div class=\"elementor-element elementor-element-b4eabd7 elementor-widget elementor-widget-text-editor\" data-id=\"b4eabd7\" data-element_type=\"widget\" data-widget_type=\"text-editor.default\">\n\t\t\t\t<div class=\"elementor-widget-container\">\n\t\t\t<style>\/*! elementor - v3.20.0 - 13-03-2024 *\/\n.elementor-widget-text-editor.elementor-drop-cap-view-stacked .elementor-drop-cap{background-color:#69727d;color:#fff}.elementor-widget-text-editor.elementor-drop-cap-view-framed .elementor-drop-cap{color:#69727d;border:3px solid;background-color:transparent}.elementor-widget-text-editor:not(.elementor-drop-cap-view-default) .elementor-drop-cap{margin-top:8px}.elementor-widget-text-editor:not(.elementor-drop-cap-view-default) .elementor-drop-cap-letter{width:1em;height:1em}.elementor-widget-text-editor .elementor-drop-cap{float:left;text-align:center;line-height:1;font-size:50px}.elementor-widget-text-editor .elementor-drop-cap-letter{display:inline-block}<\/style>\t\t\t\t<div data-mobiledoc=\"{\"><div><p><img decoding=\"async\" class=\"alignnone wp-image-8650 size-full\" src=\"http:\/\/172.16.202.26\/wp-content\/uploads\/2022\/06\/logo3.jpg\" alt=\"\" width=\"94\" height=\"94\" \/><\/p><\/div><div lang=\"\" data-mobiledoc=\"{\"><div><p>\u00a0<\/p><p>Zum drittenmal in Folge ein toller Erfolg der Junior Company. Waren die ersten beiden Junior Companies prominent in den Printmedien vertreten, gelang es <strong>easygreen<\/strong> sogar bis ins Fernsehen. Der Grund: easygreen wurde als beste Junior Company Wiens ausgezeichnet.<\/p><p>Doch zuerst der Reihe nach: 10 Sch\u00fclerinnen und Sch\u00fcler der 4AHWIM und der 4BHWIL bildeten in diesem Schuljahr die Junior Company unserer Abteilung. Das Produkt: der ewige Garten, Pflanzen die immer ausreichend Wasser haben und monate\u00adlang nicht gepflegt werden m\u00fcssen. Ein gr\u00fcner Ruhepol f\u00fcr Schreibtische und B\u00fcros und eine hervor\u00adragende Idee f\u00fcr Leute, denen schein\u00adbar jede Pflanze verwelkt. Um 27 Euro kann man entweder eine W\u00fcsten-Edition oder eine Wald&amp;Wiesen-Edition erwerben.<\/p><p>Die Sch\u00fclerinnen und Sch\u00fcler wollen aber nicht nur produzieren und verkaufen, sie wollen sich auch mit anderen Junior Companies messen und nehmen am Junior Austria Wettbewerb teil. Es wird kein Aufwand gescheut: ein Messestand wird dekoriert, eine B\u00fchnenshow einstudiert und f\u00fcr Juryinterviews geprobt. Es zahlt sich aus, denn im Mai 2019 gewinnt easygreen den Landeswettbewerb als beste Junior Company Wiens. Neben dem tollen wirtschaftlichen Erfolg (<a href=\"http:\/\/172.16.202.26\/images\/HWI\/JC_easygreen\/Geschftsbericht_easygreen.pdf\">siehe Gesch\u00e4ftsbericht<\/a>) sicherlich der H\u00f6hepunkt eines spannenden, erfolgreichen, lehrreichen und vor allem unterhaltsamen Gesch\u00e4ftsjahres. Ein nachhaltiges Produkt, ein nachhaltiger Unterricht und eine Best\u00e4tigung der an unserer Schule gelebten Idee von \u201eEntrepreneurship Education in Engineering\u201c.<\/p><\/div><\/div><\/div>\t\t\t\t\t\t<\/div>\n\t\t\t\t<\/div>\n\t\t\t\t\t<\/div>\n\t\t<\/div>\n\t\t\t\t\t<\/div>\n\t\t<\/section>\n\t\t\t\t<section class=\"elementor-section elementor-top-section elementor-element elementor-element-2d28a43 elementor-section-boxed elementor-section-height-default elementor-section-height-default\" data-id=\"2d28a43\" data-element_type=\"section\">\n\t\t\t\t\t\t<div class=\"elementor-container elementor-column-gap-default\">\n\t\t\t\t\t<div class=\"elementor-column elementor-col-100 elementor-top-column elementor-element elementor-element-60328d9\" data-id=\"60328d9\" data-element_type=\"column\">\n\t\t\t<div class=\"elementor-widget-wrap elementor-element-populated\">\n\t\t\t\t\t\t<div class=\"elementor-element elementor-element-8dd26d8 elementor-widget elementor-widget-image\" data-id=\"8dd26d8\" data-element_type=\"widget\" data-widget_type=\"image.default\">\n\t\t\t\t<div class=\"elementor-widget-container\">\n\t\t\t<style>\/*! elementor - v3.20.0 - 13-03-2024 *\/\n.elementor-widget-image{text-align:center}.elementor-widget-image a{display:inline-block}.elementor-widget-image a img[src$=\".svg\"]{width:48px}.elementor-widget-image img{vertical-align:middle;display:inline-block}<\/style>\t\t\t\t\t\t\t\t\t\t<img fetchpriority=\"high\" decoding=\"async\" width=\"1245\" height=\"831\" src=\"http:\/\/172.16.202.26\/wp-content\/uploads\/2022\/06\/jc3.jpg\" class=\"attachment-full size-full wp-image-8651\" alt=\"\" srcset=\"http:\/\/172.16.202.26\/wp-content\/uploads\/2022\/06\/jc3.jpg 1245w, http:\/\/172.16.202.26\/wp-content\/uploads\/2022\/06\/jc3-300x200.jpg 300w, http:\/\/172.16.202.26\/wp-content\/uploads\/2022\/06\/jc3-1024x683.jpg 1024w, http:\/\/172.16.202.26\/wp-content\/uploads\/2022\/06\/jc3-768x513.jpg 768w, http:\/\/172.16.202.26\/wp-content\/uploads\/2022\/06\/jc3-600x400.jpg 600w\" sizes=\"(max-width: 1245px) 100vw, 1245px\" \/>\t\t\t\t\t\t\t\t\t\t\t\t\t<\/div>\n\t\t\t\t<\/div>\n\t\t\t\t\t<\/div>\n\t\t<\/div>\n\t\t\t\t\t<\/div>\n\t\t<\/section>\n\t\t\t\t<\/div>\n\t\t","protected":false},"excerpt":{"rendered":"<p>Junior Company 2018\/19 \u00a0 Zum drittenmal in Folge ein toller Erfolg der Junior Company. Waren die ersten beiden Junior Companies prominent in den Printmedien vertreten, gelang es easygreen sogar bis ins Fernsehen. Der Grund: easygreen wurde als beste Junior Company Wiens ausgezeichnet. Doch zuerst der Reihe nach: 10 Sch\u00fclerinnen und Sch\u00fcler der 4AHWIM und der 4BHWIL bildeten in diesem Schuljahr [&hellip;]<\/p>\n","protected":false},"author":3,"featured_media":0,"parent":12686,"menu_order":0,"comment_status":"closed","ping_status":"closed","template":"elementor_header_footer","meta":[],"_links":{"self":[{"href":"http:\/\/172.16.202.26\/index.php?rest_route=\/wp\/v2\/pages\/20066"}],"collection":[{"href":"http:\/\/172.16.202.26\/index.php?rest_route=\/wp\/v2\/pages"}],"about":[{"href":"http:\/\/172.16.202.26\/index.php?rest_route=\/wp\/v2\/types\/page"}],"author":[{"embeddable":true,"href":"http:\/\/172.16.202.26\/index.php?rest_route=\/wp\/v2\/users\/3"}],"replies":[{"embeddable":true,"href":"http:\/\/172.16.202.26\/index.php?rest_route=%2Fwp%2Fv2%2Fcomments&post=20066"}],"version-history":[{"count":10,"href":"http:\/\/172.16.202.26\/index.php?rest_route=\/wp\/v2\/pages\/20066\/revisions"}],"predecessor-version":[{"id":20169,"href":"http:\/\/172.16.202.26\/index.php?rest_route=\/wp\/v2\/pages\/20066\/revisions\/20169"}],"up":[{"embeddable":true,"href":"http:\/\/172.16.202.26\/index.php?rest_route=\/wp\/v2\/pages\/12686"}],"wp:attachment":[{"href":"http:\/\/172.16.202.26\/index.php?rest_route=%2Fwp%2Fv2%2Fmedia&parent=20066"}],"curies":[{"name":"wp","href":"https:\/\/api.w.org\/{rel}","templated":true}]}}