{"id":20074,"date":"2023-09-20T16:48:24","date_gmt":"2023-09-20T14:48:24","guid":{"rendered":"http:\/\/172.16.202.26\/?page_id=20074"},"modified":"2023-09-20T17:36:34","modified_gmt":"2023-09-20T15:36:34","slug":"junior-company-2019-20","status":"publish","type":"page","link":"http:\/\/172.16.202.26\/?page_id=20074","title":{"rendered":"Junior Company &#8211; 2019\/20"},"content":{"rendered":"\t\t<div data-elementor-type=\"wp-page\" data-elementor-id=\"20074\" class=\"elementor elementor-20074\">\n\t\t\t\t\t\t<section class=\"elementor-section elementor-top-section elementor-element elementor-element-d94d3ce elementor-section-boxed elementor-section-height-default elementor-section-height-default\" data-id=\"d94d3ce\" data-element_type=\"section\">\n\t\t\t\t\t\t<div class=\"elementor-container elementor-column-gap-default\">\n\t\t\t\t\t<div class=\"elementor-column elementor-col-100 elementor-top-column elementor-element elementor-element-21ff2e8\" data-id=\"21ff2e8\" data-element_type=\"column\">\n\t\t\t<div class=\"elementor-widget-wrap elementor-element-populated\">\n\t\t\t\t\t\t<div class=\"elementor-element elementor-element-2417a3b elementor-widget elementor-widget-heading\" data-id=\"2417a3b\" data-element_type=\"widget\" data-widget_type=\"heading.default\">\n\t\t\t\t<div class=\"elementor-widget-container\">\n\t\t\t<style>\/*! elementor - v3.20.0 - 13-03-2024 *\/\n.elementor-heading-title{padding:0;margin:0;line-height:1}.elementor-widget-heading .elementor-heading-title[class*=elementor-size-]>a{color:inherit;font-size:inherit;line-height:inherit}.elementor-widget-heading .elementor-heading-title.elementor-size-small{font-size:15px}.elementor-widget-heading .elementor-heading-title.elementor-size-medium{font-size:19px}.elementor-widget-heading .elementor-heading-title.elementor-size-large{font-size:29px}.elementor-widget-heading .elementor-heading-title.elementor-size-xl{font-size:39px}.elementor-widget-heading .elementor-heading-title.elementor-size-xxl{font-size:59px}<\/style><h2 class=\"elementor-heading-title elementor-size-default\">Junior Company 2019\/20<\/h2>\t\t<\/div>\n\t\t\t\t<\/div>\n\t\t\t\t\t<\/div>\n\t\t<\/div>\n\t\t\t\t\t<\/div>\n\t\t<\/section>\n\t\t\t\t<section class=\"elementor-section elementor-top-section elementor-element elementor-element-c189072 elementor-section-boxed elementor-section-height-default elementor-section-height-default\" data-id=\"c189072\" data-element_type=\"section\">\n\t\t\t\t\t\t<div class=\"elementor-container elementor-column-gap-default\">\n\t\t\t\t\t<div class=\"elementor-column elementor-col-100 elementor-top-column elementor-element elementor-element-a3f4635\" data-id=\"a3f4635\" data-element_type=\"column\">\n\t\t\t<div class=\"elementor-widget-wrap elementor-element-populated\">\n\t\t\t\t\t\t<div class=\"elementor-element elementor-element-31f670a elementor-widget elementor-widget-text-editor\" data-id=\"31f670a\" data-element_type=\"widget\" data-widget_type=\"text-editor.default\">\n\t\t\t\t<div class=\"elementor-widget-container\">\n\t\t\t<style>\/*! elementor - v3.20.0 - 13-03-2024 *\/\n.elementor-widget-text-editor.elementor-drop-cap-view-stacked .elementor-drop-cap{background-color:#69727d;color:#fff}.elementor-widget-text-editor.elementor-drop-cap-view-framed .elementor-drop-cap{color:#69727d;border:3px solid;background-color:transparent}.elementor-widget-text-editor:not(.elementor-drop-cap-view-default) .elementor-drop-cap{margin-top:8px}.elementor-widget-text-editor:not(.elementor-drop-cap-view-default) .elementor-drop-cap-letter{width:1em;height:1em}.elementor-widget-text-editor .elementor-drop-cap{float:left;text-align:center;line-height:1;font-size:50px}.elementor-widget-text-editor .elementor-drop-cap-letter{display:inline-block}<\/style>\t\t\t\t<div data-mobiledoc=\"{\"><div><p><img decoding=\"async\" class=\"alignnone wp-image-8655 size-full\" src=\"http:\/\/172.16.202.26\/wp-content\/uploads\/2022\/06\/logo4.png\" alt=\"\" width=\"245\" height=\"132\" \/><\/p><div data-mobiledoc=\"{\"><div><p>Die vierte JuniorCompany unserer Abteilung hat die Erfolgsgeschichte der Junior Companies am tgm um ein neues Kapitel bereichert &#8211; <strong>FeschTrash<\/strong> wurde Sieger des Businessplan-Wettbewerbs. Zus\u00e4tzlich konnte FeschTrash aber nicht nur durch gesch\u00e4ftliche Professionalit\u00e4t \u00fcberzeugen, sondern auch durch mediale Pr\u00e4senz &#8211; ein Artikel \u00fcber unsere Junior Company erschien sogar in der Kronen Zeitung.<\/p><p>Die vierzehn Sch\u00fclerinnen und Sch\u00fcler aus der 4AHWIM und der 4BHWIL haben Sch\u00f6nheit und Umwelt in einem Gesch\u00e4ftsmodell miteinander verbunden, indem sie aus Kleinabf\u00e4llen der Schulwerkst\u00e4tten Schmuck erzeugten. Aus der Dreherei, Kunststofftechnik oder Elektrotechnik wurden Sp\u00e4ne oder defekte Widerst\u00e4nde gesammelt, die sonst im Abfall gelandet w\u00e4ren, und in verschiedensten Formen in Epoxidharz eingegossen. Schlussendlich entstanden Endprodukte wie Ketten, Ringe, Ohrringe oder Schl\u00fcsselanh\u00e4nger; eine Verbindung zwischen Schmuck und Abfall &#8211; FeschTrash!<\/p><p>Ein Gewinn von \u00fcber 260 \u20ac und ein ROI von knapp 34% <a href=\"http:\/\/172.16.202.26\/images\/HWI\/JuniorCompany20\/Geschftsbericht_FeschTrash.pdf\">(siehe Gesch\u00e4ftsbericht)<\/a> trotz Corona-Lockdown zeigen auch, dass sich \u00d6kologie und \u00d6konomie durch Einf\u00e4lle statt Abf\u00e4lle in Einklang bringen lassen. Wieder ein Beweis daf\u00fcr, dass das tgm zu Recht als erste HTL \u00d6sterreichs f\u00fcr weitere f\u00fcnf Jahre als \u201eCompetence Center &#8211; Entrepreneurship Education in Engineering\u201c zertifiziert wurde.<\/p><\/div><\/div><\/div><\/div>\t\t\t\t\t\t<\/div>\n\t\t\t\t<\/div>\n\t\t\t\t\t<\/div>\n\t\t<\/div>\n\t\t\t\t\t<\/div>\n\t\t<\/section>\n\t\t\t\t<section class=\"elementor-section elementor-top-section elementor-element elementor-element-1ea29af elementor-section-boxed elementor-section-height-default elementor-section-height-default\" data-id=\"1ea29af\" data-element_type=\"section\">\n\t\t\t\t\t\t<div class=\"elementor-container elementor-column-gap-default\">\n\t\t\t\t\t<div class=\"elementor-column elementor-col-100 elementor-top-column elementor-element elementor-element-d646433\" data-id=\"d646433\" data-element_type=\"column\">\n\t\t\t<div class=\"elementor-widget-wrap elementor-element-populated\">\n\t\t\t\t\t\t<div class=\"elementor-element elementor-element-3f9033e elementor-widget elementor-widget-image\" data-id=\"3f9033e\" data-element_type=\"widget\" data-widget_type=\"image.default\">\n\t\t\t\t<div class=\"elementor-widget-container\">\n\t\t\t<style>\/*! elementor - v3.20.0 - 13-03-2024 *\/\n.elementor-widget-image{text-align:center}.elementor-widget-image a{display:inline-block}.elementor-widget-image a img[src$=\".svg\"]{width:48px}.elementor-widget-image img{vertical-align:middle;display:inline-block}<\/style>\t\t\t\t\t\t\t\t\t\t<img fetchpriority=\"high\" decoding=\"async\" width=\"1244\" height=\"668\" src=\"http:\/\/172.16.202.26\/wp-content\/uploads\/2022\/06\/jc4.jpg\" class=\"attachment-full size-full wp-image-8656\" alt=\"\" srcset=\"http:\/\/172.16.202.26\/wp-content\/uploads\/2022\/06\/jc4.jpg 1244w, http:\/\/172.16.202.26\/wp-content\/uploads\/2022\/06\/jc4-300x161.jpg 300w, http:\/\/172.16.202.26\/wp-content\/uploads\/2022\/06\/jc4-1024x550.jpg 1024w, http:\/\/172.16.202.26\/wp-content\/uploads\/2022\/06\/jc4-768x412.jpg 768w\" sizes=\"(max-width: 1244px) 100vw, 1244px\" \/>\t\t\t\t\t\t\t\t\t\t\t\t\t<\/div>\n\t\t\t\t<\/div>\n\t\t\t\t\t<\/div>\n\t\t<\/div>\n\t\t\t\t\t<\/div>\n\t\t<\/section>\n\t\t\t\t<\/div>\n\t\t","protected":false},"excerpt":{"rendered":"<p>Junior Company 2019\/20 Die vierte JuniorCompany unserer Abteilung hat die Erfolgsgeschichte der Junior Companies am tgm um ein neues Kapitel bereichert &#8211; FeschTrash wurde Sieger des Businessplan-Wettbewerbs. Zus\u00e4tzlich konnte FeschTrash aber nicht nur durch gesch\u00e4ftliche Professionalit\u00e4t \u00fcberzeugen, sondern auch durch mediale Pr\u00e4senz &#8211; ein Artikel \u00fcber unsere Junior Company erschien sogar in der Kronen Zeitung. Die vierzehn Sch\u00fclerinnen und Sch\u00fcler [&hellip;]<\/p>\n","protected":false},"author":3,"featured_media":0,"parent":12686,"menu_order":0,"comment_status":"closed","ping_status":"closed","template":"elementor_header_footer","meta":[],"_links":{"self":[{"href":"http:\/\/172.16.202.26\/index.php?rest_route=\/wp\/v2\/pages\/20074"}],"collection":[{"href":"http:\/\/172.16.202.26\/index.php?rest_route=\/wp\/v2\/pages"}],"about":[{"href":"http:\/\/172.16.202.26\/index.php?rest_route=\/wp\/v2\/types\/page"}],"author":[{"embeddable":true,"href":"http:\/\/172.16.202.26\/index.php?rest_route=\/wp\/v2\/users\/3"}],"replies":[{"embeddable":true,"href":"http:\/\/172.16.202.26\/index.php?rest_route=%2Fwp%2Fv2%2Fcomments&post=20074"}],"version-history":[{"count":10,"href":"http:\/\/172.16.202.26\/index.php?rest_route=\/wp\/v2\/pages\/20074\/revisions"}],"predecessor-version":[{"id":20172,"href":"http:\/\/172.16.202.26\/index.php?rest_route=\/wp\/v2\/pages\/20074\/revisions\/20172"}],"up":[{"embeddable":true,"href":"http:\/\/172.16.202.26\/index.php?rest_route=\/wp\/v2\/pages\/12686"}],"wp:attachment":[{"href":"http:\/\/172.16.202.26\/index.php?rest_route=%2Fwp%2Fv2%2Fmedia&parent=20074"}],"curies":[{"name":"wp","href":"https:\/\/api.w.org\/{rel}","templated":true}]}}