{"id":20096,"date":"2023-09-20T16:56:46","date_gmt":"2023-09-20T14:56:46","guid":{"rendered":"http:\/\/172.16.202.26\/?page_id=20096"},"modified":"2023-09-21T08:29:32","modified_gmt":"2023-09-21T06:29:32","slug":"junior-company-2021-22","status":"publish","type":"page","link":"http:\/\/172.16.202.26\/?page_id=20096","title":{"rendered":"Junior Company &#8211; 2021\/22"},"content":{"rendered":"\t\t<div data-elementor-type=\"wp-page\" data-elementor-id=\"20096\" class=\"elementor elementor-20096\">\n\t\t\t\t\t\t<section class=\"elementor-section elementor-top-section elementor-element elementor-element-d94d3ce elementor-section-boxed elementor-section-height-default elementor-section-height-default\" data-id=\"d94d3ce\" data-element_type=\"section\">\n\t\t\t\t\t\t<div class=\"elementor-container elementor-column-gap-default\">\n\t\t\t\t\t<div class=\"elementor-column elementor-col-100 elementor-top-column elementor-element elementor-element-21ff2e8\" data-id=\"21ff2e8\" data-element_type=\"column\">\n\t\t\t<div class=\"elementor-widget-wrap elementor-element-populated\">\n\t\t\t\t\t\t<div class=\"elementor-element elementor-element-2417a3b elementor-widget elementor-widget-heading\" data-id=\"2417a3b\" data-element_type=\"widget\" data-widget_type=\"heading.default\">\n\t\t\t\t<div class=\"elementor-widget-container\">\n\t\t\t<style>\/*! elementor - v3.20.0 - 13-03-2024 *\/\n.elementor-heading-title{padding:0;margin:0;line-height:1}.elementor-widget-heading .elementor-heading-title[class*=elementor-size-]>a{color:inherit;font-size:inherit;line-height:inherit}.elementor-widget-heading .elementor-heading-title.elementor-size-small{font-size:15px}.elementor-widget-heading .elementor-heading-title.elementor-size-medium{font-size:19px}.elementor-widget-heading .elementor-heading-title.elementor-size-large{font-size:29px}.elementor-widget-heading .elementor-heading-title.elementor-size-xl{font-size:39px}.elementor-widget-heading .elementor-heading-title.elementor-size-xxl{font-size:59px}<\/style><h2 class=\"elementor-heading-title elementor-size-default\">Junior Companies 2021\/22<\/h2>\t\t<\/div>\n\t\t\t\t<\/div>\n\t\t\t\t\t<\/div>\n\t\t<\/div>\n\t\t\t\t\t<\/div>\n\t\t<\/section>\n\t\t\t\t<section class=\"elementor-section elementor-top-section elementor-element elementor-element-0a6188a elementor-section-boxed elementor-section-height-default elementor-section-height-default\" data-id=\"0a6188a\" data-element_type=\"section\">\n\t\t\t\t\t\t<div class=\"elementor-container elementor-column-gap-default\">\n\t\t\t\t\t<div class=\"elementor-column elementor-col-100 elementor-top-column elementor-element elementor-element-a678d6f\" data-id=\"a678d6f\" data-element_type=\"column\">\n\t\t\t<div class=\"elementor-widget-wrap elementor-element-populated\">\n\t\t\t\t\t\t<div class=\"elementor-element elementor-element-8a6b904 elementor-widget elementor-widget-text-editor\" data-id=\"8a6b904\" data-element_type=\"widget\" data-widget_type=\"text-editor.default\">\n\t\t\t\t<div class=\"elementor-widget-container\">\n\t\t\t<style>\/*! elementor - v3.20.0 - 13-03-2024 *\/\n.elementor-widget-text-editor.elementor-drop-cap-view-stacked .elementor-drop-cap{background-color:#69727d;color:#fff}.elementor-widget-text-editor.elementor-drop-cap-view-framed .elementor-drop-cap{color:#69727d;border:3px solid;background-color:transparent}.elementor-widget-text-editor:not(.elementor-drop-cap-view-default) .elementor-drop-cap{margin-top:8px}.elementor-widget-text-editor:not(.elementor-drop-cap-view-default) .elementor-drop-cap-letter{width:1em;height:1em}.elementor-widget-text-editor .elementor-drop-cap{float:left;text-align:center;line-height:1;font-size:50px}.elementor-widget-text-editor .elementor-drop-cap-letter{display:inline-block}<\/style>\t\t\t\t<div data-mobiledoc=\"{\">\n<p><img fetchpriority=\"high\" decoding=\"async\" class=\"alignnone wp-image-8665 size-medium\" src=\"http:\/\/172.16.202.26\/wp-content\/uploads\/2022\/06\/logo6-300x181.png\" alt=\"\" width=\"300\" height=\"181\" srcset=\"http:\/\/172.16.202.26\/wp-content\/uploads\/2022\/06\/logo6-300x181.png 300w, http:\/\/172.16.202.26\/wp-content\/uploads\/2022\/06\/logo6-768x462.png 768w, http:\/\/172.16.202.26\/wp-content\/uploads\/2022\/06\/logo6.png 939w\" sizes=\"(max-width: 300px) 100vw, 300px\" \/><\/p>\n<div data-mobiledoc=\"{\">\n<div>\n<p><br><\/p><p>Das Schuljahr 2021\/2022 war das mittlerweile sechste und das bislang erfolgreichste Juniorjahr. Vier Junior Companies zeigten die Bandbreite an innovativen Ideen an unserer Abteilung.<\/p>\n<p><strong>&nbsp;<\/strong><\/p>\n<p><strong>Beyond<\/strong> erzeugt selbstgie\u00dfende Pflanzen f\u00fcr umweltbewusste Personen, die im stressigen Alltag selten Zeit finden, sich um Pflanzen zu k\u00fcmmern. In sorgf\u00e4ltig ausgew\u00e4hlten und auf die jeweilige Pflanze abgestimmte Erden werden im oberen Teil von abgeschnittenen Glas- und Kunststoffflaschen Deko- und Nutzpflanzen gez\u00fcchtet, die \u00fcber einen Docht durch den umgedrehten Flaschenhals Wasser aus dem unteren Teil der Flasche nach oben saugen. Eine hervorragende Idee, die auch hervorragend umgesetzt wurde &#8211; beyond wurde Sieger des Businessplan-Wettbewerbs!<\/p>\n<p><strong>&nbsp;<\/strong><\/p>\n<p><strong>Flashbag<\/strong> entwickelt ein neuartiges Lichtsystem, welches automatisch beim \u00d6ffnen eines Rucksacks einen Lichtstrahl im Inneren des Rucksacks erzeugt &#8211; das l\u00e4stige Suchen im Dunkeln ist damit vorbei. Flashbag hat mit dieser Gesch\u00e4ftsidee aber nicht nur eine technische Innovation entwickelt, sondern gem\u00e4\u00df dem Leitbild der Abteilung Wirtschaftsingenieure \u201eTechnische, wirtschaftliche und soziale Kompetenz\u201c auch ein H\u00f6chstma\u00df an sozialer Kompetenz bewiesen, indem sie f\u00fcr jeden verkauften Rucksack einen Euro an \u201eLicht ins Dunkel\u201c gespendet hat.<\/p>\n<p><strong>&nbsp;<\/strong><\/p>\n<p><strong>ReFlame<\/strong>, die dritte Junior Company der Abteilung, wurde in diesem Schuljahr beste Junior Company Wiens! Au\u00dferdem gewann ReFlame im Bundesfinale den Social Impact Award als nachhaltigste Junior Company \u00d6sterreichs. ReFlame erzeugt \u201eMehr als nur eine Kerze\u201c. Bei den speziellen Kerzen aus recycelten Wachs wird durch das Entz\u00fcnden des gewundenen Dochts der erste Abbrennzyklus eingeleitet und durch das dabei im Kern der Kerze vereinte Wachs ein zweiter Abbrennzyklus erm\u00f6glicht. Workshops mit Volkschulkindern, einer gro\u00df angelegte Spendenaktion und ein Return on Investment von \u00fcber 100% beweisen, dass ReFlame \u201eMehr als nur eine Kerze\u201c produziert.<\/p>\n<p><strong>&nbsp;<\/strong><\/p>\n<p><strong>Scrapper<\/strong> erzeugt das coole Tool f\u00fcr den Feierabend. Eine Schraube, eine Mutter, kompromissloses Design, zeitlose Einfachheit und unfehlbare Funktionalit\u00e4t &#8211; das ist der ultimative Flaschen\u00f6ffner von Scrapper, den es in zwei Ausf\u00fchrungen gibt &#8211; perfekt f\u00fcr daheim oder als \u201eScrapper to go\u201c f\u00fcr den Schl\u00fcsselbund.<\/p>\n<p>Ein \u00e4u\u00dferst erfolgreiches Juniorjahr 2021\/22. Beyond gewinnt den Businessplanwettbewerb, alle vier Junior Companies der Abteilung sind im Finale des Wiener Landeswettbewerbs, bei dem ReFlame als beste Junior Company Wiens ausgezeichnet wird. Zum Jahresabschluss gewinnt ReFlame im Bundesfinale der besten Junior Companies \u00d6sterreichs den Social Impact Award als nachhaltigste Junior Company! Nun k\u00f6nnen alle verdient feiern und sich erholen. Nach einem Ausflug mit dem Rucksack von Flashbag lassen wir den Abend gem\u00fctlich ausklingen. Umgeben von Pflanzen von beyond und bei Kerzenschein von ReFlame \u00f6ffnen wir ein k\u00fchles Getr\u00e4nk mit dem coolen Flaschen\u00f6ffner von Scrapper und sto\u00dfen gemeinsam auf ein erfolgreiches Juniorjahr an.<\/p>\n<\/div>\n<\/div>\n<\/div>\t\t\t\t\t\t<\/div>\n\t\t\t\t<\/div>\n\t\t\t\t<div class=\"elementor-element elementor-element-7624973 elementor-widget elementor-widget-text-editor\" data-id=\"7624973\" data-element_type=\"widget\" data-widget_type=\"text-editor.default\">\n\t\t\t\t<div class=\"elementor-widget-container\">\n\t\t\t\t\t\t\t<p>Doch auch abseits der Junior Companies gab es im Schuljahr 2021\/2022 viele erfolgreiche <span style=\"text-decoration: underline;\"><strong><a href=\"http:\/\/172.16.202.26\/wp-content\/uploads\/2022\/11\/tgm_EEE_Newsletterbeitrag_1_2023.pdf\" target=\"_blank\" rel=\"noopener\">Entrepreneurship-Aktivit\u00e4ten<\/a><\/strong><\/span>.<\/p>\t\t\t\t\t\t<\/div>\n\t\t\t\t<\/div>\n\t\t\t\t\t<\/div>\n\t\t<\/div>\n\t\t\t\t\t<\/div>\n\t\t<\/section>\n\t\t\t\t<\/div>\n\t\t","protected":false},"excerpt":{"rendered":"<p>Junior Companies 2021\/22 Das Schuljahr 2021\/2022 war das mittlerweile sechste und das bislang erfolgreichste Juniorjahr. Vier Junior Companies zeigten die Bandbreite an innovativen Ideen an unserer Abteilung. &nbsp; Beyond erzeugt selbstgie\u00dfende Pflanzen f\u00fcr umweltbewusste Personen, die im stressigen Alltag selten Zeit finden, sich um Pflanzen zu k\u00fcmmern. In sorgf\u00e4ltig ausgew\u00e4hlten und auf die jeweilige Pflanze abgestimmte Erden werden im oberen [&hellip;]<\/p>\n","protected":false},"author":3,"featured_media":0,"parent":12686,"menu_order":0,"comment_status":"closed","ping_status":"closed","template":"elementor_header_footer","meta":[],"_links":{"self":[{"href":"http:\/\/172.16.202.26\/index.php?rest_route=\/wp\/v2\/pages\/20096"}],"collection":[{"href":"http:\/\/172.16.202.26\/index.php?rest_route=\/wp\/v2\/pages"}],"about":[{"href":"http:\/\/172.16.202.26\/index.php?rest_route=\/wp\/v2\/types\/page"}],"author":[{"embeddable":true,"href":"http:\/\/172.16.202.26\/index.php?rest_route=\/wp\/v2\/users\/3"}],"replies":[{"embeddable":true,"href":"http:\/\/172.16.202.26\/index.php?rest_route=%2Fwp%2Fv2%2Fcomments&post=20096"}],"version-history":[{"count":10,"href":"http:\/\/172.16.202.26\/index.php?rest_route=\/wp\/v2\/pages\/20096\/revisions"}],"predecessor-version":[{"id":20179,"href":"http:\/\/172.16.202.26\/index.php?rest_route=\/wp\/v2\/pages\/20096\/revisions\/20179"}],"up":[{"embeddable":true,"href":"http:\/\/172.16.202.26\/index.php?rest_route=\/wp\/v2\/pages\/12686"}],"wp:attachment":[{"href":"http:\/\/172.16.202.26\/index.php?rest_route=%2Fwp%2Fv2%2Fmedia&parent=20096"}],"curies":[{"name":"wp","href":"https:\/\/api.w.org\/{rel}","templated":true}]}}