{"id":2141,"date":"2022-04-07T15:22:08","date_gmt":"2022-04-07T13:22:08","guid":{"rendered":"http:\/\/192.189.51.53\/?page_id=2141"},"modified":"2023-04-24T17:23:48","modified_gmt":"2023-04-24T15:23:48","slug":"medientechnik","status":"publish","type":"page","link":"http:\/\/172.16.202.26\/?page_id=2141","title":{"rendered":"Medientechnik"},"content":{"rendered":"\t\t<div data-elementor-type=\"wp-page\" data-elementor-id=\"2141\" class=\"elementor elementor-2141\">\n\t\t\t\t\t\t<section class=\"elementor-section elementor-top-section elementor-element elementor-element-53a1e9d elementor-section-full_width elementor-section-height-min-height elementor-section-height-default elementor-section-items-middle\" data-id=\"53a1e9d\" data-element_type=\"section\">\n\t\t\t\t\t\t\t<div class=\"elementor-background-overlay\"><\/div>\n\t\t\t\t\t\t\t<div class=\"elementor-container elementor-column-gap-default\">\n\t\t\t\t\t<div class=\"elementor-column elementor-col-100 elementor-top-column elementor-element elementor-element-8097857\" data-id=\"8097857\" data-element_type=\"column\" data-settings=\"{&quot;background_background&quot;:&quot;slideshow&quot;,&quot;background_slideshow_gallery&quot;:[],&quot;background_slideshow_loop&quot;:&quot;yes&quot;,&quot;background_slideshow_slide_duration&quot;:5000,&quot;background_slideshow_slide_transition&quot;:&quot;fade&quot;,&quot;background_slideshow_transition_duration&quot;:500}\">\n\t\t\t<div class=\"elementor-widget-wrap elementor-element-populated\">\n\t\t\t\t\t\t<div class=\"elementor-element elementor-element-77b7ffd elementor-widget__width-auto elementor-invisible elementor-widget elementor-widget-heading\" data-id=\"77b7ffd\" data-element_type=\"widget\" data-settings=\"{&quot;_animation&quot;:&quot;fadeInLeft&quot;}\" data-widget_type=\"heading.default\">\n\t\t\t\t<div class=\"elementor-widget-container\">\n\t\t\t<style>\/*! elementor - v3.20.0 - 13-03-2024 *\/\n.elementor-heading-title{padding:0;margin:0;line-height:1}.elementor-widget-heading .elementor-heading-title[class*=elementor-size-]>a{color:inherit;font-size:inherit;line-height:inherit}.elementor-widget-heading .elementor-heading-title.elementor-size-small{font-size:15px}.elementor-widget-heading .elementor-heading-title.elementor-size-medium{font-size:19px}.elementor-widget-heading .elementor-heading-title.elementor-size-large{font-size:29px}.elementor-widget-heading .elementor-heading-title.elementor-size-xl{font-size:39px}.elementor-widget-heading .elementor-heading-title.elementor-size-xxl{font-size:59px}<\/style><h1 class=\"elementor-heading-title elementor-size-default\">Informationstechnologie -<br>Medientechnik<\/h1>\t\t<\/div>\n\t\t\t\t<\/div>\n\t\t\t\t\t<\/div>\n\t\t<\/div>\n\t\t\t\t\t<\/div>\n\t\t<\/section>\n\t\t\t\t<section class=\"elementor-section elementor-top-section elementor-element elementor-element-8db3bbc elementor-section-boxed elementor-section-height-default elementor-section-height-default\" data-id=\"8db3bbc\" data-element_type=\"section\">\n\t\t\t\t\t\t<div class=\"elementor-container elementor-column-gap-default\">\n\t\t\t\t\t<div class=\"elementor-column elementor-col-100 elementor-top-column elementor-element elementor-element-5d73ee8\" data-id=\"5d73ee8\" data-element_type=\"column\">\n\t\t\t<div class=\"elementor-widget-wrap elementor-element-populated\">\n\t\t\t\t\t\t<div class=\"elementor-element elementor-element-8583572 elementor-widget elementor-widget-heading\" data-id=\"8583572\" data-element_type=\"widget\" data-widget_type=\"heading.default\">\n\t\t\t\t<div class=\"elementor-widget-container\">\n\t\t\t<h2 class=\"elementor-heading-title elementor-size-default\">Vom Foto zum Webdesign, von der App zum Game<\/h2>\t\t<\/div>\n\t\t\t\t<\/div>\n\t\t\t\t<div class=\"elementor-element elementor-element-f90a328 elementor-widget elementor-widget-text-editor\" data-id=\"f90a328\" data-element_type=\"widget\" data-widget_type=\"text-editor.default\">\n\t\t\t\t<div class=\"elementor-widget-container\">\n\t\t\t<style>\/*! elementor - v3.20.0 - 13-03-2024 *\/\n.elementor-widget-text-editor.elementor-drop-cap-view-stacked .elementor-drop-cap{background-color:#69727d;color:#fff}.elementor-widget-text-editor.elementor-drop-cap-view-framed .elementor-drop-cap{color:#69727d;border:3px solid;background-color:transparent}.elementor-widget-text-editor:not(.elementor-drop-cap-view-default) .elementor-drop-cap{margin-top:8px}.elementor-widget-text-editor:not(.elementor-drop-cap-view-default) .elementor-drop-cap-letter{width:1em;height:1em}.elementor-widget-text-editor .elementor-drop-cap{float:left;text-align:center;line-height:1;font-size:50px}.elementor-widget-text-editor .elementor-drop-cap-letter{display:inline-block}<\/style>\t\t\t\t<p>Bereits in der Grundausbildung erlernen ALLE Sch\u00fcler*innen der Abteilung die Fundamente im Bereich Medienerstellung und \u2013bearbeitung, Audio-, Foto- und Videotechnik und in der Web- \/ Appentwicklung. Ab dem 4. Jahrgang wird eine weitere Spezialisierung in der kreativ-k\u00fcnstlerischen Medientechnik-Ausbildung angeboten. Dabei liegt der Fokus auf Film &amp; Fotografie, Web- und Appentwicklung, MedienDesign, 3D und Spieleentwicklung. Die beiden Vertiefungszweige hei\u00dfen Secure App- &amp; Webdevelopment sowie Artificial Intelligence &amp; Games.<\/p><p><strong>\u00a0<\/strong><\/p><p><strong>Grundausbildung (1.-3. Jahrgang):<\/strong><\/p><p>Im Bereich Grafik- und Animationsformate lernst du die g\u00e4ngigsten Formate f\u00fcr Print- und Screenbereich. du kannst diese einerseits erstellen und andererseits f\u00fcr die jeweiligen Ausgabeger\u00e4te optimieren.<\/p><p>Im Bereich Grundlagen der akustischen und visuellen Wahrnehmung kannst du dich in Audiotechnik vertiefen und mittels der erlernten Kenntnisse deine eigene Musik machen. du lernst vieles \u00fcber visuelle Wahrnehmung und kannst typografische Grundlagen und Grundlagen der Farbenlehre anwenden.<\/p><p>Im Bereich Informationsdarstellung im Internet lernst du alles \u00fcber HTML &amp; Co bis hin zur serverseitigen Skriptsprachen.<\/p><p><strong>\u00a0<\/strong><\/p><p><strong>Schwerpunkt (4.-5. Jahrgang):<\/strong><\/p><p>Im Bereich Multimedia kannst du Bild-, Video- und Tonmaterial selbst erzeugen, mittels g\u00e4ngiger Werkzeuge bearbeiten und ausgeben. du lernst daf\u00fcr alle technischen Instrumente, von der Kamera bis zur Software, kennen und kannst komplexe multimediale Projekte durchf\u00fchren.<\/p><p>Im Bereich der Web- und App-Technologien kannst du Webapplikationen sowie mobile Applikationen entwickeln und f\u00fcr den Vertrieb vorbereiten.<\/p><p>Im Bereich der 3D-Modellierung, Animation, Interaktion und Simulation lernst du unterschiedlichste Modellierungstechniken. Ebenso lernst du alle erforderlichen Ger\u00e4te und Techniken sowie g\u00e4ngige Softwareprodukte in dem Bereich der virtuellen Realit\u00e4t, 3D-Modellierung, Animation und Simualtion kennen.<\/p><p><strong>\u00a0<\/strong><\/p><p><strong>Vertiefung (4.-5. Jahrgang):<\/strong><\/p><p>Im neuen Bereich Kreativit\u00e4t und Design lernst du die grundlegenden Modelle von Kreativit\u00e4t und \u00c4sthetik und kannst damit Inhalte visuell und multimedial umsetzen. du lernst eigene Ideen in Treatments, Storyboards, Drehb\u00fcchern oder Shootingpl\u00e4nen zu planen und umzusetzen. du kannst mittels Visual Computing die Gestaltung von grafischen Effekten, interaktive Simulationen und das Design von Interfaces realisieren und damit multimediale Projekte implementieren und testen.<\/p><p>Im Bereich Secure Web- und App- Development lernst du alles um Web- und mobile App-Anwendungen zu entwickeln und gegen h\u00e4ufige Angriffsvektoren abzusichern. du lernst die Grundlagen der Softwaremanipulation und kannst diese beispielhaft anwenden und Gegenma\u00dfnahmen setzen.<\/p><p>Im Bereich Game-Design und Visual Computing lernst du g\u00e4ngige Softwareprodukte kennen und kannst damit interaktive Simulationen in 2D, 3D und virtuellen Realit\u00e4ten erstellen. du lernst dabei das Design von Computerspielen und die Konzepte aus Human Computer Interaction kennen und umsetzen. \u00a0<\/p>\t\t\t\t\t\t<\/div>\n\t\t\t\t<\/div>\n\t\t\t\t<div class=\"elementor-element elementor-element-f13a226 elementor-widget elementor-widget-image\" data-id=\"f13a226\" data-element_type=\"widget\" data-widget_type=\"image.default\">\n\t\t\t\t<div class=\"elementor-widget-container\">\n\t\t\t<style>\/*! elementor - v3.20.0 - 13-03-2024 *\/\n.elementor-widget-image{text-align:center}.elementor-widget-image a{display:inline-block}.elementor-widget-image a img[src$=\".svg\"]{width:48px}.elementor-widget-image img{vertical-align:middle;display:inline-block}<\/style>\t\t\t\t\t\t\t\t\t\t<img fetchpriority=\"high\" decoding=\"async\" width=\"640\" height=\"426\" src=\"http:\/\/172.16.202.26\/wp-content\/uploads\/2022\/04\/medientechnik2-1024x682.jpg\" class=\"attachment-large size-large wp-image-2163\" alt=\"\" srcset=\"http:\/\/172.16.202.26\/wp-content\/uploads\/2022\/04\/medientechnik2-1024x682.jpg 1024w, http:\/\/172.16.202.26\/wp-content\/uploads\/2022\/04\/medientechnik2-300x200.jpg 300w, http:\/\/172.16.202.26\/wp-content\/uploads\/2022\/04\/medientechnik2-768x512.jpg 768w, http:\/\/172.16.202.26\/wp-content\/uploads\/2022\/04\/medientechnik2-1536x1024.jpg 1536w, http:\/\/172.16.202.26\/wp-content\/uploads\/2022\/04\/medientechnik2-600x400.jpg 600w, http:\/\/172.16.202.26\/wp-content\/uploads\/2022\/04\/medientechnik2.jpg 2000w\" sizes=\"(max-width: 640px) 100vw, 640px\" \/>\t\t\t\t\t\t\t\t\t\t\t\t\t<\/div>\n\t\t\t\t<\/div>\n\t\t\t\t\t<\/div>\n\t\t<\/div>\n\t\t\t\t\t<\/div>\n\t\t<\/section>\n\t\t\t\t<\/div>\n\t\t","protected":false},"excerpt":{"rendered":"<p>Informationstechnologie &#8211;Medientechnik Vom Foto zum Webdesign, von der App zum Game Bereits in der Grundausbildung erlernen ALLE Sch\u00fcler*innen der Abteilung die Fundamente im Bereich Medienerstellung und \u2013bearbeitung, Audio-, Foto- und Videotechnik und in der Web- \/ Appentwicklung. Ab dem 4. Jahrgang wird eine weitere Spezialisierung in der kreativ-k\u00fcnstlerischen Medientechnik-Ausbildung angeboten. Dabei liegt der Fokus auf Film &amp; Fotografie, Web- und [&hellip;]<\/p>\n","protected":false},"author":3,"featured_media":0,"parent":12662,"menu_order":0,"comment_status":"closed","ping_status":"closed","template":"elementor_header_footer","meta":[],"_links":{"self":[{"href":"http:\/\/172.16.202.26\/index.php?rest_route=\/wp\/v2\/pages\/2141"}],"collection":[{"href":"http:\/\/172.16.202.26\/index.php?rest_route=\/wp\/v2\/pages"}],"about":[{"href":"http:\/\/172.16.202.26\/index.php?rest_route=\/wp\/v2\/types\/page"}],"author":[{"embeddable":true,"href":"http:\/\/172.16.202.26\/index.php?rest_route=\/wp\/v2\/users\/3"}],"replies":[{"embeddable":true,"href":"http:\/\/172.16.202.26\/index.php?rest_route=%2Fwp%2Fv2%2Fcomments&post=2141"}],"version-history":[{"count":41,"href":"http:\/\/172.16.202.26\/index.php?rest_route=\/wp\/v2\/pages\/2141\/revisions"}],"predecessor-version":[{"id":17492,"href":"http:\/\/172.16.202.26\/index.php?rest_route=\/wp\/v2\/pages\/2141\/revisions\/17492"}],"up":[{"embeddable":true,"href":"http:\/\/172.16.202.26\/index.php?rest_route=\/wp\/v2\/pages\/12662"}],"wp:attachment":[{"href":"http:\/\/172.16.202.26\/index.php?rest_route=%2Fwp%2Fv2%2Fmedia&parent=2141"}],"curies":[{"name":"wp","href":"https:\/\/api.w.org\/{rel}","templated":true}]}}