{"id":23396,"date":"2024-09-19T10:03:06","date_gmt":"2024-09-19T08:03:06","guid":{"rendered":"http:\/\/172.16.202.26\/?page_id=23396"},"modified":"2024-10-03T10:56:16","modified_gmt":"2024-10-03T08:56:16","slug":"leitbild","status":"publish","type":"page","link":"http:\/\/172.16.202.26\/?page_id=23396","title":{"rendered":"Leitbild"},"content":{"rendered":"\t\t<div data-elementor-type=\"wp-page\" data-elementor-id=\"23396\" class=\"elementor elementor-23396\">\n\t\t\t\t\t\t<section class=\"elementor-section elementor-top-section elementor-element elementor-element-3f64fbf elementor-section-boxed elementor-section-height-default elementor-section-height-default\" data-id=\"3f64fbf\" data-element_type=\"section\">\n\t\t\t\t\t\t<div class=\"elementor-container elementor-column-gap-default\">\n\t\t\t\t\t<div class=\"elementor-column elementor-col-100 elementor-top-column elementor-element elementor-element-8823aec\" data-id=\"8823aec\" data-element_type=\"column\">\n\t\t\t<div class=\"elementor-widget-wrap elementor-element-populated\">\n\t\t\t\t\t\t<div class=\"elementor-element elementor-element-db03d38 elementor-widget elementor-widget-heading\" data-id=\"db03d38\" data-element_type=\"widget\" data-widget_type=\"heading.default\">\n\t\t\t\t<div class=\"elementor-widget-container\">\n\t\t\t<style>\/*! elementor - v3.20.0 - 13-03-2024 *\/\n.elementor-heading-title{padding:0;margin:0;line-height:1}.elementor-widget-heading .elementor-heading-title[class*=elementor-size-]>a{color:inherit;font-size:inherit;line-height:inherit}.elementor-widget-heading .elementor-heading-title.elementor-size-small{font-size:15px}.elementor-widget-heading .elementor-heading-title.elementor-size-medium{font-size:19px}.elementor-widget-heading .elementor-heading-title.elementor-size-large{font-size:29px}.elementor-widget-heading .elementor-heading-title.elementor-size-xl{font-size:39px}.elementor-widget-heading .elementor-heading-title.elementor-size-xxl{font-size:59px}<\/style><h2 class=\"elementor-heading-title elementor-size-default\">Leitbild<\/h2>\t\t<\/div>\n\t\t\t\t<\/div>\n\t\t\t\t<div class=\"elementor-element elementor-element-37b2f20 elementor-widget elementor-widget-heading\" data-id=\"37b2f20\" data-element_type=\"widget\" data-widget_type=\"heading.default\">\n\t\t\t\t<div class=\"elementor-widget-container\">\n\t\t\t<h4 class=\"elementor-heading-title elementor-size-default\">Wir, das TGM \u2013 das Technologische Gewerbemuseum, sind \u2026<\/h4>\t\t<\/div>\n\t\t\t\t<\/div>\n\t\t\t\t<div class=\"elementor-element elementor-element-daa409d elementor-widget elementor-widget-text-editor\" data-id=\"daa409d\" data-element_type=\"widget\" data-widget_type=\"text-editor.default\">\n\t\t\t\t<div class=\"elementor-widget-container\">\n\t\t\t<style>\/*! elementor - v3.20.0 - 13-03-2024 *\/\n.elementor-widget-text-editor.elementor-drop-cap-view-stacked .elementor-drop-cap{background-color:#69727d;color:#fff}.elementor-widget-text-editor.elementor-drop-cap-view-framed .elementor-drop-cap{color:#69727d;border:3px solid;background-color:transparent}.elementor-widget-text-editor:not(.elementor-drop-cap-view-default) .elementor-drop-cap{margin-top:8px}.elementor-widget-text-editor:not(.elementor-drop-cap-view-default) .elementor-drop-cap-letter{width:1em;height:1em}.elementor-widget-text-editor .elementor-drop-cap{float:left;text-align:center;line-height:1;font-size:50px}.elementor-widget-text-editor .elementor-drop-cap-letter{display:inline-block}<\/style>\t\t\t\t<p>\u2192\u00a0 eine h\u00f6here technische Lehr- und Versuchsanstalt mit \u00fcber 130-j\u00e4hriger Tradition und ebenso langer Erfahrung in zukunftsweisender Ingenieur-Ausbildung.<\/p><p>\u2192\u00a0 die HTL mit breitestem Bildungsangebot f\u00fcr Jugendliche, Maturanten und Berufst\u00e4tige in Tages- und Abendschule.<\/p><p>\u2192\u00a0 durch unsere praxisnahe Ausbildung und die eigene Versuchsanstalt intensiv mit Wirtschaft, Universit\u00e4ten und Fachhochschulen vernetzt.<\/p><p>\u2192\u00a0 dem Leistungsprinzip verpflichtet und bieten vielf\u00e4ltige Ausbildungen zur Erlangung von zus\u00e4tzlichen Kompetenzen und international anerkannten Zertifikaten.<\/p><p>\u2192\u00a0 mit unseren in unterschiedlichsten Wirtschaftsbereichen t\u00e4tigen Absolventinnen und Absolventen in st\u00e4ndiger Verbindung. Unser Technologenverband ist eine daf\u00fcr wichtige Kommunikationsplattform.<\/p>\t\t\t\t\t\t<\/div>\n\t\t\t\t<\/div>\n\t\t\t\t<div class=\"elementor-element elementor-element-1896c8c elementor-widget elementor-widget-heading\" data-id=\"1896c8c\" data-element_type=\"widget\" data-widget_type=\"heading.default\">\n\t\t\t\t<div class=\"elementor-widget-container\">\n\t\t\t<h4 class=\"elementor-heading-title elementor-size-default\">Unsere Vision ist \u2026<\/h4>\t\t<\/div>\n\t\t\t\t<\/div>\n\t\t\t\t<div class=\"elementor-element elementor-element-593aae9 elementor-widget elementor-widget-text-editor\" data-id=\"593aae9\" data-element_type=\"widget\" data-widget_type=\"text-editor.default\">\n\t\t\t\t<div class=\"elementor-widget-container\">\n\t\t\t\t\t\t\t<p>\u2192\u00a0 als beste Ausbildungsst\u00e4tte in unserem Wirkungsbereich anerkannt zu sein.<\/p><p>\u2192\u00a0 eine Schule zum Wohlf\u00fchlen f\u00fcr alle am Bildungsprozess Mitwirkenden zu sein.<\/p>\t\t\t\t\t\t<\/div>\n\t\t\t\t<\/div>\n\t\t\t\t<div class=\"elementor-element elementor-element-47ac858 elementor-widget elementor-widget-heading\" data-id=\"47ac858\" data-element_type=\"widget\" data-widget_type=\"heading.default\">\n\t\t\t\t<div class=\"elementor-widget-container\">\n\t\t\t<h4 class=\"elementor-heading-title elementor-size-default\">Unser Weg dorthin f\u00fchrt \u00fcber ...<\/h4>\t\t<\/div>\n\t\t\t\t<\/div>\n\t\t\t\t<div class=\"elementor-element elementor-element-7752a06 elementor-widget elementor-widget-text-editor\" data-id=\"7752a06\" data-element_type=\"widget\" data-widget_type=\"text-editor.default\">\n\t\t\t\t<div class=\"elementor-widget-container\">\n\t\t\t\t\t\t\t<p>\u2192\u00a0 einen hohen Leistungsanspruch durch individuelle F\u00f6rderung und Ermutigung.<\/p><p>\u2192\u00a0 die Entwicklung und den umfassenden Ausbau einer gemeinsamen Kultur des Lernens. Wir wollen Freude am Lernen vermitteln und f\u00fcr das lebenslange Lernen vorbereiten.<\/p><p>\u2192\u00a0 die F\u00f6rderung von Neugierde und Mut, denn sie f\u00fchren uns zu neuen Wegen und zukunftsweisenden Kompetenzen. Als Kompetenzzentrum f\u00fcr \u201eEntrepreneurship for Engineers\u201c vermitteln wir unternehmerisches Denken und ingenieurm\u00e4\u00dfiges Handeln.<\/p><p>\u2192\u00a0 einen ganzheitlichen und vernetzten Bildungsbegriff, der Reflexions- und Sprachverm\u00f6gen, interkulturelle und soziale Kompetenz integriert.<\/p><p>\u2192\u00a0 das St\u00e4rken des Interesses f\u00fcr Kunst &amp; Kultur.<\/p><p>\u2192\u00a0 Anreize und Raum f\u00fcr Kreativit\u00e4t zur Sicherung einer innovativen Entwicklung unserer Schule.<\/p>\t\t\t\t\t\t<\/div>\n\t\t\t\t<\/div>\n\t\t\t\t<div class=\"elementor-element elementor-element-289fc29 elementor-widget elementor-widget-heading\" data-id=\"289fc29\" data-element_type=\"widget\" data-widget_type=\"heading.default\">\n\t\t\t\t<div class=\"elementor-widget-container\">\n\t\t\t<h4 class=\"elementor-heading-title elementor-size-default\">Unser Umgang miteinander ist \u2026<\/h4>\t\t<\/div>\n\t\t\t\t<\/div>\n\t\t\t\t<div class=\"elementor-element elementor-element-386bafe elementor-widget elementor-widget-text-editor\" data-id=\"386bafe\" data-element_type=\"widget\" data-widget_type=\"text-editor.default\">\n\t\t\t\t<div class=\"elementor-widget-container\">\n\t\t\t\t\t\t\t<p>\u2192&nbsp; gepr\u00e4gt von respektvoller Wertsch\u00e4tzung und gegenseitiger Achtung.<\/p>\n<p>\u2192&nbsp; erf\u00fcllt vom Bestreben nach aktiver \u00dcbernahme von Verantwortung f\u00fcr die Gemeinschaft.<\/p>\n<p>\u2192&nbsp; gekennzeichnet durch gemeinsam von allen am Bildungsprozess beteiligten Personen (Sch\u00fclerinnen und Sch\u00fcler, Lehrerinnen und Lehrer, Eltern) entwickelte&nbsp; und gelebte Verhaltensvereinbarungen.<\/p>\n<p><\/p>\t\t\t\t\t\t<\/div>\n\t\t\t\t<\/div>\n\t\t\t\t\t<\/div>\n\t\t<\/div>\n\t\t\t\t\t<\/div>\n\t\t<\/section>\n\t\t\t\t<\/div>\n\t\t","protected":false},"excerpt":{"rendered":"<p>Leitbild Wir, das TGM \u2013 das Technologische Gewerbemuseum, sind \u2026 \u2192\u00a0 eine h\u00f6here technische Lehr- und Versuchsanstalt mit \u00fcber 130-j\u00e4hriger Tradition und ebenso langer Erfahrung in zukunftsweisender Ingenieur-Ausbildung. \u2192\u00a0 die HTL mit breitestem Bildungsangebot f\u00fcr Jugendliche, Maturanten und Berufst\u00e4tige in Tages- und Abendschule. \u2192\u00a0 durch unsere praxisnahe Ausbildung und die eigene Versuchsanstalt intensiv mit Wirtschaft, Universit\u00e4ten und Fachhochschulen vernetzt. \u2192\u00a0 [&hellip;]<\/p>\n","protected":false},"author":3,"featured_media":0,"parent":0,"menu_order":0,"comment_status":"closed","ping_status":"closed","template":"elementor_header_footer","meta":[],"_links":{"self":[{"href":"http:\/\/172.16.202.26\/index.php?rest_route=\/wp\/v2\/pages\/23396"}],"collection":[{"href":"http:\/\/172.16.202.26\/index.php?rest_route=\/wp\/v2\/pages"}],"about":[{"href":"http:\/\/172.16.202.26\/index.php?rest_route=\/wp\/v2\/types\/page"}],"author":[{"embeddable":true,"href":"http:\/\/172.16.202.26\/index.php?rest_route=\/wp\/v2\/users\/3"}],"replies":[{"embeddable":true,"href":"http:\/\/172.16.202.26\/index.php?rest_route=%2Fwp%2Fv2%2Fcomments&post=23396"}],"version-history":[{"count":4,"href":"http:\/\/172.16.202.26\/index.php?rest_route=\/wp\/v2\/pages\/23396\/revisions"}],"predecessor-version":[{"id":23564,"href":"http:\/\/172.16.202.26\/index.php?rest_route=\/wp\/v2\/pages\/23396\/revisions\/23564"}],"wp:attachment":[{"href":"http:\/\/172.16.202.26\/index.php?rest_route=%2Fwp%2Fv2%2Fmedia&parent=23396"}],"curies":[{"name":"wp","href":"https:\/\/api.w.org\/{rel}","templated":true}]}}