{"id":23576,"date":"2024-10-03T11:12:13","date_gmt":"2024-10-03T09:12:13","guid":{"rendered":"http:\/\/172.16.202.26\/?page_id=23576"},"modified":"2024-10-24T15:20:14","modified_gmt":"2024-10-24T13:20:14","slug":"direktoren-3-grau","status":"publish","type":"page","link":"http:\/\/172.16.202.26\/?page_id=23576","title":{"rendered":"Direktoren 3 Grau"},"content":{"rendered":"\t\t<div data-elementor-type=\"wp-page\" data-elementor-id=\"23576\" class=\"elementor elementor-23576\">\n\t\t\t\t\t\t<section class=\"elementor-section elementor-top-section elementor-element elementor-element-3f64fbf elementor-section-boxed elementor-section-height-default elementor-section-height-default\" data-id=\"3f64fbf\" data-element_type=\"section\">\n\t\t\t\t\t\t<div class=\"elementor-container elementor-column-gap-default\">\n\t\t\t\t\t<div class=\"elementor-column elementor-col-100 elementor-top-column elementor-element elementor-element-8823aec\" data-id=\"8823aec\" data-element_type=\"column\">\n\t\t\t<div class=\"elementor-widget-wrap elementor-element-populated\">\n\t\t\t\t\t\t<div class=\"elementor-element elementor-element-db03d38 elementor-widget elementor-widget-heading\" data-id=\"db03d38\" data-element_type=\"widget\" data-widget_type=\"heading.default\">\n\t\t\t\t<div class=\"elementor-widget-container\">\n\t\t\t<style>\/*! elementor - v3.20.0 - 13-03-2024 *\/\n.elementor-heading-title{padding:0;margin:0;line-height:1}.elementor-widget-heading .elementor-heading-title[class*=elementor-size-]>a{color:inherit;font-size:inherit;line-height:inherit}.elementor-widget-heading .elementor-heading-title.elementor-size-small{font-size:15px}.elementor-widget-heading .elementor-heading-title.elementor-size-medium{font-size:19px}.elementor-widget-heading .elementor-heading-title.elementor-size-large{font-size:29px}.elementor-widget-heading .elementor-heading-title.elementor-size-xl{font-size:39px}.elementor-widget-heading .elementor-heading-title.elementor-size-xxl{font-size:59px}<\/style><h2 class=\"elementor-heading-title elementor-size-default\">August Grau<\/h2>\t\t<\/div>\n\t\t\t\t<\/div>\n\t\t\t\t<div class=\"elementor-element elementor-element-6aea162 elementor-widget elementor-widget-heading\" data-id=\"6aea162\" data-element_type=\"widget\" data-widget_type=\"heading.default\">\n\t\t\t\t<div class=\"elementor-widget-container\">\n\t\t\t<h1 class=\"elementor-heading-title elementor-size-default\">Direktor von 1918-1923<\/h1>\t\t<\/div>\n\t\t\t\t<\/div>\n\t\t\t\t\t<\/div>\n\t\t<\/div>\n\t\t\t\t\t<\/div>\n\t\t<\/section>\n\t\t\t\t<section class=\"elementor-section elementor-top-section elementor-element elementor-element-df498a5 elementor-section-boxed elementor-section-height-default elementor-section-height-default\" data-id=\"df498a5\" data-element_type=\"section\">\n\t\t\t\t\t\t<div class=\"elementor-container elementor-column-gap-default\">\n\t\t\t\t\t<div class=\"elementor-column elementor-col-100 elementor-top-column elementor-element elementor-element-4ce02b4\" data-id=\"4ce02b4\" data-element_type=\"column\">\n\t\t\t<div class=\"elementor-widget-wrap elementor-element-populated\">\n\t\t\t\t\t\t<div class=\"elementor-element elementor-element-0cdf26a elementor-widget elementor-widget-image\" data-id=\"0cdf26a\" data-element_type=\"widget\" data-widget_type=\"image.default\">\n\t\t\t\t<div class=\"elementor-widget-container\">\n\t\t\t<style>\/*! elementor - v3.20.0 - 13-03-2024 *\/\n.elementor-widget-image{text-align:center}.elementor-widget-image a{display:inline-block}.elementor-widget-image a img[src$=\".svg\"]{width:48px}.elementor-widget-image img{vertical-align:middle;display:inline-block}<\/style>\t\t\t\t\t\t\t\t\t\t<img fetchpriority=\"high\" decoding=\"async\" width=\"640\" height=\"751\" src=\"http:\/\/172.16.202.26\/wp-content\/uploads\/2024\/10\/3.Grau_-873x1024.png\" class=\"attachment-large size-large wp-image-23726\" alt=\"\" srcset=\"http:\/\/172.16.202.26\/wp-content\/uploads\/2024\/10\/3.Grau_-873x1024.png 873w, http:\/\/172.16.202.26\/wp-content\/uploads\/2024\/10\/3.Grau_-256x300.png 256w, http:\/\/172.16.202.26\/wp-content\/uploads\/2024\/10\/3.Grau_-768x901.png 768w, http:\/\/172.16.202.26\/wp-content\/uploads\/2024\/10\/3.Grau_.png 1140w\" sizes=\"(max-width: 640px) 100vw, 640px\" \/>\t\t\t\t\t\t\t\t\t\t\t\t\t<\/div>\n\t\t\t\t<\/div>\n\t\t\t\t\t<\/div>\n\t\t<\/div>\n\t\t\t\t\t<\/div>\n\t\t<\/section>\n\t\t\t\t<section class=\"elementor-section elementor-top-section elementor-element elementor-element-58c6db9 elementor-section-boxed elementor-section-height-default elementor-section-height-default\" data-id=\"58c6db9\" data-element_type=\"section\">\n\t\t\t\t\t\t<div class=\"elementor-container elementor-column-gap-default\">\n\t\t\t\t\t<div class=\"elementor-column elementor-col-100 elementor-top-column elementor-element elementor-element-c3a9439\" data-id=\"c3a9439\" data-element_type=\"column\">\n\t\t\t<div class=\"elementor-widget-wrap elementor-element-populated\">\n\t\t\t\t\t\t<div class=\"elementor-element elementor-element-d2a7fbe elementor-widget elementor-widget-text-editor\" data-id=\"d2a7fbe\" data-element_type=\"widget\" data-widget_type=\"text-editor.default\">\n\t\t\t\t<div class=\"elementor-widget-container\">\n\t\t\t<style>\/*! elementor - v3.20.0 - 13-03-2024 *\/\n.elementor-widget-text-editor.elementor-drop-cap-view-stacked .elementor-drop-cap{background-color:#69727d;color:#fff}.elementor-widget-text-editor.elementor-drop-cap-view-framed .elementor-drop-cap{color:#69727d;border:3px solid;background-color:transparent}.elementor-widget-text-editor:not(.elementor-drop-cap-view-default) .elementor-drop-cap{margin-top:8px}.elementor-widget-text-editor:not(.elementor-drop-cap-view-default) .elementor-drop-cap-letter{width:1em;height:1em}.elementor-widget-text-editor .elementor-drop-cap{float:left;text-align:center;line-height:1;font-size:50px}.elementor-widget-text-editor .elementor-drop-cap-letter{display:inline-block}<\/style>\t\t\t\t<p><strong>Grau, August<\/strong><\/p><p>Geboren 04.Februar 1863 in Wien<br \/>Gestorben 23.Oktober 1923 in Wien<\/p><p>\u00a0<\/p><p>August Grau studierte Mathematik und Physik an der Technischen Hochschule und an der Universit\u00e4t Wien und spezialisierte sich auf Elektrotechnik.<\/p><p>\u00a0<\/p><p>Ab dem Jahre 1889 war er am Technologischen Gewerbemuseum t\u00e4tig und legte 1894 einen Lehrplan vor, der zur Gr\u00fcndung einer H\u00f6heren Fachschule f\u00fcr Elektrotechnik f\u00fchrte (1898\/1899). In dieser lehrte Grau Elektrobau. Im Jahre 1896 habilitierte er sich zun\u00e4chst an der Hochschule f\u00fcr Bodenkultur und f\u00fcnf Jahre sp\u00e4ter an der Technischen Hochschule f\u00fcr Physik und Elektrotechnik.<\/p><p>\u00a0<\/p><p>Ab 1914 leitete Grau Direktor die Staatsgewerbeschule und im Jahr 1918 wurde er zum Direktor des Technologischen Gewerbemuseums ernannt. Unmittelbar nach Ende des Ersten Weltkrieges konnte er die Einrichtungen der Schule vor der Beschlagnahme durch die Alliierten bewahren und so konnte 1920 der erste \u00f6sterreichische Sender \u201eHekaphon&#8220; den Radiobetrieb aufnehmen. Er ver\u00f6ffentlichte zudem zahlreiche Untersuchungen auf dem Gebiet der Elektromotoren und der elektrischen Messkunde. August Grau starb im Dienst, am 23. Oktober 1923 in Wien pl\u00f6tzlich an einer Lungenschlagaderverstopfung.<\/p><p>\u00a0<\/p><p>Quelle: https:\/\/www.geschichtewiki.wien.gv.at\/August_Grau<\/p>\t\t\t\t\t\t<\/div>\n\t\t\t\t<\/div>\n\t\t\t\t\t<\/div>\n\t\t<\/div>\n\t\t\t\t\t<\/div>\n\t\t<\/section>\n\t\t\t\t<\/div>\n\t\t","protected":false},"excerpt":{"rendered":"<p>August Grau Direktor von 1918-1923 Grau, August Geboren 04.Februar 1863 in WienGestorben 23.Oktober 1923 in Wien \u00a0 August Grau studierte Mathematik und Physik an der Technischen Hochschule und an der Universit\u00e4t Wien und spezialisierte sich auf Elektrotechnik. \u00a0 Ab dem Jahre 1889 war er am Technologischen Gewerbemuseum t\u00e4tig und legte 1894 einen Lehrplan vor, der zur Gr\u00fcndung einer H\u00f6heren Fachschule [&hellip;]<\/p>\n","protected":false},"author":3,"featured_media":0,"parent":0,"menu_order":0,"comment_status":"closed","ping_status":"closed","template":"elementor_header_footer","meta":[],"_links":{"self":[{"href":"http:\/\/172.16.202.26\/index.php?rest_route=\/wp\/v2\/pages\/23576"}],"collection":[{"href":"http:\/\/172.16.202.26\/index.php?rest_route=\/wp\/v2\/pages"}],"about":[{"href":"http:\/\/172.16.202.26\/index.php?rest_route=\/wp\/v2\/types\/page"}],"author":[{"embeddable":true,"href":"http:\/\/172.16.202.26\/index.php?rest_route=\/wp\/v2\/users\/3"}],"replies":[{"embeddable":true,"href":"http:\/\/172.16.202.26\/index.php?rest_route=%2Fwp%2Fv2%2Fcomments&post=23576"}],"version-history":[{"count":16,"href":"http:\/\/172.16.202.26\/index.php?rest_route=\/wp\/v2\/pages\/23576\/revisions"}],"predecessor-version":[{"id":23980,"href":"http:\/\/172.16.202.26\/index.php?rest_route=\/wp\/v2\/pages\/23576\/revisions\/23980"}],"wp:attachment":[{"href":"http:\/\/172.16.202.26\/index.php?rest_route=%2Fwp%2Fv2%2Fmedia&parent=23576"}],"curies":[{"name":"wp","href":"https:\/\/api.w.org\/{rel}","templated":true}]}}