{"id":23582,"date":"2024-10-03T11:18:15","date_gmt":"2024-10-03T09:18:15","guid":{"rendered":"http:\/\/172.16.202.26\/?page_id=23582"},"modified":"2024-10-03T18:09:08","modified_gmt":"2024-10-03T16:09:08","slug":"direktoren-4-hoenig","status":"publish","type":"page","link":"http:\/\/172.16.202.26\/?page_id=23582","title":{"rendered":"Direktoren 4 H\u00f6nig"},"content":{"rendered":"\t\t<div data-elementor-type=\"wp-page\" data-elementor-id=\"23582\" class=\"elementor elementor-23582\">\n\t\t\t\t\t\t<section class=\"elementor-section elementor-top-section elementor-element elementor-element-3f64fbf elementor-section-boxed elementor-section-height-default elementor-section-height-default\" data-id=\"3f64fbf\" data-element_type=\"section\">\n\t\t\t\t\t\t<div class=\"elementor-container elementor-column-gap-default\">\n\t\t\t\t\t<div class=\"elementor-column elementor-col-100 elementor-top-column elementor-element elementor-element-8823aec\" data-id=\"8823aec\" data-element_type=\"column\">\n\t\t\t<div class=\"elementor-widget-wrap elementor-element-populated\">\n\t\t\t\t\t\t<div class=\"elementor-element elementor-element-db03d38 elementor-widget elementor-widget-heading\" data-id=\"db03d38\" data-element_type=\"widget\" data-widget_type=\"heading.default\">\n\t\t\t\t<div class=\"elementor-widget-container\">\n\t\t\t<style>\/*! elementor - v3.20.0 - 13-03-2024 *\/\n.elementor-heading-title{padding:0;margin:0;line-height:1}.elementor-widget-heading .elementor-heading-title[class*=elementor-size-]>a{color:inherit;font-size:inherit;line-height:inherit}.elementor-widget-heading .elementor-heading-title.elementor-size-small{font-size:15px}.elementor-widget-heading .elementor-heading-title.elementor-size-medium{font-size:19px}.elementor-widget-heading .elementor-heading-title.elementor-size-large{font-size:29px}.elementor-widget-heading .elementor-heading-title.elementor-size-xl{font-size:39px}.elementor-widget-heading .elementor-heading-title.elementor-size-xxl{font-size:59px}<\/style><h2 class=\"elementor-heading-title elementor-size-default\">Wilhelm H\u00f6nig<\/h2>\t\t<\/div>\n\t\t\t\t<\/div>\n\t\t\t\t<div class=\"elementor-element elementor-element-6aea162 elementor-widget elementor-widget-heading\" data-id=\"6aea162\" data-element_type=\"widget\" data-widget_type=\"heading.default\">\n\t\t\t\t<div class=\"elementor-widget-container\">\n\t\t\t<h1 class=\"elementor-heading-title elementor-size-default\">Direktor von 1924-1935<\/h1>\t\t<\/div>\n\t\t\t\t<\/div>\n\t\t\t\t\t<\/div>\n\t\t<\/div>\n\t\t\t\t\t<\/div>\n\t\t<\/section>\n\t\t\t\t<section class=\"elementor-section elementor-top-section elementor-element elementor-element-df498a5 elementor-section-boxed elementor-section-height-default elementor-section-height-default\" data-id=\"df498a5\" data-element_type=\"section\">\n\t\t\t\t\t\t<div class=\"elementor-container elementor-column-gap-default\">\n\t\t\t\t\t<div class=\"elementor-column elementor-col-100 elementor-top-column elementor-element elementor-element-4ce02b4\" data-id=\"4ce02b4\" data-element_type=\"column\">\n\t\t\t<div class=\"elementor-widget-wrap elementor-element-populated\">\n\t\t\t\t\t\t<div class=\"elementor-element elementor-element-0cdf26a elementor-widget elementor-widget-image\" data-id=\"0cdf26a\" data-element_type=\"widget\" data-widget_type=\"image.default\">\n\t\t\t\t<div class=\"elementor-widget-container\">\n\t\t\t<style>\/*! elementor - v3.20.0 - 13-03-2024 *\/\n.elementor-widget-image{text-align:center}.elementor-widget-image a{display:inline-block}.elementor-widget-image a img[src$=\".svg\"]{width:48px}.elementor-widget-image img{vertical-align:middle;display:inline-block}<\/style>\t\t\t\t\t\t\t\t\t\t<img fetchpriority=\"high\" decoding=\"async\" width=\"640\" height=\"747\" src=\"http:\/\/172.16.202.26\/wp-content\/uploads\/2024\/10\/4.Hoenig-877x1024.png\" class=\"attachment-large size-large wp-image-23727\" alt=\"\" srcset=\"http:\/\/172.16.202.26\/wp-content\/uploads\/2024\/10\/4.Hoenig-877x1024.png 877w, http:\/\/172.16.202.26\/wp-content\/uploads\/2024\/10\/4.Hoenig-257x300.png 257w, http:\/\/172.16.202.26\/wp-content\/uploads\/2024\/10\/4.Hoenig-768x897.png 768w, http:\/\/172.16.202.26\/wp-content\/uploads\/2024\/10\/4.Hoenig.png 1140w\" sizes=\"(max-width: 640px) 100vw, 640px\" \/>\t\t\t\t\t\t\t\t\t\t\t\t\t<\/div>\n\t\t\t\t<\/div>\n\t\t\t\t\t<\/div>\n\t\t<\/div>\n\t\t\t\t\t<\/div>\n\t\t<\/section>\n\t\t\t\t<section class=\"elementor-section elementor-top-section elementor-element elementor-element-58c6db9 elementor-section-boxed elementor-section-height-default elementor-section-height-default\" data-id=\"58c6db9\" data-element_type=\"section\">\n\t\t\t\t\t\t<div class=\"elementor-container elementor-column-gap-default\">\n\t\t\t\t\t<div class=\"elementor-column elementor-col-100 elementor-top-column elementor-element elementor-element-c3a9439\" data-id=\"c3a9439\" data-element_type=\"column\">\n\t\t\t<div class=\"elementor-widget-wrap elementor-element-populated\">\n\t\t\t\t\t\t<div class=\"elementor-element elementor-element-d2a7fbe elementor-widget elementor-widget-text-editor\" data-id=\"d2a7fbe\" data-element_type=\"widget\" data-widget_type=\"text-editor.default\">\n\t\t\t\t<div class=\"elementor-widget-container\">\n\t\t\t<style>\/*! elementor - v3.20.0 - 13-03-2024 *\/\n.elementor-widget-text-editor.elementor-drop-cap-view-stacked .elementor-drop-cap{background-color:#69727d;color:#fff}.elementor-widget-text-editor.elementor-drop-cap-view-framed .elementor-drop-cap{color:#69727d;border:3px solid;background-color:transparent}.elementor-widget-text-editor:not(.elementor-drop-cap-view-default) .elementor-drop-cap{margin-top:8px}.elementor-widget-text-editor:not(.elementor-drop-cap-view-default) .elementor-drop-cap-letter{width:1em;height:1em}.elementor-widget-text-editor .elementor-drop-cap{float:left;text-align:center;line-height:1;font-size:50px}.elementor-widget-text-editor .elementor-drop-cap-letter{display:inline-block}<\/style>\t\t\t\t<p><strong>H\u00f6nig, Wilhelm<\/strong><\/p><p><br \/>Geboren: 18.Februar 1874 in Duchcov (Tschechien)<br \/>Gestorben: unbekannt<\/p><p>\u00a0<\/p><p>Wilhelm H\u00f6nig war seit 1895, mit einer kurzen Unterbrechung (an der Fachschule in Komotau 1902), die ganze Zeit am Technologischen Gewerbemuseum als Assistent, Adjunkt, Lehrer und Fachvorstand der H\u00f6heren Abteilung f\u00fcr Elektrotechnik t\u00e4tig. Er gr\u00fcndete 1924 die physikalisch-technische Versuchsanstalt f\u00fcr W\u00e4rmeschutz und wurde schlie\u00dflich Direktor des Technologischen Gewerbemuseum.<\/p><p>\u00a0<\/p><p>Als Leiter von sieben Versuchsanstalten, die im engen Kontakt mit der Industrie stehen, hat H\u00f6nig gro\u00dfes Ansehen im Kreise der Industrie genossen. Seiner Pers\u00f6nlichkeit ist es zu verdanken, dass die Industrie dem Technologischen Gewerbemuseum stets hilfsbereit zur Seite steht und zur Ausgestaltung der Lehrwerkst\u00e4tten sowie Versuchsanstalten beitr\u00e4gt.<\/p><p>\u00a0<\/p><p>Wilhelm H\u00f6nig wurde auf sein Ansuchen mit 31. Mai 1935 in den dauernden Ruhestand versetzt. Bis 1936 war H\u00f6nig noch im 9. Bezirk in Wien auf der W\u00e4hringerstra\u00dfe 59. gemeldet, danach verschwinden seine Spuren und der weitere Verlauf seines Lebens ist nicht mehr nachvollziehbar.<\/p><p>\u00a0<\/p><p>Quelle: \u00d6STA, AdR, Unterricht PA H\u00f6nig, Lehmann allg. Wohnungsanzeiger 1936<\/p>\t\t\t\t\t\t<\/div>\n\t\t\t\t<\/div>\n\t\t\t\t\t<\/div>\n\t\t<\/div>\n\t\t\t\t\t<\/div>\n\t\t<\/section>\n\t\t\t\t<\/div>\n\t\t","protected":false},"excerpt":{"rendered":"<p>Wilhelm H\u00f6nig Direktor von 1924-1935 H\u00f6nig, Wilhelm Geboren: 18.Februar 1874 in Duchcov (Tschechien)Gestorben: unbekannt \u00a0 Wilhelm H\u00f6nig war seit 1895, mit einer kurzen Unterbrechung (an der Fachschule in Komotau 1902), die ganze Zeit am Technologischen Gewerbemuseum als Assistent, Adjunkt, Lehrer und Fachvorstand der H\u00f6heren Abteilung f\u00fcr Elektrotechnik t\u00e4tig. Er gr\u00fcndete 1924 die physikalisch-technische Versuchsanstalt f\u00fcr W\u00e4rmeschutz und wurde schlie\u00dflich Direktor [&hellip;]<\/p>\n","protected":false},"author":3,"featured_media":0,"parent":0,"menu_order":0,"comment_status":"closed","ping_status":"closed","template":"elementor_header_footer","meta":[],"_links":{"self":[{"href":"http:\/\/172.16.202.26\/index.php?rest_route=\/wp\/v2\/pages\/23582"}],"collection":[{"href":"http:\/\/172.16.202.26\/index.php?rest_route=\/wp\/v2\/pages"}],"about":[{"href":"http:\/\/172.16.202.26\/index.php?rest_route=\/wp\/v2\/types\/page"}],"author":[{"embeddable":true,"href":"http:\/\/172.16.202.26\/index.php?rest_route=\/wp\/v2\/users\/3"}],"replies":[{"embeddable":true,"href":"http:\/\/172.16.202.26\/index.php?rest_route=%2Fwp%2Fv2%2Fcomments&post=23582"}],"version-history":[{"count":19,"href":"http:\/\/172.16.202.26\/index.php?rest_route=\/wp\/v2\/pages\/23582\/revisions"}],"predecessor-version":[{"id":23751,"href":"http:\/\/172.16.202.26\/index.php?rest_route=\/wp\/v2\/pages\/23582\/revisions\/23751"}],"wp:attachment":[{"href":"http:\/\/172.16.202.26\/index.php?rest_route=%2Fwp%2Fv2%2Fmedia&parent=23582"}],"curies":[{"name":"wp","href":"https:\/\/api.w.org\/{rel}","templated":true}]}}