{"id":23587,"date":"2024-10-03T11:55:23","date_gmt":"2024-10-03T09:55:23","guid":{"rendered":"http:\/\/172.16.202.26\/?page_id=23587"},"modified":"2024-10-03T18:09:27","modified_gmt":"2024-10-03T16:09:27","slug":"direktoren-57-wastl","status":"publish","type":"page","link":"http:\/\/172.16.202.26\/?page_id=23587","title":{"rendered":"Direktoren 5&#038;7 Wastl"},"content":{"rendered":"\t\t<div data-elementor-type=\"wp-page\" data-elementor-id=\"23587\" class=\"elementor elementor-23587\">\n\t\t\t\t\t\t<section class=\"elementor-section elementor-top-section elementor-element elementor-element-3f64fbf elementor-section-boxed elementor-section-height-default elementor-section-height-default\" data-id=\"3f64fbf\" data-element_type=\"section\">\n\t\t\t\t\t\t<div class=\"elementor-container elementor-column-gap-default\">\n\t\t\t\t\t<div class=\"elementor-column elementor-col-100 elementor-top-column elementor-element elementor-element-8823aec\" data-id=\"8823aec\" data-element_type=\"column\">\n\t\t\t<div class=\"elementor-widget-wrap elementor-element-populated\">\n\t\t\t\t\t\t<div class=\"elementor-element elementor-element-db03d38 elementor-widget elementor-widget-heading\" data-id=\"db03d38\" data-element_type=\"widget\" data-widget_type=\"heading.default\">\n\t\t\t\t<div class=\"elementor-widget-container\">\n\t\t\t<style>\/*! elementor - v3.20.0 - 13-03-2024 *\/\n.elementor-heading-title{padding:0;margin:0;line-height:1}.elementor-widget-heading .elementor-heading-title[class*=elementor-size-]>a{color:inherit;font-size:inherit;line-height:inherit}.elementor-widget-heading .elementor-heading-title.elementor-size-small{font-size:15px}.elementor-widget-heading .elementor-heading-title.elementor-size-medium{font-size:19px}.elementor-widget-heading .elementor-heading-title.elementor-size-large{font-size:29px}.elementor-widget-heading .elementor-heading-title.elementor-size-xl{font-size:39px}.elementor-widget-heading .elementor-heading-title.elementor-size-xxl{font-size:59px}<\/style><h2 class=\"elementor-heading-title elementor-size-default\">Alfred Wastl<\/h2>\t\t<\/div>\n\t\t\t\t<\/div>\n\t\t\t\t<div class=\"elementor-element elementor-element-6aea162 elementor-widget elementor-widget-heading\" data-id=\"6aea162\" data-element_type=\"widget\" data-widget_type=\"heading.default\">\n\t\t\t\t<div class=\"elementor-widget-container\">\n\t\t\t<h1 class=\"elementor-heading-title elementor-size-default\">Direktor von 1935-1938 und 1945-1952<\/h1>\t\t<\/div>\n\t\t\t\t<\/div>\n\t\t\t\t\t<\/div>\n\t\t<\/div>\n\t\t\t\t\t<\/div>\n\t\t<\/section>\n\t\t\t\t<section class=\"elementor-section elementor-top-section elementor-element elementor-element-df498a5 elementor-section-boxed elementor-section-height-default elementor-section-height-default\" data-id=\"df498a5\" data-element_type=\"section\">\n\t\t\t\t\t\t<div class=\"elementor-container elementor-column-gap-default\">\n\t\t\t\t\t<div class=\"elementor-column elementor-col-100 elementor-top-column elementor-element elementor-element-4ce02b4\" data-id=\"4ce02b4\" data-element_type=\"column\">\n\t\t\t<div class=\"elementor-widget-wrap elementor-element-populated\">\n\t\t\t\t\t\t<div class=\"elementor-element elementor-element-0cdf26a elementor-widget elementor-widget-image\" data-id=\"0cdf26a\" data-element_type=\"widget\" data-widget_type=\"image.default\">\n\t\t\t\t<div class=\"elementor-widget-container\">\n\t\t\t<style>\/*! elementor - v3.20.0 - 13-03-2024 *\/\n.elementor-widget-image{text-align:center}.elementor-widget-image a{display:inline-block}.elementor-widget-image a img[src$=\".svg\"]{width:48px}.elementor-widget-image img{vertical-align:middle;display:inline-block}<\/style>\t\t\t\t\t\t\t\t\t\t<img fetchpriority=\"high\" decoding=\"async\" width=\"640\" height=\"748\" src=\"http:\/\/172.16.202.26\/wp-content\/uploads\/2024\/10\/5.7.Wastl_-876x1024.png\" class=\"attachment-large size-large wp-image-23728\" alt=\"\" srcset=\"http:\/\/172.16.202.26\/wp-content\/uploads\/2024\/10\/5.7.Wastl_-876x1024.png 876w, http:\/\/172.16.202.26\/wp-content\/uploads\/2024\/10\/5.7.Wastl_-257x300.png 257w, http:\/\/172.16.202.26\/wp-content\/uploads\/2024\/10\/5.7.Wastl_-768x897.png 768w, http:\/\/172.16.202.26\/wp-content\/uploads\/2024\/10\/5.7.Wastl_.png 1140w\" sizes=\"(max-width: 640px) 100vw, 640px\" \/>\t\t\t\t\t\t\t\t\t\t\t\t\t<\/div>\n\t\t\t\t<\/div>\n\t\t\t\t\t<\/div>\n\t\t<\/div>\n\t\t\t\t\t<\/div>\n\t\t<\/section>\n\t\t\t\t<section class=\"elementor-section elementor-top-section elementor-element elementor-element-58c6db9 elementor-section-boxed elementor-section-height-default elementor-section-height-default\" data-id=\"58c6db9\" data-element_type=\"section\">\n\t\t\t\t\t\t<div class=\"elementor-container elementor-column-gap-default\">\n\t\t\t\t\t<div class=\"elementor-column elementor-col-100 elementor-top-column elementor-element elementor-element-c3a9439\" data-id=\"c3a9439\" data-element_type=\"column\">\n\t\t\t<div class=\"elementor-widget-wrap elementor-element-populated\">\n\t\t\t\t\t\t<div class=\"elementor-element elementor-element-d2a7fbe elementor-widget elementor-widget-text-editor\" data-id=\"d2a7fbe\" data-element_type=\"widget\" data-widget_type=\"text-editor.default\">\n\t\t\t\t<div class=\"elementor-widget-container\">\n\t\t\t<style>\/*! elementor - v3.20.0 - 13-03-2024 *\/\n.elementor-widget-text-editor.elementor-drop-cap-view-stacked .elementor-drop-cap{background-color:#69727d;color:#fff}.elementor-widget-text-editor.elementor-drop-cap-view-framed .elementor-drop-cap{color:#69727d;border:3px solid;background-color:transparent}.elementor-widget-text-editor:not(.elementor-drop-cap-view-default) .elementor-drop-cap{margin-top:8px}.elementor-widget-text-editor:not(.elementor-drop-cap-view-default) .elementor-drop-cap-letter{width:1em;height:1em}.elementor-widget-text-editor .elementor-drop-cap{float:left;text-align:center;line-height:1;font-size:50px}.elementor-widget-text-editor .elementor-drop-cap-letter{display:inline-block}<\/style>\t\t\t\t<p><strong>Wastl, Alfred<\/strong><\/p><p><br \/>Geboren: 31.05.1889 in Wien<br \/>Gestorben: 05.10.1966 in Wien<\/p><p>\u00a0<\/p><p>Alfred Wastl wurde in eine alte Wiener Lehrerfamilie geboren und begann nach der Matura an der Technischen Hochschule in Wien das Studium der Chemie und Physik. Im Ersten Weltkrieg geriet er in russische Kriegsgefangenschaft, aus der er fliehen konnte. Nach Ende des Krieges wurde Wastl Professor f\u00fcr H\u00f6here Schulen und war ab 1920 am Technologischen Gewerbemuseum t\u00e4tig. Ab dem 1933 engagiert sich Wastl in der Vaterl\u00e4ndischen Front und wurde als Vertreter der Berufsbildenden H\u00f6heren Schulen in den Bundeskulturrat berufen, dem er bis 1938 angeh\u00f6rte.<\/p><p>\u00a0<\/p><p>Mit 29. Mai 1935 wurde er zum Direktor des Technologischen Gewerbemuseums und Anfang 1938 zum Hofrat ernannt. Nach dem Anschluss im M\u00e4rz 1938 wurde Wastl vom Ministerium f\u00fcr Handel und Verkehr pensioniert. Zwischen 1939 und 1940 war er im KZ Buchenwald, da er zwei politische H\u00e4ftlinge zu Hause versteckt hatte. Im Jahr 1945 wurde Wastl nach der provisorischen Leitung durch Erich Gasteiger wieder Direktor des Technologischen Gewerbemuseums, was er bis zu seiner Versetzung in den dauernden Ruhestand im Jahr 1952 blieb.<\/p><p>\u00a0<\/p><p>Quelle: https:\/\/oecv.at\/Biolex\/Detail\/13209414 ; TGM-Jahresbericht 1958\/59 (80 Jahre TGM) ; D\u00d6W ; TGM Akten 1938\/8850<\/p>\t\t\t\t\t\t<\/div>\n\t\t\t\t<\/div>\n\t\t\t\t\t<\/div>\n\t\t<\/div>\n\t\t\t\t\t<\/div>\n\t\t<\/section>\n\t\t\t\t<\/div>\n\t\t","protected":false},"excerpt":{"rendered":"<p>Alfred Wastl Direktor von 1935-1938 und 1945-1952 Wastl, Alfred Geboren: 31.05.1889 in WienGestorben: 05.10.1966 in Wien \u00a0 Alfred Wastl wurde in eine alte Wiener Lehrerfamilie geboren und begann nach der Matura an der Technischen Hochschule in Wien das Studium der Chemie und Physik. Im Ersten Weltkrieg geriet er in russische Kriegsgefangenschaft, aus der er fliehen konnte. Nach Ende des Krieges [&hellip;]<\/p>\n","protected":false},"author":3,"featured_media":0,"parent":0,"menu_order":0,"comment_status":"closed","ping_status":"closed","template":"elementor_header_footer","meta":[],"_links":{"self":[{"href":"http:\/\/172.16.202.26\/index.php?rest_route=\/wp\/v2\/pages\/23587"}],"collection":[{"href":"http:\/\/172.16.202.26\/index.php?rest_route=\/wp\/v2\/pages"}],"about":[{"href":"http:\/\/172.16.202.26\/index.php?rest_route=\/wp\/v2\/types\/page"}],"author":[{"embeddable":true,"href":"http:\/\/172.16.202.26\/index.php?rest_route=\/wp\/v2\/users\/3"}],"replies":[{"embeddable":true,"href":"http:\/\/172.16.202.26\/index.php?rest_route=%2Fwp%2Fv2%2Fcomments&post=23587"}],"version-history":[{"count":13,"href":"http:\/\/172.16.202.26\/index.php?rest_route=\/wp\/v2\/pages\/23587\/revisions"}],"predecessor-version":[{"id":23754,"href":"http:\/\/172.16.202.26\/index.php?rest_route=\/wp\/v2\/pages\/23587\/revisions\/23754"}],"wp:attachment":[{"href":"http:\/\/172.16.202.26\/index.php?rest_route=%2Fwp%2Fv2%2Fmedia&parent=23587"}],"curies":[{"name":"wp","href":"https:\/\/api.w.org\/{rel}","templated":true}]}}