{"id":23639,"date":"2024-10-03T13:23:41","date_gmt":"2024-10-03T11:23:41","guid":{"rendered":"http:\/\/172.16.202.26\/?page_id=23639"},"modified":"2024-10-03T18:12:25","modified_gmt":"2024-10-03T16:12:25","slug":"direktoren-1-wogrolly","status":"publish","type":"page","link":"http:\/\/172.16.202.26\/?page_id=23639","title":{"rendered":"Direktoren 11 Wogrolly"},"content":{"rendered":"\t\t<div data-elementor-type=\"wp-page\" data-elementor-id=\"23639\" class=\"elementor elementor-23639\">\n\t\t\t\t\t\t<section class=\"elementor-section elementor-top-section elementor-element elementor-element-3f64fbf elementor-section-boxed elementor-section-height-default elementor-section-height-default\" data-id=\"3f64fbf\" data-element_type=\"section\">\n\t\t\t\t\t\t<div class=\"elementor-container elementor-column-gap-default\">\n\t\t\t\t\t<div class=\"elementor-column elementor-col-100 elementor-top-column elementor-element elementor-element-8823aec\" data-id=\"8823aec\" data-element_type=\"column\">\n\t\t\t<div class=\"elementor-widget-wrap elementor-element-populated\">\n\t\t\t\t\t\t<div class=\"elementor-element elementor-element-db03d38 elementor-widget elementor-widget-heading\" data-id=\"db03d38\" data-element_type=\"widget\" data-widget_type=\"heading.default\">\n\t\t\t\t<div class=\"elementor-widget-container\">\n\t\t\t<style>\/*! elementor - v3.20.0 - 13-03-2024 *\/\n.elementor-heading-title{padding:0;margin:0;line-height:1}.elementor-widget-heading .elementor-heading-title[class*=elementor-size-]>a{color:inherit;font-size:inherit;line-height:inherit}.elementor-widget-heading .elementor-heading-title.elementor-size-small{font-size:15px}.elementor-widget-heading .elementor-heading-title.elementor-size-medium{font-size:19px}.elementor-widget-heading .elementor-heading-title.elementor-size-large{font-size:29px}.elementor-widget-heading .elementor-heading-title.elementor-size-xl{font-size:39px}.elementor-widget-heading .elementor-heading-title.elementor-size-xxl{font-size:59px}<\/style><h2 class=\"elementor-heading-title elementor-size-default\">Ernst Wogrolly<\/h2>\t\t<\/div>\n\t\t\t\t<\/div>\n\t\t\t\t<div class=\"elementor-element elementor-element-6aea162 elementor-widget elementor-widget-heading\" data-id=\"6aea162\" data-element_type=\"widget\" data-widget_type=\"heading.default\">\n\t\t\t\t<div class=\"elementor-widget-container\">\n\t\t\t<h1 class=\"elementor-heading-title elementor-size-default\">Direktor von 1994-2001<\/h1>\t\t<\/div>\n\t\t\t\t<\/div>\n\t\t\t\t\t<\/div>\n\t\t<\/div>\n\t\t\t\t\t<\/div>\n\t\t<\/section>\n\t\t\t\t<section class=\"elementor-section elementor-top-section elementor-element elementor-element-df498a5 elementor-section-boxed elementor-section-height-default elementor-section-height-default\" data-id=\"df498a5\" data-element_type=\"section\">\n\t\t\t\t\t\t<div class=\"elementor-container elementor-column-gap-default\">\n\t\t\t\t\t<div class=\"elementor-column elementor-col-100 elementor-top-column elementor-element elementor-element-4ce02b4\" data-id=\"4ce02b4\" data-element_type=\"column\">\n\t\t\t<div class=\"elementor-widget-wrap elementor-element-populated\">\n\t\t\t\t\t\t<div class=\"elementor-element elementor-element-0cdf26a elementor-widget elementor-widget-image\" data-id=\"0cdf26a\" data-element_type=\"widget\" data-widget_type=\"image.default\">\n\t\t\t\t<div class=\"elementor-widget-container\">\n\t\t\t<style>\/*! elementor - v3.20.0 - 13-03-2024 *\/\n.elementor-widget-image{text-align:center}.elementor-widget-image a{display:inline-block}.elementor-widget-image a img[src$=\".svg\"]{width:48px}.elementor-widget-image img{vertical-align:middle;display:inline-block}<\/style>\t\t\t\t\t\t\t\t\t\t<img fetchpriority=\"high\" decoding=\"async\" width=\"640\" height=\"753\" src=\"http:\/\/172.16.202.26\/wp-content\/uploads\/2024\/10\/11.Wogrolly-870x1024.png\" class=\"attachment-large size-large wp-image-23733\" alt=\"\" srcset=\"http:\/\/172.16.202.26\/wp-content\/uploads\/2024\/10\/11.Wogrolly-870x1024.png 870w, http:\/\/172.16.202.26\/wp-content\/uploads\/2024\/10\/11.Wogrolly-255x300.png 255w, http:\/\/172.16.202.26\/wp-content\/uploads\/2024\/10\/11.Wogrolly-768x904.png 768w, http:\/\/172.16.202.26\/wp-content\/uploads\/2024\/10\/11.Wogrolly.png 1150w\" sizes=\"(max-width: 640px) 100vw, 640px\" \/>\t\t\t\t\t\t\t\t\t\t\t\t\t<\/div>\n\t\t\t\t<\/div>\n\t\t\t\t\t<\/div>\n\t\t<\/div>\n\t\t\t\t\t<\/div>\n\t\t<\/section>\n\t\t\t\t<section class=\"elementor-section elementor-top-section elementor-element elementor-element-58c6db9 elementor-section-boxed elementor-section-height-default elementor-section-height-default\" data-id=\"58c6db9\" data-element_type=\"section\">\n\t\t\t\t\t\t<div class=\"elementor-container elementor-column-gap-default\">\n\t\t\t\t\t<div class=\"elementor-column elementor-col-100 elementor-top-column elementor-element elementor-element-c3a9439\" data-id=\"c3a9439\" data-element_type=\"column\">\n\t\t\t<div class=\"elementor-widget-wrap elementor-element-populated\">\n\t\t\t\t\t\t<div class=\"elementor-element elementor-element-d2a7fbe elementor-widget elementor-widget-text-editor\" data-id=\"d2a7fbe\" data-element_type=\"widget\" data-widget_type=\"text-editor.default\">\n\t\t\t\t<div class=\"elementor-widget-container\">\n\t\t\t<style>\/*! elementor - v3.20.0 - 13-03-2024 *\/\n.elementor-widget-text-editor.elementor-drop-cap-view-stacked .elementor-drop-cap{background-color:#69727d;color:#fff}.elementor-widget-text-editor.elementor-drop-cap-view-framed .elementor-drop-cap{color:#69727d;border:3px solid;background-color:transparent}.elementor-widget-text-editor:not(.elementor-drop-cap-view-default) .elementor-drop-cap{margin-top:8px}.elementor-widget-text-editor:not(.elementor-drop-cap-view-default) .elementor-drop-cap-letter{width:1em;height:1em}.elementor-widget-text-editor .elementor-drop-cap{float:left;text-align:center;line-height:1;font-size:50px}.elementor-widget-text-editor .elementor-drop-cap-letter{display:inline-block}<\/style>\t\t\t\t<p><strong>Wogrolly, Ernst Gottfried<\/strong><\/p><p><br \/>Geboren am 13.09.1936 in St. Georgen bei Obdach<br \/>Gestorben am 10.03.2015 in Wien<\/p><p><br \/>Ernst Wogrolly studierte an der Technischen Hochschule Graz Technische Chemie und promovierte 1968. Seit dem Jahr davor war er als Chemiker in der Lehranstalt f\u00fcr Kunststofftechnik t\u00e4tig und untersuchte das Brandverhalten von Kunststoffen in der Versuchsanstalt f\u00fcr Chemie und Kunststoffe und im Laboratrium f\u00fcr Kunststofftechnik LKT-TGM.<\/p><p><br \/>Er organisierte eindrucksvolle Brandversuche im Ma\u00dfstab 1:1, was ihm bei Kritikern den Ruf eines wissenschaftlichen Pyromanen einbrachte. Weitere Arbeiten befassten sich mit \u201eAbfallproblematik der Kunststoffe\u201c und sind bis heute von grundlegender Bedeutung f\u00fcr die thermische Verwertung von Polymeren. Ab dem Jahr 1973 fungierte Ernst Wogrolly als Vorsitzender des Fachnormenausschusses \u201eAbfallwirtschaft\u201c, worauf er 1992 zum Vorsitzenden des europ\u00e4ischen Normenausschusses \u201eCharacterization of Waste\u201c und 1994 zum Vorstandsmitglied des \u00d6sterreichischen Normungsinstituts ernannt wurde.<\/p><p><br \/>Parallel war Wogrolly Lehrbeauftragter f\u00fcr \u201eChemie und Kunststoffe\u201c an der neu er\u00f6ffneten Studienrichtung \u201eKunststofftechnik\u201c der montanistischen Hochschule Leoben. Aus den Ergebnissen dieser T\u00e4tigkeiten formulierte er seine Habilitation f\u00fcr \u201eAbfalltechnik der Kunststoffe\u201c im Jahr 1984. Zehn Jahre sp\u00e4ter wurde ihm der Titel eines au\u00dferordentlichen Universit\u00e4tsprofessors an der Montanuniversit\u00e4t Leoben (MUL) verliehen.<br \/>Zu diesem Zeitpunkt leitete Wogrolly bereits seit einem Jahr die Versuchsanstalt f\u00fcr Chemie und Kunststoffe. Im Jahr 1994 wurde er schlie\u00dflich zum Direktor des Technologischen Gewerbemuseums ernannt und verblieb bis zu seiner Pensionierung im Jahr 2001 in dieser Funktion.<\/p><p><br \/>Quelle: TGM-Jahresbericht 2001\/2002<\/p>\t\t\t\t\t\t<\/div>\n\t\t\t\t<\/div>\n\t\t\t\t\t<\/div>\n\t\t<\/div>\n\t\t\t\t\t<\/div>\n\t\t<\/section>\n\t\t\t\t<\/div>\n\t\t","protected":false},"excerpt":{"rendered":"<p>Ernst Wogrolly Direktor von 1994-2001 Wogrolly, Ernst Gottfried Geboren am 13.09.1936 in St. Georgen bei ObdachGestorben am 10.03.2015 in Wien Ernst Wogrolly studierte an der Technischen Hochschule Graz Technische Chemie und promovierte 1968. Seit dem Jahr davor war er als Chemiker in der Lehranstalt f\u00fcr Kunststofftechnik t\u00e4tig und untersuchte das Brandverhalten von Kunststoffen in der Versuchsanstalt f\u00fcr Chemie und Kunststoffe [&hellip;]<\/p>\n","protected":false},"author":3,"featured_media":0,"parent":0,"menu_order":0,"comment_status":"closed","ping_status":"closed","template":"elementor_header_footer","meta":[],"_links":{"self":[{"href":"http:\/\/172.16.202.26\/index.php?rest_route=\/wp\/v2\/pages\/23639"}],"collection":[{"href":"http:\/\/172.16.202.26\/index.php?rest_route=\/wp\/v2\/pages"}],"about":[{"href":"http:\/\/172.16.202.26\/index.php?rest_route=\/wp\/v2\/types\/page"}],"author":[{"embeddable":true,"href":"http:\/\/172.16.202.26\/index.php?rest_route=\/wp\/v2\/users\/3"}],"replies":[{"embeddable":true,"href":"http:\/\/172.16.202.26\/index.php?rest_route=%2Fwp%2Fv2%2Fcomments&post=23639"}],"version-history":[{"count":11,"href":"http:\/\/172.16.202.26\/index.php?rest_route=\/wp\/v2\/pages\/23639\/revisions"}],"predecessor-version":[{"id":23769,"href":"http:\/\/172.16.202.26\/index.php?rest_route=\/wp\/v2\/pages\/23639\/revisions\/23769"}],"wp:attachment":[{"href":"http:\/\/172.16.202.26\/index.php?rest_route=%2Fwp%2Fv2%2Fmedia&parent=23639"}],"curies":[{"name":"wp","href":"https:\/\/api.w.org\/{rel}","templated":true}]}}