{"id":24279,"date":"2024-11-22T12:02:02","date_gmt":"2024-11-22T11:02:02","guid":{"rendered":"http:\/\/172.16.202.26\/?page_id=24279"},"modified":"2024-11-22T12:07:53","modified_gmt":"2024-11-22T11:07:53","slug":"junior-company-2022-23","status":"publish","type":"page","link":"http:\/\/172.16.202.26\/?page_id=24279","title":{"rendered":"Junior Company &#8211; 2022\/23"},"content":{"rendered":"\t\t<div data-elementor-type=\"wp-page\" data-elementor-id=\"24279\" class=\"elementor elementor-24279\">\n\t\t\t\t\t\t<section class=\"elementor-section elementor-top-section elementor-element elementor-element-d94d3ce elementor-section-boxed elementor-section-height-default elementor-section-height-default\" data-id=\"d94d3ce\" data-element_type=\"section\">\n\t\t\t\t\t\t<div class=\"elementor-container elementor-column-gap-default\">\n\t\t\t\t\t<div class=\"elementor-column elementor-col-100 elementor-top-column elementor-element elementor-element-21ff2e8\" data-id=\"21ff2e8\" data-element_type=\"column\">\n\t\t\t<div class=\"elementor-widget-wrap elementor-element-populated\">\n\t\t\t\t\t\t<div class=\"elementor-element elementor-element-2417a3b elementor-widget elementor-widget-heading\" data-id=\"2417a3b\" data-element_type=\"widget\" data-widget_type=\"heading.default\">\n\t\t\t\t<div class=\"elementor-widget-container\">\n\t\t\t<style>\/*! elementor - v3.20.0 - 13-03-2024 *\/\n.elementor-heading-title{padding:0;margin:0;line-height:1}.elementor-widget-heading .elementor-heading-title[class*=elementor-size-]>a{color:inherit;font-size:inherit;line-height:inherit}.elementor-widget-heading .elementor-heading-title.elementor-size-small{font-size:15px}.elementor-widget-heading .elementor-heading-title.elementor-size-medium{font-size:19px}.elementor-widget-heading .elementor-heading-title.elementor-size-large{font-size:29px}.elementor-widget-heading .elementor-heading-title.elementor-size-xl{font-size:39px}.elementor-widget-heading .elementor-heading-title.elementor-size-xxl{font-size:59px}<\/style><h2 class=\"elementor-heading-title elementor-size-default\">Junior Companies 2022\/23<\/h2>\t\t<\/div>\n\t\t\t\t<\/div>\n\t\t\t\t\t<\/div>\n\t\t<\/div>\n\t\t\t\t\t<\/div>\n\t\t<\/section>\n\t\t\t\t<section class=\"elementor-section elementor-top-section elementor-element elementor-element-0a6188a elementor-section-boxed elementor-section-height-default elementor-section-height-default\" data-id=\"0a6188a\" data-element_type=\"section\">\n\t\t\t\t\t\t<div class=\"elementor-container elementor-column-gap-default\">\n\t\t\t\t\t<div class=\"elementor-column elementor-col-100 elementor-top-column elementor-element elementor-element-8368e89\" data-id=\"8368e89\" data-element_type=\"column\">\n\t\t\t<div class=\"elementor-widget-wrap elementor-element-populated\">\n\t\t\t\t\t\t<div class=\"elementor-element elementor-element-4369be5 elementor-widget elementor-widget-heading\" data-id=\"4369be5\" data-element_type=\"widget\" data-widget_type=\"heading.default\">\n\t\t\t\t<div class=\"elementor-widget-container\">\n\t\t\t<h3 class=\"elementor-heading-title elementor-size-default\">Recard, ReZip, Woopi<\/h3>\t\t<\/div>\n\t\t\t\t<\/div>\n\t\t\t\t<div class=\"elementor-element elementor-element-68ab475 elementor-widget elementor-widget-text-editor\" data-id=\"68ab475\" data-element_type=\"widget\" data-widget_type=\"text-editor.default\">\n\t\t\t\t<div class=\"elementor-widget-container\">\n\t\t\t<style>\/*! elementor - v3.20.0 - 13-03-2024 *\/\n.elementor-widget-text-editor.elementor-drop-cap-view-stacked .elementor-drop-cap{background-color:#69727d;color:#fff}.elementor-widget-text-editor.elementor-drop-cap-view-framed .elementor-drop-cap{color:#69727d;border:3px solid;background-color:transparent}.elementor-widget-text-editor:not(.elementor-drop-cap-view-default) .elementor-drop-cap{margin-top:8px}.elementor-widget-text-editor:not(.elementor-drop-cap-view-default) .elementor-drop-cap-letter{width:1em;height:1em}.elementor-widget-text-editor .elementor-drop-cap{float:left;text-align:center;line-height:1;font-size:50px}.elementor-widget-text-editor .elementor-drop-cap-letter{display:inline-block}<\/style>\t\t\t\t<div data-mobiledoc=\"{\"><p><img decoding=\"async\" class=\"alignnone wp-image-20036 size-medium\" src=\"http:\/\/172.16.202.26\/wp-content\/uploads\/2023\/09\/jc2023-300x109.png\" alt=\"\" width=\"300\" height=\"109\" srcset=\"http:\/\/172.16.202.26\/wp-content\/uploads\/2023\/09\/jc2023-300x109.png 300w, http:\/\/172.16.202.26\/wp-content\/uploads\/2023\/09\/jc2023-1024x371.png 1024w, http:\/\/172.16.202.26\/wp-content\/uploads\/2023\/09\/jc2023-768x278.png 768w, http:\/\/172.16.202.26\/wp-content\/uploads\/2023\/09\/jc2023-1536x557.png 1536w, http:\/\/172.16.202.26\/wp-content\/uploads\/2023\/09\/jc2023-2048x743.png 2048w\" sizes=\"(max-width: 300px) 100vw, 300px\" \/><\/p><div data-mobiledoc=\"{\"><div><p>\u00a0<\/p><p>Auch im siebten Jahr der Junior Companies an der HWI konnten die Sch\u00fcler*innen der Vertiefung Maschinenbau wieder ihre F\u00e4higkeiten im Bereich Entrepreneurship unter Beweis stellen. Unter dem Motto Nachhaltigkeit wurden im Schuljahr 2022\/2023 drei JCs gegr\u00fcndet: ReCard, ReZip und Whoopi. Besonders erfolgreich waren die Gr\u00fcnder*innen von ReCard, sie konnten den erfolgreichen 4. Platz beim Businessplanwettbewerb erzielen!<\/p><p>\u00a0<\/p><p><strong>Recard<\/strong><br \/>Bei ReCard handelt es sich um einen modular aufgebauten, aus recycelten Materialien hergestellten und mit dem hauseigenen 3D-Drucker produzierten Kartenhalter. Brieftaschen sind ein im Alltag unverzichtbares Utensil, das niemand zu Hause vergessen will. Leider sind viel zu viele Brieftaschen unhandlich und \u00fcberdimensioniert. Bei ReCard haben Sie dieses Problem nicht. Um m\u00f6glichst viel Platz zu sparen, werden die einzelnen Module so gefertigt, dass sie ihren Nutzen h\u00f6chst effizient erf\u00fcllen. Es kann zwischen Karten-, Schl\u00fcssel- und Geldmodul ausgew\u00e4hlt werden, wobei eine beliebige Anzahl an Modulen mit dem Gummiband zusammengehalten wird.<\/p><p>\u00a0<\/p><p><strong>ReZip<\/strong><br \/>ReZips sind recyclebare Flaschen, die zu einem multifunktionellen und nachhaltigen Produkt verwandelt werden. Die ReZips sind nachhaltige Aufbewahrungsboxen aus leeren PET-Flaschen, die einfach zu transportieren sind. Eine hervorragende Idee f\u00fcr Leute, die umweltbewusste Produkte nutzen. ReZips k\u00f6nnen als Federpenal in der Schule bis hin zu Outdoor-Aufbewahrungsboxen f\u00fcr den Wandertag genutzt werden. Dies sind nur einige von unbegrenzten Beispielen. ReZip legt gr\u00f6\u00dften Wert auf die Sorgfalt und Herstellung unserer Produkte, sodass sie f\u00fcr einen m\u00f6glichst langen Zeitraum verwendbar sind. Jedes unserer Produkte wird in Handarbeit gefertigt und ist ein Unikat.<\/p><p>\u00a0<\/p><p><strong>Woopi<\/strong><br \/>Das Junior-Unternehmen Woopi fertigt auf Holz gedruckte Bilder und bitte mit dieser nachhaltigen Idee eine moderne und lebendige Variante der Dekoration. Die hochwertige Fertigung erm\u00f6glicht die ausgezeichnete Langlebigkeit des Produktes. Ausgehend von der rechteckigen Form bietet Woopi zus\u00e4tzlich weitere Designs an, die zu verschiedenen Events (Weihnachten, Ostern, \u2026) verschenkt werden k\u00f6nnen. Die Kund*innen haben die M\u00f6glichkeit ihr Woopi selbst mit ihrem Bild zu personalisieren, so verleiht diese Option jedem Woopi einen einzigartigen Touch. Alle Woopis sind mit einer St\u00e4rke von 3mm versehen und man hat die M\u00f6glichkeit sein Bildformat (rechteckig, rund, oval) und dessen Gr\u00f6\u00dfe zu bestimmen.<\/p><\/div><\/div><\/div>\t\t\t\t\t\t<\/div>\n\t\t\t\t<\/div>\n\t\t\t\t\t<\/div>\n\t\t<\/div>\n\t\t\t\t\t<\/div>\n\t\t<\/section>\n\t\t\t\t<section class=\"elementor-section elementor-top-section elementor-element elementor-element-7c35cac elementor-section-boxed elementor-section-height-default elementor-section-height-default\" data-id=\"7c35cac\" data-element_type=\"section\">\n\t\t\t\t\t\t<div class=\"elementor-container elementor-column-gap-default\">\n\t\t\t\t\t<div class=\"elementor-column elementor-col-33 elementor-top-column elementor-element elementor-element-9e764a2\" data-id=\"9e764a2\" data-element_type=\"column\">\n\t\t\t<div class=\"elementor-widget-wrap elementor-element-populated\">\n\t\t\t\t\t\t<div class=\"elementor-element elementor-element-006f73c elementor-widget elementor-widget-image\" data-id=\"006f73c\" data-element_type=\"widget\" data-widget_type=\"image.default\">\n\t\t\t\t<div class=\"elementor-widget-container\">\n\t\t\t<style>\/*! elementor - v3.20.0 - 13-03-2024 *\/\n.elementor-widget-image{text-align:center}.elementor-widget-image a{display:inline-block}.elementor-widget-image a img[src$=\".svg\"]{width:48px}.elementor-widget-image img{vertical-align:middle;display:inline-block}<\/style>\t\t\t\t\t\t\t\t\t\t<img fetchpriority=\"high\" decoding=\"async\" width=\"640\" height=\"480\" src=\"http:\/\/172.16.202.26\/wp-content\/uploads\/2023\/09\/Gruppe_ReCard-1024x768.jpg\" class=\"attachment-large size-large wp-image-20037\" alt=\"\" srcset=\"http:\/\/172.16.202.26\/wp-content\/uploads\/2023\/09\/Gruppe_ReCard-1024x768.jpg 1024w, http:\/\/172.16.202.26\/wp-content\/uploads\/2023\/09\/Gruppe_ReCard-300x225.jpg 300w, http:\/\/172.16.202.26\/wp-content\/uploads\/2023\/09\/Gruppe_ReCard-768x576.jpg 768w, http:\/\/172.16.202.26\/wp-content\/uploads\/2023\/09\/Gruppe_ReCard-1536x1152.jpg 1536w, http:\/\/172.16.202.26\/wp-content\/uploads\/2023\/09\/Gruppe_ReCard.jpg 2048w\" sizes=\"(max-width: 640px) 100vw, 640px\" \/>\t\t\t\t\t\t\t\t\t\t\t\t\t<\/div>\n\t\t\t\t<\/div>\n\t\t\t\t<div class=\"elementor-element elementor-element-c409b2b elementor-widget elementor-widget-heading\" data-id=\"c409b2b\" data-element_type=\"widget\" data-widget_type=\"heading.default\">\n\t\t\t\t<div class=\"elementor-widget-container\">\n\t\t\t<div class=\"elementor-heading-title elementor-size-default\">Gruppe Recard<\/div>\t\t<\/div>\n\t\t\t\t<\/div>\n\t\t\t\t\t<\/div>\n\t\t<\/div>\n\t\t\t\t<div class=\"elementor-column elementor-col-33 elementor-top-column elementor-element elementor-element-2cd58fd\" data-id=\"2cd58fd\" data-element_type=\"column\">\n\t\t\t<div class=\"elementor-widget-wrap elementor-element-populated\">\n\t\t\t\t\t\t<div class=\"elementor-element elementor-element-e297d01 elementor-widget elementor-widget-image\" data-id=\"e297d01\" data-element_type=\"widget\" data-widget_type=\"image.default\">\n\t\t\t\t<div class=\"elementor-widget-container\">\n\t\t\t\t\t\t\t\t\t\t\t\t\t<img decoding=\"async\" width=\"640\" height=\"480\" src=\"http:\/\/172.16.202.26\/wp-content\/uploads\/2023\/09\/Gruppe_ReZip-1024x768.jpg\" class=\"attachment-large size-large wp-image-20038\" alt=\"\" srcset=\"http:\/\/172.16.202.26\/wp-content\/uploads\/2023\/09\/Gruppe_ReZip-1024x768.jpg 1024w, http:\/\/172.16.202.26\/wp-content\/uploads\/2023\/09\/Gruppe_ReZip-300x225.jpg 300w, http:\/\/172.16.202.26\/wp-content\/uploads\/2023\/09\/Gruppe_ReZip-768x576.jpg 768w, http:\/\/172.16.202.26\/wp-content\/uploads\/2023\/09\/Gruppe_ReZip-1536x1152.jpg 1536w, http:\/\/172.16.202.26\/wp-content\/uploads\/2023\/09\/Gruppe_ReZip.jpg 2048w\" sizes=\"(max-width: 640px) 100vw, 640px\" \/>\t\t\t\t\t\t\t\t\t\t\t\t\t<\/div>\n\t\t\t\t<\/div>\n\t\t\t\t<div class=\"elementor-element elementor-element-f3f7007 elementor-widget elementor-widget-heading\" data-id=\"f3f7007\" data-element_type=\"widget\" data-widget_type=\"heading.default\">\n\t\t\t\t<div class=\"elementor-widget-container\">\n\t\t\t<div class=\"elementor-heading-title elementor-size-default\">Gruppe ReZip<\/div>\t\t<\/div>\n\t\t\t\t<\/div>\n\t\t\t\t\t<\/div>\n\t\t<\/div>\n\t\t\t\t<div class=\"elementor-column elementor-col-33 elementor-top-column elementor-element elementor-element-d30fa18\" data-id=\"d30fa18\" data-element_type=\"column\">\n\t\t\t<div class=\"elementor-widget-wrap elementor-element-populated\">\n\t\t\t\t\t\t<div class=\"elementor-element elementor-element-e69ce98 elementor-widget elementor-widget-image\" data-id=\"e69ce98\" data-element_type=\"widget\" data-widget_type=\"image.default\">\n\t\t\t\t<div class=\"elementor-widget-container\">\n\t\t\t\t\t\t\t\t\t\t\t\t\t<img loading=\"lazy\" decoding=\"async\" width=\"640\" height=\"480\" src=\"http:\/\/172.16.202.26\/wp-content\/uploads\/2023\/09\/Gruppe_Woopi-1024x768.jpg\" class=\"attachment-large size-large wp-image-20039\" alt=\"\" srcset=\"http:\/\/172.16.202.26\/wp-content\/uploads\/2023\/09\/Gruppe_Woopi-1024x768.jpg 1024w, http:\/\/172.16.202.26\/wp-content\/uploads\/2023\/09\/Gruppe_Woopi-300x225.jpg 300w, http:\/\/172.16.202.26\/wp-content\/uploads\/2023\/09\/Gruppe_Woopi-768x576.jpg 768w, http:\/\/172.16.202.26\/wp-content\/uploads\/2023\/09\/Gruppe_Woopi-1536x1152.jpg 1536w, http:\/\/172.16.202.26\/wp-content\/uploads\/2023\/09\/Gruppe_Woopi.jpg 2048w\" sizes=\"(max-width: 640px) 100vw, 640px\" \/>\t\t\t\t\t\t\t\t\t\t\t\t\t<\/div>\n\t\t\t\t<\/div>\n\t\t\t\t<div class=\"elementor-element elementor-element-7c79d09 elementor-widget elementor-widget-heading\" data-id=\"7c79d09\" data-element_type=\"widget\" data-widget_type=\"heading.default\">\n\t\t\t\t<div class=\"elementor-widget-container\">\n\t\t\t<div class=\"elementor-heading-title elementor-size-default\">Gruppe Woopi<\/div>\t\t<\/div>\n\t\t\t\t<\/div>\n\t\t\t\t\t<\/div>\n\t\t<\/div>\n\t\t\t\t\t<\/div>\n\t\t<\/section>\n\t\t\t\t<\/div>\n\t\t","protected":false},"excerpt":{"rendered":"<p>Junior Companies 2022\/23 Recard, ReZip, Woopi \u00a0 Auch im siebten Jahr der Junior Companies an der HWI konnten die Sch\u00fcler*innen der Vertiefung Maschinenbau wieder ihre F\u00e4higkeiten im Bereich Entrepreneurship unter Beweis stellen. Unter dem Motto Nachhaltigkeit wurden im Schuljahr 2022\/2023 drei JCs gegr\u00fcndet: ReCard, ReZip und Whoopi. Besonders erfolgreich waren die Gr\u00fcnder*innen von ReCard, sie konnten den erfolgreichen 4. Platz [&hellip;]<\/p>\n","protected":false},"author":3,"featured_media":0,"parent":12686,"menu_order":0,"comment_status":"closed","ping_status":"closed","template":"elementor_header_footer","meta":[],"_links":{"self":[{"href":"http:\/\/172.16.202.26\/index.php?rest_route=\/wp\/v2\/pages\/24279"}],"collection":[{"href":"http:\/\/172.16.202.26\/index.php?rest_route=\/wp\/v2\/pages"}],"about":[{"href":"http:\/\/172.16.202.26\/index.php?rest_route=\/wp\/v2\/types\/page"}],"author":[{"embeddable":true,"href":"http:\/\/172.16.202.26\/index.php?rest_route=\/wp\/v2\/users\/3"}],"replies":[{"embeddable":true,"href":"http:\/\/172.16.202.26\/index.php?rest_route=%2Fwp%2Fv2%2Fcomments&post=24279"}],"version-history":[{"count":7,"href":"http:\/\/172.16.202.26\/index.php?rest_route=\/wp\/v2\/pages\/24279\/revisions"}],"predecessor-version":[{"id":24287,"href":"http:\/\/172.16.202.26\/index.php?rest_route=\/wp\/v2\/pages\/24279\/revisions\/24287"}],"up":[{"embeddable":true,"href":"http:\/\/172.16.202.26\/index.php?rest_route=\/wp\/v2\/pages\/12686"}],"wp:attachment":[{"href":"http:\/\/172.16.202.26\/index.php?rest_route=%2Fwp%2Fv2%2Fmedia&parent=24279"}],"curies":[{"name":"wp","href":"https:\/\/api.w.org\/{rel}","templated":true}]}}