{"id":2514,"date":"2022-04-09T12:12:58","date_gmt":"2022-04-09T10:12:58","guid":{"rendered":"http:\/\/192.189.51.53\/?page_id=2514"},"modified":"2024-08-30T17:57:02","modified_gmt":"2024-08-30T15:57:02","slug":"softskills","status":"publish","type":"page","link":"http:\/\/172.16.202.26\/?page_id=2514","title":{"rendered":"Softskills"},"content":{"rendered":"\t\t<div data-elementor-type=\"wp-page\" data-elementor-id=\"2514\" class=\"elementor elementor-2514\">\n\t\t\t\t\t\t<section class=\"elementor-section elementor-top-section elementor-element elementor-element-d94d3ce elementor-section-boxed elementor-section-height-default elementor-section-height-default\" data-id=\"d94d3ce\" data-element_type=\"section\">\n\t\t\t\t\t\t<div class=\"elementor-container elementor-column-gap-default\">\n\t\t\t\t\t<div class=\"elementor-column elementor-col-100 elementor-top-column elementor-element elementor-element-21ff2e8\" data-id=\"21ff2e8\" data-element_type=\"column\">\n\t\t\t<div class=\"elementor-widget-wrap elementor-element-populated\">\n\t\t\t\t\t\t<div class=\"elementor-element elementor-element-2417a3b elementor-widget elementor-widget-heading\" data-id=\"2417a3b\" data-element_type=\"widget\" data-widget_type=\"heading.default\">\n\t\t\t\t<div class=\"elementor-widget-container\">\n\t\t\t<style>\/*! elementor - v3.20.0 - 13-03-2024 *\/\n.elementor-heading-title{padding:0;margin:0;line-height:1}.elementor-widget-heading .elementor-heading-title[class*=elementor-size-]>a{color:inherit;font-size:inherit;line-height:inherit}.elementor-widget-heading .elementor-heading-title.elementor-size-small{font-size:15px}.elementor-widget-heading .elementor-heading-title.elementor-size-medium{font-size:19px}.elementor-widget-heading .elementor-heading-title.elementor-size-large{font-size:29px}.elementor-widget-heading .elementor-heading-title.elementor-size-xl{font-size:39px}.elementor-widget-heading .elementor-heading-title.elementor-size-xxl{font-size:59px}<\/style><h2 class=\"elementor-heading-title elementor-size-default\">Softskills<\/h2>\t\t<\/div>\n\t\t\t\t<\/div>\n\t\t\t\t\t<\/div>\n\t\t<\/div>\n\t\t\t\t\t<\/div>\n\t\t<\/section>\n\t\t\t\t<section class=\"elementor-section elementor-top-section elementor-element elementor-element-b01b3c3 elementor-section-boxed elementor-section-height-default elementor-section-height-default\" data-id=\"b01b3c3\" data-element_type=\"section\">\n\t\t\t\t\t\t<div class=\"elementor-container elementor-column-gap-default\">\n\t\t\t\t\t<div class=\"elementor-column elementor-col-100 elementor-top-column elementor-element elementor-element-af813c2\" data-id=\"af813c2\" data-element_type=\"column\">\n\t\t\t<div class=\"elementor-widget-wrap elementor-element-populated\">\n\t\t\t\t\t\t<div class=\"elementor-element elementor-element-7d8ef5d elementor-widget elementor-widget-image\" data-id=\"7d8ef5d\" data-element_type=\"widget\" data-widget_type=\"image.default\">\n\t\t\t\t<div class=\"elementor-widget-container\">\n\t\t\t<style>\/*! elementor - v3.20.0 - 13-03-2024 *\/\n.elementor-widget-image{text-align:center}.elementor-widget-image a{display:inline-block}.elementor-widget-image a img[src$=\".svg\"]{width:48px}.elementor-widget-image img{vertical-align:middle;display:inline-block}<\/style>\t\t\t\t\t\t\t\t\t\t<img fetchpriority=\"high\" decoding=\"async\" width=\"640\" height=\"303\" src=\"http:\/\/172.16.202.26\/wp-content\/uploads\/2022\/04\/Softskills-768x363.jpg\" class=\"attachment-medium_large size-medium_large wp-image-2516\" alt=\"\" srcset=\"http:\/\/172.16.202.26\/wp-content\/uploads\/2022\/04\/Softskills-768x363.jpg 768w, http:\/\/172.16.202.26\/wp-content\/uploads\/2022\/04\/Softskills-300x142.jpg 300w, http:\/\/172.16.202.26\/wp-content\/uploads\/2022\/04\/Softskills-1024x484.jpg 1024w, http:\/\/172.16.202.26\/wp-content\/uploads\/2022\/04\/Softskills.jpg 1037w\" sizes=\"(max-width: 640px) 100vw, 640px\" \/>\t\t\t\t\t\t\t\t\t\t\t\t\t<\/div>\n\t\t\t\t<\/div>\n\t\t\t\t\t<\/div>\n\t\t<\/div>\n\t\t\t\t\t<\/div>\n\t\t<\/section>\n\t\t\t\t<section class=\"elementor-section elementor-top-section elementor-element elementor-element-fc826e5 elementor-section-boxed elementor-section-height-default elementor-section-height-default\" data-id=\"fc826e5\" data-element_type=\"section\">\n\t\t\t\t\t\t<div class=\"elementor-container elementor-column-gap-default\">\n\t\t\t\t\t<div class=\"elementor-column elementor-col-100 elementor-top-column elementor-element elementor-element-42930fa\" data-id=\"42930fa\" data-element_type=\"column\">\n\t\t\t<div class=\"elementor-widget-wrap elementor-element-populated\">\n\t\t\t\t\t\t<div class=\"elementor-element elementor-element-b18b121 elementor-widget elementor-widget-text-editor\" data-id=\"b18b121\" data-element_type=\"widget\" data-widget_type=\"text-editor.default\">\n\t\t\t\t<div class=\"elementor-widget-container\">\n\t\t\t<style>\/*! elementor - v3.20.0 - 13-03-2024 *\/\n.elementor-widget-text-editor.elementor-drop-cap-view-stacked .elementor-drop-cap{background-color:#69727d;color:#fff}.elementor-widget-text-editor.elementor-drop-cap-view-framed .elementor-drop-cap{color:#69727d;border:3px solid;background-color:transparent}.elementor-widget-text-editor:not(.elementor-drop-cap-view-default) .elementor-drop-cap{margin-top:8px}.elementor-widget-text-editor:not(.elementor-drop-cap-view-default) .elementor-drop-cap-letter{width:1em;height:1em}.elementor-widget-text-editor .elementor-drop-cap{float:left;text-align:center;line-height:1;font-size:50px}.elementor-widget-text-editor .elementor-drop-cap-letter{display:inline-block}<\/style>\t\t\t\t<p>Soft Skills sind mega wichtig! Du brauchst sie immer dann, wenn du mit anderen interagierst.<\/p><p>Heutzutage sind Soft Skills total entscheidend f\u00fcr deinen Erfolg im Berufsleben und k\u00f6nnen deine Karriere richtig voranbringen.<\/p><p>\u00a0<\/p><p><strong>Wirtschaftsingenieur*innen sind &#8230;<\/strong><\/p>\t\t\t\t\t\t<\/div>\n\t\t\t\t<\/div>\n\t\t\t\t\t<\/div>\n\t\t<\/div>\n\t\t\t\t\t<\/div>\n\t\t<\/section>\n\t\t\t\t<section class=\"elementor-section elementor-top-section elementor-element elementor-element-8c23d8f elementor-section-boxed elementor-section-height-default elementor-section-height-default\" data-id=\"8c23d8f\" data-element_type=\"section\">\n\t\t\t\t\t\t<div class=\"elementor-container elementor-column-gap-default\">\n\t\t\t\t\t<div class=\"elementor-column elementor-col-100 elementor-top-column elementor-element elementor-element-3c52efe\" data-id=\"3c52efe\" data-element_type=\"column\">\n\t\t\t<div class=\"elementor-widget-wrap elementor-element-populated\">\n\t\t\t\t\t\t<div class=\"elementor-element elementor-element-cd4c125 elementor-widget elementor-widget-heading\" data-id=\"cd4c125\" data-element_type=\"widget\" data-widget_type=\"heading.default\">\n\t\t\t\t<div class=\"elementor-widget-container\">\n\t\t\t<h3 class=\"elementor-heading-title elementor-size-default\">LEADER!<\/h3>\t\t<\/div>\n\t\t\t\t<\/div>\n\t\t\t\t<div class=\"elementor-element elementor-element-5d7b7ea elementor-widget elementor-widget-text-editor\" data-id=\"5d7b7ea\" data-element_type=\"widget\" data-widget_type=\"text-editor.default\">\n\t\t\t\t<div class=\"elementor-widget-container\">\n\t\t\t\t\t\t\t<h4 id=\"f-hrungspers-nlichkeiten-\"><img decoding=\"async\" class=\"wp-image-2517 size-medium alignright\" src=\"http:\/\/172.16.202.26\/wp-content\/uploads\/2022\/04\/Soft1-300x176.jpg\" alt=\"\" width=\"300\" height=\"176\" srcset=\"http:\/\/172.16.202.26\/wp-content\/uploads\/2022\/04\/Soft1-300x176.jpg 300w, http:\/\/172.16.202.26\/wp-content\/uploads\/2022\/04\/Soft1.jpg 640w\" sizes=\"(max-width: 300px) 100vw, 300px\" \/><\/h4><p>\u00a0<\/p><p>Du willst eine F\u00fchrungspers\u00f6nlichkeit werden und vor keiner neuen Herausforderung zur\u00fcckschrecken? Dann bist DU bei uns genau richtig. Im Rahmen unserer Ausbildung vermitteln wir DIR, was eine gute F\u00fchrungskraft im technischen UND wirtschaftlichen Bereich ausmacht.<\/p>\t\t\t\t\t\t<\/div>\n\t\t\t\t<\/div>\n\t\t\t\t\t<\/div>\n\t\t<\/div>\n\t\t\t\t\t<\/div>\n\t\t<\/section>\n\t\t\t\t<section class=\"elementor-section elementor-top-section elementor-element elementor-element-affe361 elementor-section-boxed elementor-section-height-default elementor-section-height-default\" data-id=\"affe361\" data-element_type=\"section\">\n\t\t\t\t\t\t<div class=\"elementor-container elementor-column-gap-default\">\n\t\t\t\t\t<div class=\"elementor-column elementor-col-100 elementor-top-column elementor-element elementor-element-0de843b\" data-id=\"0de843b\" data-element_type=\"column\">\n\t\t\t<div class=\"elementor-widget-wrap elementor-element-populated\">\n\t\t\t\t\t\t<div class=\"elementor-element elementor-element-4993ba6 elementor-widget elementor-widget-heading\" data-id=\"4993ba6\" data-element_type=\"widget\" data-widget_type=\"heading.default\">\n\t\t\t\t<div class=\"elementor-widget-container\">\n\t\t\t<h3 class=\"elementor-heading-title elementor-size-default\">ORGANISATIONSTALENTE!<\/h3>\t\t<\/div>\n\t\t\t\t<\/div>\n\t\t\t\t<div class=\"elementor-element elementor-element-4f902fd elementor-widget elementor-widget-text-editor\" data-id=\"4f902fd\" data-element_type=\"widget\" data-widget_type=\"text-editor.default\">\n\t\t\t\t<div class=\"elementor-widget-container\">\n\t\t\t\t\t\t\t<h4><img decoding=\"async\" class=\"wp-image-2520 size-medium alignright\" src=\"http:\/\/172.16.202.26\/wp-content\/uploads\/2022\/04\/Soft4-300x184.jpg\" alt=\"\" width=\"300\" height=\"184\" srcset=\"http:\/\/172.16.202.26\/wp-content\/uploads\/2022\/04\/Soft4-300x184.jpg 300w, http:\/\/172.16.202.26\/wp-content\/uploads\/2022\/04\/Soft4.jpg 640w\" sizes=\"(max-width: 300px) 100vw, 300px\" \/><\/h4><p>\u00a0<\/p><p>Schon w\u00e4hrend der Ausbildung wirst DU von uns darauf vorbereitet, Projekte selbstst\u00e4ndig zu organisieren. Du hast einen vollen Terminkalender aufgrund von Schularbeiten, Tests, Sport oder sonstigen Freizeitaktivit\u00e4ten?<\/p><p>\u00dcberhaupt kein Problem! Als angehende Wirtschaftsingenieurin bzw. angehender Wirtschaftsingenieur beh\u00e4ltst DU dank der gew\u00e4hlten Ausbildung immer einen k\u00fchlen Kopf und wirst auch diese Herausforderungen meistern.<\/p><p>Genau diese Eigenschaften machen DICH als Wirtschaftsingenieur bzw. Wirtschaftsingenieurin aus.<\/p>\t\t\t\t\t\t<\/div>\n\t\t\t\t<\/div>\n\t\t\t\t\t<\/div>\n\t\t<\/div>\n\t\t\t\t\t<\/div>\n\t\t<\/section>\n\t\t\t\t<section class=\"elementor-section elementor-top-section elementor-element elementor-element-a226dec elementor-section-boxed elementor-section-height-default elementor-section-height-default\" data-id=\"a226dec\" data-element_type=\"section\">\n\t\t\t\t\t\t<div class=\"elementor-container elementor-column-gap-default\">\n\t\t\t\t\t<div class=\"elementor-column elementor-col-100 elementor-top-column elementor-element elementor-element-73ce264\" data-id=\"73ce264\" data-element_type=\"column\">\n\t\t\t<div class=\"elementor-widget-wrap elementor-element-populated\">\n\t\t\t\t\t\t<div class=\"elementor-element elementor-element-4296013 elementor-widget elementor-widget-heading\" data-id=\"4296013\" data-element_type=\"widget\" data-widget_type=\"heading.default\">\n\t\t\t\t<div class=\"elementor-widget-container\">\n\t\t\t<h3 class=\"elementor-heading-title elementor-size-default\">PR\u00c4SENTATIONSPROFIS!<\/h3>\t\t<\/div>\n\t\t\t\t<\/div>\n\t\t\t\t<div class=\"elementor-element elementor-element-a8666ef elementor-widget elementor-widget-text-editor\" data-id=\"a8666ef\" data-element_type=\"widget\" data-widget_type=\"text-editor.default\">\n\t\t\t\t<div class=\"elementor-widget-container\">\n\t\t\t\t\t\t\t<h4><img loading=\"lazy\" decoding=\"async\" class=\"wp-image-2521 size-medium alignright\" src=\"http:\/\/172.16.202.26\/wp-content\/uploads\/2022\/04\/Soft5-300x169.jpg\" alt=\"\" width=\"300\" height=\"169\" srcset=\"http:\/\/172.16.202.26\/wp-content\/uploads\/2022\/04\/Soft5-300x169.jpg 300w, http:\/\/172.16.202.26\/wp-content\/uploads\/2022\/04\/Soft5.jpg 640w\" sizes=\"(max-width: 300px) 100vw, 300px\" \/><\/h4><p>\u00a0<\/p><p>Entscheidest DU dich f\u00fcr unsere Ausbildung, wirst DU aufgrund deines professionellen Auftretens aus der Menge hervorstechen! Pr\u00e4sentationen vor gro\u00dfen Unternehmen sind f\u00fcr DICH als Wirtschaftsingenieurin bzw. Wirtschaftsingenieur keine Herausforderung. Es erwartet dich nach DEINER Ausbildung eine aufregende Karriere mit ungeahnten M\u00f6glichkeiten.<\/p><p>Du hast die M\u00f6glichkeit kreativ zu sein und die Welt von morgen mitzugestalten.<\/p>\t\t\t\t\t\t<\/div>\n\t\t\t\t<\/div>\n\t\t\t\t\t<\/div>\n\t\t<\/div>\n\t\t\t\t\t<\/div>\n\t\t<\/section>\n\t\t\t\t<section class=\"elementor-section elementor-top-section elementor-element elementor-element-d242916 elementor-section-boxed elementor-section-height-default elementor-section-height-default\" data-id=\"d242916\" data-element_type=\"section\">\n\t\t\t\t\t\t<div class=\"elementor-container elementor-column-gap-default\">\n\t\t\t\t\t<div class=\"elementor-column elementor-col-100 elementor-top-column elementor-element elementor-element-eea8fc6\" data-id=\"eea8fc6\" data-element_type=\"column\">\n\t\t\t<div class=\"elementor-widget-wrap elementor-element-populated\">\n\t\t\t\t\t\t<div class=\"elementor-element elementor-element-939b5be elementor-widget elementor-widget-heading\" data-id=\"939b5be\" data-element_type=\"widget\" data-widget_type=\"heading.default\">\n\t\t\t\t<div class=\"elementor-widget-container\">\n\t\t\t<h3 class=\"elementor-heading-title elementor-size-default\">NETWORKER und SOCIALISER!<\/h3>\t\t<\/div>\n\t\t\t\t<\/div>\n\t\t\t\t<div class=\"elementor-element elementor-element-6bf250a elementor-widget elementor-widget-text-editor\" data-id=\"6bf250a\" data-element_type=\"widget\" data-widget_type=\"text-editor.default\">\n\t\t\t\t<div class=\"elementor-widget-container\">\n\t\t\t\t\t\t\t<h4><img loading=\"lazy\" decoding=\"async\" class=\"wp-image-2522 size-medium alignright\" src=\"http:\/\/172.16.202.26\/wp-content\/uploads\/2022\/04\/Soft6-300x141.jpg\" alt=\"\" width=\"300\" height=\"141\" srcset=\"http:\/\/172.16.202.26\/wp-content\/uploads\/2022\/04\/Soft6-300x141.jpg 300w, http:\/\/172.16.202.26\/wp-content\/uploads\/2022\/04\/Soft6.jpg 640w\" sizes=\"(max-width: 300px) 100vw, 300px\" \/><\/h4><p>\u00a0<\/p><p>Wir wollen DIR in unserer Ausbildung neben technischen und wirtschaftlichen auch soziale Werte n\u00e4her bringen. Auch DU sollst nach der Ausbildung zum Wirtschaftsingenieur bzw. zur Wirtschaftsingenieurin einen positiven und wertvollen Beitrag zur Entwicklung unserer Gesellschaft beitragen.<\/p><p>Entscheidest DU dich f\u00fcr unsere Ausbildung, wirst DU aufgrund deines professionellen Auftretens aus der Menge hervorstechen!\u00a0 Es erwartet dich eine aufregende Karriere mit ungeahnten M\u00f6glichkeiten n\u00e4mlich kreativ zu sein und die Welt von morgen mitzugestalten.<\/p>\t\t\t\t\t\t<\/div>\n\t\t\t\t<\/div>\n\t\t\t\t\t<\/div>\n\t\t<\/div>\n\t\t\t\t\t<\/div>\n\t\t<\/section>\n\t\t\t\t<\/div>\n\t\t","protected":false},"excerpt":{"rendered":"<p>Softskills Soft Skills sind mega wichtig! Du brauchst sie immer dann, wenn du mit anderen interagierst. Heutzutage sind Soft Skills total entscheidend f\u00fcr deinen Erfolg im Berufsleben und k\u00f6nnen deine Karriere richtig voranbringen. \u00a0 Wirtschaftsingenieur*innen sind &#8230; LEADER! \u00a0 Du willst eine F\u00fchrungspers\u00f6nlichkeit werden und vor keiner neuen Herausforderung zur\u00fcckschrecken? Dann bist DU bei uns genau richtig. Im Rahmen unserer [&hellip;]<\/p>\n","protected":false},"author":3,"featured_media":0,"parent":12686,"menu_order":0,"comment_status":"closed","ping_status":"closed","template":"elementor_header_footer","meta":[],"_links":{"self":[{"href":"http:\/\/172.16.202.26\/index.php?rest_route=\/wp\/v2\/pages\/2514"}],"collection":[{"href":"http:\/\/172.16.202.26\/index.php?rest_route=\/wp\/v2\/pages"}],"about":[{"href":"http:\/\/172.16.202.26\/index.php?rest_route=\/wp\/v2\/types\/page"}],"author":[{"embeddable":true,"href":"http:\/\/172.16.202.26\/index.php?rest_route=\/wp\/v2\/users\/3"}],"replies":[{"embeddable":true,"href":"http:\/\/172.16.202.26\/index.php?rest_route=%2Fwp%2Fv2%2Fcomments&post=2514"}],"version-history":[{"count":46,"href":"http:\/\/172.16.202.26\/index.php?rest_route=\/wp\/v2\/pages\/2514\/revisions"}],"predecessor-version":[{"id":23289,"href":"http:\/\/172.16.202.26\/index.php?rest_route=\/wp\/v2\/pages\/2514\/revisions\/23289"}],"up":[{"embeddable":true,"href":"http:\/\/172.16.202.26\/index.php?rest_route=\/wp\/v2\/pages\/12686"}],"wp:attachment":[{"href":"http:\/\/172.16.202.26\/index.php?rest_route=%2Fwp%2Fv2%2Fmedia&parent=2514"}],"curies":[{"name":"wp","href":"https:\/\/api.w.org\/{rel}","templated":true}]}}