{"id":2658,"date":"2022-04-10T17:44:46","date_gmt":"2022-04-10T15:44:46","guid":{"rendered":"http:\/\/192.189.51.53\/?page_id=2658"},"modified":"2023-07-10T08:27:30","modified_gmt":"2023-07-10T06:27:30","slug":"werkstaette_wi","status":"publish","type":"page","link":"http:\/\/172.16.202.26\/?page_id=2658","title":{"rendered":"Werkst\u00e4tte WI"},"content":{"rendered":"\t\t<div data-elementor-type=\"wp-page\" data-elementor-id=\"2658\" class=\"elementor elementor-2658\">\n\t\t\t\t\t\t<section class=\"elementor-section elementor-top-section elementor-element elementor-element-d94d3ce elementor-section-boxed elementor-section-height-default elementor-section-height-default\" data-id=\"d94d3ce\" data-element_type=\"section\">\n\t\t\t\t\t\t<div class=\"elementor-container elementor-column-gap-default\">\n\t\t\t\t\t<div class=\"elementor-column elementor-col-100 elementor-top-column elementor-element elementor-element-21ff2e8\" data-id=\"21ff2e8\" data-element_type=\"column\">\n\t\t\t<div class=\"elementor-widget-wrap elementor-element-populated\">\n\t\t\t\t\t\t<div class=\"elementor-element elementor-element-2417a3b elementor-widget elementor-widget-heading\" data-id=\"2417a3b\" data-element_type=\"widget\" data-widget_type=\"heading.default\">\n\t\t\t\t<div class=\"elementor-widget-container\">\n\t\t\t<style>\/*! elementor - v3.20.0 - 13-03-2024 *\/\n.elementor-heading-title{padding:0;margin:0;line-height:1}.elementor-widget-heading .elementor-heading-title[class*=elementor-size-]>a{color:inherit;font-size:inherit;line-height:inherit}.elementor-widget-heading .elementor-heading-title.elementor-size-small{font-size:15px}.elementor-widget-heading .elementor-heading-title.elementor-size-medium{font-size:19px}.elementor-widget-heading .elementor-heading-title.elementor-size-large{font-size:29px}.elementor-widget-heading .elementor-heading-title.elementor-size-xl{font-size:39px}.elementor-widget-heading .elementor-heading-title.elementor-size-xxl{font-size:59px}<\/style><h2 class=\"elementor-heading-title elementor-size-default\">Werkst\u00e4tte in der HWI<\/h2>\t\t<\/div>\n\t\t\t\t<\/div>\n\t\t\t\t\t<\/div>\n\t\t<\/div>\n\t\t\t\t\t<\/div>\n\t\t<\/section>\n\t\t\t\t<section class=\"elementor-section elementor-top-section elementor-element elementor-element-fc826e5 elementor-section-boxed elementor-section-height-default elementor-section-height-default\" data-id=\"fc826e5\" data-element_type=\"section\">\n\t\t\t\t\t\t<div class=\"elementor-container elementor-column-gap-default\">\n\t\t\t\t\t<div class=\"elementor-column elementor-col-100 elementor-top-column elementor-element elementor-element-42930fa\" data-id=\"42930fa\" data-element_type=\"column\">\n\t\t\t<div class=\"elementor-widget-wrap elementor-element-populated\">\n\t\t\t\t\t\t<div class=\"elementor-element elementor-element-be4f0cb elementor-widget elementor-widget-heading\" data-id=\"be4f0cb\" data-element_type=\"widget\" data-widget_type=\"heading.default\">\n\t\t\t\t<div class=\"elementor-widget-container\">\n\t\t\t<h3 class=\"elementor-heading-title elementor-size-default\">Werkst\u00e4tte<\/h3>\t\t<\/div>\n\t\t\t\t<\/div>\n\t\t\t\t<div class=\"elementor-element elementor-element-b18b121 elementor-widget elementor-widget-text-editor\" data-id=\"b18b121\" data-element_type=\"widget\" data-widget_type=\"text-editor.default\">\n\t\t\t\t<div class=\"elementor-widget-container\">\n\t\t\t<style>\/*! elementor - v3.20.0 - 13-03-2024 *\/\n.elementor-widget-text-editor.elementor-drop-cap-view-stacked .elementor-drop-cap{background-color:#69727d;color:#fff}.elementor-widget-text-editor.elementor-drop-cap-view-framed .elementor-drop-cap{color:#69727d;border:3px solid;background-color:transparent}.elementor-widget-text-editor:not(.elementor-drop-cap-view-default) .elementor-drop-cap{margin-top:8px}.elementor-widget-text-editor:not(.elementor-drop-cap-view-default) .elementor-drop-cap-letter{width:1em;height:1em}.elementor-widget-text-editor .elementor-drop-cap{float:left;text-align:center;line-height:1;font-size:50px}.elementor-widget-text-editor .elementor-drop-cap-letter{display:inline-block}<\/style>\t\t\t\t<p>In der Werkst\u00e4tte werden die grundlegenden Kenntnisse in unterschiedlichen praktischen und technischen F\u00e4higkeiten vermittelt. Diese praxisorientierte Art der Ausbildung bietet sowohl f\u00fcr die Arbeitswelt als auch f\u00fcr ein weiterf\u00fchrendes Studium eine wertvolle Basis. Je nach Vertiefung erlernen unsere Sch\u00fclerinnen und Sch\u00fcler verschiedenste Technologien und Fertigungstechniken kennen. In der Werkst\u00e4tte werden die Klassen in Kleingruppen aufgeteilt, das hat neben dem sicherheitstechnischen auch einen p\u00e4dagogischen Aspekt.<\/p><p>\u00a0<\/p><p>Die\u00a0<strong>wichtigsten Werkst\u00e4tten<\/strong>\u00a0im Bereich der Wirtschaftsingenieure sind:<\/p><p>Maschinenbau Grundausbildung \u2013 Zerspanungstechnik \u2013 Drehen \u2013 Fr\u00e4sen, Elektrotechnik, Kunststofftechnik, Computer und Netzwerktechnik, Arbeitsvorbereitung, Schwei\u00dferei, Gie\u00dferei, Modelltischlerei, CNC, Werkzeug- und Vorrichtungsbau.<\/p>\t\t\t\t\t\t<\/div>\n\t\t\t\t<\/div>\n\t\t\t\t\t<\/div>\n\t\t<\/div>\n\t\t\t\t\t<\/div>\n\t\t<\/section>\n\t\t\t\t<section class=\"elementor-section elementor-top-section elementor-element elementor-element-ad0d13c elementor-section-boxed elementor-section-height-default elementor-section-height-default\" data-id=\"ad0d13c\" data-element_type=\"section\">\n\t\t\t\t\t\t<div class=\"elementor-container elementor-column-gap-default\">\n\t\t\t\t\t<div class=\"elementor-column elementor-col-33 elementor-top-column elementor-element elementor-element-c49b7eb\" data-id=\"c49b7eb\" data-element_type=\"column\">\n\t\t\t<div class=\"elementor-widget-wrap elementor-element-populated\">\n\t\t\t\t\t\t<div class=\"elementor-element elementor-element-856d901 elementor-widget elementor-widget-image\" data-id=\"856d901\" data-element_type=\"widget\" data-widget_type=\"image.default\">\n\t\t\t\t<div class=\"elementor-widget-container\">\n\t\t\t<style>\/*! elementor - v3.20.0 - 13-03-2024 *\/\n.elementor-widget-image{text-align:center}.elementor-widget-image a{display:inline-block}.elementor-widget-image a img[src$=\".svg\"]{width:48px}.elementor-widget-image img{vertical-align:middle;display:inline-block}<\/style>\t\t\t\t\t\t\t\t\t\t<img fetchpriority=\"high\" decoding=\"async\" width=\"300\" height=\"200\" src=\"http:\/\/172.16.202.26\/wp-content\/uploads\/2022\/04\/werk_5-300x200.jpg\" class=\"attachment-medium size-medium wp-image-2666\" alt=\"\" srcset=\"http:\/\/172.16.202.26\/wp-content\/uploads\/2022\/04\/werk_5-300x200.jpg 300w, http:\/\/172.16.202.26\/wp-content\/uploads\/2022\/04\/werk_5-1024x682.jpg 1024w, http:\/\/172.16.202.26\/wp-content\/uploads\/2022\/04\/werk_5-768x512.jpg 768w, http:\/\/172.16.202.26\/wp-content\/uploads\/2022\/04\/werk_5-1536x1024.jpg 1536w, http:\/\/172.16.202.26\/wp-content\/uploads\/2022\/04\/werk_5-600x400.jpg 600w, http:\/\/172.16.202.26\/wp-content\/uploads\/2022\/04\/werk_5.jpg 2000w\" sizes=\"(max-width: 300px) 100vw, 300px\" \/>\t\t\t\t\t\t\t\t\t\t\t\t\t<\/div>\n\t\t\t\t<\/div>\n\t\t\t\t<div class=\"elementor-element elementor-element-29991af elementor-widget elementor-widget-image\" data-id=\"29991af\" data-element_type=\"widget\" data-widget_type=\"image.default\">\n\t\t\t\t<div class=\"elementor-widget-container\">\n\t\t\t\t\t\t\t\t\t\t\t\t\t<img decoding=\"async\" width=\"300\" height=\"200\" src=\"http:\/\/172.16.202.26\/wp-content\/uploads\/2022\/04\/werk_6-300x200.jpg\" class=\"attachment-medium size-medium wp-image-2667\" alt=\"\" srcset=\"http:\/\/172.16.202.26\/wp-content\/uploads\/2022\/04\/werk_6-300x200.jpg 300w, http:\/\/172.16.202.26\/wp-content\/uploads\/2022\/04\/werk_6-1024x682.jpg 1024w, http:\/\/172.16.202.26\/wp-content\/uploads\/2022\/04\/werk_6-768x512.jpg 768w, http:\/\/172.16.202.26\/wp-content\/uploads\/2022\/04\/werk_6-1536x1024.jpg 1536w, http:\/\/172.16.202.26\/wp-content\/uploads\/2022\/04\/werk_6-600x400.jpg 600w, http:\/\/172.16.202.26\/wp-content\/uploads\/2022\/04\/werk_6.jpg 2000w\" sizes=\"(max-width: 300px) 100vw, 300px\" \/>\t\t\t\t\t\t\t\t\t\t\t\t\t<\/div>\n\t\t\t\t<\/div>\n\t\t\t\t\t<\/div>\n\t\t<\/div>\n\t\t\t\t<div class=\"elementor-column elementor-col-33 elementor-top-column elementor-element elementor-element-bc1adda\" data-id=\"bc1adda\" data-element_type=\"column\">\n\t\t\t<div class=\"elementor-widget-wrap elementor-element-populated\">\n\t\t\t\t\t\t<div class=\"elementor-element elementor-element-e6ea3da elementor-widget elementor-widget-image\" data-id=\"e6ea3da\" data-element_type=\"widget\" data-widget_type=\"image.default\">\n\t\t\t\t<div class=\"elementor-widget-container\">\n\t\t\t\t\t\t\t\t\t\t\t\t\t<img decoding=\"async\" width=\"300\" height=\"200\" src=\"http:\/\/172.16.202.26\/wp-content\/uploads\/2022\/04\/werk_2-300x200.jpg\" class=\"attachment-medium size-medium wp-image-2664\" alt=\"\" srcset=\"http:\/\/172.16.202.26\/wp-content\/uploads\/2022\/04\/werk_2-300x200.jpg 300w, http:\/\/172.16.202.26\/wp-content\/uploads\/2022\/04\/werk_2-600x400.jpg 600w, http:\/\/172.16.202.26\/wp-content\/uploads\/2022\/04\/werk_2.jpg 640w\" sizes=\"(max-width: 300px) 100vw, 300px\" \/>\t\t\t\t\t\t\t\t\t\t\t\t\t<\/div>\n\t\t\t\t<\/div>\n\t\t\t\t<div class=\"elementor-element elementor-element-0dbc550 elementor-widget elementor-widget-image\" data-id=\"0dbc550\" data-element_type=\"widget\" data-widget_type=\"image.default\">\n\t\t\t\t<div class=\"elementor-widget-container\">\n\t\t\t\t\t\t\t\t\t\t\t\t\t<img loading=\"lazy\" decoding=\"async\" width=\"300\" height=\"200\" src=\"http:\/\/172.16.202.26\/wp-content\/uploads\/2022\/04\/werk_3-300x200.jpg\" class=\"attachment-medium size-medium wp-image-2663\" alt=\"\" srcset=\"http:\/\/172.16.202.26\/wp-content\/uploads\/2022\/04\/werk_3-300x200.jpg 300w, http:\/\/172.16.202.26\/wp-content\/uploads\/2022\/04\/werk_3-1024x682.jpg 1024w, http:\/\/172.16.202.26\/wp-content\/uploads\/2022\/04\/werk_3-768x512.jpg 768w, http:\/\/172.16.202.26\/wp-content\/uploads\/2022\/04\/werk_3-1536x1024.jpg 1536w, http:\/\/172.16.202.26\/wp-content\/uploads\/2022\/04\/werk_3-600x400.jpg 600w, http:\/\/172.16.202.26\/wp-content\/uploads\/2022\/04\/werk_3.jpg 2000w\" sizes=\"(max-width: 300px) 100vw, 300px\" \/>\t\t\t\t\t\t\t\t\t\t\t\t\t<\/div>\n\t\t\t\t<\/div>\n\t\t\t\t\t<\/div>\n\t\t<\/div>\n\t\t\t\t<div class=\"elementor-column elementor-col-33 elementor-top-column elementor-element elementor-element-af9c29a\" data-id=\"af9c29a\" data-element_type=\"column\">\n\t\t\t<div class=\"elementor-widget-wrap elementor-element-populated\">\n\t\t\t\t\t\t<div class=\"elementor-element elementor-element-5099131 elementor-widget elementor-widget-image\" data-id=\"5099131\" data-element_type=\"widget\" data-widget_type=\"image.default\">\n\t\t\t\t<div class=\"elementor-widget-container\">\n\t\t\t\t\t\t\t\t\t\t\t\t\t<img loading=\"lazy\" decoding=\"async\" width=\"300\" height=\"200\" src=\"http:\/\/172.16.202.26\/wp-content\/uploads\/2022\/04\/werk_4-300x200.jpg\" class=\"attachment-medium size-medium wp-image-2665\" alt=\"\" srcset=\"http:\/\/172.16.202.26\/wp-content\/uploads\/2022\/04\/werk_4-300x200.jpg 300w, http:\/\/172.16.202.26\/wp-content\/uploads\/2022\/04\/werk_4-1024x682.jpg 1024w, http:\/\/172.16.202.26\/wp-content\/uploads\/2022\/04\/werk_4-768x512.jpg 768w, http:\/\/172.16.202.26\/wp-content\/uploads\/2022\/04\/werk_4-1536x1024.jpg 1536w, http:\/\/172.16.202.26\/wp-content\/uploads\/2022\/04\/werk_4-600x400.jpg 600w, http:\/\/172.16.202.26\/wp-content\/uploads\/2022\/04\/werk_4.jpg 2000w\" sizes=\"(max-width: 300px) 100vw, 300px\" \/>\t\t\t\t\t\t\t\t\t\t\t\t\t<\/div>\n\t\t\t\t<\/div>\n\t\t\t\t<div class=\"elementor-element elementor-element-c485bc7 elementor-widget elementor-widget-image\" data-id=\"c485bc7\" data-element_type=\"widget\" data-widget_type=\"image.default\">\n\t\t\t\t<div class=\"elementor-widget-container\">\n\t\t\t\t\t\t\t\t\t\t\t\t\t<img loading=\"lazy\" decoding=\"async\" width=\"300\" height=\"200\" src=\"http:\/\/172.16.202.26\/wp-content\/uploads\/2022\/04\/werk_1-300x200.jpg\" class=\"attachment-medium size-medium wp-image-2662\" alt=\"\" srcset=\"http:\/\/172.16.202.26\/wp-content\/uploads\/2022\/04\/werk_1-300x200.jpg 300w, http:\/\/172.16.202.26\/wp-content\/uploads\/2022\/04\/werk_1-600x400.jpg 600w, http:\/\/172.16.202.26\/wp-content\/uploads\/2022\/04\/werk_1.jpg 640w\" sizes=\"(max-width: 300px) 100vw, 300px\" \/>\t\t\t\t\t\t\t\t\t\t\t\t\t<\/div>\n\t\t\t\t<\/div>\n\t\t\t\t\t<\/div>\n\t\t<\/div>\n\t\t\t\t\t<\/div>\n\t\t<\/section>\n\t\t\t\t<section class=\"elementor-section elementor-top-section elementor-element elementor-element-318b583 elementor-section-boxed elementor-section-height-default elementor-section-height-default\" data-id=\"318b583\" data-element_type=\"section\">\n\t\t\t\t\t\t<div class=\"elementor-container elementor-column-gap-default\">\n\t\t\t\t\t<div class=\"elementor-column elementor-col-100 elementor-top-column elementor-element elementor-element-8d47102\" data-id=\"8d47102\" data-element_type=\"column\">\n\t\t\t<div class=\"elementor-widget-wrap elementor-element-populated\">\n\t\t\t\t\t\t<div class=\"elementor-element elementor-element-73422f9 elementor-widget elementor-widget-heading\" data-id=\"73422f9\" data-element_type=\"widget\" data-widget_type=\"heading.default\">\n\t\t\t\t<div class=\"elementor-widget-container\">\n\t\t\t<h3 class=\"elementor-heading-title elementor-size-default\">Laborunterricht<\/h3>\t\t<\/div>\n\t\t\t\t<\/div>\n\t\t\t\t<div class=\"elementor-element elementor-element-422fb37 elementor-widget elementor-widget-text-editor\" data-id=\"422fb37\" data-element_type=\"widget\" data-widget_type=\"text-editor.default\">\n\t\t\t\t<div class=\"elementor-widget-container\">\n\t\t\t\t\t\t\t<p>Im 4. und 5. Jahrgang haben unsere Sch\u00fclerinnen und Sch\u00fcler neben der Werkst\u00e4tte auch Laborunterricht. Hier werden theoretische Inhalte des Unterrichts durch praktische Anwendungen in den Labors erg\u00e4nzt. Je nach Vertiefung unterscheiden sich die Laborinhalte.<\/p>\t\t\t\t\t\t<\/div>\n\t\t\t\t<\/div>\n\t\t\t\t\t<\/div>\n\t\t<\/div>\n\t\t\t\t\t<\/div>\n\t\t<\/section>\n\t\t\t\t<section class=\"elementor-section elementor-top-section elementor-element elementor-element-85299b9 elementor-section-boxed elementor-section-height-default elementor-section-height-default\" data-id=\"85299b9\" data-element_type=\"section\">\n\t\t\t\t\t\t<div class=\"elementor-container elementor-column-gap-default\">\n\t\t\t\t\t<div class=\"elementor-column elementor-col-100 elementor-top-column elementor-element elementor-element-09fe690\" data-id=\"09fe690\" data-element_type=\"column\">\n\t\t\t<div class=\"elementor-widget-wrap elementor-element-populated\">\n\t\t\t\t\t\t<div class=\"elementor-element elementor-element-a0d4b8e elementor-widget elementor-widget-text-editor\" data-id=\"a0d4b8e\" data-element_type=\"widget\" data-widget_type=\"text-editor.default\">\n\t\t\t\t<div class=\"elementor-widget-container\">\n\t\t\t\t\t\t\t<p><strong><img loading=\"lazy\" decoding=\"async\" class=\"wp-image-2669 size-medium alignright\" src=\"http:\/\/172.16.202.26\/wp-content\/uploads\/2022\/04\/labor_1-300x169.jpg\" alt=\"\" width=\"300\" height=\"169\" srcset=\"http:\/\/172.16.202.26\/wp-content\/uploads\/2022\/04\/labor_1-300x169.jpg 300w, http:\/\/172.16.202.26\/wp-content\/uploads\/2022\/04\/labor_1-1024x576.jpg 1024w, http:\/\/172.16.202.26\/wp-content\/uploads\/2022\/04\/labor_1-768x432.jpg 768w, http:\/\/172.16.202.26\/wp-content\/uploads\/2022\/04\/labor_1.jpg 1280w\" sizes=\"(max-width: 300px) 100vw, 300px\" \/>Labor in der Vertiefung Betriebsinformatik<\/strong><\/p><p>Die Betriebsinformatik besch\u00e4ftigt sich im Labor unter anderem mit Betriebssystemen, Datenbanken, IT-Security, Big Data, Cloud Computing sowie der Netzwerktechnik. Mit unserem eigenen Server hast du die M\u00f6glichkeit die in der Theorie gelernten Inhalte hier praktisch umzusetzen, aber auch die Programmierung von Apps steht hier im Vordergrund. Neben den IT Labors liegt ein weiterer Schwerpunkt auch auf den wirtschaftlichen Inhalten.<\/p>\t\t\t\t\t\t<\/div>\n\t\t\t\t<\/div>\n\t\t\t\t\t<\/div>\n\t\t<\/div>\n\t\t\t\t\t<\/div>\n\t\t<\/section>\n\t\t\t\t<section class=\"elementor-section elementor-top-section elementor-element elementor-element-afc6e10 elementor-section-boxed elementor-section-height-default elementor-section-height-default\" data-id=\"afc6e10\" data-element_type=\"section\">\n\t\t\t\t\t\t<div class=\"elementor-container elementor-column-gap-default\">\n\t\t\t\t\t<div class=\"elementor-column elementor-col-100 elementor-top-column elementor-element elementor-element-7148dfd\" data-id=\"7148dfd\" data-element_type=\"column\">\n\t\t\t<div class=\"elementor-widget-wrap elementor-element-populated\">\n\t\t\t\t\t\t<div class=\"elementor-element elementor-element-f5acc05 elementor-widget elementor-widget-text-editor\" data-id=\"f5acc05\" data-element_type=\"widget\" data-widget_type=\"text-editor.default\">\n\t\t\t\t<div class=\"elementor-widget-container\">\n\t\t\t\t\t\t\t<p><strong><img loading=\"lazy\" decoding=\"async\" class=\"wp-image-2670 size-medium alignright\" src=\"http:\/\/172.16.202.26\/wp-content\/uploads\/2022\/04\/labor_2-300x168.jpg\" alt=\"\" width=\"300\" height=\"168\" srcset=\"http:\/\/172.16.202.26\/wp-content\/uploads\/2022\/04\/labor_2-300x168.jpg 300w, http:\/\/172.16.202.26\/wp-content\/uploads\/2022\/04\/labor_2.jpg 746w\" sizes=\"(max-width: 300px) 100vw, 300px\" \/>Labor in der Vertiefung Logistik<\/strong><\/p><p>In der Logistik liegt die Schwerpunktsetzung im Bereich der Automatisierungstechnik und Simulation. Hier wird z.B. eine Lernfabrik programmiert, Simulationen von Lager und Produktion durchgef\u00fchrt aber auch Stoff- und Energiestr\u00f6me simuliert. Ein weiterer Scherpunkt ist der Bereich \u201eAutomotive\u201c, hier geht es um die Bereiche Urban Mobility und City Logistics, Antriebstechnologien sowie Vernetzte und autonome Mobilit\u00e4tsl\u00f6sungen. Mit unseren RoboMastern hast du die M\u00f6glichkeit angewandte Simulationen durchzuf\u00fchren.<\/p>\t\t\t\t\t\t<\/div>\n\t\t\t\t<\/div>\n\t\t\t\t\t<\/div>\n\t\t<\/div>\n\t\t\t\t\t<\/div>\n\t\t<\/section>\n\t\t\t\t<section class=\"elementor-section elementor-top-section elementor-element elementor-element-5751ddb elementor-section-boxed elementor-section-height-default elementor-section-height-default\" data-id=\"5751ddb\" data-element_type=\"section\">\n\t\t\t\t\t\t<div class=\"elementor-container elementor-column-gap-default\">\n\t\t\t\t\t<div class=\"elementor-column elementor-col-100 elementor-top-column elementor-element elementor-element-9a5d301\" data-id=\"9a5d301\" data-element_type=\"column\">\n\t\t\t<div class=\"elementor-widget-wrap elementor-element-populated\">\n\t\t\t\t\t\t<div class=\"elementor-element elementor-element-d526423 elementor-widget elementor-widget-text-editor\" data-id=\"d526423\" data-element_type=\"widget\" data-widget_type=\"text-editor.default\">\n\t\t\t\t<div class=\"elementor-widget-container\">\n\t\t\t\t\t\t\t<p><strong><img loading=\"lazy\" decoding=\"async\" class=\"wp-image-2674 size-medium alignright\" src=\"http:\/\/172.16.202.26\/wp-content\/uploads\/2022\/04\/labor_3-300x209.jpg\" alt=\"\" width=\"300\" height=\"209\" srcset=\"http:\/\/172.16.202.26\/wp-content\/uploads\/2022\/04\/labor_3-300x209.jpg 300w, http:\/\/172.16.202.26\/wp-content\/uploads\/2022\/04\/labor_3-768x534.jpg 768w, http:\/\/172.16.202.26\/wp-content\/uploads\/2022\/04\/labor_3.jpg 1024w\" sizes=\"(max-width: 300px) 100vw, 300px\" \/>Labor in der Vertiefung Maschinenbau<\/strong><\/p><p>Hier geht es vor allem um die Bereiche der Werkstoffpr\u00fcfung, 3D Scan, 3D Druck, CAD Systeme, Methoden der Zeitermittlung, Materialbedarfsermittlung, Automatisierungstechnik, mechanische sowie chemische Verfahrenstechnik und Investitionsrechnung. Im 4. Jahrgang werden die Labors parallel gef\u00fchrt und mit der Junior Company kombiniert, es geht also in die Richtung \u201eSmart Production Lab\u201c.<\/p>\t\t\t\t\t\t<\/div>\n\t\t\t\t<\/div>\n\t\t\t\t\t<\/div>\n\t\t<\/div>\n\t\t\t\t\t<\/div>\n\t\t<\/section>\n\t\t\t\t<\/div>\n\t\t","protected":false},"excerpt":{"rendered":"<p>Werkst\u00e4tte in der HWI Werkst\u00e4tte In der Werkst\u00e4tte werden die grundlegenden Kenntnisse in unterschiedlichen praktischen und technischen F\u00e4higkeiten vermittelt. Diese praxisorientierte Art der Ausbildung bietet sowohl f\u00fcr die Arbeitswelt als auch f\u00fcr ein weiterf\u00fchrendes Studium eine wertvolle Basis. Je nach Vertiefung erlernen unsere Sch\u00fclerinnen und Sch\u00fcler verschiedenste Technologien und Fertigungstechniken kennen. In der Werkst\u00e4tte werden die Klassen in Kleingruppen aufgeteilt, [&hellip;]<\/p>\n","protected":false},"author":3,"featured_media":0,"parent":12686,"menu_order":0,"comment_status":"closed","ping_status":"closed","template":"elementor_header_footer","meta":[],"_links":{"self":[{"href":"http:\/\/172.16.202.26\/index.php?rest_route=\/wp\/v2\/pages\/2658"}],"collection":[{"href":"http:\/\/172.16.202.26\/index.php?rest_route=\/wp\/v2\/pages"}],"about":[{"href":"http:\/\/172.16.202.26\/index.php?rest_route=\/wp\/v2\/types\/page"}],"author":[{"embeddable":true,"href":"http:\/\/172.16.202.26\/index.php?rest_route=\/wp\/v2\/users\/3"}],"replies":[{"embeddable":true,"href":"http:\/\/172.16.202.26\/index.php?rest_route=%2Fwp%2Fv2%2Fcomments&post=2658"}],"version-history":[{"count":41,"href":"http:\/\/172.16.202.26\/index.php?rest_route=\/wp\/v2\/pages\/2658\/revisions"}],"predecessor-version":[{"id":18823,"href":"http:\/\/172.16.202.26\/index.php?rest_route=\/wp\/v2\/pages\/2658\/revisions\/18823"}],"up":[{"embeddable":true,"href":"http:\/\/172.16.202.26\/index.php?rest_route=\/wp\/v2\/pages\/12686"}],"wp:attachment":[{"href":"http:\/\/172.16.202.26\/index.php?rest_route=%2Fwp%2Fv2%2Fmedia&parent=2658"}],"curies":[{"name":"wp","href":"https:\/\/api.w.org\/{rel}","templated":true}]}}