{"id":2906,"date":"2022-04-12T16:05:12","date_gmt":"2022-04-12T14:05:12","guid":{"rendered":"http:\/\/192.189.51.53\/?page_id=2906"},"modified":"2022-10-08T11:31:48","modified_gmt":"2022-10-08T09:31:48","slug":"zellkulturlabor","status":"publish","type":"page","link":"http:\/\/172.16.202.26\/?page_id=2906","title":{"rendered":"Zellkulturlabor"},"content":{"rendered":"\t\t<div data-elementor-type=\"wp-page\" data-elementor-id=\"2906\" class=\"elementor elementor-2906\">\n\t\t\t\t\t\t<section class=\"elementor-section elementor-top-section elementor-element elementor-element-d94d3ce elementor-section-boxed elementor-section-height-default elementor-section-height-default\" data-id=\"d94d3ce\" data-element_type=\"section\">\n\t\t\t\t\t\t<div class=\"elementor-container elementor-column-gap-default\">\n\t\t\t\t\t<div class=\"elementor-column elementor-col-100 elementor-top-column elementor-element elementor-element-21ff2e8\" data-id=\"21ff2e8\" data-element_type=\"column\">\n\t\t\t<div class=\"elementor-widget-wrap elementor-element-populated\">\n\t\t\t\t\t\t<div class=\"elementor-element elementor-element-2417a3b elementor-widget elementor-widget-heading\" data-id=\"2417a3b\" data-element_type=\"widget\" data-widget_type=\"heading.default\">\n\t\t\t\t<div class=\"elementor-widget-container\">\n\t\t\t<style>\/*! elementor - v3.20.0 - 13-03-2024 *\/\n.elementor-heading-title{padding:0;margin:0;line-height:1}.elementor-widget-heading .elementor-heading-title[class*=elementor-size-]>a{color:inherit;font-size:inherit;line-height:inherit}.elementor-widget-heading .elementor-heading-title.elementor-size-small{font-size:15px}.elementor-widget-heading .elementor-heading-title.elementor-size-medium{font-size:19px}.elementor-widget-heading .elementor-heading-title.elementor-size-large{font-size:29px}.elementor-widget-heading .elementor-heading-title.elementor-size-xl{font-size:39px}.elementor-widget-heading .elementor-heading-title.elementor-size-xxl{font-size:59px}<\/style><h2 class=\"elementor-heading-title elementor-size-default\">Zellkulturlabortechnik<\/h2>\t\t<\/div>\n\t\t\t\t<\/div>\n\t\t\t\t\t<\/div>\n\t\t<\/div>\n\t\t\t\t\t<\/div>\n\t\t<\/section>\n\t\t\t\t<section class=\"elementor-section elementor-top-section elementor-element elementor-element-fc826e5 elementor-section-boxed elementor-section-height-default elementor-section-height-default\" data-id=\"fc826e5\" data-element_type=\"section\">\n\t\t\t\t\t\t<div class=\"elementor-container elementor-column-gap-default\">\n\t\t\t\t\t<div class=\"elementor-column elementor-col-100 elementor-top-column elementor-element elementor-element-42930fa\" data-id=\"42930fa\" data-element_type=\"column\">\n\t\t\t<div class=\"elementor-widget-wrap elementor-element-populated\">\n\t\t\t\t\t\t<div class=\"elementor-element elementor-element-b18b121 elementor-widget elementor-widget-text-editor\" data-id=\"b18b121\" data-element_type=\"widget\" data-widget_type=\"text-editor.default\">\n\t\t\t\t<div class=\"elementor-widget-container\">\n\t\t\t<style>\/*! elementor - v3.20.0 - 13-03-2024 *\/\n.elementor-widget-text-editor.elementor-drop-cap-view-stacked .elementor-drop-cap{background-color:#69727d;color:#fff}.elementor-widget-text-editor.elementor-drop-cap-view-framed .elementor-drop-cap{color:#69727d;border:3px solid;background-color:transparent}.elementor-widget-text-editor:not(.elementor-drop-cap-view-default) .elementor-drop-cap{margin-top:8px}.elementor-widget-text-editor:not(.elementor-drop-cap-view-default) .elementor-drop-cap-letter{width:1em;height:1em}.elementor-widget-text-editor .elementor-drop-cap{float:left;text-align:center;line-height:1;font-size:50px}.elementor-widget-text-editor .elementor-drop-cap-letter{display:inline-block}<\/style>\t\t\t\t<p>Das Zellkulturlabor ist ein speziell eingerichteter Raum in unsrem Haus, in dem Sch\u00fcler und Sch\u00fclerinnen der h\u00f6heren Lehranstalt f\u00fcr Biomedizin- und Gesundheitstechnik erstmals die M\u00f6glichkeit haben, lebende Zellen selbst zu kultivieren. Hygiene, steriles Arbeiten und die Optimierung von Arbeitsabl\u00e4ufen sind dabei von zentraler Bedeutung.<\/p>\t\t\t\t\t\t<\/div>\n\t\t\t\t<\/div>\n\t\t\t\t\t<\/div>\n\t\t<\/div>\n\t\t\t\t\t<\/div>\n\t\t<\/section>\n\t\t\t\t<section class=\"elementor-section elementor-top-section elementor-element elementor-element-b01b3c3 elementor-section-boxed elementor-section-height-default elementor-section-height-default\" data-id=\"b01b3c3\" data-element_type=\"section\">\n\t\t\t\t\t\t<div class=\"elementor-container elementor-column-gap-default\">\n\t\t\t\t\t<div class=\"elementor-column elementor-col-100 elementor-top-column elementor-element elementor-element-af813c2\" data-id=\"af813c2\" data-element_type=\"column\">\n\t\t\t<div class=\"elementor-widget-wrap elementor-element-populated\">\n\t\t\t\t\t\t<div class=\"elementor-element elementor-element-7d8ef5d elementor-widget elementor-widget-image\" data-id=\"7d8ef5d\" data-element_type=\"widget\" data-widget_type=\"image.default\">\n\t\t\t\t<div class=\"elementor-widget-container\">\n\t\t\t<style>\/*! elementor - v3.20.0 - 13-03-2024 *\/\n.elementor-widget-image{text-align:center}.elementor-widget-image a{display:inline-block}.elementor-widget-image a img[src$=\".svg\"]{width:48px}.elementor-widget-image img{vertical-align:middle;display:inline-block}<\/style>\t\t\t\t\t\t\t\t\t\t<img fetchpriority=\"high\" decoding=\"async\" width=\"640\" height=\"425\" src=\"http:\/\/172.16.202.26\/wp-content\/uploads\/2022\/04\/zell_1-768x510.jpg\" class=\"attachment-medium_large size-medium_large wp-image-2908\" alt=\"\" srcset=\"http:\/\/172.16.202.26\/wp-content\/uploads\/2022\/04\/zell_1-768x510.jpg 768w, http:\/\/172.16.202.26\/wp-content\/uploads\/2022\/04\/zell_1-300x199.jpg 300w, http:\/\/172.16.202.26\/wp-content\/uploads\/2022\/04\/zell_1-1024x680.jpg 1024w, http:\/\/172.16.202.26\/wp-content\/uploads\/2022\/04\/zell_1-1536x1020.jpg 1536w, http:\/\/172.16.202.26\/wp-content\/uploads\/2022\/04\/zell_1.jpg 2000w\" sizes=\"(max-width: 640px) 100vw, 640px\" \/>\t\t\t\t\t\t\t\t\t\t\t\t\t<\/div>\n\t\t\t\t<\/div>\n\t\t\t\t\t<\/div>\n\t\t<\/div>\n\t\t\t\t\t<\/div>\n\t\t<\/section>\n\t\t\t\t<section class=\"elementor-section elementor-top-section elementor-element elementor-element-3f90560 elementor-section-boxed elementor-section-height-default elementor-section-height-default\" data-id=\"3f90560\" data-element_type=\"section\">\n\t\t\t\t\t\t<div class=\"elementor-container elementor-column-gap-default\">\n\t\t\t\t\t<div class=\"elementor-column elementor-col-100 elementor-top-column elementor-element elementor-element-9956569\" data-id=\"9956569\" data-element_type=\"column\">\n\t\t\t<div class=\"elementor-widget-wrap elementor-element-populated\">\n\t\t\t\t\t\t<div class=\"elementor-element elementor-element-c7dee24 elementor-widget elementor-widget-text-editor\" data-id=\"c7dee24\" data-element_type=\"widget\" data-widget_type=\"text-editor.default\">\n\t\t\t\t<div class=\"elementor-widget-container\">\n\t\t\t\t\t\t\t<p>Hier k\u00f6nnen Basistechniken gelernt und Erfahrungen im Umgang mit meist adh\u00e4renten Kulturen gesammelt werden, die in allen Bio-Berufen einen Wettbewerbsvorteil darstellen. Um das Kultivieren von Zellen \u00a0unter sterilen Bedingungen zu gew\u00e4hrleisten, wurde das Labor mit allen notwendigen Ger\u00e4ten und dem entsprechenden Laborequipment ausgestattet (zB sterile Werkbank, Inkubator etc). Das Hantieren mit lebendem Material macht das Zellkulturlabor zu einem Erlebnis.<\/p>\t\t\t\t\t\t<\/div>\n\t\t\t\t<\/div>\n\t\t\t\t\t<\/div>\n\t\t<\/div>\n\t\t\t\t\t<\/div>\n\t\t<\/section>\n\t\t\t\t<section class=\"elementor-section elementor-top-section elementor-element elementor-element-f4918a6 elementor-section-boxed elementor-section-height-default elementor-section-height-default\" data-id=\"f4918a6\" data-element_type=\"section\">\n\t\t\t\t\t\t<div class=\"elementor-container elementor-column-gap-default\">\n\t\t\t\t\t<div class=\"elementor-column elementor-col-33 elementor-top-column elementor-element elementor-element-a4f9cf2\" data-id=\"a4f9cf2\" data-element_type=\"column\">\n\t\t\t<div class=\"elementor-widget-wrap elementor-element-populated\">\n\t\t\t\t\t\t<div class=\"elementor-element elementor-element-3d7c7c7 elementor-widget elementor-widget-image\" data-id=\"3d7c7c7\" data-element_type=\"widget\" data-widget_type=\"image.default\">\n\t\t\t\t<div class=\"elementor-widget-container\">\n\t\t\t\t\t\t\t\t\t\t\t\t\t<img decoding=\"async\" width=\"640\" height=\"425\" src=\"http:\/\/172.16.202.26\/wp-content\/uploads\/2022\/04\/zell_2-1024x680.jpg\" class=\"attachment-large size-large wp-image-2909\" alt=\"\" srcset=\"http:\/\/172.16.202.26\/wp-content\/uploads\/2022\/04\/zell_2-1024x680.jpg 1024w, http:\/\/172.16.202.26\/wp-content\/uploads\/2022\/04\/zell_2-300x199.jpg 300w, http:\/\/172.16.202.26\/wp-content\/uploads\/2022\/04\/zell_2-768x510.jpg 768w, http:\/\/172.16.202.26\/wp-content\/uploads\/2022\/04\/zell_2-1536x1020.jpg 1536w, http:\/\/172.16.202.26\/wp-content\/uploads\/2022\/04\/zell_2.jpg 2000w\" sizes=\"(max-width: 640px) 100vw, 640px\" \/>\t\t\t\t\t\t\t\t\t\t\t\t\t<\/div>\n\t\t\t\t<\/div>\n\t\t\t\t\t<\/div>\n\t\t<\/div>\n\t\t\t\t<div class=\"elementor-column elementor-col-33 elementor-top-column elementor-element elementor-element-593b641\" data-id=\"593b641\" data-element_type=\"column\">\n\t\t\t<div class=\"elementor-widget-wrap elementor-element-populated\">\n\t\t\t\t\t\t<div class=\"elementor-element elementor-element-7ac6163 elementor-widget elementor-widget-image\" data-id=\"7ac6163\" data-element_type=\"widget\" data-widget_type=\"image.default\">\n\t\t\t\t<div class=\"elementor-widget-container\">\n\t\t\t\t\t\t\t\t\t\t\t\t\t<img decoding=\"async\" width=\"640\" height=\"425\" src=\"http:\/\/172.16.202.26\/wp-content\/uploads\/2022\/04\/zell_3-1024x680.jpg\" class=\"attachment-large size-large wp-image-2910\" alt=\"\" srcset=\"http:\/\/172.16.202.26\/wp-content\/uploads\/2022\/04\/zell_3-1024x680.jpg 1024w, http:\/\/172.16.202.26\/wp-content\/uploads\/2022\/04\/zell_3-300x199.jpg 300w, http:\/\/172.16.202.26\/wp-content\/uploads\/2022\/04\/zell_3-768x510.jpg 768w, http:\/\/172.16.202.26\/wp-content\/uploads\/2022\/04\/zell_3-1536x1020.jpg 1536w, http:\/\/172.16.202.26\/wp-content\/uploads\/2022\/04\/zell_3.jpg 2000w\" sizes=\"(max-width: 640px) 100vw, 640px\" \/>\t\t\t\t\t\t\t\t\t\t\t\t\t<\/div>\n\t\t\t\t<\/div>\n\t\t\t\t\t<\/div>\n\t\t<\/div>\n\t\t\t\t<div class=\"elementor-column elementor-col-33 elementor-top-column elementor-element elementor-element-ee563c2\" data-id=\"ee563c2\" data-element_type=\"column\">\n\t\t\t<div class=\"elementor-widget-wrap elementor-element-populated\">\n\t\t\t\t\t\t<div class=\"elementor-element elementor-element-438a871 elementor-widget elementor-widget-image\" data-id=\"438a871\" data-element_type=\"widget\" data-widget_type=\"image.default\">\n\t\t\t\t<div class=\"elementor-widget-container\">\n\t\t\t\t\t\t\t\t\t\t\t\t\t<img loading=\"lazy\" decoding=\"async\" width=\"640\" height=\"425\" src=\"http:\/\/172.16.202.26\/wp-content\/uploads\/2022\/04\/zell_4-1024x680.jpg\" class=\"attachment-large size-large wp-image-2911\" alt=\"\" srcset=\"http:\/\/172.16.202.26\/wp-content\/uploads\/2022\/04\/zell_4-1024x680.jpg 1024w, http:\/\/172.16.202.26\/wp-content\/uploads\/2022\/04\/zell_4-300x199.jpg 300w, http:\/\/172.16.202.26\/wp-content\/uploads\/2022\/04\/zell_4-768x510.jpg 768w, http:\/\/172.16.202.26\/wp-content\/uploads\/2022\/04\/zell_4-1536x1020.jpg 1536w, http:\/\/172.16.202.26\/wp-content\/uploads\/2022\/04\/zell_4.jpg 2000w\" sizes=\"(max-width: 640px) 100vw, 640px\" \/>\t\t\t\t\t\t\t\t\t\t\t\t\t<\/div>\n\t\t\t\t<\/div>\n\t\t\t\t\t<\/div>\n\t\t<\/div>\n\t\t\t\t\t<\/div>\n\t\t<\/section>\n\t\t\t\t<\/div>\n\t\t","protected":false},"excerpt":{"rendered":"<p>Zellkulturlabortechnik Das Zellkulturlabor ist ein speziell eingerichteter Raum in unsrem Haus, in dem Sch\u00fcler und Sch\u00fclerinnen der h\u00f6heren Lehranstalt f\u00fcr Biomedizin- und Gesundheitstechnik erstmals die M\u00f6glichkeit haben, lebende Zellen selbst zu kultivieren. Hygiene, steriles Arbeiten und die Optimierung von Arbeitsabl\u00e4ufen sind dabei von zentraler Bedeutung. Hier k\u00f6nnen Basistechniken gelernt und Erfahrungen im Umgang mit meist adh\u00e4renten Kulturen gesammelt werden, die [&hellip;]<\/p>\n","protected":false},"author":3,"featured_media":0,"parent":12637,"menu_order":0,"comment_status":"closed","ping_status":"closed","template":"elementor_header_footer","meta":[],"_links":{"self":[{"href":"http:\/\/172.16.202.26\/index.php?rest_route=\/wp\/v2\/pages\/2906"}],"collection":[{"href":"http:\/\/172.16.202.26\/index.php?rest_route=\/wp\/v2\/pages"}],"about":[{"href":"http:\/\/172.16.202.26\/index.php?rest_route=\/wp\/v2\/types\/page"}],"author":[{"embeddable":true,"href":"http:\/\/172.16.202.26\/index.php?rest_route=\/wp\/v2\/users\/3"}],"replies":[{"embeddable":true,"href":"http:\/\/172.16.202.26\/index.php?rest_route=%2Fwp%2Fv2%2Fcomments&post=2906"}],"version-history":[{"count":4,"href":"http:\/\/172.16.202.26\/index.php?rest_route=\/wp\/v2\/pages\/2906\/revisions"}],"predecessor-version":[{"id":2914,"href":"http:\/\/172.16.202.26\/index.php?rest_route=\/wp\/v2\/pages\/2906\/revisions\/2914"}],"up":[{"embeddable":true,"href":"http:\/\/172.16.202.26\/index.php?rest_route=\/wp\/v2\/pages\/12637"}],"wp:attachment":[{"href":"http:\/\/172.16.202.26\/index.php?rest_route=%2Fwp%2Fv2%2Fmedia&parent=2906"}],"curies":[{"name":"wp","href":"https:\/\/api.w.org\/{rel}","templated":true}]}}