{"id":2932,"date":"2022-04-12T16:25:46","date_gmt":"2022-04-12T14:25:46","guid":{"rendered":"http:\/\/192.189.51.53\/?page_id=2932"},"modified":"2023-11-08T13:17:07","modified_gmt":"2023-11-08T12:17:07","slug":"projekte_bg","status":"publish","type":"page","link":"http:\/\/172.16.202.26\/?page_id=2932","title":{"rendered":"Projekte BG"},"content":{"rendered":"\t\t<div data-elementor-type=\"wp-page\" data-elementor-id=\"2932\" class=\"elementor elementor-2932\">\n\t\t\t\t\t\t<section class=\"elementor-section elementor-top-section elementor-element elementor-element-d94d3ce elementor-section-boxed elementor-section-height-default elementor-section-height-default\" data-id=\"d94d3ce\" data-element_type=\"section\">\n\t\t\t\t\t\t<div class=\"elementor-container elementor-column-gap-default\">\n\t\t\t\t\t<div class=\"elementor-column elementor-col-100 elementor-top-column elementor-element elementor-element-21ff2e8\" data-id=\"21ff2e8\" data-element_type=\"column\">\n\t\t\t<div class=\"elementor-widget-wrap elementor-element-populated\">\n\t\t\t\t\t\t<div class=\"elementor-element elementor-element-2417a3b elementor-widget elementor-widget-heading\" data-id=\"2417a3b\" data-element_type=\"widget\" data-widget_type=\"heading.default\">\n\t\t\t\t<div class=\"elementor-widget-container\">\n\t\t\t<style>\/*! elementor - v3.20.0 - 13-03-2024 *\/\n.elementor-heading-title{padding:0;margin:0;line-height:1}.elementor-widget-heading .elementor-heading-title[class*=elementor-size-]>a{color:inherit;font-size:inherit;line-height:inherit}.elementor-widget-heading .elementor-heading-title.elementor-size-small{font-size:15px}.elementor-widget-heading .elementor-heading-title.elementor-size-medium{font-size:19px}.elementor-widget-heading .elementor-heading-title.elementor-size-large{font-size:29px}.elementor-widget-heading .elementor-heading-title.elementor-size-xl{font-size:39px}.elementor-widget-heading .elementor-heading-title.elementor-size-xxl{font-size:59px}<\/style><h2 class=\"elementor-heading-title elementor-size-default\">Projekte \/ Diplomarbeiten der HBG<\/h2>\t\t<\/div>\n\t\t\t\t<\/div>\n\t\t\t\t\t<\/div>\n\t\t<\/div>\n\t\t\t\t\t<\/div>\n\t\t<\/section>\n\t\t\t\t<section class=\"elementor-section elementor-top-section elementor-element elementor-element-fc826e5 elementor-section-boxed elementor-section-height-default elementor-section-height-default\" data-id=\"fc826e5\" data-element_type=\"section\">\n\t\t\t\t\t\t<div class=\"elementor-container elementor-column-gap-default\">\n\t\t\t\t\t<div class=\"elementor-column elementor-col-100 elementor-top-column elementor-element elementor-element-42930fa\" data-id=\"42930fa\" data-element_type=\"column\">\n\t\t\t<div class=\"elementor-widget-wrap elementor-element-populated\">\n\t\t\t\t\t\t<div class=\"elementor-element elementor-element-b18b121 elementor-widget elementor-widget-text-editor\" data-id=\"b18b121\" data-element_type=\"widget\" data-widget_type=\"text-editor.default\">\n\t\t\t\t<div class=\"elementor-widget-container\">\n\t\t\t<style>\/*! elementor - v3.20.0 - 13-03-2024 *\/\n.elementor-widget-text-editor.elementor-drop-cap-view-stacked .elementor-drop-cap{background-color:#69727d;color:#fff}.elementor-widget-text-editor.elementor-drop-cap-view-framed .elementor-drop-cap{color:#69727d;border:3px solid;background-color:transparent}.elementor-widget-text-editor:not(.elementor-drop-cap-view-default) .elementor-drop-cap{margin-top:8px}.elementor-widget-text-editor:not(.elementor-drop-cap-view-default) .elementor-drop-cap-letter{width:1em;height:1em}.elementor-widget-text-editor .elementor-drop-cap{float:left;text-align:center;line-height:1;font-size:50px}.elementor-widget-text-editor .elementor-drop-cap-letter{display:inline-block}<\/style>\t\t\t\t<p>Sch\u00fclerInnen setzen im Zuge der Diplomarbeit Projekte in Bereichen wie etwa Diagnose und Therapie oder Prothesen- und Implantattechnik um. Dabei arbeiten sie oft in Kooperation mit renommierten Unternehmen aus der Industrie und k\u00f6nnen erste Erfahrungen f\u00fcr das Berufsleben sammeln.&nbsp;<\/p>\n<p>Unsere Sch\u00fclerInnen stellen in Videos ihre Diplomprojekte vor:<\/p>\t\t\t\t\t\t<\/div>\n\t\t\t\t<\/div>\n\t\t\t\t\t<\/div>\n\t\t<\/div>\n\t\t\t\t\t<\/div>\n\t\t<\/section>\n\t\t\t\t<section class=\"elementor-section elementor-top-section elementor-element elementor-element-31f74c4 elementor-section-boxed elementor-section-height-default elementor-section-height-default\" data-id=\"31f74c4\" data-element_type=\"section\">\n\t\t\t\t\t\t<div class=\"elementor-container elementor-column-gap-default\">\n\t\t\t\t\t<div class=\"elementor-column elementor-col-33 elementor-top-column elementor-element elementor-element-82c3fdc\" data-id=\"82c3fdc\" data-element_type=\"column\">\n\t\t\t<div class=\"elementor-widget-wrap elementor-element-populated\">\n\t\t\t\t\t\t<div class=\"elementor-element elementor-element-110199a elementor-align-center elementor-widget elementor-widget-button\" data-id=\"110199a\" data-element_type=\"widget\" data-widget_type=\"button.default\">\n\t\t\t\t<div class=\"elementor-widget-container\">\n\t\t\t\t\t<div class=\"elementor-button-wrapper\">\n\t\t\t<a class=\"elementor-button elementor-button-link elementor-size-sm\" href=\"https:\/\/youtu.be\/U7oBnJKn9EE\" target=\"_blank\">\n\t\t\t\t\t\t<span class=\"elementor-button-content-wrapper\">\n\t\t\t\t\t\t<span class=\"elementor-button-text\">Bioimpedanzmessung<\/span>\n\t\t<\/span>\n\t\t\t\t\t<\/a>\n\t\t<\/div>\n\t\t\t\t<\/div>\n\t\t\t\t<\/div>\n\t\t\t\t\t<\/div>\n\t\t<\/div>\n\t\t\t\t<div class=\"elementor-column elementor-col-33 elementor-top-column elementor-element elementor-element-d118c08\" data-id=\"d118c08\" data-element_type=\"column\">\n\t\t\t<div class=\"elementor-widget-wrap elementor-element-populated\">\n\t\t\t\t\t\t<div class=\"elementor-element elementor-element-1e44556 elementor-align-center elementor-widget elementor-widget-button\" data-id=\"1e44556\" data-element_type=\"widget\" data-widget_type=\"button.default\">\n\t\t\t\t<div class=\"elementor-widget-container\">\n\t\t\t\t\t<div class=\"elementor-button-wrapper\">\n\t\t\t<a class=\"elementor-button elementor-button-link elementor-size-sm\" href=\"https:\/\/youtu.be\/lk_zN2E0-FQ\" target=\"_blank\">\n\t\t\t\t\t\t<span class=\"elementor-button-content-wrapper\">\n\t\t\t\t\t\t<span class=\"elementor-button-text\">Zellbewegung durch Strom<\/span>\n\t\t<\/span>\n\t\t\t\t\t<\/a>\n\t\t<\/div>\n\t\t\t\t<\/div>\n\t\t\t\t<\/div>\n\t\t\t\t\t<\/div>\n\t\t<\/div>\n\t\t\t\t<div class=\"elementor-column elementor-col-33 elementor-top-column elementor-element elementor-element-f2503c2\" data-id=\"f2503c2\" data-element_type=\"column\">\n\t\t\t<div class=\"elementor-widget-wrap elementor-element-populated\">\n\t\t\t\t\t\t<div class=\"elementor-element elementor-element-821e32b elementor-align-center elementor-widget elementor-widget-button\" data-id=\"821e32b\" data-element_type=\"widget\" data-widget_type=\"button.default\">\n\t\t\t\t<div class=\"elementor-widget-container\">\n\t\t\t\t\t<div class=\"elementor-button-wrapper\">\n\t\t\t<a class=\"elementor-button elementor-button-link elementor-size-sm\" href=\"https:\/\/youtu.be\/l0BtoiM0qBc\" target=\"_blank\">\n\t\t\t\t\t\t<span class=\"elementor-button-content-wrapper\">\n\t\t\t\t\t\t<span class=\"elementor-button-text\">Heizdeckenregelung<\/span>\n\t\t<\/span>\n\t\t\t\t\t<\/a>\n\t\t<\/div>\n\t\t\t\t<\/div>\n\t\t\t\t<\/div>\n\t\t\t\t\t<\/div>\n\t\t<\/div>\n\t\t\t\t\t<\/div>\n\t\t<\/section>\n\t\t\t\t<section class=\"elementor-section elementor-top-section elementor-element elementor-element-43f8bfc elementor-section-boxed elementor-section-height-default elementor-section-height-default\" data-id=\"43f8bfc\" data-element_type=\"section\">\n\t\t\t\t\t\t<div class=\"elementor-container elementor-column-gap-default\">\n\t\t\t\t\t<div class=\"elementor-column elementor-col-100 elementor-top-column elementor-element elementor-element-0d9318f\" data-id=\"0d9318f\" data-element_type=\"column\">\n\t\t\t<div class=\"elementor-widget-wrap elementor-element-populated\">\n\t\t\t\t\t\t<div class=\"elementor-element elementor-element-68b68e4 elementor-widget elementor-widget-text-editor\" data-id=\"68b68e4\" data-element_type=\"widget\" data-widget_type=\"text-editor.default\">\n\t\t\t\t<div class=\"elementor-widget-container\">\n\t\t\t\t\t\t\t<p>Weitere Diplomarbeiten:<\/p>\t\t\t\t\t\t<\/div>\n\t\t\t\t<\/div>\n\t\t\t\t\t<\/div>\n\t\t<\/div>\n\t\t\t\t\t<\/div>\n\t\t<\/section>\n\t\t\t\t<section class=\"elementor-section elementor-top-section elementor-element elementor-element-14206e5 elementor-section-boxed elementor-section-height-default elementor-section-height-default\" data-id=\"14206e5\" data-element_type=\"section\">\n\t\t\t\t\t\t<div class=\"elementor-container elementor-column-gap-default\">\n\t\t\t\t\t<div class=\"elementor-column elementor-col-100 elementor-top-column elementor-element elementor-element-c8006b6\" data-id=\"c8006b6\" data-element_type=\"column\" data-settings=\"{&quot;background_background&quot;:&quot;classic&quot;}\">\n\t\t\t<div class=\"elementor-widget-wrap elementor-element-populated\">\n\t\t\t\t\t\t<div class=\"elementor-element elementor-element-c97e66a elementor-widget elementor-widget-heading\" data-id=\"c97e66a\" data-element_type=\"widget\" data-widget_type=\"heading.default\">\n\t\t\t\t<div class=\"elementor-widget-container\">\n\t\t\t<h2 class=\"elementor-heading-title elementor-size-default\">Knied\u00e4mpfungsanalye<\/h2>\t\t<\/div>\n\t\t\t\t<\/div>\n\t\t\t\t<div class=\"elementor-element elementor-element-5ebb97e elementor-widget elementor-widget-text-editor\" data-id=\"5ebb97e\" data-element_type=\"widget\" data-widget_type=\"text-editor.default\">\n\t\t\t\t<div class=\"elementor-widget-container\">\n\t\t\t\t\t\t\t<p>Das Knie d\u00e4mpft Ersch\u00fctterungen beim Gehen, Laufen und Springen. Um diese Funktion zu Messen werden zwei Beschleunigungssensoren am Bein oberhalb und unterhalb des Knies befestigt. W\u00e4hrend der Mensch sich nun bewegt, werden die Geschwindigkeitsprofile dieser beiden Sensoren durch eine Software berechnet und verglichen. Dadurch kann der D\u00e4mpfungsanteil des Knies bestimmt werden.<br \/>Bisher haben die Sch\u00fclerinnen die passiven D\u00e4mpfungseigenschaften durch Messungen sehr nahe am Knie bestimmt (die Sch\u00fclerin am Bild ganz rechts tr\u00e4gt die Sensoren am linken Bein). Das betrifft die Funktion der Gelenksknorpel und von Innen- und Au\u00dfen- Meniskus. Im Weiteren sollen aber auch die aktiven D\u00e4mpfungseigenschaften der Kniestrecker gemessen werden. Das wird dadurch geschehen, dass die Sensoren kniefern an H\u00fcfte und Sprunggelenk angebracht werden.<br \/>Mit diesem Messsystem ist es nun m\u00f6glich die aktiven und passiven D\u00e4mpfungen im Knie bei verschiedenen Fortbewegungs- und Sportarten zu messen. Das er\u00f6ffnet die M\u00f6glichkeit unterschiedliche Bewegungsstrategien auf ihre Auswirkung auf die Knied\u00e4mpfung zu vergleichen, sowohl im Sport als auch bei der Rehabilitation.<\/p>\t\t\t\t\t\t<\/div>\n\t\t\t\t<\/div>\n\t\t\t\t<div class=\"elementor-element elementor-element-55e1c37 elementor-widget elementor-widget-image\" data-id=\"55e1c37\" data-element_type=\"widget\" data-widget_type=\"image.default\">\n\t\t\t\t<div class=\"elementor-widget-container\">\n\t\t\t<style>\/*! elementor - v3.20.0 - 13-03-2024 *\/\n.elementor-widget-image{text-align:center}.elementor-widget-image a{display:inline-block}.elementor-widget-image a img[src$=\".svg\"]{width:48px}.elementor-widget-image img{vertical-align:middle;display:inline-block}<\/style>\t\t\t\t\t\t\t\t\t\t<img decoding=\"async\" src=\"http:\/\/172.16.202.26\/wp-content\/uploads\/elementor\/thumbs\/BG_1-pn9qlt7vqjeht6b2baz400ifhdddjyxr8jbhewdj9g.jpg\" title=\"\" alt=\"\" loading=\"lazy\" \/>\t\t\t\t\t\t\t\t\t\t\t\t\t<\/div>\n\t\t\t\t<\/div>\n\t\t\t\t\t<\/div>\n\t\t<\/div>\n\t\t\t\t\t<\/div>\n\t\t<\/section>\n\t\t\t\t<section class=\"elementor-section elementor-top-section elementor-element elementor-element-13a752c elementor-section-boxed elementor-section-height-default elementor-section-height-default\" data-id=\"13a752c\" data-element_type=\"section\">\n\t\t\t\t\t\t<div class=\"elementor-container elementor-column-gap-default\">\n\t\t\t\t\t<div class=\"elementor-column elementor-col-100 elementor-top-column elementor-element elementor-element-5f306a4\" data-id=\"5f306a4\" data-element_type=\"column\" data-settings=\"{&quot;background_background&quot;:&quot;classic&quot;}\">\n\t\t\t<div class=\"elementor-widget-wrap elementor-element-populated\">\n\t\t\t\t\t\t<div class=\"elementor-element elementor-element-4a9ec66 elementor-widget elementor-widget-heading\" data-id=\"4a9ec66\" data-element_type=\"widget\" data-widget_type=\"heading.default\">\n\t\t\t\t<div class=\"elementor-widget-container\">\n\t\t\t<h2 class=\"elementor-heading-title elementor-size-default\">Elektrophorese<\/h2>\t\t<\/div>\n\t\t\t\t<\/div>\n\t\t\t\t<div class=\"elementor-element elementor-element-830dd6c elementor-widget elementor-widget-heading\" data-id=\"830dd6c\" data-element_type=\"widget\" data-widget_type=\"heading.default\">\n\t\t\t\t<div class=\"elementor-widget-container\">\n\t\t\t<h2 class=\"elementor-heading-title elementor-size-default\">Beeinflussung von Zellkulturen durch elektronischen Strom<\/h2>\t\t<\/div>\n\t\t\t\t<\/div>\n\t\t\t\t<div class=\"elementor-element elementor-element-1ad966a elementor-widget elementor-widget-text-editor\" data-id=\"1ad966a\" data-element_type=\"widget\" data-widget_type=\"text-editor.default\">\n\t\t\t\t<div class=\"elementor-widget-container\">\n\t\t\t\t\t\t\t<p>Die Elektrophorese wird bei der Analyse von Nukleins\u00e4uren oder Proteinen verwendet. Dabei transportiert der elektrische Strom die verschiedenen Molek\u00fcle einer Probe, je nach ihrer Beweglichkeit, in einer vorgegebenen Zeit verschieden weit. Daf\u00fcr werden eine sehr konstante Spanungsquelle, eine Elektrophoresekammer und ein Kontrollger\u00e4t zur \u00dcberwachung ben\u00f6tigt. Diese einzelnen Komponenten pr\u00e4sentieren unsere Sch\u00fclerinnen im Bild von links nach rechts. Jedes Einzelteil wurde von den Sch\u00fclerinnen unter tatkr\u00e4ftiger Mithilfe der Werkst\u00e4ttenlehrer selbst gefertigt. Dieses Ger\u00e4t wird dann in Zukunft im Zellkulturlabor zur Analyse in den Labor\u00fcbungen genutzt werden.<\/p>\t\t\t\t\t\t<\/div>\n\t\t\t\t<\/div>\n\t\t\t\t<div class=\"elementor-element elementor-element-a1ae85c elementor-widget elementor-widget-image\" data-id=\"a1ae85c\" data-element_type=\"widget\" data-widget_type=\"image.default\">\n\t\t\t\t<div class=\"elementor-widget-container\">\n\t\t\t\t\t\t\t\t\t\t\t\t\t<img decoding=\"async\" src=\"http:\/\/172.16.202.26\/wp-content\/uploads\/elementor\/thumbs\/BG_2-pn9qsr8yueap65mlsq587qx7tm0q4e4mi2eb4q1w9y.jpg\" title=\"\" alt=\"\" loading=\"lazy\" \/>\t\t\t\t\t\t\t\t\t\t\t\t\t<\/div>\n\t\t\t\t<\/div>\n\t\t\t\t\t<\/div>\n\t\t<\/div>\n\t\t\t\t\t<\/div>\n\t\t<\/section>\n\t\t\t\t<section class=\"elementor-section elementor-top-section elementor-element elementor-element-5f5f656 elementor-section-boxed elementor-section-height-default elementor-section-height-default\" data-id=\"5f5f656\" data-element_type=\"section\">\n\t\t\t\t\t\t<div class=\"elementor-container elementor-column-gap-default\">\n\t\t\t\t\t<div class=\"elementor-column elementor-col-100 elementor-top-column elementor-element elementor-element-a60b140\" data-id=\"a60b140\" data-element_type=\"column\" data-settings=\"{&quot;background_background&quot;:&quot;classic&quot;}\">\n\t\t\t<div class=\"elementor-widget-wrap elementor-element-populated\">\n\t\t\t\t\t\t<div class=\"elementor-element elementor-element-59c69e6 elementor-widget elementor-widget-heading\" data-id=\"59c69e6\" data-element_type=\"widget\" data-widget_type=\"heading.default\">\n\t\t\t\t<div class=\"elementor-widget-container\">\n\t\t\t<h2 class=\"elementor-heading-title elementor-size-default\">BloodFlowMonitoring<\/h2>\t\t<\/div>\n\t\t\t\t<\/div>\n\t\t\t\t<div class=\"elementor-element elementor-element-e5649a3 elementor-widget elementor-widget-text-editor\" data-id=\"e5649a3\" data-element_type=\"widget\" data-widget_type=\"text-editor.default\">\n\t\t\t\t<div class=\"elementor-widget-container\">\n\t\t\t\t\t\t\t<p>Das entwickelte Ger\u00e4t misst indirekt den Blutfluss zum Gehirn, um Ursachen f\u00fcr spontane Migr\u00e4neanf\u00e4lle zu untersuchen.<br \/>Dazu werden auf beiden Ohrl\u00e4ppchen Leuchtdioden montiert, deren Licht vom zirkulierenden Blut absorbiert wird. Die St\u00e4rke des durchgelassenen Lichtanteiles wird gemessen. Es konnte der Nachweis erbracht werden, dass die Schwankungsamplitude mit zunehmender Durchblutung des Kopfes steigt. Diese kontaktlose Methode erlaubt, Durchblutungs\u00e4nderungen am Kopf auch im Seitenvergleich zu bestimmen.<\/p>\t\t\t\t\t\t<\/div>\n\t\t\t\t<\/div>\n\t\t\t\t<div class=\"elementor-element elementor-element-6b12965 elementor-widget elementor-widget-image\" data-id=\"6b12965\" data-element_type=\"widget\" data-widget_type=\"image.default\">\n\t\t\t\t<div class=\"elementor-widget-container\">\n\t\t\t\t\t\t\t\t\t\t\t\t\t<img decoding=\"async\" src=\"http:\/\/172.16.202.26\/wp-content\/uploads\/elementor\/thumbs\/BG_3-pn9r5nl8mjychiw4hauxfhqx9yg1qvc0xwo67exew6.jpg\" title=\"\" alt=\"\" loading=\"lazy\" \/>\t\t\t\t\t\t\t\t\t\t\t\t\t<\/div>\n\t\t\t\t<\/div>\n\t\t\t\t<div class=\"elementor-element elementor-element-1384ddd elementor-widget elementor-widget-text-editor\" data-id=\"1384ddd\" data-element_type=\"widget\" data-widget_type=\"text-editor.default\">\n\t\t\t\t<div class=\"elementor-widget-container\">\n\t\t\t\t\t\t\t<p>Unsere Sch\u00fcler versuchen technische Hilfsmittel f\u00fcr Menschen zu entwickeln, die an spontanen Migr\u00e4neanf\u00e4llen leiden. Als eine der m\u00f6glichen Ursachen wird eine ver\u00e4nderte Durchblutung des Gehirns vermutet. Wenn so eine Ver\u00e4nderung der Durchblutung fr\u00fchzeitig durch einfache Messungen erkannt werde kann, sollte es m\u00f6glich sein, durch geeignete \u00dcbungen dem drohenden Migr\u00e4neanfall entgegen zu wirken.<br \/>Die Messungen werden synchron an beiden Ohrl\u00e4ppchen mittels kontaktloser Durchleuchtung mit Dioden gemacht (rechter Sch\u00fcler im Bild hat die Ohrenklipse angelegt). Bisher werden solche Pulsoximeter zur Bestimmung der Pulsrate und der Sauerstoffs\u00e4ttigung im Blut verwendet. Unsere Sch\u00fcler konnten aber bisher schon zeigen, dass die Amplitude der Durchleuchtungsst\u00e4rke sensibel ist auf die Blutdurchfluss\u00e4nderungen der Kopfarterien im Seitenvergleich. Weitere Versuche mit K\u00f6rperschallmikrofonen direkt an den Arterien k\u00f6nnten noch genauere Ergebnisse \u00fcber die Gehirndurchblutung liefern.<br \/>Mit dieser, vergleichsweise einfachen und kontaktlosen Methode ist es m\u00f6glich die Durchblutung im Kopfbereich ab zu sch\u00e4tzen. Ob das auch f\u00fcr die Durchblutung direkt im Gehirn anwendbar ist, werden weitere Tests zeigen.<\/p>\t\t\t\t\t\t<\/div>\n\t\t\t\t<\/div>\n\t\t\t\t\t<\/div>\n\t\t<\/div>\n\t\t\t\t\t<\/div>\n\t\t<\/section>\n\t\t\t\t<\/div>\n\t\t","protected":false},"excerpt":{"rendered":"<p>Projekte \/ Diplomarbeiten der HBG Sch\u00fclerInnen setzen im Zuge der Diplomarbeit Projekte in Bereichen wie etwa Diagnose und Therapie oder Prothesen- und Implantattechnik um. Dabei arbeiten sie oft in Kooperation mit renommierten Unternehmen aus der Industrie und k\u00f6nnen erste Erfahrungen f\u00fcr das Berufsleben sammeln.&nbsp; Unsere Sch\u00fclerInnen stellen in Videos ihre Diplomprojekte vor: Bioimpedanzmessung Zellbewegung durch Strom Heizdeckenregelung Weitere Diplomarbeiten: Knied\u00e4mpfungsanalye [&hellip;]<\/p>\n","protected":false},"author":3,"featured_media":0,"parent":12637,"menu_order":0,"comment_status":"closed","ping_status":"closed","template":"elementor_header_footer","meta":[],"_links":{"self":[{"href":"http:\/\/172.16.202.26\/index.php?rest_route=\/wp\/v2\/pages\/2932"}],"collection":[{"href":"http:\/\/172.16.202.26\/index.php?rest_route=\/wp\/v2\/pages"}],"about":[{"href":"http:\/\/172.16.202.26\/index.php?rest_route=\/wp\/v2\/types\/page"}],"author":[{"embeddable":true,"href":"http:\/\/172.16.202.26\/index.php?rest_route=\/wp\/v2\/users\/3"}],"replies":[{"embeddable":true,"href":"http:\/\/172.16.202.26\/index.php?rest_route=%2Fwp%2Fv2%2Fcomments&post=2932"}],"version-history":[{"count":55,"href":"http:\/\/172.16.202.26\/index.php?rest_route=\/wp\/v2\/pages\/2932\/revisions"}],"predecessor-version":[{"id":20928,"href":"http:\/\/172.16.202.26\/index.php?rest_route=\/wp\/v2\/pages\/2932\/revisions\/20928"}],"up":[{"embeddable":true,"href":"http:\/\/172.16.202.26\/index.php?rest_route=\/wp\/v2\/pages\/12637"}],"wp:attachment":[{"href":"http:\/\/172.16.202.26\/index.php?rest_route=%2Fwp%2Fv2%2Fmedia&parent=2932"}],"curies":[{"name":"wp","href":"https:\/\/api.w.org\/{rel}","templated":true}]}}