{"id":3231,"date":"2022-04-20T15:30:20","date_gmt":"2022-04-20T13:30:20","guid":{"rendered":"http:\/\/192.189.51.53\/?page_id=3231"},"modified":"2022-10-08T11:35:56","modified_gmt":"2022-10-08T09:35:56","slug":"internetofthings","status":"publish","type":"page","link":"http:\/\/172.16.202.26\/?page_id=3231","title":{"rendered":"InternetOfThings"},"content":{"rendered":"\t\t<div data-elementor-type=\"wp-page\" data-elementor-id=\"3231\" class=\"elementor elementor-3231\">\n\t\t\t\t\t\t<section class=\"elementor-section elementor-top-section elementor-element elementor-element-d94d3ce elementor-section-boxed elementor-section-height-default elementor-section-height-default\" data-id=\"d94d3ce\" data-element_type=\"section\">\n\t\t\t\t\t\t<div class=\"elementor-container elementor-column-gap-default\">\n\t\t\t\t\t<div class=\"elementor-column elementor-col-100 elementor-top-column elementor-element elementor-element-21ff2e8\" data-id=\"21ff2e8\" data-element_type=\"column\">\n\t\t\t<div class=\"elementor-widget-wrap elementor-element-populated\">\n\t\t\t\t\t\t<div class=\"elementor-element elementor-element-2417a3b elementor-widget elementor-widget-heading\" data-id=\"2417a3b\" data-element_type=\"widget\" data-widget_type=\"heading.default\">\n\t\t\t\t<div class=\"elementor-widget-container\">\n\t\t\t<style>\/*! elementor - v3.20.0 - 13-03-2024 *\/\n.elementor-heading-title{padding:0;margin:0;line-height:1}.elementor-widget-heading .elementor-heading-title[class*=elementor-size-]>a{color:inherit;font-size:inherit;line-height:inherit}.elementor-widget-heading .elementor-heading-title.elementor-size-small{font-size:15px}.elementor-widget-heading .elementor-heading-title.elementor-size-medium{font-size:19px}.elementor-widget-heading .elementor-heading-title.elementor-size-large{font-size:29px}.elementor-widget-heading .elementor-heading-title.elementor-size-xl{font-size:39px}.elementor-widget-heading .elementor-heading-title.elementor-size-xxl{font-size:59px}<\/style><h2 class=\"elementor-heading-title elementor-size-default\">Das IoT-Lab der Elektronik - im Zeitalter vernetzter Dinge\n<\/h2>\t\t<\/div>\n\t\t\t\t<\/div>\n\t\t\t\t\t<\/div>\n\t\t<\/div>\n\t\t\t\t\t<\/div>\n\t\t<\/section>\n\t\t\t\t<section class=\"elementor-section elementor-top-section elementor-element elementor-element-fc826e5 elementor-section-boxed elementor-section-height-default elementor-section-height-default\" data-id=\"fc826e5\" data-element_type=\"section\">\n\t\t\t\t\t\t<div class=\"elementor-container elementor-column-gap-default\">\n\t\t\t\t\t<div class=\"elementor-column elementor-col-100 elementor-top-column elementor-element elementor-element-42930fa\" data-id=\"42930fa\" data-element_type=\"column\">\n\t\t\t<div class=\"elementor-widget-wrap elementor-element-populated\">\n\t\t\t\t\t\t<div class=\"elementor-element elementor-element-b18b121 elementor-widget elementor-widget-text-editor\" data-id=\"b18b121\" data-element_type=\"widget\" data-widget_type=\"text-editor.default\">\n\t\t\t\t<div class=\"elementor-widget-container\">\n\t\t\t<style>\/*! elementor - v3.20.0 - 13-03-2024 *\/\n.elementor-widget-text-editor.elementor-drop-cap-view-stacked .elementor-drop-cap{background-color:#69727d;color:#fff}.elementor-widget-text-editor.elementor-drop-cap-view-framed .elementor-drop-cap{color:#69727d;border:3px solid;background-color:transparent}.elementor-widget-text-editor:not(.elementor-drop-cap-view-default) .elementor-drop-cap{margin-top:8px}.elementor-widget-text-editor:not(.elementor-drop-cap-view-default) .elementor-drop-cap-letter{width:1em;height:1em}.elementor-widget-text-editor .elementor-drop-cap{float:left;text-align:center;line-height:1;font-size:50px}.elementor-widget-text-editor .elementor-drop-cap-letter{display:inline-block}<\/style>\t\t\t\t<p>Das \u201eInternet of Things\u201c (IoT, Internet der Dinge) geh\u00f6rt zu den wichtigsten Zukunftstechnologien, denn es erm\u00f6glicht dem Menschen die Vernetzung von Ger\u00e4ten und die Nutzung der Daten dieser Ger\u00e4te f\u00fcr g\u00e4nzlich neue Innovationen.<\/p><p>\u00a0<\/p><p>Unser Ziel ist es, Digitalisierung und IoT in die Bildung zu bringen und anfassbar zu machen. Das IoT-Lab fungiert dabei als breite Schnittstelle unterschiedlicher Disziplinen, von der Microcontroller Entwicklung, \u00fcber Sensorik bis hin zum leistungseffizienten Schaltungsbau. Es erm\u00f6glicht damit die Gestaltung eines vielf\u00e4ltigen digitalen Unterrichts und die lebendige Zusammenarbeit zwischen Sch\u00fcler*innen und Lehrkr\u00e4ften. Durch Sensortechnik und IoT lassen sich Daten auf globale Weise (Cloud) nutzen, um neues Wissen zu generieren.<\/p><p>\u00a0<\/p><p>Daraus resultieren oftmals tolle Ideen: von der intelligenten M\u00fclltonne, \u00fcber gestengesteuerte Flugdrohnen und GPS gesteuerte E-Longboards, bis hin zur smarten Pillenbox f\u00fcr die Gro\u00dfeltern. Dabei erlangen unsere Junior-Experten auch das Verst\u00e4ndnis daf\u00fcr, wie IoT in unserem Lebensalltag wirkt und die Dinge miteinander zusammenh\u00e4ngen, bis hin zu gesellschaftsrelevanten Fragen unserer Zeit.<\/p>\t\t\t\t\t\t<\/div>\n\t\t\t\t<\/div>\n\t\t\t\t\t<\/div>\n\t\t<\/div>\n\t\t\t\t\t<\/div>\n\t\t<\/section>\n\t\t\t\t<section class=\"elementor-section elementor-top-section elementor-element elementor-element-b01b3c3 elementor-section-boxed elementor-section-height-default elementor-section-height-default\" data-id=\"b01b3c3\" data-element_type=\"section\">\n\t\t\t\t\t\t<div class=\"elementor-container elementor-column-gap-default\">\n\t\t\t\t\t<div class=\"elementor-column elementor-col-100 elementor-top-column elementor-element elementor-element-af813c2\" data-id=\"af813c2\" data-element_type=\"column\">\n\t\t\t<div class=\"elementor-widget-wrap elementor-element-populated\">\n\t\t\t\t\t\t<div class=\"elementor-element elementor-element-7d8ef5d elementor-widget elementor-widget-image\" data-id=\"7d8ef5d\" data-element_type=\"widget\" data-widget_type=\"image.default\">\n\t\t\t\t<div class=\"elementor-widget-container\">\n\t\t\t<style>\/*! elementor - v3.20.0 - 13-03-2024 *\/\n.elementor-widget-image{text-align:center}.elementor-widget-image a{display:inline-block}.elementor-widget-image a img[src$=\".svg\"]{width:48px}.elementor-widget-image img{vertical-align:middle;display:inline-block}<\/style>\t\t\t\t\t\t\t\t\t\t<img fetchpriority=\"high\" decoding=\"async\" width=\"640\" height=\"457\" src=\"http:\/\/172.16.202.26\/wp-content\/uploads\/2022\/04\/iot-768x548.jpg\" class=\"attachment-medium_large size-medium_large wp-image-3233\" alt=\"\" srcset=\"http:\/\/172.16.202.26\/wp-content\/uploads\/2022\/04\/iot-768x548.jpg 768w, http:\/\/172.16.202.26\/wp-content\/uploads\/2022\/04\/iot-300x214.jpg 300w, http:\/\/172.16.202.26\/wp-content\/uploads\/2022\/04\/iot.jpg 962w\" sizes=\"(max-width: 640px) 100vw, 640px\" \/>\t\t\t\t\t\t\t\t\t\t\t\t\t<\/div>\n\t\t\t\t<\/div>\n\t\t\t\t\t<\/div>\n\t\t<\/div>\n\t\t\t\t\t<\/div>\n\t\t<\/section>\n\t\t\t\t<\/div>\n\t\t","protected":false},"excerpt":{"rendered":"<p>Das IoT-Lab der Elektronik &#8211; im Zeitalter vernetzter Dinge Das \u201eInternet of Things\u201c (IoT, Internet der Dinge) geh\u00f6rt zu den wichtigsten Zukunftstechnologien, denn es erm\u00f6glicht dem Menschen die Vernetzung von Ger\u00e4ten und die Nutzung der Daten dieser Ger\u00e4te f\u00fcr g\u00e4nzlich neue Innovationen. \u00a0 Unser Ziel ist es, Digitalisierung und IoT in die Bildung zu bringen und anfassbar zu machen. Das [&hellip;]<\/p>\n","protected":false},"author":3,"featured_media":0,"parent":12652,"menu_order":0,"comment_status":"closed","ping_status":"closed","template":"elementor_header_footer","meta":[],"_links":{"self":[{"href":"http:\/\/172.16.202.26\/index.php?rest_route=\/wp\/v2\/pages\/3231"}],"collection":[{"href":"http:\/\/172.16.202.26\/index.php?rest_route=\/wp\/v2\/pages"}],"about":[{"href":"http:\/\/172.16.202.26\/index.php?rest_route=\/wp\/v2\/types\/page"}],"author":[{"embeddable":true,"href":"http:\/\/172.16.202.26\/index.php?rest_route=\/wp\/v2\/users\/3"}],"replies":[{"embeddable":true,"href":"http:\/\/172.16.202.26\/index.php?rest_route=%2Fwp%2Fv2%2Fcomments&post=3231"}],"version-history":[{"count":4,"href":"http:\/\/172.16.202.26\/index.php?rest_route=\/wp\/v2\/pages\/3231\/revisions"}],"predecessor-version":[{"id":3236,"href":"http:\/\/172.16.202.26\/index.php?rest_route=\/wp\/v2\/pages\/3231\/revisions\/3236"}],"up":[{"embeddable":true,"href":"http:\/\/172.16.202.26\/index.php?rest_route=\/wp\/v2\/pages\/12652"}],"wp:attachment":[{"href":"http:\/\/172.16.202.26\/index.php?rest_route=%2Fwp%2Fv2%2Fmedia&parent=3231"}],"curies":[{"name":"wp","href":"https:\/\/api.w.org\/{rel}","templated":true}]}}