{"id":3310,"date":"2022-04-20T17:51:52","date_gmt":"2022-04-20T15:51:52","guid":{"rendered":"http:\/\/192.189.51.53\/?page_id=3310"},"modified":"2023-04-23T18:44:24","modified_gmt":"2023-04-23T16:44:24","slug":"erneuerbare_energien","status":"publish","type":"page","link":"http:\/\/172.16.202.26\/?page_id=3310","title":{"rendered":"Erneuerbare Energien"},"content":{"rendered":"\t\t<div data-elementor-type=\"wp-page\" data-elementor-id=\"3310\" class=\"elementor elementor-3310\">\n\t\t\t\t\t\t<section class=\"elementor-section elementor-top-section elementor-element elementor-element-53a1e9d elementor-section-full_width elementor-section-height-min-height elementor-section-items-top elementor-section-height-default\" data-id=\"53a1e9d\" data-element_type=\"section\">\n\t\t\t\t\t\t\t<div class=\"elementor-background-overlay\"><\/div>\n\t\t\t\t\t\t\t<div class=\"elementor-container elementor-column-gap-default\">\n\t\t\t\t\t<div class=\"elementor-column elementor-col-100 elementor-top-column elementor-element elementor-element-8097857\" data-id=\"8097857\" data-element_type=\"column\" data-settings=\"{&quot;background_background&quot;:&quot;slideshow&quot;,&quot;background_slideshow_gallery&quot;:[],&quot;background_slideshow_loop&quot;:&quot;yes&quot;,&quot;background_slideshow_slide_duration&quot;:5000,&quot;background_slideshow_slide_transition&quot;:&quot;fade&quot;,&quot;background_slideshow_transition_duration&quot;:500}\">\n\t\t\t<div class=\"elementor-widget-wrap elementor-element-populated\">\n\t\t\t\t\t\t<div class=\"elementor-element elementor-element-77b7ffd elementor-widget__width-auto elementor-invisible elementor-widget elementor-widget-heading\" data-id=\"77b7ffd\" data-element_type=\"widget\" data-settings=\"{&quot;_animation&quot;:&quot;fadeInLeft&quot;}\" data-widget_type=\"heading.default\">\n\t\t\t\t<div class=\"elementor-widget-container\">\n\t\t\t<style>\/*! elementor - v3.20.0 - 13-03-2024 *\/\n.elementor-heading-title{padding:0;margin:0;line-height:1}.elementor-widget-heading .elementor-heading-title[class*=elementor-size-]>a{color:inherit;font-size:inherit;line-height:inherit}.elementor-widget-heading .elementor-heading-title.elementor-size-small{font-size:15px}.elementor-widget-heading .elementor-heading-title.elementor-size-medium{font-size:19px}.elementor-widget-heading .elementor-heading-title.elementor-size-large{font-size:29px}.elementor-widget-heading .elementor-heading-title.elementor-size-xl{font-size:39px}.elementor-widget-heading .elementor-heading-title.elementor-size-xxl{font-size:59px}<\/style><h1 class=\"elementor-heading-title elementor-size-default\">Elektrotechnik -<br>Erneuerbare Energien<\/h1>\t\t<\/div>\n\t\t\t\t<\/div>\n\t\t\t\t\t<\/div>\n\t\t<\/div>\n\t\t\t\t\t<\/div>\n\t\t<\/section>\n\t\t\t\t<section class=\"elementor-section elementor-top-section elementor-element elementor-element-8db3bbc elementor-section-boxed elementor-section-height-default elementor-section-height-default\" data-id=\"8db3bbc\" data-element_type=\"section\">\n\t\t\t\t\t\t<div class=\"elementor-container elementor-column-gap-default\">\n\t\t\t\t\t<div class=\"elementor-column elementor-col-100 elementor-top-column elementor-element elementor-element-5d73ee8\" data-id=\"5d73ee8\" data-element_type=\"column\">\n\t\t\t<div class=\"elementor-widget-wrap elementor-element-populated\">\n\t\t\t\t\t\t<div class=\"elementor-element elementor-element-1b26649 elementor-widget elementor-widget-heading\" data-id=\"1b26649\" data-element_type=\"widget\" data-widget_type=\"heading.default\">\n\t\t\t\t<div class=\"elementor-widget-container\">\n\t\t\t<h2 class=\"elementor-heading-title elementor-size-default\">Erneuerbare Energien<\/h2>\t\t<\/div>\n\t\t\t\t<\/div>\n\t\t\t\t<div class=\"elementor-element elementor-element-f90a328 elementor-widget elementor-widget-text-editor\" data-id=\"f90a328\" data-element_type=\"widget\" data-widget_type=\"text-editor.default\">\n\t\t\t\t<div class=\"elementor-widget-container\">\n\t\t\t<style>\/*! elementor - v3.20.0 - 13-03-2024 *\/\n.elementor-widget-text-editor.elementor-drop-cap-view-stacked .elementor-drop-cap{background-color:#69727d;color:#fff}.elementor-widget-text-editor.elementor-drop-cap-view-framed .elementor-drop-cap{color:#69727d;border:3px solid;background-color:transparent}.elementor-widget-text-editor:not(.elementor-drop-cap-view-default) .elementor-drop-cap{margin-top:8px}.elementor-widget-text-editor:not(.elementor-drop-cap-view-default) .elementor-drop-cap-letter{width:1em;height:1em}.elementor-widget-text-editor .elementor-drop-cap{float:left;text-align:center;line-height:1;font-size:50px}.elementor-widget-text-editor .elementor-drop-cap-letter{display:inline-block}<\/style>\t\t\t\t<p>Im 4. und 5. Jahrgang unterscheidet sich die Stundentafel im Vergleich zum verordneten Stundenplan um insgesamt 5 Wochenstunden (siehe Stundentafel), wobei ein neuer Gegenstand \u201eErneuerbare Energien\u201c dazu kommt und Gegenst\u00e4nde wie z.B. Informatik im Stundenausma\u00df entsprechend reduziert werden. Au\u00dferdem werden in den Gegenst\u00e4nden Laboratorium und Computergest\u00fctzte Projektentwicklung der Vertiefung entsprechende \u00dcbungen und Projekte durchgef\u00fchrt.<\/p><p>\u00a0<\/p><p>Lehrstoff des Gegenstands \u201eErneuerbare Energien\u201c:<\/p><p>\u00a0<\/p><p>Bereich Grundlagen der Erneuerbaren Energien:<\/p><p>\u00dcberblick \u00fcber Erneuerbare Energien (Energiequellen, Energietr\u00e4ger, Technologien, Potenziale und Nutzung); Einfluss fossiler Energietr\u00e4ger auf die Energie- und Umweltsituation; Autarke Energieversorgung mit Erneuerbaren Energien<\/p><p>\u00a0<\/p><p>Bereich Photovoltaik:<\/p><p>Sonneneinstrahlung (Jahreszeitlicher Verlauf, Einstrahlung auf geneigte Fl\u00e4chen, Potenziale und Nutzung); Solarzelle (Physik der Solarzelle, Herstellverfahren, Typen von Solarzellen, Kennlinien und Betriebsverhalten); Module; Autarke und netzgekoppelte Photovoltaikanlagen (Komponenten, Anlagenkonzepte, Betriebsverhalten, Technisch-wirtschaftliche Kennzahlen); Anlagenplanung und \u2013dimensionierung (Kosten, Umwelteffekte, beh\u00f6rdliches Bewilligungsverfahren; Montage, Betrieb).<\/p><p>\u00a0<\/p><p>Bereich Solarthermische Anlagen:<\/p><p>Thermische Nutzung der Solarenergie; Kollektorbauarten; Speicher; Regelkonzepte; sonstige Komponenten des Solarkreislaufs; Anlagenkonzepte; Anlagenprojektierung (Schwimmbadheizung, Warmwasserbereitung und Teilsolarer Raumheizung); Wirtschaftlichkeit; F\u00f6rderungen.<\/p><p>Bereich Erneuerbare Energien in der Geb\u00e4udetechnik:<\/p><p>Energieeffizientes Bauen; W\u00e4rmebedarf eines Geb\u00e4udes; Energieausweis; Niedrigenergie- und Passivhauskonzept.<\/p><p>\u00a0<\/p><p>Bereich Windkraftanlagen:<\/p><p>Energietr\u00e4ger Wind (Windklimatologie, Wind in Bodenn\u00e4he, Potenziale und Nutzung); Physik der Windenergienutzung; Mechanischer Aufbau von Windkraftanlagen; Anlagenkonzepte; Anschluss an das elektrische Netz; Kosten, Umwelteffekte, beh\u00f6rdliches Bewilligungsverfahren; Windkraftanlagen im Netzbetrieb; Kleinwindkraftanlagen.<\/p><figure class=\"kg-card kg-image-card\"><\/figure><p>Bereich Wasserkraftanlagen:<\/p><p>Grundlagen der Wasserkraftnutzung (Hydrologische Grundlagen, Energie des Wassers, Potenzial, Nutzung); Turbinen (Bauarten und Einsatz, Hydrodynamische Grundlagen, Kennwerte und Kennlinien); Bauarten von Wasserkraftwerken (Laufkraftwerke, Speicherwerke, Kleinkraftwerke); Elektrotechnische Ausr\u00fcstung; Planung von Wasserkraftanlagen; Kosten, Umwelteffekte, beh\u00f6rdliches Bewilligungsverfahren.<\/p>\t\t\t\t\t\t<\/div>\n\t\t\t\t<\/div>\n\t\t\t\t\t<\/div>\n\t\t<\/div>\n\t\t\t\t\t<\/div>\n\t\t<\/section>\n\t\t\t\t<section class=\"elementor-section elementor-top-section elementor-element elementor-element-7dd3f27 elementor-section-boxed elementor-section-height-default elementor-section-height-default\" data-id=\"7dd3f27\" data-element_type=\"section\">\n\t\t\t\t\t\t<div class=\"elementor-container elementor-column-gap-default\">\n\t\t\t\t\t<div class=\"elementor-column elementor-col-100 elementor-top-column elementor-element elementor-element-a3fa306\" data-id=\"a3fa306\" data-element_type=\"column\">\n\t\t\t<div class=\"elementor-widget-wrap elementor-element-populated\">\n\t\t\t\t\t\t<div class=\"elementor-element elementor-element-df44e53 elementor-widget elementor-widget-image\" data-id=\"df44e53\" data-element_type=\"widget\" data-widget_type=\"image.default\">\n\t\t\t\t<div class=\"elementor-widget-container\">\n\t\t\t<style>\/*! elementor - v3.20.0 - 13-03-2024 *\/\n.elementor-widget-image{text-align:center}.elementor-widget-image a{display:inline-block}.elementor-widget-image a img[src$=\".svg\"]{width:48px}.elementor-widget-image img{vertical-align:middle;display:inline-block}<\/style>\t\t\t\t\t\t\t\t\t\t<img fetchpriority=\"high\" decoding=\"async\" width=\"640\" height=\"469\" src=\"http:\/\/172.16.202.26\/wp-content\/uploads\/2022\/04\/e3.jpg\" class=\"attachment-large size-large wp-image-3313\" alt=\"\" srcset=\"http:\/\/172.16.202.26\/wp-content\/uploads\/2022\/04\/e3.jpg 913w, http:\/\/172.16.202.26\/wp-content\/uploads\/2022\/04\/e3-300x220.jpg 300w, http:\/\/172.16.202.26\/wp-content\/uploads\/2022\/04\/e3-768x563.jpg 768w\" sizes=\"(max-width: 640px) 100vw, 640px\" \/>\t\t\t\t\t\t\t\t\t\t\t\t\t<\/div>\n\t\t\t\t<\/div>\n\t\t\t\t\t<\/div>\n\t\t<\/div>\n\t\t\t\t\t<\/div>\n\t\t<\/section>\n\t\t\t\t<\/div>\n\t\t","protected":false},"excerpt":{"rendered":"<p>Elektrotechnik &#8211;Erneuerbare Energien Erneuerbare Energien Im 4. und 5. Jahrgang unterscheidet sich die Stundentafel im Vergleich zum verordneten Stundenplan um insgesamt 5 Wochenstunden (siehe Stundentafel), wobei ein neuer Gegenstand \u201eErneuerbare Energien\u201c dazu kommt und Gegenst\u00e4nde wie z.B. Informatik im Stundenausma\u00df entsprechend reduziert werden. Au\u00dferdem werden in den Gegenst\u00e4nden Laboratorium und Computergest\u00fctzte Projektentwicklung der Vertiefung entsprechende \u00dcbungen und Projekte durchgef\u00fchrt. \u00a0 [&hellip;]<\/p>\n","protected":false},"author":3,"featured_media":0,"parent":12657,"menu_order":0,"comment_status":"closed","ping_status":"closed","template":"elementor_header_footer","meta":[],"_links":{"self":[{"href":"http:\/\/172.16.202.26\/index.php?rest_route=\/wp\/v2\/pages\/3310"}],"collection":[{"href":"http:\/\/172.16.202.26\/index.php?rest_route=\/wp\/v2\/pages"}],"about":[{"href":"http:\/\/172.16.202.26\/index.php?rest_route=\/wp\/v2\/types\/page"}],"author":[{"embeddable":true,"href":"http:\/\/172.16.202.26\/index.php?rest_route=\/wp\/v2\/users\/3"}],"replies":[{"embeddable":true,"href":"http:\/\/172.16.202.26\/index.php?rest_route=%2Fwp%2Fv2%2Fcomments&post=3310"}],"version-history":[{"count":43,"href":"http:\/\/172.16.202.26\/index.php?rest_route=\/wp\/v2\/pages\/3310\/revisions"}],"predecessor-version":[{"id":17445,"href":"http:\/\/172.16.202.26\/index.php?rest_route=\/wp\/v2\/pages\/3310\/revisions\/17445"}],"up":[{"embeddable":true,"href":"http:\/\/172.16.202.26\/index.php?rest_route=\/wp\/v2\/pages\/12657"}],"wp:attachment":[{"href":"http:\/\/172.16.202.26\/index.php?rest_route=%2Fwp%2Fv2%2Fmedia&parent=3310"}],"curies":[{"name":"wp","href":"https:\/\/api.w.org\/{rel}","templated":true}]}}