{"id":3531,"date":"2022-04-21T13:23:36","date_gmt":"2022-04-21T11:23:36","guid":{"rendered":"http:\/\/192.189.51.53\/?page_id=3531"},"modified":"2022-10-08T11:47:08","modified_gmt":"2022-10-08T09:47:08","slug":"werkstaette_kt","status":"publish","type":"page","link":"http:\/\/172.16.202.26\/?page_id=3531","title":{"rendered":"Werkst\u00e4tte KT"},"content":{"rendered":"\t\t<div data-elementor-type=\"wp-page\" data-elementor-id=\"3531\" class=\"elementor elementor-3531\">\n\t\t\t\t\t\t<section class=\"elementor-section elementor-top-section elementor-element elementor-element-d94d3ce elementor-section-boxed elementor-section-height-default elementor-section-height-default\" data-id=\"d94d3ce\" data-element_type=\"section\">\n\t\t\t\t\t\t<div class=\"elementor-container elementor-column-gap-default\">\n\t\t\t\t\t<div class=\"elementor-column elementor-col-100 elementor-top-column elementor-element elementor-element-21ff2e8\" data-id=\"21ff2e8\" data-element_type=\"column\">\n\t\t\t<div class=\"elementor-widget-wrap elementor-element-populated\">\n\t\t\t\t\t\t<div class=\"elementor-element elementor-element-2417a3b elementor-widget elementor-widget-heading\" data-id=\"2417a3b\" data-element_type=\"widget\" data-widget_type=\"heading.default\">\n\t\t\t\t<div class=\"elementor-widget-container\">\n\t\t\t<style>\/*! elementor - v3.20.0 - 13-03-2024 *\/\n.elementor-heading-title{padding:0;margin:0;line-height:1}.elementor-widget-heading .elementor-heading-title[class*=elementor-size-]>a{color:inherit;font-size:inherit;line-height:inherit}.elementor-widget-heading .elementor-heading-title.elementor-size-small{font-size:15px}.elementor-widget-heading .elementor-heading-title.elementor-size-medium{font-size:19px}.elementor-widget-heading .elementor-heading-title.elementor-size-large{font-size:29px}.elementor-widget-heading .elementor-heading-title.elementor-size-xl{font-size:39px}.elementor-widget-heading .elementor-heading-title.elementor-size-xxl{font-size:59px}<\/style><h2 class=\"elementor-heading-title elementor-size-default\">Werkst\u00e4tte in der HKT<\/h2>\t\t<\/div>\n\t\t\t\t<\/div>\n\t\t\t\t\t<\/div>\n\t\t<\/div>\n\t\t\t\t\t<\/div>\n\t\t<\/section>\n\t\t\t\t<section class=\"elementor-section elementor-top-section elementor-element elementor-element-fc826e5 elementor-section-boxed elementor-section-height-default elementor-section-height-default\" data-id=\"fc826e5\" data-element_type=\"section\">\n\t\t\t\t\t\t<div class=\"elementor-container elementor-column-gap-default\">\n\t\t\t\t\t<div class=\"elementor-column elementor-col-100 elementor-top-column elementor-element elementor-element-42930fa\" data-id=\"42930fa\" data-element_type=\"column\">\n\t\t\t<div class=\"elementor-widget-wrap elementor-element-populated\">\n\t\t\t\t\t\t<div class=\"elementor-element elementor-element-e86a136 elementor-widget elementor-widget-heading\" data-id=\"e86a136\" data-element_type=\"widget\" data-widget_type=\"heading.default\">\n\t\t\t\t<div class=\"elementor-widget-container\">\n\t\t\t<h3 class=\"elementor-heading-title elementor-size-default\">Werkst\u00e4tte<\/h3>\t\t<\/div>\n\t\t\t\t<\/div>\n\t\t\t\t<div class=\"elementor-element elementor-element-b18b121 elementor-widget elementor-widget-text-editor\" data-id=\"b18b121\" data-element_type=\"widget\" data-widget_type=\"text-editor.default\">\n\t\t\t\t<div class=\"elementor-widget-container\">\n\t\t\t<style>\/*! elementor - v3.20.0 - 13-03-2024 *\/\n.elementor-widget-text-editor.elementor-drop-cap-view-stacked .elementor-drop-cap{background-color:#69727d;color:#fff}.elementor-widget-text-editor.elementor-drop-cap-view-framed .elementor-drop-cap{color:#69727d;border:3px solid;background-color:transparent}.elementor-widget-text-editor:not(.elementor-drop-cap-view-default) .elementor-drop-cap{margin-top:8px}.elementor-widget-text-editor:not(.elementor-drop-cap-view-default) .elementor-drop-cap-letter{width:1em;height:1em}.elementor-widget-text-editor .elementor-drop-cap{float:left;text-align:center;line-height:1;font-size:50px}.elementor-widget-text-editor .elementor-drop-cap-letter{display:inline-block}<\/style>\t\t\t\t<p>KunststofftechnikerInnen besuchen viele verschiedene Werkst\u00e4tten f\u00fcr einen breiten Einblick in die Fachpraxis. In den ersten vier Ausbildungsjahren verbringen wir einen Tag pro Woche in der Werkst\u00e4tte \u2013 das sind zusammengerechnet 23 Stunden. Werkst\u00e4tten-Tage sind zwar anstrengend, aber stellen auch eine beliebte Abwechslung zum klassischen Theorieunterricht dar.<\/p><p>\u00a0<\/p><p>Alle Werkst\u00e4tten sind wichtig \u2013 besonderer Schwerpunkt liegt aber auf den kunststofftechnischen Werkst\u00e4tten und dem metallbearbeitenden Formenbau.<\/p>\t\t\t\t\t\t<\/div>\n\t\t\t\t<\/div>\n\t\t\t\t\t<\/div>\n\t\t<\/div>\n\t\t\t\t\t<\/div>\n\t\t<\/section>\n\t\t\t\t<section class=\"elementor-section elementor-top-section elementor-element elementor-element-982f618 elementor-section-boxed elementor-section-height-default elementor-section-height-default\" data-id=\"982f618\" data-element_type=\"section\">\n\t\t\t\t\t\t<div class=\"elementor-container elementor-column-gap-default\">\n\t\t\t\t\t<div class=\"elementor-column elementor-col-50 elementor-top-column elementor-element elementor-element-4b1c9ec\" data-id=\"4b1c9ec\" data-element_type=\"column\">\n\t\t\t<div class=\"elementor-widget-wrap elementor-element-populated\">\n\t\t\t\t\t\t<div class=\"elementor-element elementor-element-f15c806 elementor-widget elementor-widget-text-editor\" data-id=\"f15c806\" data-element_type=\"widget\" data-widget_type=\"text-editor.default\">\n\t\t\t\t<div class=\"elementor-widget-container\">\n\t\t\t\t\t\t\t<p><strong>Kunststofftechnische Werkst\u00e4tte:<\/strong><\/p><p>Neben den wesentlichen Grundfertigkeiten, die zu einer Kunststofftechniker*innen-Ausbildung geh\u00f6ren, unterrichten wir den Einsatz modernster Technologien.<\/p><p>Zu den Basics geh\u00f6ren unter anderem spangebende und spanlose Verfahren, Warmformverfahren und Oberfl\u00e4chenveredelung. Protototypherstellung mit Hilfe des 3D-Druckers, Vakuumguss \u00a0und die Lasertechnologie geh\u00f6ren zu den High end Technologien. Abgerundet wird die Ausbildung durch Glas- und Kohlefaserverarbeitung sowie unterschiedliche Klebe- und Schwei\u00dfverfahren.<\/p>\t\t\t\t\t\t<\/div>\n\t\t\t\t<\/div>\n\t\t\t\t\t<\/div>\n\t\t<\/div>\n\t\t\t\t<div class=\"elementor-column elementor-col-50 elementor-top-column elementor-element elementor-element-20d243e\" data-id=\"20d243e\" data-element_type=\"column\">\n\t\t\t<div class=\"elementor-widget-wrap elementor-element-populated\">\n\t\t\t\t\t\t<div class=\"elementor-element elementor-element-25e461b elementor-widget elementor-widget-image\" data-id=\"25e461b\" data-element_type=\"widget\" data-widget_type=\"image.default\">\n\t\t\t\t<div class=\"elementor-widget-container\">\n\t\t\t<style>\/*! elementor - v3.20.0 - 13-03-2024 *\/\n.elementor-widget-image{text-align:center}.elementor-widget-image a{display:inline-block}.elementor-widget-image a img[src$=\".svg\"]{width:48px}.elementor-widget-image img{vertical-align:middle;display:inline-block}<\/style>\t\t\t\t\t\t\t\t\t\t<img fetchpriority=\"high\" decoding=\"async\" width=\"640\" height=\"438\" src=\"http:\/\/172.16.202.26\/wp-content\/uploads\/2022\/04\/kt_1.png\" class=\"attachment-large size-large wp-image-3542\" alt=\"\" srcset=\"http:\/\/172.16.202.26\/wp-content\/uploads\/2022\/04\/kt_1.png 945w, http:\/\/172.16.202.26\/wp-content\/uploads\/2022\/04\/kt_1-300x205.png 300w, http:\/\/172.16.202.26\/wp-content\/uploads\/2022\/04\/kt_1-768x526.png 768w\" sizes=\"(max-width: 640px) 100vw, 640px\" \/>\t\t\t\t\t\t\t\t\t\t\t\t\t<\/div>\n\t\t\t\t<\/div>\n\t\t\t\t\t<\/div>\n\t\t<\/div>\n\t\t\t\t\t<\/div>\n\t\t<\/section>\n\t\t\t\t<section class=\"elementor-section elementor-top-section elementor-element elementor-element-bd84683 elementor-section-boxed elementor-section-height-default elementor-section-height-default\" data-id=\"bd84683\" data-element_type=\"section\">\n\t\t\t\t\t\t<div class=\"elementor-container elementor-column-gap-default\">\n\t\t\t\t\t<div class=\"elementor-column elementor-col-50 elementor-top-column elementor-element elementor-element-c6628de\" data-id=\"c6628de\" data-element_type=\"column\">\n\t\t\t<div class=\"elementor-widget-wrap elementor-element-populated\">\n\t\t\t\t\t\t<div class=\"elementor-element elementor-element-e95aa7c elementor-widget elementor-widget-text-editor\" data-id=\"e95aa7c\" data-element_type=\"widget\" data-widget_type=\"text-editor.default\">\n\t\t\t\t<div class=\"elementor-widget-container\">\n\t\t\t\t\t\t\t<p><strong>Formen und Werkzeugbau:<\/strong><br \/>Der Formen- und Werkzeugbau liefert die, f\u00fcr die verschiedensten Verfahren der Kunststofftechnik, notwendigen Produktionsmittel zur Serienfertigung.<br \/>Die hochpr\u00e4zisen und kostenintensiven Formen und Werkzeuge werden auf Werkzeugmaschinen nach CAD Daten gefertigt. Dabei kommen spanabhebende Verfahren wie S\u00e4gen, Feilen, Bohren, Fr\u00e4sen, Drehen, Schleifen, Funkenerodieren, u.v.a. manuell und computergesteuert zum Einsatz. Sch\u00fcler*innen der Abteilung Kunststofftechnik lernen beginnend von der rein manuellen Stahlbearbeitung Schritt f\u00fcr Schritt den Einsatz und die Bedienung von Werkzeugmaschinen.<br \/>Weitere Bet\u00e4tigungsfelder des FWB sind, unter Einbindung additiver Verfahren, der Prototypen-, der Vorrichtungs- und der Lehrenbau.<\/p>\t\t\t\t\t\t<\/div>\n\t\t\t\t<\/div>\n\t\t\t\t\t<\/div>\n\t\t<\/div>\n\t\t\t\t<div class=\"elementor-column elementor-col-50 elementor-top-column elementor-element elementor-element-e38cef3\" data-id=\"e38cef3\" data-element_type=\"column\">\n\t\t\t<div class=\"elementor-widget-wrap elementor-element-populated\">\n\t\t\t\t\t\t<div class=\"elementor-element elementor-element-1b3052c elementor-widget elementor-widget-image\" data-id=\"1b3052c\" data-element_type=\"widget\" data-widget_type=\"image.default\">\n\t\t\t\t<div class=\"elementor-widget-container\">\n\t\t\t\t\t\t\t\t\t\t\t\t\t<img decoding=\"async\" src=\"http:\/\/172.16.202.26\/wp-content\/uploads\/elementor\/thumbs\/kt_2-pnp4ynh7q076yvaif6ezsgltajixejtvcvosqq56sm.jpg\" title=\"kt_2\" alt=\"kt_2\" loading=\"lazy\" \/>\t\t\t\t\t\t\t\t\t\t\t\t\t<\/div>\n\t\t\t\t<\/div>\n\t\t\t\t\t<\/div>\n\t\t<\/div>\n\t\t\t\t\t<\/div>\n\t\t<\/section>\n\t\t\t\t<section class=\"elementor-section elementor-top-section elementor-element elementor-element-10b473c elementor-section-boxed elementor-section-height-default elementor-section-height-default\" data-id=\"10b473c\" data-element_type=\"section\">\n\t\t\t\t\t\t<div class=\"elementor-container elementor-column-gap-default\">\n\t\t\t\t\t<div class=\"elementor-column elementor-col-100 elementor-top-column elementor-element elementor-element-156f00d\" data-id=\"156f00d\" data-element_type=\"column\">\n\t\t\t<div class=\"elementor-widget-wrap elementor-element-populated\">\n\t\t\t\t\t\t<div class=\"elementor-element elementor-element-2f31305 elementor-widget elementor-widget-heading\" data-id=\"2f31305\" data-element_type=\"widget\" data-widget_type=\"heading.default\">\n\t\t\t\t<div class=\"elementor-widget-container\">\n\t\t\t<h3 class=\"elementor-heading-title elementor-size-default\">Laborunterricht<\/h3>\t\t<\/div>\n\t\t\t\t<\/div>\n\t\t\t\t<div class=\"elementor-element elementor-element-d0fea7d elementor-widget elementor-widget-text-editor\" data-id=\"d0fea7d\" data-element_type=\"widget\" data-widget_type=\"text-editor.default\">\n\t\t\t\t<div class=\"elementor-widget-container\">\n\t\t\t\t\t\t\t<p>Im 4. und 5. Jahrgang haben unsere Sch\u00fclerinnen und Sch\u00fcler neben der Werkst\u00e4tte auch Laborunterricht. Hier werden theoretische Inhalte des Unterrichts durch praktische Anwendungen in den Labors erg\u00e4nzt.<\/p>\n<p><\/p>\n<p>Im kunststofftechnischen Labor f\u00fchrt man Versuche und \u00dcbungen auf Verarbeitungs- und Pr\u00fcfmaschinen durch. Der Unterricht erfolgt in Kleingruppen. Die tgm Kunststofftechnik ist auf ihren modernen Maschinenpark stolz, der von Industrie und Wirtschaft der Ausbildung zur Verf\u00fcgung gestellt wird.&nbsp;<\/p>\n<p>Die Sch\u00fcler*innen besuchen 4 Laboratorien: Automatisierungslabor, Extrusionslabor, Spritzgu\u00dflabor und das Pr\u00fcftechniklabor.<\/p>\t\t\t\t\t\t<\/div>\n\t\t\t\t<\/div>\n\t\t\t\t\t<\/div>\n\t\t<\/div>\n\t\t\t\t\t<\/div>\n\t\t<\/section>\n\t\t\t\t<section class=\"elementor-section elementor-top-section elementor-element elementor-element-3bf1983 elementor-section-boxed elementor-section-height-default elementor-section-height-default\" data-id=\"3bf1983\" data-element_type=\"section\">\n\t\t\t\t\t\t<div class=\"elementor-container elementor-column-gap-default\">\n\t\t\t\t\t<div class=\"elementor-column elementor-col-50 elementor-top-column elementor-element elementor-element-c204d61\" data-id=\"c204d61\" data-element_type=\"column\">\n\t\t\t<div class=\"elementor-widget-wrap elementor-element-populated\">\n\t\t\t\t\t\t<div class=\"elementor-element elementor-element-da16d77 elementor-widget elementor-widget-text-editor\" data-id=\"da16d77\" data-element_type=\"widget\" data-widget_type=\"text-editor.default\">\n\t\t\t\t<div class=\"elementor-widget-container\">\n\t\t\t\t\t\t\t<p><strong>Labor Automatisierungstechnik:<\/strong><br \/>Alle 5 Minuten die Temperatur des Wassers in einem Probebecher zu messen um herauszufinden, wie lange der Becher die enthaltene Fl\u00fcssigkeit warm h\u00e4lt, ist keine besonders spannende T\u00e4tigkeit. Deshalb lernen angehende Kunststoffprofis wie sie solche Aufgaben automatisieren k\u00f6nnen, um ihre wertvolle Zeit sinnvoller zu nutzen.<br \/>Im Automatisierungslabor erarbeiten wir gemeinsam L\u00f6sungen f\u00fcr solche Aufgaben. So k\u00f6nnen wir beispielsweise die Temperatur mittels Mikrocontroller und Temperatursensor messen, die Werte in gew\u00fcnschten Zeitabst\u00e4nden auf eine Speicherkarte schreiben, sp\u00e4ter die Daten auswerten und in Diagrammen aufbereiten. Wenn ein bestimmter Wert unterschritten wird, k\u00f6nnen wir auch Alarm schlagen (z.B. mittels Ton, Licht, SMS, \u2026).<br \/>Aufgaben wie z.B. Sortieren von Kunststoffteilen nach Farbe, um diese f\u00fcrs Recycling aufzubereiten, l\u00f6sen wir mit Robotertechnik. Der Einsatz von Roboter- bzw. Handlingsystemen ist in der Kunststofftechnik heute unverzichtbar.<br \/>Die Schwerpunkte des Automatisierungslabors liegen auf Messen, Steuern und Regeln mit Hilfe von Mikrocontrollern. Ziel ist es, Probleme treffsicher zu analysieren, zielgerichtete L\u00f6sungsm\u00f6glichkeiten zu entwickeln und diese praktisch umzusetzen \u2013 also die Probleml\u00f6sungskompetenz zu st\u00e4rken.<br \/>Die gewonnen Erkenntnisse und F\u00e4higkeiten finden regelm\u00e4\u00dfig Niederschlag in unseren Diplomarbeiten.<\/p>\t\t\t\t\t\t<\/div>\n\t\t\t\t<\/div>\n\t\t\t\t\t<\/div>\n\t\t<\/div>\n\t\t\t\t<div class=\"elementor-column elementor-col-50 elementor-top-column elementor-element elementor-element-a68232b\" data-id=\"a68232b\" data-element_type=\"column\">\n\t\t\t<div class=\"elementor-widget-wrap elementor-element-populated\">\n\t\t\t\t\t\t<div class=\"elementor-element elementor-element-6164859 elementor-widget elementor-widget-image\" data-id=\"6164859\" data-element_type=\"widget\" data-widget_type=\"image.default\">\n\t\t\t\t<div class=\"elementor-widget-container\">\n\t\t\t\t\t\t\t\t\t\t\t\t\t<img decoding=\"async\" src=\"http:\/\/172.16.202.26\/wp-content\/uploads\/elementor\/thumbs\/Unbenannt-por6nz6msf5o8rd1vl2443etrnktwi4tz9puvbl7gg.png\" title=\"Unbenannt\" alt=\"Unbenannt\" loading=\"lazy\" \/>\t\t\t\t\t\t\t\t\t\t\t\t\t<\/div>\n\t\t\t\t<\/div>\n\t\t\t\t\t<\/div>\n\t\t<\/div>\n\t\t\t\t\t<\/div>\n\t\t<\/section>\n\t\t\t\t<section class=\"elementor-section elementor-top-section elementor-element elementor-element-252d879 elementor-section-boxed elementor-section-height-default elementor-section-height-default\" data-id=\"252d879\" data-element_type=\"section\">\n\t\t\t\t\t\t<div class=\"elementor-container elementor-column-gap-default\">\n\t\t\t\t\t<div class=\"elementor-column elementor-col-50 elementor-top-column elementor-element elementor-element-b312b28\" data-id=\"b312b28\" data-element_type=\"column\">\n\t\t\t<div class=\"elementor-widget-wrap elementor-element-populated\">\n\t\t\t\t\t\t<div class=\"elementor-element elementor-element-d8c9f1c elementor-widget elementor-widget-text-editor\" data-id=\"d8c9f1c\" data-element_type=\"widget\" data-widget_type=\"text-editor.default\">\n\t\t\t\t<div class=\"elementor-widget-container\">\n\t\t\t\t\t\t\t<p><strong>Labor Extrusion:<\/strong><br \/>Im Extrusionslabor lernt man wie Wasser- und Gasrohre, Folien f\u00fcr Lebensmittelverpackungen, Mineralwasserflaschen und Kanister hergestellt werden. Daf\u00fcr haben wir moderne Maschinen mit verschiedenen Technologien im Labor zur Verf\u00fcgung. Im 4ten Jahrgang lernt man die Extruder und Anlagen kennen und kann selbst verschiedene Produkte herstellen. Im 5ten Jahrgang finden praktische Versuche im Rahmen von individuellen Diplomarbeiten in Kooperation mit Firmen statt.<\/p>\t\t\t\t\t\t<\/div>\n\t\t\t\t<\/div>\n\t\t\t\t\t<\/div>\n\t\t<\/div>\n\t\t\t\t<div class=\"elementor-column elementor-col-50 elementor-top-column elementor-element elementor-element-9f0f701\" data-id=\"9f0f701\" data-element_type=\"column\">\n\t\t\t<div class=\"elementor-widget-wrap elementor-element-populated\">\n\t\t\t\t\t\t<div class=\"elementor-element elementor-element-5543b6f elementor-widget elementor-widget-image\" data-id=\"5543b6f\" data-element_type=\"widget\" data-widget_type=\"image.default\">\n\t\t\t\t<div class=\"elementor-widget-container\">\n\t\t\t\t\t\t\t\t\t\t\t\t\t<img decoding=\"async\" width=\"640\" height=\"438\" src=\"http:\/\/172.16.202.26\/wp-content\/uploads\/2022\/05\/extr-1024x701.jpg\" class=\"attachment-large size-large wp-image-6895\" alt=\"\" srcset=\"http:\/\/172.16.202.26\/wp-content\/uploads\/2022\/05\/extr-1024x701.jpg 1024w, http:\/\/172.16.202.26\/wp-content\/uploads\/2022\/05\/extr-300x206.jpg 300w, http:\/\/172.16.202.26\/wp-content\/uploads\/2022\/05\/extr-768x526.jpg 768w, http:\/\/172.16.202.26\/wp-content\/uploads\/2022\/05\/extr-1536x1052.jpg 1536w, http:\/\/172.16.202.26\/wp-content\/uploads\/2022\/05\/extr.jpg 2000w\" sizes=\"(max-width: 640px) 100vw, 640px\" \/>\t\t\t\t\t\t\t\t\t\t\t\t\t<\/div>\n\t\t\t\t<\/div>\n\t\t\t\t\t<\/div>\n\t\t<\/div>\n\t\t\t\t\t<\/div>\n\t\t<\/section>\n\t\t\t\t<section class=\"elementor-section elementor-top-section elementor-element elementor-element-43f5824 elementor-section-boxed elementor-section-height-default elementor-section-height-default\" data-id=\"43f5824\" data-element_type=\"section\">\n\t\t\t\t\t\t<div class=\"elementor-container elementor-column-gap-default\">\n\t\t\t\t\t<div class=\"elementor-column elementor-col-50 elementor-top-column elementor-element elementor-element-e908268\" data-id=\"e908268\" data-element_type=\"column\">\n\t\t\t<div class=\"elementor-widget-wrap elementor-element-populated\">\n\t\t\t\t\t\t<div class=\"elementor-element elementor-element-5f10239 elementor-widget elementor-widget-text-editor\" data-id=\"5f10239\" data-element_type=\"widget\" data-widget_type=\"text-editor.default\">\n\t\t\t\t<div class=\"elementor-widget-container\">\n\t\t\t\t\t\t\t<p><strong>Labor Spritzguss:<\/strong><br \/>Der Spritzguss ist neben der Extrusion das zweite Kernst\u00fcck der Kunststoffverarbeitung. Geschmolzener Kunststoff wird mit hohem Druck in ein Stahlwerkzeug gepresst. Die Abteilung Kunststofftechnik verf\u00fcgt \u00fcber Maschinen und Peripherie der wichtigsten Hersteller, wie etwa ENGEL, Wittman-Battenfeld und Arburg.<br \/>Die Variation der herstellbaren Produkte ist fast grenzenlos: von Getr\u00e4nkebechern \u00fcber Scheinwerferlinsen, von Legosteinen bis hin zu M\u00fclltonnen \u2013 spritzgie\u00dfen macht es m\u00f6glich.<br \/>In der vierten Klasse setzen die Sch\u00fcler*innen das erste Mal einen Fu\u00df in dieses Labor. Einen Halbtag lang werden verschiedene Maschinen und Materialien zu bedienen gelernt. K\u00fcnstliche Intelligenz unterst\u00fctzt dabei die Sch\u00fclerinnen und Sch\u00fcler beim richtigen Einstellen der Spritzgussmaschine, auch w\u00e4hrend der Diplomarbeit. Die Digitalisierung unserer Arbeitswelt kann hier direkt an den Maschinen erlebt werden. So kommen unsere Absolvent*innen mit Industrie 4.0 in Kontakt und sind so optimal f\u00fcr das Berufsleben vorbereitet.<\/p>\t\t\t\t\t\t<\/div>\n\t\t\t\t<\/div>\n\t\t\t\t\t<\/div>\n\t\t<\/div>\n\t\t\t\t<div class=\"elementor-column elementor-col-50 elementor-top-column elementor-element elementor-element-699a9b8\" data-id=\"699a9b8\" data-element_type=\"column\">\n\t\t\t<div class=\"elementor-widget-wrap elementor-element-populated\">\n\t\t\t\t\t\t<div class=\"elementor-element elementor-element-e7de4f3 elementor-widget elementor-widget-image\" data-id=\"e7de4f3\" data-element_type=\"widget\" data-widget_type=\"image.default\">\n\t\t\t\t<div class=\"elementor-widget-container\">\n\t\t\t\t\t\t\t\t\t\t\t\t\t<img decoding=\"async\" width=\"1475\" height=\"842\" src=\"http:\/\/172.16.202.26\/wp-content\/uploads\/2022\/05\/kt5.png\" class=\"attachment-full size-full wp-image-6897\" alt=\"\" srcset=\"http:\/\/172.16.202.26\/wp-content\/uploads\/2022\/05\/kt5.png 1475w, http:\/\/172.16.202.26\/wp-content\/uploads\/2022\/05\/kt5-300x171.png 300w, http:\/\/172.16.202.26\/wp-content\/uploads\/2022\/05\/kt5-1024x585.png 1024w, http:\/\/172.16.202.26\/wp-content\/uploads\/2022\/05\/kt5-768x438.png 768w\" sizes=\"(max-width: 1475px) 100vw, 1475px\" \/>\t\t\t\t\t\t\t\t\t\t\t\t\t<\/div>\n\t\t\t\t<\/div>\n\t\t\t\t\t<\/div>\n\t\t<\/div>\n\t\t\t\t\t<\/div>\n\t\t<\/section>\n\t\t\t\t<section class=\"elementor-section elementor-top-section elementor-element elementor-element-2e39ffc elementor-section-boxed elementor-section-height-default elementor-section-height-default\" data-id=\"2e39ffc\" data-element_type=\"section\">\n\t\t\t\t\t\t<div class=\"elementor-container elementor-column-gap-default\">\n\t\t\t\t\t<div class=\"elementor-column elementor-col-50 elementor-top-column elementor-element elementor-element-74ce4a2\" data-id=\"74ce4a2\" data-element_type=\"column\">\n\t\t\t<div class=\"elementor-widget-wrap elementor-element-populated\">\n\t\t\t\t\t\t<div class=\"elementor-element elementor-element-f2e9b22 elementor-widget elementor-widget-text-editor\" data-id=\"f2e9b22\" data-element_type=\"widget\" data-widget_type=\"text-editor.default\">\n\t\t\t\t<div class=\"elementor-widget-container\">\n\t\t\t\t\t\t\t<p><strong>Labor Pr\u00fcftechnik:<\/strong><br \/>Das Pr\u00fcfen von Werkstoffen ist essenzieller Bestandteil einer technischen Karriere. Die Eigenschaften bestimmen, welche Anspr\u00fcche und Leistungen ein Material, bzw. daraus gefertigte Bauteile, erf\u00fcllen k\u00f6nnen. Nur so kann sichergestellt werden, dass Materialien an sie gestellte Anforderungen erf\u00fcllen und maximale Sicherheit f\u00fcr Mensch und Maschine garantiert wird.<br \/>Im Pr\u00fcftechniklabor werden alle Pr\u00fcfmethoden praktisch durchgef\u00fchrt, die im Theorieunterricht besprochen worden sind. Das Spektrum der angewendeten Pr\u00fcfmethoden reicht von grundlegenden Basispr\u00fcfungen wie Bestimmung der Dichte und des Flie\u00dfverhaltens von Kunststoffschmelzen, \u00fcber den Zugversuch zur Ermittlung der Festigkeit und Schlagpr\u00fcfungen, bis hin zu Bauteilpr\u00fcfungen und rasterelektronenmikroskopischen Untersuchungen von Kunststoffbruchfl\u00e4chen und Verbundwerkstoffen.<br \/>Vor allem im Laufe der Diplomarbeit im 5ten Jahrgang werden die hier erlernten F\u00e4higkeiten gebraucht, da jedes Projekt irgendeine Form der Material- &amp; Bauteilpr\u00fcfung umfasst.<\/p>\t\t\t\t\t\t<\/div>\n\t\t\t\t<\/div>\n\t\t\t\t\t<\/div>\n\t\t<\/div>\n\t\t\t\t<div class=\"elementor-column elementor-col-50 elementor-top-column elementor-element elementor-element-6cb7046\" data-id=\"6cb7046\" data-element_type=\"column\">\n\t\t\t<div class=\"elementor-widget-wrap elementor-element-populated\">\n\t\t\t\t\t\t<div class=\"elementor-element elementor-element-b123d23 elementor-widget elementor-widget-image\" data-id=\"b123d23\" data-element_type=\"widget\" data-widget_type=\"image.default\">\n\t\t\t\t<div class=\"elementor-widget-container\">\n\t\t\t\t\t\t\t\t\t\t\t\t\t<img decoding=\"async\" src=\"http:\/\/172.16.202.26\/wp-content\/uploads\/elementor\/thumbs\/kt6-por7an2p1yl41of07s66p7wgeljucqsc8ef5up4xo0.png\" title=\"kt6\" alt=\"kt6\" loading=\"lazy\" \/>\t\t\t\t\t\t\t\t\t\t\t\t\t<\/div>\n\t\t\t\t<\/div>\n\t\t\t\t\t<\/div>\n\t\t<\/div>\n\t\t\t\t\t<\/div>\n\t\t<\/section>\n\t\t\t\t<\/div>\n\t\t","protected":false},"excerpt":{"rendered":"<p>Werkst\u00e4tte in der HKT Werkst\u00e4tte KunststofftechnikerInnen besuchen viele verschiedene Werkst\u00e4tten f\u00fcr einen breiten Einblick in die Fachpraxis. In den ersten vier Ausbildungsjahren verbringen wir einen Tag pro Woche in der Werkst\u00e4tte \u2013 das sind zusammengerechnet 23 Stunden. Werkst\u00e4tten-Tage sind zwar anstrengend, aber stellen auch eine beliebte Abwechslung zum klassischen Theorieunterricht dar. \u00a0 Alle Werkst\u00e4tten sind wichtig \u2013 besonderer Schwerpunkt liegt [&hellip;]<\/p>\n","protected":false},"author":3,"featured_media":0,"parent":12667,"menu_order":0,"comment_status":"closed","ping_status":"closed","template":"elementor_header_footer","meta":[],"_links":{"self":[{"href":"http:\/\/172.16.202.26\/index.php?rest_route=\/wp\/v2\/pages\/3531"}],"collection":[{"href":"http:\/\/172.16.202.26\/index.php?rest_route=\/wp\/v2\/pages"}],"about":[{"href":"http:\/\/172.16.202.26\/index.php?rest_route=\/wp\/v2\/types\/page"}],"author":[{"embeddable":true,"href":"http:\/\/172.16.202.26\/index.php?rest_route=\/wp\/v2\/users\/3"}],"replies":[{"embeddable":true,"href":"http:\/\/172.16.202.26\/index.php?rest_route=%2Fwp%2Fv2%2Fcomments&post=3531"}],"version-history":[{"count":61,"href":"http:\/\/172.16.202.26\/index.php?rest_route=\/wp\/v2\/pages\/3531\/revisions"}],"predecessor-version":[{"id":6907,"href":"http:\/\/172.16.202.26\/index.php?rest_route=\/wp\/v2\/pages\/3531\/revisions\/6907"}],"up":[{"embeddable":true,"href":"http:\/\/172.16.202.26\/index.php?rest_route=\/wp\/v2\/pages\/12667"}],"wp:attachment":[{"href":"http:\/\/172.16.202.26\/index.php?rest_route=%2Fwp%2Fv2%2Fmedia&parent=3531"}],"curies":[{"name":"wp","href":"https:\/\/api.w.org\/{rel}","templated":true}]}}