{"id":3567,"date":"2022-04-21T13:53:12","date_gmt":"2022-04-21T11:53:12","guid":{"rendered":"http:\/\/192.189.51.53\/?page_id=3567"},"modified":"2025-01-15T14:33:00","modified_gmt":"2025-01-15T13:33:00","slug":"umwelttechnik","status":"publish","type":"page","link":"http:\/\/172.16.202.26\/?page_id=3567","title":{"rendered":"Umwelttechnik"},"content":{"rendered":"\t\t<div data-elementor-type=\"wp-page\" data-elementor-id=\"3567\" class=\"elementor elementor-3567\">\n\t\t\t\t\t\t<section class=\"elementor-section elementor-top-section elementor-element elementor-element-d94d3ce elementor-section-boxed elementor-section-height-default elementor-section-height-default\" data-id=\"d94d3ce\" data-element_type=\"section\">\n\t\t\t\t\t\t<div class=\"elementor-container elementor-column-gap-default\">\n\t\t\t\t\t<div class=\"elementor-column elementor-col-100 elementor-top-column elementor-element elementor-element-21ff2e8\" data-id=\"21ff2e8\" data-element_type=\"column\">\n\t\t\t<div class=\"elementor-widget-wrap elementor-element-populated\">\n\t\t\t\t\t\t<div class=\"elementor-element elementor-element-2417a3b elementor-widget elementor-widget-heading\" data-id=\"2417a3b\" data-element_type=\"widget\" data-widget_type=\"heading.default\">\n\t\t\t\t<div class=\"elementor-widget-container\">\n\t\t\t<style>\/*! elementor - v3.20.0 - 13-03-2024 *\/\n.elementor-heading-title{padding:0;margin:0;line-height:1}.elementor-widget-heading .elementor-heading-title[class*=elementor-size-]>a{color:inherit;font-size:inherit;line-height:inherit}.elementor-widget-heading .elementor-heading-title.elementor-size-small{font-size:15px}.elementor-widget-heading .elementor-heading-title.elementor-size-medium{font-size:19px}.elementor-widget-heading .elementor-heading-title.elementor-size-large{font-size:29px}.elementor-widget-heading .elementor-heading-title.elementor-size-xl{font-size:39px}.elementor-widget-heading .elementor-heading-title.elementor-size-xxl{font-size:59px}<\/style><h2 class=\"elementor-heading-title elementor-size-default\">Umwelttechnik<\/h2>\t\t<\/div>\n\t\t\t\t<\/div>\n\t\t\t\t\t<\/div>\n\t\t<\/div>\n\t\t\t\t\t<\/div>\n\t\t<\/section>\n\t\t\t\t<section class=\"elementor-section elementor-top-section elementor-element elementor-element-cbf71a8 elementor-section-boxed elementor-section-height-default elementor-section-height-default\" data-id=\"cbf71a8\" data-element_type=\"section\">\n\t\t\t\t\t\t<div class=\"elementor-container elementor-column-gap-default\">\n\t\t\t\t\t<div class=\"elementor-column elementor-col-100 elementor-top-column elementor-element elementor-element-e470915\" data-id=\"e470915\" data-element_type=\"column\">\n\t\t\t<div class=\"elementor-widget-wrap elementor-element-populated\">\n\t\t\t\t\t\t<div class=\"elementor-element elementor-element-1561755 elementor-widget elementor-widget-image\" data-id=\"1561755\" data-element_type=\"widget\" data-widget_type=\"image.default\">\n\t\t\t\t<div class=\"elementor-widget-container\">\n\t\t\t<style>\/*! elementor - v3.20.0 - 13-03-2024 *\/\n.elementor-widget-image{text-align:center}.elementor-widget-image a{display:inline-block}.elementor-widget-image a img[src$=\".svg\"]{width:48px}.elementor-widget-image img{vertical-align:middle;display:inline-block}<\/style>\t\t\t\t\t\t\t\t\t\t<img decoding=\"async\" src=\"http:\/\/172.16.202.26\/wp-content\/uploads\/elementor\/thumbs\/u1-pnp5u52n3wuq7f6spgshhgkf07ug19b89cn1rbcwts.jpg\" title=\"u1\" alt=\"u1\" loading=\"lazy\" \/>\t\t\t\t\t\t\t\t\t\t\t\t\t<\/div>\n\t\t\t\t<\/div>\n\t\t\t\t\t<\/div>\n\t\t<\/div>\n\t\t\t\t\t<\/div>\n\t\t<\/section>\n\t\t\t\t<section class=\"elementor-section elementor-top-section elementor-element elementor-element-fafec43 elementor-section-boxed elementor-section-height-default elementor-section-height-default\" data-id=\"fafec43\" data-element_type=\"section\">\n\t\t\t\t\t\t<div class=\"elementor-container elementor-column-gap-default\">\n\t\t\t\t\t<div class=\"elementor-column elementor-col-100 elementor-top-column elementor-element elementor-element-0418418\" data-id=\"0418418\" data-element_type=\"column\">\n\t\t\t<div class=\"elementor-widget-wrap elementor-element-populated\">\n\t\t\t\t\t\t<div class=\"elementor-element elementor-element-7ed0a00 elementor-widget elementor-widget-text-editor\" data-id=\"7ed0a00\" data-element_type=\"widget\" data-widget_type=\"text-editor.default\">\n\t\t\t\t<div class=\"elementor-widget-container\">\n\t\t\t<style>\/*! elementor - v3.20.0 - 13-03-2024 *\/\n.elementor-widget-text-editor.elementor-drop-cap-view-stacked .elementor-drop-cap{background-color:#69727d;color:#fff}.elementor-widget-text-editor.elementor-drop-cap-view-framed .elementor-drop-cap{color:#69727d;border:3px solid;background-color:transparent}.elementor-widget-text-editor:not(.elementor-drop-cap-view-default) .elementor-drop-cap{margin-top:8px}.elementor-widget-text-editor:not(.elementor-drop-cap-view-default) .elementor-drop-cap-letter{width:1em;height:1em}.elementor-widget-text-editor .elementor-drop-cap{float:left;text-align:center;line-height:1;font-size:50px}.elementor-widget-text-editor .elementor-drop-cap-letter{display:inline-block}<\/style>\t\t\t\t<p>Kunststoff ist vermutlich der Werkstoff, der unseren Planeten am meisten beeinflusst hat. Es gibt keinen Bereich des Lebens, aus dem \u201aPlastik\u2018 wegzudenken w\u00e4re: von bunten Zahnb\u00fcsten \u00fcber ultraleichte Flugzeugteile, bis hin zum \u201eEinkaufssackerl\u201c. Kunststoff ist \u00fcberall.<\/p><p>Leider auch in unseren W\u00e4ldern und Weltmeeren. Jahrzehnte der \u00dcberproduktion von Einwegartikeln und falsches, beziehungsweise gar kein\u00a0<strong>Recycling<\/strong>, f\u00fchrten zu den uns allen bekannten M\u00fcllbergen und Plastikinseln. Das Ausma\u00df ist gewaltig, die Beseitigung ein Mammutprojekt.<\/p><p>Und genau hier setzen wir an:\u00a0<strong>Umwelttechnik<\/strong>\u00a0ist der\u00a0<strong>Grundpfeiler der Abteilung<\/strong>\u00a0Kunststofftechnik. Hier werden den angehenden Technikerinnen und Technikern die essentiellen Schritte der Wiederaufbereitung, Wiederverwertung und schlussendlich die korrekte Entsorgung von den diversen Kunststoffen vermittelt.<\/p><p>In der Ausbildung erstreckt sich das von der Material-Einsparung im Konstruktionsunterricht, \u00fcber die Energieeffizienz der Maschinen in Verarbeitungstechnik, bis hin zur stoffgerechten Aufbereitung im Chemieunterricht. Jede Sch\u00fclerin und jeder Sch\u00fcler mit einer abgeschlossenen Ausbildung in der tgm Kunststofftechnik, kann Berufe in den Bereichen der Werkstoffaufbereitung und Rezyklierung ergreifen und so einen Teil f\u00fcr eine sauber Zukunft beitragen.<\/p><p>Ein Beispiel stellt die Diplomarbeit &#8222;Biologisch abbaubare Kaffeekapseln&#8220; dar.<\/p>\t\t\t\t\t\t<\/div>\n\t\t\t\t<\/div>\n\t\t\t\t\t<\/div>\n\t\t<\/div>\n\t\t\t\t\t<\/div>\n\t\t<\/section>\n\t\t\t\t<section class=\"elementor-section elementor-top-section elementor-element elementor-element-7802104 elementor-section-boxed elementor-section-height-default elementor-section-height-default\" data-id=\"7802104\" data-element_type=\"section\">\n\t\t\t\t\t\t<div class=\"elementor-container elementor-column-gap-default\">\n\t\t\t\t\t<div class=\"elementor-column elementor-col-100 elementor-top-column elementor-element elementor-element-7477e1a\" data-id=\"7477e1a\" data-element_type=\"column\">\n\t\t\t<div class=\"elementor-widget-wrap elementor-element-populated\">\n\t\t\t\t\t\t<div class=\"elementor-element elementor-element-7e66c80 elementor-widget elementor-widget-heading\" data-id=\"7e66c80\" data-element_type=\"widget\" data-widget_type=\"heading.default\">\n\t\t\t\t<div class=\"elementor-widget-container\">\n\t\t\t<h2 class=\"elementor-heading-title elementor-size-default\">Biologisch abbaubare Kaffeekapseln<\/h2>\t\t<\/div>\n\t\t\t\t<\/div>\n\t\t\t\t<div class=\"elementor-element elementor-element-c3c1842 elementor-widget elementor-widget-text-editor\" data-id=\"c3c1842\" data-element_type=\"widget\" data-widget_type=\"text-editor.default\">\n\t\t\t\t<div class=\"elementor-widget-container\">\n\t\t\t\t\t\t\t<p>(Anwendung von Biopolymeren f\u00fcr biologisch abbaubare Kaffeekapseln.<\/p><p>Ein Diplomprojekt in Kooperation mit der Firma Gabriel Chemie GmbH in Gumpoldskirchen)<\/p><p>Teil des Projekts ist die Anwendung eines Biopolymers f\u00fcr die Herstellung von Kaffeekapseln, sowie die Beurteilung der Kompostierf\u00e4higkeit. Dabei wurde von den Sch\u00fclerinnen ein Biokunststoff entwickelt, welcher als Alternative zu herk\u00f6mmlichen Aluminiumverpackungen verwendet werden kann. Der Werkstoff wurde sowohl auf seine mechanische Stabilit\u00e4t, als auch auf die Kompostierbarkeit gepr\u00fcft. Und die Ergebnisse sind vielversprechend!<\/p><p>\u00a0<\/p><p>Link zu Youtube: <span style=\"text-decoration: underline;\"><a href=\"https:\/\/youtu.be\/RUiSGRiV2co\" target=\"_blank\" rel=\"noopener\">https:\/\/youtu.be\/RUiSGRiV2co<\/a><\/span><\/p>\t\t\t\t\t\t<\/div>\n\t\t\t\t<\/div>\n\t\t\t\t\t<\/div>\n\t\t<\/div>\n\t\t\t\t\t<\/div>\n\t\t<\/section>\n\t\t\t\t<section class=\"elementor-section elementor-top-section elementor-element elementor-element-a3060ac elementor-section-boxed elementor-section-height-default elementor-section-height-default\" data-id=\"a3060ac\" data-element_type=\"section\">\n\t\t\t\t\t\t<div class=\"elementor-container elementor-column-gap-default\">\n\t\t\t\t\t<div class=\"elementor-column elementor-col-100 elementor-top-column elementor-element elementor-element-7470362\" data-id=\"7470362\" data-element_type=\"column\">\n\t\t\t<div class=\"elementor-widget-wrap elementor-element-populated\">\n\t\t\t\t\t\t<div class=\"elementor-element elementor-element-e409126 elementor-widget elementor-widget-image\" data-id=\"e409126\" data-element_type=\"widget\" data-widget_type=\"image.default\">\n\t\t\t\t<div class=\"elementor-widget-container\">\n\t\t\t\t\t\t\t\t\t\t\t\t\t<img fetchpriority=\"high\" decoding=\"async\" width=\"640\" height=\"444\" src=\"http:\/\/172.16.202.26\/wp-content\/uploads\/2022\/04\/u2-768x533.png\" class=\"attachment-medium_large size-medium_large wp-image-3587\" alt=\"\" srcset=\"http:\/\/172.16.202.26\/wp-content\/uploads\/2022\/04\/u2-768x533.png 768w, http:\/\/172.16.202.26\/wp-content\/uploads\/2022\/04\/u2-300x208.png 300w, http:\/\/172.16.202.26\/wp-content\/uploads\/2022\/04\/u2-1024x711.png 1024w, http:\/\/172.16.202.26\/wp-content\/uploads\/2022\/04\/u2-1536x1066.png 1536w, http:\/\/172.16.202.26\/wp-content\/uploads\/2022\/04\/u2.png 1986w\" sizes=\"(max-width: 640px) 100vw, 640px\" \/>\t\t\t\t\t\t\t\t\t\t\t\t\t<\/div>\n\t\t\t\t<\/div>\n\t\t\t\t\t<\/div>\n\t\t<\/div>\n\t\t\t\t\t<\/div>\n\t\t<\/section>\n\t\t\t\t<\/div>\n\t\t","protected":false},"excerpt":{"rendered":"<p>Umwelttechnik Kunststoff ist vermutlich der Werkstoff, der unseren Planeten am meisten beeinflusst hat. Es gibt keinen Bereich des Lebens, aus dem \u201aPlastik\u2018 wegzudenken w\u00e4re: von bunten Zahnb\u00fcsten \u00fcber ultraleichte Flugzeugteile, bis hin zum \u201eEinkaufssackerl\u201c. Kunststoff ist \u00fcberall. Leider auch in unseren W\u00e4ldern und Weltmeeren. Jahrzehnte der \u00dcberproduktion von Einwegartikeln und falsches, beziehungsweise gar kein\u00a0Recycling, f\u00fchrten zu den uns allen bekannten [&hellip;]<\/p>\n","protected":false},"author":3,"featured_media":0,"parent":12667,"menu_order":0,"comment_status":"closed","ping_status":"closed","template":"elementor_header_footer","meta":[],"_links":{"self":[{"href":"http:\/\/172.16.202.26\/index.php?rest_route=\/wp\/v2\/pages\/3567"}],"collection":[{"href":"http:\/\/172.16.202.26\/index.php?rest_route=\/wp\/v2\/pages"}],"about":[{"href":"http:\/\/172.16.202.26\/index.php?rest_route=\/wp\/v2\/types\/page"}],"author":[{"embeddable":true,"href":"http:\/\/172.16.202.26\/index.php?rest_route=\/wp\/v2\/users\/3"}],"replies":[{"embeddable":true,"href":"http:\/\/172.16.202.26\/index.php?rest_route=%2Fwp%2Fv2%2Fcomments&post=3567"}],"version-history":[{"count":25,"href":"http:\/\/172.16.202.26\/index.php?rest_route=\/wp\/v2\/pages\/3567\/revisions"}],"predecessor-version":[{"id":24666,"href":"http:\/\/172.16.202.26\/index.php?rest_route=\/wp\/v2\/pages\/3567\/revisions\/24666"}],"up":[{"embeddable":true,"href":"http:\/\/172.16.202.26\/index.php?rest_route=\/wp\/v2\/pages\/12667"}],"wp:attachment":[{"href":"http:\/\/172.16.202.26\/index.php?rest_route=%2Fwp%2Fv2%2Fmedia&parent=3567"}],"curies":[{"name":"wp","href":"https:\/\/api.w.org\/{rel}","templated":true}]}}