{"id":3758,"date":"2022-04-22T08:04:41","date_gmt":"2022-04-22T06:04:41","guid":{"rendered":"http:\/\/192.189.51.53\/?page_id=3758"},"modified":"2023-11-07T09:57:53","modified_gmt":"2023-11-07T08:57:53","slug":"fahrzeugtechnik","status":"publish","type":"page","link":"http:\/\/172.16.202.26\/?page_id=3758","title":{"rendered":"Fahrzeugtechnik"},"content":{"rendered":"\t\t<div data-elementor-type=\"wp-page\" data-elementor-id=\"3758\" class=\"elementor elementor-3758\">\n\t\t\t\t\t\t<section class=\"elementor-section elementor-top-section elementor-element elementor-element-53a1e9d elementor-section-full_width elementor-section-height-min-height elementor-section-height-default elementor-section-items-middle\" data-id=\"53a1e9d\" data-element_type=\"section\">\n\t\t\t\t\t\t\t<div class=\"elementor-background-overlay\"><\/div>\n\t\t\t\t\t\t\t<div class=\"elementor-container elementor-column-gap-default\">\n\t\t\t\t\t<div class=\"elementor-column elementor-col-100 elementor-top-column elementor-element elementor-element-8097857\" data-id=\"8097857\" data-element_type=\"column\" data-settings=\"{&quot;background_background&quot;:&quot;slideshow&quot;,&quot;background_slideshow_gallery&quot;:[],&quot;background_slideshow_loop&quot;:&quot;yes&quot;,&quot;background_slideshow_slide_duration&quot;:5000,&quot;background_slideshow_slide_transition&quot;:&quot;fade&quot;,&quot;background_slideshow_transition_duration&quot;:500}\">\n\t\t\t<div class=\"elementor-widget-wrap elementor-element-populated\">\n\t\t\t\t\t\t<div class=\"elementor-element elementor-element-77b7ffd elementor-widget__width-auto elementor-invisible elementor-widget elementor-widget-heading\" data-id=\"77b7ffd\" data-element_type=\"widget\" data-settings=\"{&quot;_animation&quot;:&quot;fadeInLeft&quot;}\" data-widget_type=\"heading.default\">\n\t\t\t\t<div class=\"elementor-widget-container\">\n\t\t\t<style>\/*! elementor - v3.20.0 - 13-03-2024 *\/\n.elementor-heading-title{padding:0;margin:0;line-height:1}.elementor-widget-heading .elementor-heading-title[class*=elementor-size-]>a{color:inherit;font-size:inherit;line-height:inherit}.elementor-widget-heading .elementor-heading-title.elementor-size-small{font-size:15px}.elementor-widget-heading .elementor-heading-title.elementor-size-medium{font-size:19px}.elementor-widget-heading .elementor-heading-title.elementor-size-large{font-size:29px}.elementor-widget-heading .elementor-heading-title.elementor-size-xl{font-size:39px}.elementor-widget-heading .elementor-heading-title.elementor-size-xxl{font-size:59px}<\/style><h1 class=\"elementor-heading-title elementor-size-default\">Maschinenbau -<br>Fahrzeugtechnik<\/h1>\t\t<\/div>\n\t\t\t\t<\/div>\n\t\t\t\t\t<\/div>\n\t\t<\/div>\n\t\t\t\t\t<\/div>\n\t\t<\/section>\n\t\t\t\t<section class=\"elementor-section elementor-top-section elementor-element elementor-element-8db3bbc elementor-section-boxed elementor-section-height-default elementor-section-height-default\" data-id=\"8db3bbc\" data-element_type=\"section\">\n\t\t\t\t\t\t<div class=\"elementor-container elementor-column-gap-default\">\n\t\t\t\t\t<div class=\"elementor-column elementor-col-100 elementor-top-column elementor-element elementor-element-5d73ee8\" data-id=\"5d73ee8\" data-element_type=\"column\">\n\t\t\t<div class=\"elementor-widget-wrap elementor-element-populated\">\n\t\t\t\t\t\t<div class=\"elementor-element elementor-element-6b3b663 elementor-widget elementor-widget-heading\" data-id=\"6b3b663\" data-element_type=\"widget\" data-widget_type=\"heading.default\">\n\t\t\t\t<div class=\"elementor-widget-container\">\n\t\t\t<h2 class=\"elementor-heading-title elementor-size-default\">St\u00e4rker, schneller, sicherer, \u00f6konomischer, innovativer ..... die Ausbildung mit mehr Power!<\/h2>\t\t<\/div>\n\t\t\t\t<\/div>\n\t\t\t\t<div class=\"elementor-element elementor-element-f90a328 elementor-widget elementor-widget-text-editor\" data-id=\"f90a328\" data-element_type=\"widget\" data-widget_type=\"text-editor.default\">\n\t\t\t\t<div class=\"elementor-widget-container\">\n\t\t\t<style>\/*! elementor - v3.20.0 - 13-03-2024 *\/\n.elementor-widget-text-editor.elementor-drop-cap-view-stacked .elementor-drop-cap{background-color:#69727d;color:#fff}.elementor-widget-text-editor.elementor-drop-cap-view-framed .elementor-drop-cap{color:#69727d;border:3px solid;background-color:transparent}.elementor-widget-text-editor:not(.elementor-drop-cap-view-default) .elementor-drop-cap{margin-top:8px}.elementor-widget-text-editor:not(.elementor-drop-cap-view-default) .elementor-drop-cap-letter{width:1em;height:1em}.elementor-widget-text-editor .elementor-drop-cap{float:left;text-align:center;line-height:1;font-size:50px}.elementor-widget-text-editor .elementor-drop-cap-letter{display:inline-block}<\/style>\t\t\t\t<p>Hier sind findige, kreative K\u00f6pfe gefragt, die unsere Fortbewegungsmittel und Transportm\u00f6glichkeiten der Zukunft technisch, \u00f6kologisch und designm\u00e4\u00dfig aktiv mitgestalten wollen: vom Kinderdreirad, Skateboard, Fahrrad, Motorrad, Auto, Bus, LKW, Traktor, Schienenfahrzeug bis hin zu Seilbahnen.<\/p><p>\u00a0<\/p><p>Zur maschinenbaulichen Grundausbildung werden die Besonderheiten des Fahrzeug- und Motorenbaues, der Fahrzeugelektrik und \u2013elektronik, des Leichtbaues sowie Entwicklungs- und Diagnosemethoden in Theorie und Praxis durch \u00dcbungen in Kleingruppen an Pr\u00fcfst\u00e4nden f\u00fcr Kraftfahrzeuge, Motoren und Elektronik vermittelt. F\u00fcr die konstruktive Auslegung und Gestaltung von Fahrzeugkomponenten und -aggregaten verwendest du 3D-parametrische Konstruktions- und Simulationssoftware.<\/p><p>\u00a0<\/p><p>Neben den konventionellen Antriebsquellen besch\u00e4ftigst du dich auch mit alternativen Antriebssystemen wie der Elektro- und Hybridmobilit\u00e4t. Um den neuesten Entwicklungen Rechnung zu tragen, eignest du dir auch weitreichendes Wissen im Bereich Schienenfahrzeuge, Smart Mobility, autonomer Fahrzeuge und diversen anderen zukunftstr\u00e4chtigen Verkehrssystemen an.<\/p><p>\u00a0<\/p><p>Die handwerklich-technische Ausbildung erfolgt vom 1. bis 5. Jahrgang in der Werkst\u00e4tte, die individuelle Ausbildung in Kleingruppen in unseren Laboratorien und im Theorieunterricht. Dabei wird stets auf einen starken Projektbezug geachtet.<\/p><p>\u00a0<\/p><p>Der rasanten weltweiten, technologischen Weiterentwicklung wird durch eine solide Grundausbildung Rechnung getragen, sodass es unseren Absolventinnen und Absolventen auch in Zukunft m\u00f6glich sein wird, mit der entsprechenden fachlichen Kompetenz, auch unter Beachtung \u00f6kologischer und nachhaltiger Notwendigkeiten, erfolgreich national und international zu agieren.<\/p>\t\t\t\t\t\t<\/div>\n\t\t\t\t<\/div>\n\t\t\t\t\t<\/div>\n\t\t<\/div>\n\t\t\t\t\t<\/div>\n\t\t<\/section>\n\t\t\t\t<section class=\"elementor-section elementor-top-section elementor-element elementor-element-80587c0 elementor-section-boxed elementor-section-height-default elementor-section-height-default\" data-id=\"80587c0\" data-element_type=\"section\">\n\t\t\t\t\t\t<div class=\"elementor-container elementor-column-gap-default\">\n\t\t\t\t\t<div class=\"elementor-column elementor-col-100 elementor-top-column elementor-element elementor-element-71f523a\" data-id=\"71f523a\" data-element_type=\"column\">\n\t\t\t<div class=\"elementor-widget-wrap elementor-element-populated\">\n\t\t\t\t\t\t<div class=\"elementor-element elementor-element-abb7cae elementor-widget elementor-widget-image\" data-id=\"abb7cae\" data-element_type=\"widget\" data-widget_type=\"image.default\">\n\t\t\t\t<div class=\"elementor-widget-container\">\n\t\t\t<style>\/*! elementor - v3.20.0 - 13-03-2024 *\/\n.elementor-widget-image{text-align:center}.elementor-widget-image a{display:inline-block}.elementor-widget-image a img[src$=\".svg\"]{width:48px}.elementor-widget-image img{vertical-align:middle;display:inline-block}<\/style>\t\t\t\t\t\t\t\t\t\t<img decoding=\"async\" src=\"http:\/\/172.16.202.26\/wp-content\/uploads\/elementor\/thumbs\/fzt-pnqhn9fx50xsv75wkfi22530pcno9g1lk3zqczfnm6.jpg\" title=\"fzt\" alt=\"fzt\" loading=\"lazy\" \/>\t\t\t\t\t\t\t\t\t\t\t\t\t<\/div>\n\t\t\t\t<\/div>\n\t\t\t\t\t<\/div>\n\t\t<\/div>\n\t\t\t\t\t<\/div>\n\t\t<\/section>\n\t\t\t\t<section class=\"elementor-section elementor-top-section elementor-element elementor-element-671ff32 elementor-section-boxed elementor-section-height-default elementor-section-height-default\" data-id=\"671ff32\" data-element_type=\"section\">\n\t\t\t\t\t\t<div class=\"elementor-container elementor-column-gap-default\">\n\t\t\t\t\t<div class=\"elementor-column elementor-col-100 elementor-top-column elementor-element elementor-element-cffa324\" data-id=\"cffa324\" data-element_type=\"column\">\n\t\t\t<div class=\"elementor-widget-wrap elementor-element-populated\">\n\t\t\t\t\t\t<div class=\"elementor-element elementor-element-881fe72 elementor-widget elementor-widget-text-editor\" data-id=\"881fe72\" data-element_type=\"widget\" data-widget_type=\"text-editor.default\">\n\t\t\t\t<div class=\"elementor-widget-container\">\n\t\t\t\t\t\t\t<p><strong>Theorie und Praxis sind an einer HTL untrennbar verbunden!<\/strong><\/p><p>\u00a0<\/p><p>Die Lehrerinnen und Lehrer der Abteilung legen gro\u00dfen Wert auf f\u00e4cher\u00fcbergreifenden Projektunterricht zur F\u00f6rderung der Individualit\u00e4t, Teamf\u00e4higkeit und des vernetzten Denkens. Der Unterricht erfolgt teils in Kleingruppen, um auf m\u00f6glichst viele divergierende Bed\u00fcrfnisse eingehen zu k\u00f6nnen. Durch spielerische Ans\u00e4tze, F\u00f6rderunterricht und Wettbewerbsteilnahmen (freiwillig) wird die Motivation, deine Eigenmotivation zus\u00e4tzlich gesteigert. Wenn dir etwas Spa\u00df macht, lernst du leichter!<\/p><p>\u00a0<\/p><p>Stolz sind wir auch auf unseren Zusammenhalt und unser au\u00dfergew\u00f6hnliches Abteilungsklima, wodurch eine besondere pers\u00f6nliche Betreuung der Sch\u00fclerinnen und Sch\u00fcler gew\u00e4hrleistet ist.<\/p><p>\u00a0<\/p><p>Durch kulturelle und sportliche Veranstaltungen, wie Abteilungswandertage, Theaterbesuche, Exkursionen, Teilnahme an Wettbewerben, Sprachwochen (E, F, I), Schikurse, Sommersportwochen, Fu\u00dfball- und Volleyballturniere, wird das Schuljahr zus\u00e4tzlich aufgelockert und dabei auch die soziale Kompetenz gef\u00f6rdert.<\/p>\t\t\t\t\t\t<\/div>\n\t\t\t\t<\/div>\n\t\t\t\t\t<\/div>\n\t\t<\/div>\n\t\t\t\t\t<\/div>\n\t\t<\/section>\n\t\t\t\t<section class=\"elementor-section elementor-top-section elementor-element elementor-element-762fe44 elementor-section-boxed elementor-section-height-default elementor-section-height-default\" data-id=\"762fe44\" data-element_type=\"section\">\n\t\t\t\t\t\t<div class=\"elementor-container elementor-column-gap-default\">\n\t\t\t\t\t<div class=\"elementor-column elementor-col-100 elementor-top-column elementor-element elementor-element-0b941cc\" data-id=\"0b941cc\" data-element_type=\"column\">\n\t\t\t<div class=\"elementor-widget-wrap elementor-element-populated\">\n\t\t\t\t\t\t<div class=\"elementor-element elementor-element-f4f2283 elementor-widget elementor-widget-text-editor\" data-id=\"f4f2283\" data-element_type=\"widget\" data-widget_type=\"text-editor.default\">\n\t\t\t\t<div class=\"elementor-widget-container\">\n\t\t\t\t\t\t\t<p><strong>Dein entscheidender Vorsprung durch Zusatzqualifikationen:<\/strong><\/p><p>\u00a0<\/p><p>\u2192 Vorbereitung zur Erlangung von Sprachzertifikaten (Englisch, Franz\u00f6sisch)<br \/>\u2192 Ausbildung zur Sicherheitsvertrauensperson<br \/>\u2192 Ausbildungen im Bereich der Schwei\u00dftechnik<br \/>\u2192 Entrepreneurshipausbildungen entsprechend der abteilungs\u00fcbergreifenden Schwerpunktsetzung am tgm (im Rahmen von Freigegenst\u00e4nden)<br \/>\u2192 Staplerschein<br \/>\u2192 Vorbereitung auf technisch innovative Projekte (nach Ma\u00dfgabe des Angebots)<\/p>\t\t\t\t\t\t<\/div>\n\t\t\t\t<\/div>\n\t\t\t\t\t<\/div>\n\t\t<\/div>\n\t\t\t\t\t<\/div>\n\t\t<\/section>\n\t\t\t\t<section class=\"elementor-section elementor-top-section elementor-element elementor-element-81ed3be elementor-section-boxed elementor-section-height-default elementor-section-height-default\" data-id=\"81ed3be\" data-element_type=\"section\">\n\t\t\t\t\t\t<div class=\"elementor-container elementor-column-gap-default\">\n\t\t\t\t\t<div class=\"elementor-column elementor-col-100 elementor-top-column elementor-element elementor-element-530d0ff\" data-id=\"530d0ff\" data-element_type=\"column\">\n\t\t\t<div class=\"elementor-widget-wrap elementor-element-populated\">\n\t\t\t\t\t\t<div class=\"elementor-element elementor-element-c2d3dd9 elementor-widget elementor-widget-heading\" data-id=\"c2d3dd9\" data-element_type=\"widget\" data-widget_type=\"heading.default\">\n\t\t\t\t<div class=\"elementor-widget-container\">\n\t\t\t<h2 class=\"elementor-heading-title elementor-size-default\">Jobaussichten<\/h2>\t\t<\/div>\n\t\t\t\t<\/div>\n\t\t\t\t<div class=\"elementor-element elementor-element-a65bf8f elementor-widget elementor-widget-text-editor\" data-id=\"a65bf8f\" data-element_type=\"widget\" data-widget_type=\"text-editor.default\">\n\t\t\t\t<div class=\"elementor-widget-container\">\n\t\t\t\t\t\t\t<p>Der Maschinenbau ist und war immer die Zukunftsbranche schlecht hin. Unsere Fahrzeugtechnikerinnen und Fahrzeugtechniker sind in der Fahrzeug- und Automobilbranche (Gewerbe und Industrie) seit Jahrzehnten weltweit \u00fcberaus erfolgreich in den Segmenten der Planung, Konstruktion, Entwicklung, im Management und ihren eigenen KFZ-Werkst\u00e4tten oder aber als KFZ-Sachverst\u00e4ndige t\u00e4tig. Aber auch technischer Einkauf und\/oder Verkauf oder Marketing sind beliebte Arbeitsfelder. Genauso wie die Anstellung als Konstrukteurin oder Konstrukteur. Dies sind nur einzelne Ausschnitte aus einem extrem breiten Aufgabengebiet, das Maschinenbauerinnen und Maschinenbauer \u00fcbernehmen k\u00f6nnen.<\/p><p><br \/>Unser Ausbildungsangebot inkludiert die Erlangung unterschiedlicher Zertifikate im Bereich Schwei\u00dftechnik, Umwelttechnik, Sicherheitstechnik, usw. Sprachen und verschafft unseren Absolventinnen und Absolventen der Abteilung f\u00fcr Maschinenbau einen zus\u00e4tzlichen gro\u00dfen Ausbildungsvorsprung und erh\u00f6ht dadurch im besonderen Ma\u00dfe die Berufseinstiegschancen.<\/p><p><br \/><strong>JOBSICHER?<\/strong><br \/>In der heutigen Zeit? Gibt\u2019s das \u00fcberhaupt noch? \u2026.<\/p><p><br \/>JA! \u2013 SICHER!!!\u2026.<\/p><p><br \/>\u00dcberall spricht man von Digitalisierung, dass heute Aufgaben, die noch von Menschen gemacht werden, bald von Maschinen und Robotern \u00fcbernommen werden. \u2026.<\/p><p><br \/>NUN, UND WER BAUT DIESE!? \u2026. DIE MASCHINENBAUER von Morgen! \u2026Vielleicht ja DU, dann solltest du dich f\u00fcr eine Ausbildung im Maschinenbau entscheiden.<\/p><p><br \/><strong>Wir haben die \u201eIsle of Men TT\u201c gewonnen! \u2013 WIR MACHEN KEINE HALBEN SACHEN. Diese Ausbildung schafft dir den entscheidenden Vorsprung!<\/strong><\/p>\t\t\t\t\t\t<\/div>\n\t\t\t\t<\/div>\n\t\t\t\t\t<\/div>\n\t\t<\/div>\n\t\t\t\t\t<\/div>\n\t\t<\/section>\n\t\t\t\t<\/div>\n\t\t","protected":false},"excerpt":{"rendered":"<p>Maschinenbau &#8211;Fahrzeugtechnik St\u00e4rker, schneller, sicherer, \u00f6konomischer, innovativer &#8230;.. die Ausbildung mit mehr Power! Hier sind findige, kreative K\u00f6pfe gefragt, die unsere Fortbewegungsmittel und Transportm\u00f6glichkeiten der Zukunft technisch, \u00f6kologisch und designm\u00e4\u00dfig aktiv mitgestalten wollen: vom Kinderdreirad, Skateboard, Fahrrad, Motorrad, Auto, Bus, LKW, Traktor, Schienenfahrzeug bis hin zu Seilbahnen. \u00a0 Zur maschinenbaulichen Grundausbildung werden die Besonderheiten des Fahrzeug- und Motorenbaues, der Fahrzeugelektrik [&hellip;]<\/p>\n","protected":false},"author":3,"featured_media":0,"parent":12681,"menu_order":0,"comment_status":"closed","ping_status":"closed","template":"elementor_header_footer","meta":[],"_links":{"self":[{"href":"http:\/\/172.16.202.26\/index.php?rest_route=\/wp\/v2\/pages\/3758"}],"collection":[{"href":"http:\/\/172.16.202.26\/index.php?rest_route=\/wp\/v2\/pages"}],"about":[{"href":"http:\/\/172.16.202.26\/index.php?rest_route=\/wp\/v2\/types\/page"}],"author":[{"embeddable":true,"href":"http:\/\/172.16.202.26\/index.php?rest_route=\/wp\/v2\/users\/3"}],"replies":[{"embeddable":true,"href":"http:\/\/172.16.202.26\/index.php?rest_route=%2Fwp%2Fv2%2Fcomments&post=3758"}],"version-history":[{"count":34,"href":"http:\/\/172.16.202.26\/index.php?rest_route=\/wp\/v2\/pages\/3758\/revisions"}],"predecessor-version":[{"id":20903,"href":"http:\/\/172.16.202.26\/index.php?rest_route=\/wp\/v2\/pages\/3758\/revisions\/20903"}],"up":[{"embeddable":true,"href":"http:\/\/172.16.202.26\/index.php?rest_route=\/wp\/v2\/pages\/12681"}],"wp:attachment":[{"href":"http:\/\/172.16.202.26\/index.php?rest_route=%2Fwp%2Fv2%2Fmedia&parent=3758"}],"curies":[{"name":"wp","href":"https:\/\/api.w.org\/{rel}","templated":true}]}}