{"id":4212,"date":"2022-04-26T16:50:07","date_gmt":"2022-04-26T14:50:07","guid":{"rendered":"http:\/\/192.189.51.53\/?page_id=4212"},"modified":"2023-11-08T13:26:25","modified_gmt":"2023-11-08T12:26:25","slug":"projekte_et","status":"publish","type":"page","link":"http:\/\/172.16.202.26\/?page_id=4212","title":{"rendered":"Projekte ET"},"content":{"rendered":"\t\t<div data-elementor-type=\"wp-page\" data-elementor-id=\"4212\" class=\"elementor elementor-4212\">\n\t\t\t\t\t\t<section class=\"elementor-section elementor-top-section elementor-element elementor-element-d94d3ce elementor-section-boxed elementor-section-height-default elementor-section-height-default\" data-id=\"d94d3ce\" data-element_type=\"section\">\n\t\t\t\t\t\t<div class=\"elementor-container elementor-column-gap-default\">\n\t\t\t\t\t<div class=\"elementor-column elementor-col-100 elementor-top-column elementor-element elementor-element-21ff2e8\" data-id=\"21ff2e8\" data-element_type=\"column\">\n\t\t\t<div class=\"elementor-widget-wrap elementor-element-populated\">\n\t\t\t\t\t\t<div class=\"elementor-element elementor-element-2417a3b elementor-widget elementor-widget-heading\" data-id=\"2417a3b\" data-element_type=\"widget\" data-widget_type=\"heading.default\">\n\t\t\t\t<div class=\"elementor-widget-container\">\n\t\t\t<style>\/*! elementor - v3.20.0 - 13-03-2024 *\/\n.elementor-heading-title{padding:0;margin:0;line-height:1}.elementor-widget-heading .elementor-heading-title[class*=elementor-size-]>a{color:inherit;font-size:inherit;line-height:inherit}.elementor-widget-heading .elementor-heading-title.elementor-size-small{font-size:15px}.elementor-widget-heading .elementor-heading-title.elementor-size-medium{font-size:19px}.elementor-widget-heading .elementor-heading-title.elementor-size-large{font-size:29px}.elementor-widget-heading .elementor-heading-title.elementor-size-xl{font-size:39px}.elementor-widget-heading .elementor-heading-title.elementor-size-xxl{font-size:59px}<\/style><h2 class=\"elementor-heading-title elementor-size-default\">Projekte \/ Diplomarbeiten der HET<\/h2>\t\t<\/div>\n\t\t\t\t<\/div>\n\t\t\t\t\t<\/div>\n\t\t<\/div>\n\t\t\t\t\t<\/div>\n\t\t<\/section>\n\t\t\t\t<section class=\"elementor-section elementor-top-section elementor-element elementor-element-fc826e5 elementor-section-boxed elementor-section-height-default elementor-section-height-default\" data-id=\"fc826e5\" data-element_type=\"section\">\n\t\t\t\t\t\t<div class=\"elementor-container elementor-column-gap-default\">\n\t\t\t\t\t<div class=\"elementor-column elementor-col-100 elementor-top-column elementor-element elementor-element-42930fa\" data-id=\"42930fa\" data-element_type=\"column\">\n\t\t\t<div class=\"elementor-widget-wrap elementor-element-populated\">\n\t\t\t\t\t\t<div class=\"elementor-element elementor-element-b18b121 elementor-widget elementor-widget-text-editor\" data-id=\"b18b121\" data-element_type=\"widget\" data-widget_type=\"text-editor.default\">\n\t\t\t\t<div class=\"elementor-widget-container\">\n\t\t\t<style>\/*! elementor - v3.20.0 - 13-03-2024 *\/\n.elementor-widget-text-editor.elementor-drop-cap-view-stacked .elementor-drop-cap{background-color:#69727d;color:#fff}.elementor-widget-text-editor.elementor-drop-cap-view-framed .elementor-drop-cap{color:#69727d;border:3px solid;background-color:transparent}.elementor-widget-text-editor:not(.elementor-drop-cap-view-default) .elementor-drop-cap{margin-top:8px}.elementor-widget-text-editor:not(.elementor-drop-cap-view-default) .elementor-drop-cap-letter{width:1em;height:1em}.elementor-widget-text-editor .elementor-drop-cap{float:left;text-align:center;line-height:1;font-size:50px}.elementor-widget-text-editor .elementor-drop-cap-letter{display:inline-block}<\/style>\t\t\t\t<p>Unsere Sch\u00fcler:innen arbeiten immer wieder in Kooperation mit Unternehmen aus der Privatwirtschaft an innovativen Projekten. Im Zuge des Diplomprojekts demonstrieren die zuk\u00fcnftigen Elektrotechniker:innen im 5. Jahrgang die erlernten F\u00e4higkeiten.<\/p>\t\t\t\t\t\t<\/div>\n\t\t\t\t<\/div>\n\t\t\t\t\t<\/div>\n\t\t<\/div>\n\t\t\t\t\t<\/div>\n\t\t<\/section>\n\t\t\t\t<section class=\"elementor-section elementor-top-section elementor-element elementor-element-8c416b7 elementor-section-boxed elementor-section-height-default elementor-section-height-default\" data-id=\"8c416b7\" data-element_type=\"section\">\n\t\t\t\t\t\t<div class=\"elementor-container elementor-column-gap-default\">\n\t\t\t\t\t<div class=\"elementor-column elementor-col-100 elementor-top-column elementor-element elementor-element-1700136\" data-id=\"1700136\" data-element_type=\"column\" data-settings=\"{&quot;background_background&quot;:&quot;classic&quot;}\">\n\t\t\t<div class=\"elementor-widget-wrap elementor-element-populated\">\n\t\t\t\t\t\t<div class=\"elementor-element elementor-element-d99dbe8 elementor-widget elementor-widget-heading\" data-id=\"d99dbe8\" data-element_type=\"widget\" data-widget_type=\"heading.default\">\n\t\t\t\t<div class=\"elementor-widget-container\">\n\t\t\t<h2 class=\"elementor-heading-title elementor-size-default\">VisionCane<\/h2>\t\t<\/div>\n\t\t\t\t<\/div>\n\t\t\t\t<div class=\"elementor-element elementor-element-296ca1c elementor-widget elementor-widget-heading\" data-id=\"296ca1c\" data-element_type=\"widget\" data-widget_type=\"heading.default\">\n\t\t\t\t<div class=\"elementor-widget-container\">\n\t\t\t<h2 class=\"elementor-heading-title elementor-size-default\">Roboterblindenstock<\/h2>\t\t<\/div>\n\t\t\t\t<\/div>\n\t\t\t\t<div class=\"elementor-element elementor-element-5731dd4 elementor-widget elementor-widget-text-editor\" data-id=\"5731dd4\" data-element_type=\"widget\" data-widget_type=\"text-editor.default\">\n\t\t\t\t<div class=\"elementor-widget-container\">\n\t\t\t\t\t\t\t<p>Diplomarbeit der 5BHET (2020\/21):<\/p><p>Das Ziel des Projekts war die Realisierung einer preisg\u00fcnstigen Hilfe f\u00fcr Blinde, damit diese Personen Hindernisse erkennen und sich auch ohne Blindenhund selbstst\u00e4ndig bewegen k\u00f6nnen.<\/p><p>Der L\u00f6sungsweg besteht darin, eine Hindernis- und Objekterkennung mittels Ultraschallsensoren auf Kopf-, Brust- und Fu\u00dfh\u00f6he durchzuf\u00fchren. Wenn die Distanz zu einem Hindernis zu gering wird, wird die blinde Person per Sprachausgabe\/ Vibration durch eine Handy-App alarmiert, sodass eine Kollision vermieden werden kann.<\/p><p>Blinde Menschen begegnen im Alltag wichtige Objekte, wie zum Beispiel rote oder gr\u00fcne Ampeln, die sie leider nicht sehen k\u00f6nnen. Mit einer k\u00fcnstlichen Intelligenz, die mit einer Kamera verkn\u00fcpft ist, werden Objekte identifiziert und das erkannte Objekt per Sprachausgabe durch die Handy-App an die blinden Leute weitergegeben.<\/p><p>Die Sensoren und der Mikroprozessor, die f\u00fcr die Erkennung notwendig sein werden, werden dabei in ein Geh\u00e4use eingebaut. Dieses Modul kann auf jedem Blindenstock befestigt werden.<\/p><p>Mit dem von uns entwickelten Modul lassen sich Objekte wie rote und gr\u00fcne Ampeln mittels k\u00fcnstlicher Intelligenz und einer Kamera identifizieren. Diese Informationen k\u00f6nnen per Bluetooth an eine selbstentwickelte, benutzerfreundlichen Handy-App \u00fcbergeben und per Sprachausgabe dem Anwender mitgeteilt werden.<\/p><p>\u00a0<\/p><p>Zum Video: <span style=\"text-decoration: underline;\"><a href=\"https:\/\/youtu.be\/UYqLg2kpggk\" target=\"_blank\" rel=\"noopener\">https:\/\/youtu.be\/UYqLg2kpggk<\/a><\/span><\/p>\t\t\t\t\t\t<\/div>\n\t\t\t\t<\/div>\n\t\t\t\t<section class=\"elementor-section elementor-inner-section elementor-element elementor-element-1404473 elementor-section-boxed elementor-section-height-default elementor-section-height-default\" data-id=\"1404473\" data-element_type=\"section\">\n\t\t\t\t\t\t<div class=\"elementor-container elementor-column-gap-default\">\n\t\t\t\t\t<div class=\"elementor-column elementor-col-50 elementor-inner-column elementor-element elementor-element-47601b2\" data-id=\"47601b2\" data-element_type=\"column\">\n\t\t\t<div class=\"elementor-widget-wrap elementor-element-populated\">\n\t\t\t\t\t\t<div class=\"elementor-element elementor-element-6d7681a elementor-widget elementor-widget-image\" data-id=\"6d7681a\" data-element_type=\"widget\" data-widget_type=\"image.default\">\n\t\t\t\t<div class=\"elementor-widget-container\">\n\t\t\t<style>\/*! elementor - v3.20.0 - 13-03-2024 *\/\n.elementor-widget-image{text-align:center}.elementor-widget-image a{display:inline-block}.elementor-widget-image a img[src$=\".svg\"]{width:48px}.elementor-widget-image img{vertical-align:middle;display:inline-block}<\/style>\t\t\t\t\t\t\t\t\t\t<img fetchpriority=\"high\" decoding=\"async\" width=\"602\" height=\"338\" src=\"http:\/\/172.16.202.26\/wp-content\/uploads\/2023\/04\/Bild1.png\" class=\"attachment-large size-large wp-image-17523\" alt=\"\" srcset=\"http:\/\/172.16.202.26\/wp-content\/uploads\/2023\/04\/Bild1.png 602w, http:\/\/172.16.202.26\/wp-content\/uploads\/2023\/04\/Bild1-300x168.png 300w, http:\/\/172.16.202.26\/wp-content\/uploads\/2023\/04\/Bild1-600x338.png 600w\" sizes=\"(max-width: 602px) 100vw, 602px\" \/>\t\t\t\t\t\t\t\t\t\t\t\t\t<\/div>\n\t\t\t\t<\/div>\n\t\t\t\t\t<\/div>\n\t\t<\/div>\n\t\t\t\t<div class=\"elementor-column elementor-col-50 elementor-inner-column elementor-element elementor-element-e0c80a4\" data-id=\"e0c80a4\" data-element_type=\"column\">\n\t\t\t<div class=\"elementor-widget-wrap elementor-element-populated\">\n\t\t\t\t\t\t<div class=\"elementor-element elementor-element-2879697 elementor-widget elementor-widget-image\" data-id=\"2879697\" data-element_type=\"widget\" data-widget_type=\"image.default\">\n\t\t\t\t<div class=\"elementor-widget-container\">\n\t\t\t\t\t\t\t\t\t\t\t\t\t<img decoding=\"async\" width=\"605\" height=\"673\" src=\"http:\/\/172.16.202.26\/wp-content\/uploads\/2023\/04\/Bild2.png\" class=\"attachment-large size-large wp-image-17524\" alt=\"\" srcset=\"http:\/\/172.16.202.26\/wp-content\/uploads\/2023\/04\/Bild2.png 605w, http:\/\/172.16.202.26\/wp-content\/uploads\/2023\/04\/Bild2-270x300.png 270w\" sizes=\"(max-width: 605px) 100vw, 605px\" \/>\t\t\t\t\t\t\t\t\t\t\t\t\t<\/div>\n\t\t\t\t<\/div>\n\t\t\t\t\t<\/div>\n\t\t<\/div>\n\t\t\t\t\t<\/div>\n\t\t<\/section>\n\t\t\t\t<section class=\"elementor-section elementor-inner-section elementor-element elementor-element-46e3fa8 elementor-section-boxed elementor-section-height-default elementor-section-height-default\" data-id=\"46e3fa8\" data-element_type=\"section\">\n\t\t\t\t\t\t<div class=\"elementor-container elementor-column-gap-default\">\n\t\t\t\t\t<div class=\"elementor-column elementor-col-33 elementor-inner-column elementor-element elementor-element-f900e08\" data-id=\"f900e08\" data-element_type=\"column\">\n\t\t\t<div class=\"elementor-widget-wrap elementor-element-populated\">\n\t\t\t\t\t\t<div class=\"elementor-element elementor-element-8e2f7b2 elementor-widget elementor-widget-image\" data-id=\"8e2f7b2\" data-element_type=\"widget\" data-widget_type=\"image.default\">\n\t\t\t\t<div class=\"elementor-widget-container\">\n\t\t\t\t\t\t\t\t\t\t\t\t\t<img decoding=\"async\" width=\"640\" height=\"737\" src=\"http:\/\/172.16.202.26\/wp-content\/uploads\/2023\/04\/Bild3.png\" class=\"attachment-large size-large wp-image-17525\" alt=\"\" srcset=\"http:\/\/172.16.202.26\/wp-content\/uploads\/2023\/04\/Bild3.png 704w, http:\/\/172.16.202.26\/wp-content\/uploads\/2023\/04\/Bild3-260x300.png 260w\" sizes=\"(max-width: 640px) 100vw, 640px\" \/>\t\t\t\t\t\t\t\t\t\t\t\t\t<\/div>\n\t\t\t\t<\/div>\n\t\t\t\t\t<\/div>\n\t\t<\/div>\n\t\t\t\t<div class=\"elementor-column elementor-col-33 elementor-inner-column elementor-element elementor-element-85a46c0\" data-id=\"85a46c0\" data-element_type=\"column\">\n\t\t\t<div class=\"elementor-widget-wrap elementor-element-populated\">\n\t\t\t\t\t\t<div class=\"elementor-element elementor-element-645424a elementor-widget elementor-widget-image\" data-id=\"645424a\" data-element_type=\"widget\" data-widget_type=\"image.default\">\n\t\t\t\t<div class=\"elementor-widget-container\">\n\t\t\t\t\t\t\t\t\t\t\t\t\t<img loading=\"lazy\" decoding=\"async\" width=\"558\" height=\"539\" src=\"http:\/\/172.16.202.26\/wp-content\/uploads\/2023\/04\/Bild4.png\" class=\"attachment-large size-large wp-image-17526\" alt=\"\" srcset=\"http:\/\/172.16.202.26\/wp-content\/uploads\/2023\/04\/Bild4.png 558w, http:\/\/172.16.202.26\/wp-content\/uploads\/2023\/04\/Bild4-300x290.png 300w\" sizes=\"(max-width: 558px) 100vw, 558px\" \/>\t\t\t\t\t\t\t\t\t\t\t\t\t<\/div>\n\t\t\t\t<\/div>\n\t\t\t\t\t<\/div>\n\t\t<\/div>\n\t\t\t\t<div class=\"elementor-column elementor-col-33 elementor-inner-column elementor-element elementor-element-dd5e2a3\" data-id=\"dd5e2a3\" data-element_type=\"column\">\n\t\t\t<div class=\"elementor-widget-wrap elementor-element-populated\">\n\t\t\t\t\t\t<div class=\"elementor-element elementor-element-32294bf elementor-widget elementor-widget-image\" data-id=\"32294bf\" data-element_type=\"widget\" data-widget_type=\"image.default\">\n\t\t\t\t<div class=\"elementor-widget-container\">\n\t\t\t\t\t\t\t\t\t\t\t\t\t<img loading=\"lazy\" decoding=\"async\" width=\"496\" height=\"589\" src=\"http:\/\/172.16.202.26\/wp-content\/uploads\/2023\/04\/Bild5.png\" class=\"attachment-large size-large wp-image-17527\" alt=\"\" srcset=\"http:\/\/172.16.202.26\/wp-content\/uploads\/2023\/04\/Bild5.png 496w, http:\/\/172.16.202.26\/wp-content\/uploads\/2023\/04\/Bild5-253x300.png 253w\" sizes=\"(max-width: 496px) 100vw, 496px\" \/>\t\t\t\t\t\t\t\t\t\t\t\t\t<\/div>\n\t\t\t\t<\/div>\n\t\t\t\t\t<\/div>\n\t\t<\/div>\n\t\t\t\t\t<\/div>\n\t\t<\/section>\n\t\t\t\t\t<\/div>\n\t\t<\/div>\n\t\t\t\t\t<\/div>\n\t\t<\/section>\n\t\t\t\t<section class=\"elementor-section elementor-top-section elementor-element elementor-element-14206e5 elementor-section-boxed elementor-section-height-default elementor-section-height-default\" data-id=\"14206e5\" data-element_type=\"section\">\n\t\t\t\t\t\t<div class=\"elementor-container elementor-column-gap-default\">\n\t\t\t\t\t<div class=\"elementor-column elementor-col-100 elementor-top-column elementor-element elementor-element-c8006b6\" data-id=\"c8006b6\" data-element_type=\"column\" data-settings=\"{&quot;background_background&quot;:&quot;classic&quot;}\">\n\t\t\t<div class=\"elementor-widget-wrap elementor-element-populated\">\n\t\t\t\t\t\t<div class=\"elementor-element elementor-element-124ec3c elementor-widget elementor-widget-heading\" data-id=\"124ec3c\" data-element_type=\"widget\" data-widget_type=\"heading.default\">\n\t\t\t\t<div class=\"elementor-widget-container\">\n\t\t\t<h2 class=\"elementor-heading-title elementor-size-default\">Power Kite<\/h2>\t\t<\/div>\n\t\t\t\t<\/div>\n\t\t\t\t<div class=\"elementor-element elementor-element-d2746c8 elementor-widget elementor-widget-heading\" data-id=\"d2746c8\" data-element_type=\"widget\" data-widget_type=\"heading.default\">\n\t\t\t\t<div class=\"elementor-widget-container\">\n\t\t\t<h2 class=\"elementor-heading-title elementor-size-default\">Stromerzeugung mittels kitessurfen<\/h2>\t\t<\/div>\n\t\t\t\t<\/div>\n\t\t\t\t<div class=\"elementor-element elementor-element-3490954 elementor-widget elementor-widget-text-editor\" data-id=\"3490954\" data-element_type=\"widget\" data-widget_type=\"text-editor.default\">\n\t\t\t\t<div class=\"elementor-widget-container\">\n\t\t\t\t\t\t\t<p>Diplomarbeit der 5AHET (2018\/19):<br \/>Das Ziel dieser Diplomarbeit war die Fertigung eines Funktionsprototyps zur Stromerzeugung mittels eines Kites, wie man es vom Kitesurfen her kennt. Durch das Ausfahren eines Kites sollte \u00fcber eine Welle ein Gleichstrommotor als Generator betrieben und die erzeugte Energie in einem Akku gespeichert werden. Weiters wurde als Ziel gesetzt, das Maturaprojekt mit einem so geringen Budget wie m\u00f6glich durchzuf\u00fchren. Daher wurden f\u00fcr dieses Projekt m\u00f6glichst viele Teile wiederverwendet, welche in der Abteilung keine anderweitige Anwendung mehr fanden.<\/p>\t\t\t\t\t\t<\/div>\n\t\t\t\t<\/div>\n\t\t\t\t<div class=\"elementor-element elementor-element-55e1c37 elementor-widget elementor-widget-image\" data-id=\"55e1c37\" data-element_type=\"widget\" data-widget_type=\"image.default\">\n\t\t\t\t<div class=\"elementor-widget-container\">\n\t\t\t\t\t\t\t\t\t\t\t\t\t<img loading=\"lazy\" decoding=\"async\" width=\"640\" height=\"425\" src=\"http:\/\/172.16.202.26\/wp-content\/uploads\/2022\/04\/et1-1-768x510.jpg\" class=\"attachment-medium_large size-medium_large wp-image-4221\" alt=\"\" srcset=\"http:\/\/172.16.202.26\/wp-content\/uploads\/2022\/04\/et1-1-768x510.jpg 768w, http:\/\/172.16.202.26\/wp-content\/uploads\/2022\/04\/et1-1-300x199.jpg 300w, http:\/\/172.16.202.26\/wp-content\/uploads\/2022\/04\/et1-1-1024x680.jpg 1024w, http:\/\/172.16.202.26\/wp-content\/uploads\/2022\/04\/et1-1-1536x1020.jpg 1536w, http:\/\/172.16.202.26\/wp-content\/uploads\/2022\/04\/et1-1-2048x1360.jpg 2048w\" sizes=\"(max-width: 640px) 100vw, 640px\" \/>\t\t\t\t\t\t\t\t\t\t\t\t\t<\/div>\n\t\t\t\t<\/div>\n\t\t\t\t<div class=\"elementor-element elementor-element-148273d elementor-widget elementor-widget-text-editor\" data-id=\"148273d\" data-element_type=\"widget\" data-widget_type=\"text-editor.default\">\n\t\t\t\t<div class=\"elementor-widget-container\">\n\t\t\t\t\t\t\t<p>Als Basis des Prototyps wurde eine Europalette gew\u00e4hlt. Auf dieser wurden sowohl die mechanischen als auch die elektrischen Komponenten befestigt. Zur Leistungswandlung wurde eine 150W Gleichstrommaschine gew\u00e4hlt. F\u00fcr die zweite, kleinere Maschine, welche f\u00fcr das Funktionsprinzip notwendig war, wurde ein Bohrmaschinenmotor verwendet.<\/p><p>Nachdem die mechanischen Komponenten auf der Palette angebracht worden waren, wurde eine elektrische Schaltung zum Messen von Spannung und Strom entworfen. In einem von der Schule zur Verf\u00fcgung gestellten Akkumulator sollte die erzeugte elektrische Energie gespeichert werden. Zur Ansteuerung der beiden elektrischen Maschinen wurden zus\u00e4tzlich zwei HBr\u00fccken ben\u00f6tigt. Diese sollten mittels Mikrocontroller angesteuert werden. Die elektrischen Bauteile wurden anschlie\u00dfend in einer angefertigten Holzbox verschaltet. Diese diente auch als Steuerpult, welches zwei Potentiometer zur Steuerung der Gleichstrommaschinen \u00fcber den Arduino sowie einen Schalter zum Ein- und Ausschalten des PowerKites beinhaltet. F\u00fcr den Arduino wurde ein Programm zur Steuerung der beiden Maschinen sowie eine Ausgabe der gemessenen Gr\u00f6\u00dfen erstellt. Der fertige Prototyp wurde zuerst am Gel\u00e4nde des TGM und sp\u00e4ter auf der Donauinsel einem Funktionstest unterworfen und es konnte tats\u00e4chlich elektrische Energie erzeugt werden. Allerdings wurde dabei das Kite-Segel manuell gesteuert, was im Falle einer kommerziellen Stromerzeugung nat\u00fcrlich automatisiert erfolgen m\u00fcsste.<\/p>\t\t\t\t\t\t<\/div>\n\t\t\t\t<\/div>\n\t\t\t\t<div class=\"elementor-element elementor-element-a1df5f9 elementor-widget elementor-widget-image\" data-id=\"a1df5f9\" data-element_type=\"widget\" data-widget_type=\"image.default\">\n\t\t\t\t<div class=\"elementor-widget-container\">\n\t\t\t\t\t\t\t\t\t\t\t\t\t<img loading=\"lazy\" decoding=\"async\" width=\"479\" height=\"258\" src=\"http:\/\/172.16.202.26\/wp-content\/uploads\/2022\/04\/et2-2.jpg\" class=\"attachment-large size-large wp-image-4222\" alt=\"\" srcset=\"http:\/\/172.16.202.26\/wp-content\/uploads\/2022\/04\/et2-2.jpg 479w, http:\/\/172.16.202.26\/wp-content\/uploads\/2022\/04\/et2-2-300x162.jpg 300w\" sizes=\"(max-width: 479px) 100vw, 479px\" \/>\t\t\t\t\t\t\t\t\t\t\t\t\t<\/div>\n\t\t\t\t<\/div>\n\t\t\t\t\t<\/div>\n\t\t<\/div>\n\t\t\t\t\t<\/div>\n\t\t<\/section>\n\t\t\t\t<section class=\"elementor-section elementor-top-section elementor-element elementor-element-13a752c elementor-section-boxed elementor-section-height-default elementor-section-height-default\" data-id=\"13a752c\" data-element_type=\"section\">\n\t\t\t\t\t\t<div class=\"elementor-container elementor-column-gap-default\">\n\t\t\t\t\t<div class=\"elementor-column elementor-col-100 elementor-top-column elementor-element elementor-element-5f306a4\" data-id=\"5f306a4\" data-element_type=\"column\" data-settings=\"{&quot;background_background&quot;:&quot;classic&quot;}\">\n\t\t\t<div class=\"elementor-widget-wrap elementor-element-populated\">\n\t\t\t\t\t\t<div class=\"elementor-element elementor-element-3eee497 elementor-widget elementor-widget-heading\" data-id=\"3eee497\" data-element_type=\"widget\" data-widget_type=\"heading.default\">\n\t\t\t\t<div class=\"elementor-widget-container\">\n\t\t\t<h2 class=\"elementor-heading-title elementor-size-default\">ELFASNO<\/h2>\t\t<\/div>\n\t\t\t\t<\/div>\n\t\t\t\t<div class=\"elementor-element elementor-element-74391a8 elementor-widget elementor-widget-heading\" data-id=\"74391a8\" data-element_type=\"widget\" data-widget_type=\"heading.default\">\n\t\t\t\t<div class=\"elementor-widget-container\">\n\t\t\t<h2 class=\"elementor-heading-title elementor-size-default\">Elektrisches Fahrrad f\u00fcr Schneebetrieb<\/h2>\t\t<\/div>\n\t\t\t\t<\/div>\n\t\t\t\t<div class=\"elementor-element elementor-element-641059a elementor-widget elementor-widget-text-editor\" data-id=\"641059a\" data-element_type=\"widget\" data-widget_type=\"text-editor.default\">\n\t\t\t\t<div class=\"elementor-widget-container\">\n\t\t\t\t\t\t\t<p>Diplomarbeit der 5AHET (2016\/17):<\/p><p>Das Prim\u00e4rziel dieses Projekts war es ein elektrisch betriebenes Fahrrad f\u00fcr den Schneebetrieb zu konstruieren und zu realisieren. Das Elektrofahrrad sollte dabei gr\u00f6\u00dfere Steigungen bew\u00e4ltigen k\u00f6nnen, eine gewisse Geschwindigkeit erreichen und mit m\u00f6glichst geringen Verlusten im Schnee fahren k\u00f6nnen. Das Antriebskonzept sollte dem eines \u201ePedelec-Mobils\u201c \u00e4hneln. Dabei f\u00e4hrt man, im Gegensatz zu einem Moped nicht rein elektrisch, sondern tritt mit seinen F\u00fc\u00dfen im mit. Das war eine wichtige Rahmenbedingung, die man einhalten musste.<br \/><br \/>Es sollte ein m\u00f6glichst detailgetreues OpenModelica Modell erstellt werden, um alle Teile richtig auslegen zu k\u00f6nnen und so auch abzusch\u00e4tzen, wie das Gef\u00e4hrt mit unterschiedlichen Bedingungen fertig werden k\u00f6nne. Ebenso galt es abzuw\u00e4gen und zu entscheiden , welches Antriebs &#8211; bz w. Fortbewegungskonzept gew\u00e4hlt werden sollte &#8211; herk\u00f6mmliche Schneer\u00e4der, Fat Tyres oder eine Ski\/Schneeraupenkombination.<br \/>Es sollte ein Vehikel geschaffen werden, welches auf einem Fahrrad basiert, sich m\u00f6glichst wendig verh\u00e4lt und eine gute Steigf\u00e4higkeit aufweist, um zum Beispiel Rettungskr\u00e4fte nach Lawinen oder Personen in verschneiten Gebieten zu unterst\u00fctzen.<br \/>Ein wichtiges Ziel ist es, eine wirtschaftliche Alternative zu lauten, umweltbelastenden Schneemobilen beziehungsweise MotoCross-Motorr\u00e4dern zu finden und somit die Pisten und Schneegebiete angenehmer und idyllischer zu machen.<br \/>Zus\u00e4tzlich zum umwelttechnischen Aspekt hat das Team sich \u00fcberlegt, dass das ELFASNO auch im winterlichen Hilfseinsatz eine Rolle spielen k\u00f6nnte.<br \/><br \/>Es wurde der Prototyp eines leistungsstarken, mobilen Fahrzeuges gebaut, welches bei entsprechender Weiterentwicklung Einsatzkr\u00e4ften auf der ganzen Welt in Schneegebieten beziehungsweise nach Lawinen- oder Murenabg\u00e4ngen eine hilfreiche Unterst\u00fctzung sein kann.<\/p>\t\t\t\t\t\t<\/div>\n\t\t\t\t<\/div>\n\t\t\t\t<div class=\"elementor-element elementor-element-a1ae85c elementor-widget elementor-widget-image\" data-id=\"a1ae85c\" data-element_type=\"widget\" data-widget_type=\"image.default\">\n\t\t\t\t<div class=\"elementor-widget-container\">\n\t\t\t\t\t\t\t\t\t\t\t\t\t<img decoding=\"async\" src=\"http:\/\/172.16.202.26\/wp-content\/uploads\/elementor\/thumbs\/et3-1-pny312ox4w3911qv4xiu0nd9543bw4vtfxzgv6z6qg.jpg\" title=\"\" alt=\"\" loading=\"lazy\" \/>\t\t\t\t\t\t\t\t\t\t\t\t\t<\/div>\n\t\t\t\t<\/div>\n\t\t\t\t\t<\/div>\n\t\t<\/div>\n\t\t\t\t\t<\/div>\n\t\t<\/section>\n\t\t\t\t<\/div>\n\t\t","protected":false},"excerpt":{"rendered":"<p>Projekte \/ Diplomarbeiten der HET Unsere Sch\u00fcler:innen arbeiten immer wieder in Kooperation mit Unternehmen aus der Privatwirtschaft an innovativen Projekten. Im Zuge des Diplomprojekts demonstrieren die zuk\u00fcnftigen Elektrotechniker:innen im 5. Jahrgang die erlernten F\u00e4higkeiten. VisionCane Roboterblindenstock Diplomarbeit der 5BHET (2020\/21): Das Ziel des Projekts war die Realisierung einer preisg\u00fcnstigen Hilfe f\u00fcr Blinde, damit diese Personen Hindernisse erkennen und sich auch [&hellip;]<\/p>\n","protected":false},"author":3,"featured_media":0,"parent":12657,"menu_order":0,"comment_status":"closed","ping_status":"closed","template":"elementor_header_footer","meta":[],"_links":{"self":[{"href":"http:\/\/172.16.202.26\/index.php?rest_route=\/wp\/v2\/pages\/4212"}],"collection":[{"href":"http:\/\/172.16.202.26\/index.php?rest_route=\/wp\/v2\/pages"}],"about":[{"href":"http:\/\/172.16.202.26\/index.php?rest_route=\/wp\/v2\/types\/page"}],"author":[{"embeddable":true,"href":"http:\/\/172.16.202.26\/index.php?rest_route=\/wp\/v2\/users\/3"}],"replies":[{"embeddable":true,"href":"http:\/\/172.16.202.26\/index.php?rest_route=%2Fwp%2Fv2%2Fcomments&post=4212"}],"version-history":[{"count":53,"href":"http:\/\/172.16.202.26\/index.php?rest_route=\/wp\/v2\/pages\/4212\/revisions"}],"predecessor-version":[{"id":20940,"href":"http:\/\/172.16.202.26\/index.php?rest_route=\/wp\/v2\/pages\/4212\/revisions\/20940"}],"up":[{"embeddable":true,"href":"http:\/\/172.16.202.26\/index.php?rest_route=\/wp\/v2\/pages\/12657"}],"wp:attachment":[{"href":"http:\/\/172.16.202.26\/index.php?rest_route=%2Fwp%2Fv2%2Fmedia&parent=4212"}],"curies":[{"name":"wp","href":"https:\/\/api.w.org\/{rel}","templated":true}]}}