{"id":5292,"date":"2022-05-04T13:29:06","date_gmt":"2022-05-04T11:29:06","guid":{"rendered":"http:\/\/192.189.51.53\/?page_id=5292"},"modified":"2023-09-20T14:26:40","modified_gmt":"2023-09-20T12:26:40","slug":"tagesform-kolleg-wirtschaftsingenieure-betriebsinformatik","status":"publish","type":"page","link":"http:\/\/172.16.202.26\/?page_id=5292","title":{"rendered":"Tagesform-Kolleg-Wirtschaftsingenieure-Betriebsinformatik"},"content":{"rendered":"\t\t<div data-elementor-type=\"wp-page\" data-elementor-id=\"5292\" class=\"elementor elementor-5292\">\n\t\t\t\t\t\t<section class=\"elementor-section elementor-top-section elementor-element elementor-element-53a1e9d elementor-section-full_width elementor-section-height-min-height elementor-section-height-default elementor-section-items-middle\" data-id=\"53a1e9d\" data-element_type=\"section\">\n\t\t\t\t\t\t\t<div class=\"elementor-background-overlay\"><\/div>\n\t\t\t\t\t\t\t<div class=\"elementor-container elementor-column-gap-default\">\n\t\t\t\t\t<div class=\"elementor-column elementor-col-100 elementor-top-column elementor-element elementor-element-8097857\" data-id=\"8097857\" data-element_type=\"column\" data-settings=\"{&quot;background_background&quot;:&quot;slideshow&quot;,&quot;background_slideshow_gallery&quot;:[],&quot;background_slideshow_loop&quot;:&quot;yes&quot;,&quot;background_slideshow_slide_duration&quot;:5000,&quot;background_slideshow_slide_transition&quot;:&quot;fade&quot;,&quot;background_slideshow_transition_duration&quot;:500}\">\n\t\t\t<div class=\"elementor-widget-wrap elementor-element-populated\">\n\t\t\t\t\t\t<div class=\"elementor-element elementor-element-77b7ffd elementor-widget__width-auto elementor-invisible elementor-widget elementor-widget-heading\" data-id=\"77b7ffd\" data-element_type=\"widget\" data-settings=\"{&quot;_animation&quot;:&quot;fadeInLeft&quot;}\" data-widget_type=\"heading.default\">\n\t\t\t\t<div class=\"elementor-widget-container\">\n\t\t\t<style>\/*! elementor - v3.20.0 - 13-03-2024 *\/\n.elementor-heading-title{padding:0;margin:0;line-height:1}.elementor-widget-heading .elementor-heading-title[class*=elementor-size-]>a{color:inherit;font-size:inherit;line-height:inherit}.elementor-widget-heading .elementor-heading-title.elementor-size-small{font-size:15px}.elementor-widget-heading .elementor-heading-title.elementor-size-medium{font-size:19px}.elementor-widget-heading .elementor-heading-title.elementor-size-large{font-size:29px}.elementor-widget-heading .elementor-heading-title.elementor-size-xl{font-size:39px}.elementor-widget-heading .elementor-heading-title.elementor-size-xxl{font-size:59px}<\/style><h1 class=\"elementor-heading-title elementor-size-default\">Wirtschaftsingenieure -\nBetriebsinformatik<\/h1>\t\t<\/div>\n\t\t\t\t<\/div>\n\t\t\t\t\t<\/div>\n\t\t<\/div>\n\t\t\t\t\t<\/div>\n\t\t<\/section>\n\t\t\t\t<section class=\"elementor-section elementor-top-section elementor-element elementor-element-8db3bbc elementor-section-boxed elementor-section-height-default elementor-section-height-default\" data-id=\"8db3bbc\" data-element_type=\"section\">\n\t\t\t\t\t\t<div class=\"elementor-container elementor-column-gap-default\">\n\t\t\t\t\t<div class=\"elementor-column elementor-col-100 elementor-top-column elementor-element elementor-element-5d73ee8\" data-id=\"5d73ee8\" data-element_type=\"column\">\n\t\t\t<div class=\"elementor-widget-wrap elementor-element-populated\">\n\t\t\t\t\t\t<div class=\"elementor-element elementor-element-f90a328 elementor-widget elementor-widget-text-editor\" data-id=\"f90a328\" data-element_type=\"widget\" data-widget_type=\"text-editor.default\">\n\t\t\t\t<div class=\"elementor-widget-container\">\n\t\t\t<style>\/*! elementor - v3.20.0 - 13-03-2024 *\/\n.elementor-widget-text-editor.elementor-drop-cap-view-stacked .elementor-drop-cap{background-color:#69727d;color:#fff}.elementor-widget-text-editor.elementor-drop-cap-view-framed .elementor-drop-cap{color:#69727d;border:3px solid;background-color:transparent}.elementor-widget-text-editor:not(.elementor-drop-cap-view-default) .elementor-drop-cap{margin-top:8px}.elementor-widget-text-editor:not(.elementor-drop-cap-view-default) .elementor-drop-cap-letter{width:1em;height:1em}.elementor-widget-text-editor .elementor-drop-cap{float:left;text-align:center;line-height:1;font-size:50px}.elementor-widget-text-editor .elementor-drop-cap-letter{display:inline-block}<\/style>\t\t\t\t<p>Die zentrale Karrierevoraussetzung im Technologiebereich wird k\u00fcnftig fundiertes Wissen \u00fcber Basistechnologien verbunden mit IT \u2013 Kenntnissen, mit Know-How in technischen und wirtschaftlichen Belangen und Kommunikationsf\u00e4higkeit sein. Vernetzte Informations- und Planungssysteme im Unternehmen erfassen automatisch die Auftr\u00e4ge, steuern die Produktion und \u00fcberwachen Qualit\u00e4t und Kosten. Betriebsinformatikerinnen und Betriebsinformatiker gestalten diese Abl\u00e4ufe. Sie haben einen Blick f\u00fcr Zusammenh\u00e4nge, sie erkennen die Bedeutung und die M\u00f6glichkeiten der Informationstechnik in einem wirtschaftlichen und technischen Umfeld. Die Ausbildung zur Betriebsinformatikerin bzw. zum Betriebsinformatiker orientiert sich an genau diesen Anforderungen. Informatikkompetenz und Allgemeinbildung verbunden mit soliden technischen und wirtschaftlichen Kenntnissen schaffen eine Vielfalt und Breite f\u00fcr ein Mehr an Flexibilit\u00e4t, an Chancen und pers\u00f6nlicher Entfaltung.<\/p><p><strong>\u00a0<\/strong><\/p><p><strong>Wir vermitteln Ihnen nicht nur Wissen, sondern Kompetenzen!<\/strong><br \/>Im Rahmen Ihrer Ausbildung werden Sie unter anderem folgende Themenbereiche kennenlernen:<\/p><p><strong>Big Data \/ Data Analysis:<\/strong> Sie gewinnen Know-how f\u00fcr die Arbeit an unterschiedlichen nicht relationalen Datenbanksystemen, den Umgang mit gro\u00dfen Datenmengen sowie die Analyse und Interpretation derselben.<br \/><strong>Cloud Computing:<\/strong> F\u00e4higkeiten f\u00fcr die Installation, Einrichtung und Anwendung von Private-Cloud-Systemen. Analyse von Public-Cloud-Systemen f\u00fcr Software-Anwendungen.<br \/><strong>IT-Security \/ Software Development:<\/strong> Kenntnisse kryptografischer Verfahren, IT-Sicherheit und Datenschutz; Entwickeln von sicherer IT-Infrastruktur im Hard- und Softwarebereich.<br \/><strong>Methodenkompetenz:<\/strong> Sie erlernen praktische F\u00e4higkeiten, um sich Informationen zu verschaffen, sich neues Wissen selbst\u00e4ndig anzueignen, Prozesse zu analysieren und um mit erprobten Verfahren und kreativen Leistungen Probleml\u00f6sungen zu finden sowie Entscheidungen herbeizuf\u00fchren.<\/p>\t\t\t\t\t\t<\/div>\n\t\t\t\t<\/div>\n\t\t\t\t\t<\/div>\n\t\t<\/div>\n\t\t\t\t\t<\/div>\n\t\t<\/section>\n\t\t\t\t<section class=\"elementor-section elementor-top-section elementor-element elementor-element-f9ad67d elementor-section-boxed elementor-section-height-default elementor-section-height-default\" data-id=\"f9ad67d\" data-element_type=\"section\">\n\t\t\t\t\t\t<div class=\"elementor-container elementor-column-gap-default\">\n\t\t\t\t\t<div class=\"elementor-column elementor-col-100 elementor-top-column elementor-element elementor-element-58c8a1a\" data-id=\"58c8a1a\" data-element_type=\"column\">\n\t\t\t<div class=\"elementor-widget-wrap elementor-element-populated\">\n\t\t\t\t\t\t<div class=\"elementor-element elementor-element-4749da3 elementor-widget elementor-widget-heading\" data-id=\"4749da3\" data-element_type=\"widget\" data-widget_type=\"heading.default\">\n\t\t\t\t<div class=\"elementor-widget-container\">\n\t\t\t<h2 class=\"elementor-heading-title elementor-size-default\">Jobaussichten sowie typische Berufsbilder<\/h2>\t\t<\/div>\n\t\t\t\t<\/div>\n\t\t\t\t<div class=\"elementor-element elementor-element-9fba207 elementor-widget elementor-widget-text-editor\" data-id=\"9fba207\" data-element_type=\"widget\" data-widget_type=\"text-editor.default\">\n\t\t\t\t<div class=\"elementor-widget-container\">\n\t\t\t\t\t\t\t<p>In Unternehmen besetzen Sie als Wirtschaftsingenieurin bzw. als Wirtschaftsingenieur Funktionen in allen Bereichen des Wertsch\u00f6pfungsprozesses, angefangen von der Produktentwicklung, Fertigung, Logistik bis hin zu Marketing und Vertrieb. Als Absolventin bzw. Absolvent finden Sie sich meist in der Gesch\u00e4ftsleitung, im Management und in der Beratung wieder und sind somit in nahezu allen Branchen fast \u00fcberall an der Nahtstelle zwischen Technik und Wirtschaft einsetzbar.<\/p><p><strong>\u00a0<\/strong><\/p><p><strong>ProjektmanagerIn von IT-Projekten<\/strong><br \/>Ihre Aufgabe liegt in der Entwicklung und Leitung standort\u00fcbergreifender IT-Entwicklungsprojekte sowie der Analyse von Kundenanforderungen.<\/p><p><strong>\u00a0<\/strong><\/p><p><strong>Softwareentwickler\/in<\/strong><br \/>Als Softwareentwickler\/in (Developer) wirken Sie an der Erstellung einer Software mit. Weitere Schwerpunkte liegen im Breich Frontend- und Backend-Entwicklung.<\/p><p><strong>\u00a0<\/strong><\/p><p><strong>Netzwerk- und Systembetreuer\/in<\/strong><br \/>Sie sind f\u00fcr die Verwaltung von Netzwerk- und Computersystemen verantwortlich. In dieser Funktion planen, installieren, konfigurieren und pflegen die informationstechnische Infrastruktur (IT-Infrastruktur) eines Unternehmens oder anderer Organisationen.<\/p><p><strong>\u00a0<\/strong><\/p><p><strong>Planer\/in und Betreuer\/in betrieblicher Informationssysteme<\/strong><br \/>Im Rahmen dieser T\u00e4tigkeit planen, steuern du betreuen Sie die Informationssysteme eines Unternehmens.<\/p><p><strong>\u00a0<\/strong><\/p><p><strong>Marketing- und Vertriebsleiter\/in<\/strong><br \/>Sie analysieren und optimieren Verkaufsunterlagen, sind f\u00fcr die Organisation von Online \u2013 Shops sowie f\u00fcr Datenbl\u00e4tter und Brosch\u00fcren im Unternehmen zust\u00e4ndig.<\/p><p><strong>\u00a0<\/strong><\/p><p><strong>Controller\/in<\/strong><br \/>Sie sind f\u00fcr die Planung, Steuerung und Kontrolle von Unternehmenszielen zust\u00e4ndig, dabei erstellen Sie Budgetpl\u00e4ne, \u00fcberwachen Betriebsabl\u00e4ufe und kommunizieren mit dem Management.<\/p><p><strong>\u00a0<\/strong><\/p><p><strong>Consulter\/in<\/strong><br \/>Als IT-Consulter\/in beraten Sie Unternehmen, aber auch Projektgruppen bei der Einf\u00fchrung, Wartung und Weiterentwicklung von IT-Systemen.<\/p><p><strong>\u00a0<\/strong><\/p><p><strong>Qualit\u00e4tskontrolleur\/in<\/strong><br \/>Sie nehmen eine zentrale Stelle im Qualit\u00e4tsmanagement ein und sind f\u00fcr die Pr\u00fcfung und Freigabe von Wareneing\u00e4ngen und -ausg\u00e4ngen zust\u00e4ndig.<\/p><p><strong>\u00a0<\/strong><\/p><p><strong>Betriebsleiter\/in<\/strong><br \/>Als Betriebsleiter\/in sind Sie f\u00fcr die Umsetzung und Kontrolle von betrieblichen Abl\u00e4ufen, Planung von Maschineneins\u00e4tzen und die F\u00fchrung von Mitarbeitern verantwortlich.<\/p>\t\t\t\t\t\t<\/div>\n\t\t\t\t<\/div>\n\t\t\t\t\t<\/div>\n\t\t<\/div>\n\t\t\t\t\t<\/div>\n\t\t<\/section>\n\t\t\t\t<\/div>\n\t\t","protected":false},"excerpt":{"rendered":"<p>Wirtschaftsingenieure &#8211; Betriebsinformatik Die zentrale Karrierevoraussetzung im Technologiebereich wird k\u00fcnftig fundiertes Wissen \u00fcber Basistechnologien verbunden mit IT \u2013 Kenntnissen, mit Know-How in technischen und wirtschaftlichen Belangen und Kommunikationsf\u00e4higkeit sein. Vernetzte Informations- und Planungssysteme im Unternehmen erfassen automatisch die Auftr\u00e4ge, steuern die Produktion und \u00fcberwachen Qualit\u00e4t und Kosten. Betriebsinformatikerinnen und Betriebsinformatiker gestalten diese Abl\u00e4ufe. Sie haben einen Blick f\u00fcr Zusammenh\u00e4nge, sie [&hellip;]<\/p>\n","protected":false},"author":3,"featured_media":0,"parent":4631,"menu_order":0,"comment_status":"closed","ping_status":"closed","template":"elementor_header_footer","meta":[],"_links":{"self":[{"href":"http:\/\/172.16.202.26\/index.php?rest_route=\/wp\/v2\/pages\/5292"}],"collection":[{"href":"http:\/\/172.16.202.26\/index.php?rest_route=\/wp\/v2\/pages"}],"about":[{"href":"http:\/\/172.16.202.26\/index.php?rest_route=\/wp\/v2\/types\/page"}],"author":[{"embeddable":true,"href":"http:\/\/172.16.202.26\/index.php?rest_route=\/wp\/v2\/users\/3"}],"replies":[{"embeddable":true,"href":"http:\/\/172.16.202.26\/index.php?rest_route=%2Fwp%2Fv2%2Fcomments&post=5292"}],"version-history":[{"count":34,"href":"http:\/\/172.16.202.26\/index.php?rest_route=\/wp\/v2\/pages\/5292\/revisions"}],"predecessor-version":[{"id":20034,"href":"http:\/\/172.16.202.26\/index.php?rest_route=\/wp\/v2\/pages\/5292\/revisions\/20034"}],"up":[{"embeddable":true,"href":"http:\/\/172.16.202.26\/index.php?rest_route=\/wp\/v2\/pages\/4631"}],"wp:attachment":[{"href":"http:\/\/172.16.202.26\/index.php?rest_route=%2Fwp%2Fv2%2Fmedia&parent=5292"}],"curies":[{"name":"wp","href":"https:\/\/api.w.org\/{rel}","templated":true}]}}