{"id":5485,"date":"2022-05-05T12:36:17","date_gmt":"2022-05-05T10:36:17","guid":{"rendered":"http:\/\/192.189.51.53\/?page_id=5485"},"modified":"2026-02-23T12:11:20","modified_gmt":"2026-02-23T11:11:20","slug":"tagesform-aufbaulehrgang-elektronik-netzwerktechnik-2","status":"publish","type":"page","link":"http:\/\/172.16.202.26\/?page_id=5485","title":{"rendered":"Tagesform-Aufbaulehrgang-Elektronik-Netzwerktechnik"},"content":{"rendered":"\t\t<div data-elementor-type=\"wp-page\" data-elementor-id=\"5485\" class=\"elementor elementor-5485\">\n\t\t\t\t\t\t<section class=\"elementor-section elementor-top-section elementor-element elementor-element-53a1e9d elementor-section-full_width elementor-section-height-min-height elementor-section-height-default elementor-section-items-middle\" data-id=\"53a1e9d\" data-element_type=\"section\">\n\t\t\t\t\t\t\t<div class=\"elementor-background-overlay\"><\/div>\n\t\t\t\t\t\t\t<div class=\"elementor-container elementor-column-gap-default\">\n\t\t\t\t\t<div class=\"elementor-column elementor-col-100 elementor-top-column elementor-element elementor-element-8097857\" data-id=\"8097857\" data-element_type=\"column\" data-settings=\"{&quot;background_background&quot;:&quot;slideshow&quot;,&quot;background_slideshow_gallery&quot;:[],&quot;background_slideshow_loop&quot;:&quot;yes&quot;,&quot;background_slideshow_slide_duration&quot;:5000,&quot;background_slideshow_slide_transition&quot;:&quot;fade&quot;,&quot;background_slideshow_transition_duration&quot;:500}\">\n\t\t\t<div class=\"elementor-widget-wrap elementor-element-populated\">\n\t\t\t\t\t\t<div class=\"elementor-element elementor-element-77b7ffd elementor-widget__width-auto elementor-invisible elementor-widget elementor-widget-heading\" data-id=\"77b7ffd\" data-element_type=\"widget\" data-settings=\"{&quot;_animation&quot;:&quot;fadeInLeft&quot;}\" data-widget_type=\"heading.default\">\n\t\t\t\t<div class=\"elementor-widget-container\">\n\t\t\t<style>\/*! elementor - v3.20.0 - 13-03-2024 *\/\n.elementor-heading-title{padding:0;margin:0;line-height:1}.elementor-widget-heading .elementor-heading-title[class*=elementor-size-]>a{color:inherit;font-size:inherit;line-height:inherit}.elementor-widget-heading .elementor-heading-title.elementor-size-small{font-size:15px}.elementor-widget-heading .elementor-heading-title.elementor-size-medium{font-size:19px}.elementor-widget-heading .elementor-heading-title.elementor-size-large{font-size:29px}.elementor-widget-heading .elementor-heading-title.elementor-size-xl{font-size:39px}.elementor-widget-heading .elementor-heading-title.elementor-size-xxl{font-size:59px}<\/style><h1 class=\"elementor-heading-title elementor-size-default\">Elektronik und Technische Informatik<\/h1>\t\t<\/div>\n\t\t\t\t<\/div>\n\t\t\t\t<div class=\"elementor-element elementor-element-d49e2c3 elementor-widget elementor-widget-text-editor\" data-id=\"d49e2c3\" data-element_type=\"widget\" data-widget_type=\"text-editor.default\">\n\t\t\t\t<div class=\"elementor-widget-container\">\n\t\t\t<style>\/*! elementor - v3.20.0 - 13-03-2024 *\/\n.elementor-widget-text-editor.elementor-drop-cap-view-stacked .elementor-drop-cap{background-color:#69727d;color:#fff}.elementor-widget-text-editor.elementor-drop-cap-view-framed .elementor-drop-cap{color:#69727d;border:3px solid;background-color:transparent}.elementor-widget-text-editor:not(.elementor-drop-cap-view-default) .elementor-drop-cap{margin-top:8px}.elementor-widget-text-editor:not(.elementor-drop-cap-view-default) .elementor-drop-cap-letter{width:1em;height:1em}.elementor-widget-text-editor .elementor-drop-cap{float:left;text-align:center;line-height:1;font-size:50px}.elementor-widget-text-editor .elementor-drop-cap-letter{display:inline-block}<\/style>\t\t\t\t\t\t\t\t\t\t<\/div>\n\t\t\t\t<\/div>\n\t\t\t\t<div class=\"elementor-element elementor-element-c19f0ae elementor-widget__width-auto elementor-absolute elementor-invisible elementor-widget elementor-widget-heading\" data-id=\"c19f0ae\" data-element_type=\"widget\" data-settings=\"{&quot;_animation&quot;:&quot;fadeInLeft&quot;,&quot;_position&quot;:&quot;absolute&quot;}\" data-widget_type=\"heading.default\">\n\t\t\t\t<div class=\"elementor-widget-container\">\n\t\t\t<h3 class=\"elementor-heading-title elementor-size-default\">Netzwerktechnik<\/h3>\t\t<\/div>\n\t\t\t\t<\/div>\n\t\t\t\t<div class=\"elementor-element elementor-element-e821721 elementor-widget__width-auto elementor-absolute elementor-invisible elementor-widget elementor-widget-heading\" data-id=\"e821721\" data-element_type=\"widget\" data-settings=\"{&quot;_animation&quot;:&quot;fadeInDown&quot;,&quot;_position&quot;:&quot;absolute&quot;}\" data-widget_type=\"heading.default\">\n\t\t\t\t<div class=\"elementor-widget-container\">\n\t\t\t<h3 class=\"elementor-heading-title elementor-size-default\">Aufbaulehrgang<\/h3>\t\t<\/div>\n\t\t\t\t<\/div>\n\t\t\t\t<div class=\"elementor-element elementor-element-4257c62 elementor-widget__width-auto elementor-absolute elementor-invisible elementor-widget elementor-widget-heading\" data-id=\"4257c62\" data-element_type=\"widget\" data-settings=\"{&quot;_animation&quot;:&quot;fadeInDown&quot;,&quot;_position&quot;:&quot;absolute&quot;}\" data-widget_type=\"heading.default\">\n\t\t\t\t<div class=\"elementor-widget-container\">\n\t\t\t<h4 class=\"elementor-heading-title elementor-size-default\">Tagesschule<\/h4>\t\t<\/div>\n\t\t\t\t<\/div>\n\t\t\t\t\t<\/div>\n\t\t<\/div>\n\t\t\t\t\t<\/div>\n\t\t<\/section>\n\t\t\t\t<section class=\"elementor-section elementor-top-section elementor-element elementor-element-18b5765 elementor-section-full_width elementor-section-height-default elementor-section-height-default\" data-id=\"18b5765\" data-element_type=\"section\">\n\t\t\t\t\t\t<div class=\"elementor-container elementor-column-gap-default\">\n\t\t\t\t\t<div class=\"elementor-column elementor-col-50 elementor-top-column elementor-element elementor-element-7414615\" data-id=\"7414615\" data-element_type=\"column\" data-settings=\"{&quot;background_background&quot;:&quot;classic&quot;}\">\n\t\t\t<div class=\"elementor-widget-wrap elementor-element-populated\">\n\t\t\t\t\t\t<div class=\"elementor-element elementor-element-8e387ee elementor-widget elementor-widget-heading\" data-id=\"8e387ee\" data-element_type=\"widget\" data-widget_type=\"heading.default\">\n\t\t\t\t<div class=\"elementor-widget-container\">\n\t\t\t<h3 class=\"elementor-heading-title elementor-size-default\">Technische Ausbildung<\/h3>\t\t<\/div>\n\t\t\t\t<\/div>\n\t\t\t\t<div class=\"elementor-element elementor-element-a6f82b1 elementor-widget elementor-widget-heading\" data-id=\"a6f82b1\" data-element_type=\"widget\" data-widget_type=\"heading.default\">\n\t\t\t\t<div class=\"elementor-widget-container\">\n\t\t\t<h3 class=\"elementor-heading-title elementor-size-default\">am Puls der Zeit<\/h3>\t\t<\/div>\n\t\t\t\t<\/div>\n\t\t\t\t<div class=\"elementor-element elementor-element-39e1157 elementor-widget elementor-widget-text-editor\" data-id=\"39e1157\" data-element_type=\"widget\" data-widget_type=\"text-editor.default\">\n\t\t\t\t<div class=\"elementor-widget-container\">\n\t\t\t\t\t\t\t<p>Breite Basiskenntnisse in Elektronik und technischer Informatik bilden die Grundlage f\u00fcr das Verst\u00e4ndnis und das Management komplexer Netzwerke. Erst ein gezielter Einsatz von Hard- und Software macht aktuelle Hochgeschwindigkeitsanwendungen, wie &#8222;Internet der Dinge&#8220; oder &#8222;High Level IT-Security&#8220; m\u00f6glich. Unsere Absolventinnen und Absolventen sind am Arbeitsmarkt sehr gefragt und k\u00f6nnen sich vielfach ihre Jobs unter vielen Angeboten aussuchen.<br><br><\/p>\n<p>Die praxisnahe Ausbildung umfasst viele Labor und \u00dcbungsstunden und bietet zudem wertvolle Industriezertifikate in aktuellen Fachbereichen an.<br>Sie erwerben solides Fachwissen und pers\u00f6nliche Skills als Fundament Ihres beruflichen Erfolges. Im Vordergrund steht praxisbezogene fachliche Kompetenz in Elektronik und Informatik.<br><br><\/p>\n<p>Die moderne Berufswelt der Elektronik und Technischen Informatik fordert Spezialisten\/innen, die \u00fcber Kompetenzen sowohl im Bereich der Hardware als auch der Software verf\u00fcgen. Daher ist Hardware-Software-Co-Design der Schwerpunkt der Ausbildung. Die F\u00e4higkeiten zu Kooperation, Kommunikation in deutscher und englischer Sprache, Pr\u00e4sentation und Teamarbeit werden anhand praxisorientierter Projekte entwickelt.<br><br><\/p>\n<p>Als fachlichen Schwerpunkt bieten wir den letzten Stand der Technik f\u00fcr LAN, WLAN und WANs sowie Server-Technologien, Web Design und nat\u00fcrlich aktuellste Sicher\u00adheitstechnologien. Daf\u00fcr b\u00fcrgt die Zusammenarbeit mit Partnern wie Branchenf\u00fchrer Cisco Systems. Die Ausbildung gibt Ihnen die M\u00f6glichkeit zur Zertifizierung durch externe Pr\u00fcfungen, vom Cisco Certified Network Associate (CCNA) bis zum Cisco Certified Security Professional (CCSP).<\/p>\t\t\t\t\t\t<\/div>\n\t\t\t\t<\/div>\n\t\t\t\t\t<\/div>\n\t\t<\/div>\n\t\t\t\t<div class=\"elementor-column elementor-col-50 elementor-top-column elementor-element elementor-element-3a88c4a\" data-id=\"3a88c4a\" data-element_type=\"column\" data-settings=\"{&quot;background_background&quot;:&quot;classic&quot;}\">\n\t\t\t<div class=\"elementor-widget-wrap elementor-element-populated\">\n\t\t\t\t\t\t<div class=\"elementor-element elementor-element-3f02403 elementor-widget elementor-widget-heading\" data-id=\"3f02403\" data-element_type=\"widget\" data-widget_type=\"heading.default\">\n\t\t\t\t<div class=\"elementor-widget-container\">\n\t\t\t<h3 class=\"elementor-heading-title elementor-size-default\">Fachtheoretische Unterrichtsgegenst\u00e4nde<\/h3>\t\t<\/div>\n\t\t\t\t<\/div>\n\t\t\t\t<div class=\"elementor-element elementor-element-a1265e5 elementor-widget elementor-widget-heading\" data-id=\"a1265e5\" data-element_type=\"widget\" data-widget_type=\"heading.default\">\n\t\t\t\t<div class=\"elementor-widget-container\">\n\t\t\t<h4 class=\"elementor-heading-title elementor-size-default\"><a href=\"http:\/\/172.16.202.26\/?page_id=19371\">> Hardwareentwicklung<\/a><\/h4>\t\t<\/div>\n\t\t\t\t<\/div>\n\t\t\t\t<div class=\"elementor-element elementor-element-1754748 elementor-widget elementor-widget-heading\" data-id=\"1754748\" data-element_type=\"widget\" data-widget_type=\"heading.default\">\n\t\t\t\t<div class=\"elementor-widget-container\">\n\t\t\t<h4 class=\"elementor-heading-title elementor-size-default\"><a href=\"http:\/\/172.16.202.26\/?page_id=19371\">> Messtechnik und Regelungssysteme<\/a><\/h4>\t\t<\/div>\n\t\t\t\t<\/div>\n\t\t\t\t<div class=\"elementor-element elementor-element-1623322 elementor-widget elementor-widget-heading\" data-id=\"1623322\" data-element_type=\"widget\" data-widget_type=\"heading.default\">\n\t\t\t\t<div class=\"elementor-widget-container\">\n\t\t\t<h4 class=\"elementor-heading-title elementor-size-default\"><a href=\"http:\/\/172.16.202.26\/?page_id=19371\">> Digitale Systeme und Computersysteme<\/a><\/h4>\t\t<\/div>\n\t\t\t\t<\/div>\n\t\t\t\t<div class=\"elementor-element elementor-element-568563f elementor-widget elementor-widget-heading\" data-id=\"568563f\" data-element_type=\"widget\" data-widget_type=\"heading.default\">\n\t\t\t\t<div class=\"elementor-widget-container\">\n\t\t\t<h4 class=\"elementor-heading-title elementor-size-default\"><a href=\"http:\/\/172.16.202.26\/?page_id=19371\">> Kommunikationssysteme und -netze<\/a><\/h4>\t\t<\/div>\n\t\t\t\t<\/div>\n\t\t\t\t<div class=\"elementor-element elementor-element-32b10b3 elementor-widget elementor-widget-heading\" data-id=\"32b10b3\" data-element_type=\"widget\" data-widget_type=\"heading.default\">\n\t\t\t\t<div class=\"elementor-widget-container\">\n\t\t\t<h4 class=\"elementor-heading-title elementor-size-default\"><a href=\"http:\/\/172.16.202.26\/?page_id=19371\">> Fachspezifische Softwaretechnik<\/a><\/h4>\t\t<\/div>\n\t\t\t\t<\/div>\n\t\t\t\t<div class=\"elementor-element elementor-element-87145f9 elementor-widget elementor-widget-heading\" data-id=\"87145f9\" data-element_type=\"widget\" data-widget_type=\"heading.default\">\n\t\t\t\t<div class=\"elementor-widget-container\">\n\t\t\t<h4 class=\"elementor-heading-title elementor-size-default\"><a href=\"http:\/\/172.16.202.26\/?page_id=19371\">> Laboratorium<\/a><\/h4>\t\t<\/div>\n\t\t\t\t<\/div>\n\t\t\t\t<div class=\"elementor-element elementor-element-7d8d4fa elementor-widget elementor-widget-button\" data-id=\"7d8d4fa\" data-element_type=\"widget\" data-widget_type=\"button.default\">\n\t\t\t\t<div class=\"elementor-widget-container\">\n\t\t\t\t\t<div class=\"elementor-button-wrapper\">\n\t\t\t<a class=\"elementor-button elementor-button-link elementor-size-sm\" href=\"http:\/\/172.16.202.26\/?page_id=5440\">\n\t\t\t\t\t\t<span class=\"elementor-button-content-wrapper\">\n\t\t\t\t\t\t<span class=\"elementor-button-text\">zur Stundentafel<\/span>\n\t\t<\/span>\n\t\t\t\t\t<\/a>\n\t\t<\/div>\n\t\t\t\t<\/div>\n\t\t\t\t<\/div>\n\t\t\t\t\t<\/div>\n\t\t<\/div>\n\t\t\t\t\t<\/div>\n\t\t<\/section>\n\t\t\t\t<section class=\"elementor-section elementor-top-section elementor-element elementor-element-2d7cdc0 elementor-section-full_width elementor-section-height-default elementor-section-height-default\" data-id=\"2d7cdc0\" data-element_type=\"section\" data-settings=\"{&quot;background_background&quot;:&quot;classic&quot;}\">\n\t\t\t\t\t\t<div class=\"elementor-container elementor-column-gap-default\">\n\t\t\t\t\t<div class=\"elementor-column elementor-col-50 elementor-top-column elementor-element elementor-element-856dfe8\" data-id=\"856dfe8\" data-element_type=\"column\" data-settings=\"{&quot;background_background&quot;:&quot;classic&quot;}\">\n\t\t\t<div class=\"elementor-widget-wrap elementor-element-populated\">\n\t\t\t\t\t\t<div class=\"elementor-element elementor-element-0b10a64 elementor-widget elementor-widget-heading\" data-id=\"0b10a64\" data-element_type=\"widget\" data-widget_type=\"heading.default\">\n\t\t\t\t<div class=\"elementor-widget-container\">\n\t\t\t<h3 class=\"elementor-heading-title elementor-size-default\">Der Aufbaulehrgang<\/h3>\t\t<\/div>\n\t\t\t\t<\/div>\n\t\t\t\t<div class=\"elementor-element elementor-element-3ce81fb elementor-widget elementor-widget-text-editor\" data-id=\"3ce81fb\" data-element_type=\"widget\" data-widget_type=\"text-editor.default\">\n\t\t\t\t<div class=\"elementor-widget-container\">\n\t\t\t\t\t\t\t<p>Die 5-semestrigen Aufbaulehrg\u00e4nge f\u00fchren Absolvent\/innen von berufsbildenden mittleren Schulen und\/oder Vorbereitungslehrg\u00e4ngen zur Reife- und Diplompr\u00fcfung. Diese findet im Herbst des Abschlussjahres statt.<br \/>Mit der Reife- und Diplompr\u00fcfung wird der berufliche Aufstieg erleichtert. Der Erwerb zus\u00e4tzlicher Fachkompetenzen liefert die Grundlage f\u00fcr eine berufliche Neuorientierung.<br \/><br \/><\/p><p>Die Aufbaulehrg\u00e4nge finden jedes Jahr statt und starten im\u00a0<strong>Februar<\/strong>.<br \/>Die Ausbildung wird als Tagesform mit einer 5-Tageswoche (von 8:00 bis maximal 17:00 Uhr) gef\u00fchrt.<br \/>In den Sommerferien ist ein insgesamt achtw\u00f6chiges Pflichtpraktikum zu absolvieren.<\/p>\t\t\t\t\t\t<\/div>\n\t\t\t\t<\/div>\n\t\t\t\t\t<\/div>\n\t\t<\/div>\n\t\t\t\t<div class=\"elementor-column elementor-col-50 elementor-top-column elementor-element elementor-element-e2610e4\" data-id=\"e2610e4\" data-element_type=\"column\" data-settings=\"{&quot;background_background&quot;:&quot;classic&quot;}\">\n\t\t\t<div class=\"elementor-widget-wrap elementor-element-populated\">\n\t\t\t\t\t\t<div class=\"elementor-element elementor-element-15541e6 elementor-widget elementor-widget-heading\" data-id=\"15541e6\" data-element_type=\"widget\" data-widget_type=\"heading.default\">\n\t\t\t\t<div class=\"elementor-widget-container\">\n\t\t\t<h3 class=\"elementor-heading-title elementor-size-default\">Die Anmeldung<\/h3>\t\t<\/div>\n\t\t\t\t<\/div>\n\t\t\t\t<div class=\"elementor-element elementor-element-9eaaae8 elementor-widget elementor-widget-text-editor\" data-id=\"9eaaae8\" data-element_type=\"widget\" data-widget_type=\"text-editor.default\">\n\t\t\t\t<div class=\"elementor-widget-container\">\n\t\t\t\t\t\t\t<p>Eine Anmeldung zu den Aufbaulehrg\u00e4ngen kann bis jeweils eine Woche vor Beginn der Semesterferien erfolgen.<\/p><p>Die Aufnahmen k\u00f6nnen nur nach Ma\u00dfgabe freier Pl\u00e4tze erfolgen, melden Sie sich daher nicht zu sp\u00e4t an.<\/p>\t\t\t\t\t\t<\/div>\n\t\t\t\t<\/div>\n\t\t\t\t<div class=\"elementor-element elementor-element-921697e elementor-align-left elementor-widget elementor-widget-button\" data-id=\"921697e\" data-element_type=\"widget\" data-widget_type=\"button.default\">\n\t\t\t\t<div class=\"elementor-widget-container\">\n\t\t\t\t\t<div class=\"elementor-button-wrapper\">\n\t\t\t<a class=\"elementor-button elementor-button-link elementor-size-sm\" href=\"http:\/\/172.16.202.26\/?page_id=4722\">\n\t\t\t\t\t\t<span class=\"elementor-button-content-wrapper\">\n\t\t\t\t\t\t<span class=\"elementor-button-text\">wichtige Informationen zur Anmeldung<\/span>\n\t\t<\/span>\n\t\t\t\t\t<\/a>\n\t\t<\/div>\n\t\t\t\t<\/div>\n\t\t\t\t<\/div>\n\t\t\t\t\t<\/div>\n\t\t<\/div>\n\t\t\t\t\t<\/div>\n\t\t<\/section>\n\t\t\t\t<section class=\"elementor-section elementor-top-section elementor-element elementor-element-34e9d5f elementor-section-boxed elementor-section-height-default elementor-section-height-default\" data-id=\"34e9d5f\" data-element_type=\"section\">\n\t\t\t\t\t\t<div class=\"elementor-container elementor-column-gap-default\">\n\t\t\t\t\t<div class=\"elementor-column elementor-col-100 elementor-top-column elementor-element elementor-element-110fa0f\" data-id=\"110fa0f\" data-element_type=\"column\">\n\t\t\t<div class=\"elementor-widget-wrap elementor-element-populated\">\n\t\t\t\t\t\t<div class=\"elementor-element elementor-element-b5c1712 elementor-widget elementor-widget-heading\" data-id=\"b5c1712\" data-element_type=\"widget\" data-widget_type=\"heading.default\">\n\t\t\t\t<div class=\"elementor-widget-container\">\n\t\t\t<h3 class=\"elementor-heading-title elementor-size-default\">Kontakt zur Abteilung<\/h3>\t\t<\/div>\n\t\t\t\t<\/div>\n\t\t\t\t<section class=\"elementor-section elementor-inner-section elementor-element elementor-element-b55f322 elementor-section-boxed elementor-section-height-default elementor-section-height-default\" data-id=\"b55f322\" data-element_type=\"section\">\n\t\t\t\t\t\t<div class=\"elementor-container elementor-column-gap-default\">\n\t\t\t\t\t<div class=\"elementor-column elementor-col-50 elementor-inner-column elementor-element elementor-element-02195a0\" data-id=\"02195a0\" data-element_type=\"column\">\n\t\t\t<div class=\"elementor-widget-wrap elementor-element-populated\">\n\t\t\t\t\t\t<div class=\"elementor-element elementor-element-0f07117 elementor-widget elementor-widget-image\" data-id=\"0f07117\" data-element_type=\"widget\" data-widget_type=\"image.default\">\n\t\t\t\t<div class=\"elementor-widget-container\">\n\t\t\t<style>\/*! elementor - v3.20.0 - 13-03-2024 *\/\n.elementor-widget-image{text-align:center}.elementor-widget-image a{display:inline-block}.elementor-widget-image a img[src$=\".svg\"]{width:48px}.elementor-widget-image img{vertical-align:middle;display:inline-block}<\/style>\t\t\t\t\t\t\t\t\t\t<img fetchpriority=\"high\" decoding=\"async\" width=\"225\" height=\"300\" src=\"http:\/\/172.16.202.26\/wp-content\/uploads\/2023\/04\/Voelk_600-225x300.jpg\" class=\"attachment-medium size-medium wp-image-17604\" alt=\"\" srcset=\"http:\/\/172.16.202.26\/wp-content\/uploads\/2023\/04\/Voelk_600-225x300.jpg 225w, http:\/\/172.16.202.26\/wp-content\/uploads\/2023\/04\/Voelk_600.jpg 600w\" sizes=\"(max-width: 225px) 100vw, 225px\" \/>\t\t\t\t\t\t\t\t\t\t\t\t\t<\/div>\n\t\t\t\t<\/div>\n\t\t\t\t\t<\/div>\n\t\t<\/div>\n\t\t\t\t<div class=\"elementor-column elementor-col-50 elementor-inner-column elementor-element elementor-element-d4d121e\" data-id=\"d4d121e\" data-element_type=\"column\">\n\t\t\t<div class=\"elementor-widget-wrap elementor-element-populated\">\n\t\t\t\t\t\t<div class=\"elementor-element elementor-element-c4dccce elementor-widget elementor-widget-heading\" data-id=\"c4dccce\" data-element_type=\"widget\" data-widget_type=\"heading.default\">\n\t\t\t\t<div class=\"elementor-widget-container\">\n\t\t\t<h3 class=\"elementor-heading-title elementor-size-default\">Abteilungsvorstand<\/h3>\t\t<\/div>\n\t\t\t\t<\/div>\n\t\t\t\t<div class=\"elementor-element elementor-element-d073d58 elementor-widget elementor-widget-text-editor\" data-id=\"d073d58\" data-element_type=\"widget\" data-widget_type=\"text-editor.default\">\n\t\t\t\t<div class=\"elementor-widget-container\">\n\t\t\t\t\t\t\t<p>Mag.<\/p>\t\t\t\t\t\t<\/div>\n\t\t\t\t<\/div>\n\t\t\t\t<div class=\"elementor-element elementor-element-c65577a elementor-widget elementor-widget-heading\" data-id=\"c65577a\" data-element_type=\"widget\" data-widget_type=\"heading.default\">\n\t\t\t\t<div class=\"elementor-widget-container\">\n\t\t\t<h3 class=\"elementor-heading-title elementor-size-default\">Elisabeth V\u00f6lk<\/h3>\t\t<\/div>\n\t\t\t\t<\/div>\n\t\t\t\t<div class=\"elementor-element elementor-element-197ed21 elementor-widget elementor-widget-text-editor\" data-id=\"197ed21\" data-element_type=\"widget\" data-widget_type=\"text-editor.default\">\n\t\t\t\t<div class=\"elementor-widget-container\">\n\t\t\t\t\t\t\t<p>Email: avhbg@tgm.ac.at<br \/>Tel: +43 1 33 126 321<\/p><p>\u00a0<\/p><p>Stellvertreter:<\/p><p>DI Christian Fuchsberger<br \/>Email: cfuchsberger@tgm.ac.at<\/p>\t\t\t\t\t\t<\/div>\n\t\t\t\t<\/div>\n\t\t\t\t\t<\/div>\n\t\t<\/div>\n\t\t\t\t\t<\/div>\n\t\t<\/section>\n\t\t\t\t\t<\/div>\n\t\t<\/div>\n\t\t\t\t\t<\/div>\n\t\t<\/section>\n\t\t\t\t<\/div>\n\t\t","protected":false},"excerpt":{"rendered":"<p>Elektronik und Technische Informatik Netzwerktechnik Aufbaulehrgang Tagesschule Technische Ausbildung am Puls der Zeit Breite Basiskenntnisse in Elektronik und technischer Informatik bilden die Grundlage f\u00fcr das Verst\u00e4ndnis und das Management komplexer Netzwerke. Erst ein gezielter Einsatz von Hard- und Software macht aktuelle Hochgeschwindigkeitsanwendungen, wie &#8222;Internet der Dinge&#8220; oder &#8222;High Level IT-Security&#8220; m\u00f6glich. Unsere Absolventinnen und Absolventen sind am Arbeitsmarkt sehr gefragt [&hellip;]<\/p>\n","protected":false},"author":3,"featured_media":0,"parent":8527,"menu_order":0,"comment_status":"closed","ping_status":"closed","template":"elementor_header_footer","meta":[],"_links":{"self":[{"href":"http:\/\/172.16.202.26\/index.php?rest_route=\/wp\/v2\/pages\/5485"}],"collection":[{"href":"http:\/\/172.16.202.26\/index.php?rest_route=\/wp\/v2\/pages"}],"about":[{"href":"http:\/\/172.16.202.26\/index.php?rest_route=\/wp\/v2\/types\/page"}],"author":[{"embeddable":true,"href":"http:\/\/172.16.202.26\/index.php?rest_route=\/wp\/v2\/users\/3"}],"replies":[{"embeddable":true,"href":"http:\/\/172.16.202.26\/index.php?rest_route=%2Fwp%2Fv2%2Fcomments&post=5485"}],"version-history":[{"count":121,"href":"http:\/\/172.16.202.26\/index.php?rest_route=\/wp\/v2\/pages\/5485\/revisions"}],"predecessor-version":[{"id":26569,"href":"http:\/\/172.16.202.26\/index.php?rest_route=\/wp\/v2\/pages\/5485\/revisions\/26569"}],"up":[{"embeddable":true,"href":"http:\/\/172.16.202.26\/index.php?rest_route=\/wp\/v2\/pages\/8527"}],"wp:attachment":[{"href":"http:\/\/172.16.202.26\/index.php?rest_route=%2Fwp%2Fv2%2Fmedia&parent=5485"}],"curies":[{"name":"wp","href":"https:\/\/api.w.org\/{rel}","templated":true}]}}