{"id":6057,"date":"2022-05-08T21:52:33","date_gmt":"2022-05-08T19:52:33","guid":{"rendered":"http:\/\/192.189.51.53\/?page_id=6057"},"modified":"2022-10-08T19:08:55","modified_gmt":"2022-10-08T17:08:55","slug":"tagesform-vorbereitungslehrgang-anmeldung","status":"publish","type":"page","link":"http:\/\/172.16.202.26\/?page_id=6057","title":{"rendered":"Tagesform-Vorbereitungslehrgang-Anmeldung"},"content":{"rendered":"\t\t<div data-elementor-type=\"wp-page\" data-elementor-id=\"6057\" class=\"elementor elementor-6057\">\n\t\t\t\t\t\t<section class=\"elementor-section elementor-top-section elementor-element elementor-element-d94d3ce elementor-section-boxed elementor-section-height-default elementor-section-height-default\" data-id=\"d94d3ce\" data-element_type=\"section\">\n\t\t\t\t\t\t<div class=\"elementor-container elementor-column-gap-default\">\n\t\t\t\t\t<div class=\"elementor-column elementor-col-100 elementor-top-column elementor-element elementor-element-21ff2e8\" data-id=\"21ff2e8\" data-element_type=\"column\">\n\t\t\t<div class=\"elementor-widget-wrap elementor-element-populated\">\n\t\t\t\t\t\t<div class=\"elementor-element elementor-element-2417a3b elementor-widget elementor-widget-heading\" data-id=\"2417a3b\" data-element_type=\"widget\" data-widget_type=\"heading.default\">\n\t\t\t\t<div class=\"elementor-widget-container\">\n\t\t\t<style>\/*! elementor - v3.20.0 - 13-03-2024 *\/\n.elementor-heading-title{padding:0;margin:0;line-height:1}.elementor-widget-heading .elementor-heading-title[class*=elementor-size-]>a{color:inherit;font-size:inherit;line-height:inherit}.elementor-widget-heading .elementor-heading-title.elementor-size-small{font-size:15px}.elementor-widget-heading .elementor-heading-title.elementor-size-medium{font-size:19px}.elementor-widget-heading .elementor-heading-title.elementor-size-large{font-size:29px}.elementor-widget-heading .elementor-heading-title.elementor-size-xl{font-size:39px}.elementor-widget-heading .elementor-heading-title.elementor-size-xxl{font-size:59px}<\/style><h2 class=\"elementor-heading-title elementor-size-default\">Informationen zur Anmeldung<\/h2>\t\t<\/div>\n\t\t\t\t<\/div>\n\t\t\t\t\t<\/div>\n\t\t<\/div>\n\t\t\t\t\t<\/div>\n\t\t<\/section>\n\t\t\t\t<section class=\"elementor-section elementor-top-section elementor-element elementor-element-b01b3c3 elementor-section-boxed elementor-section-height-default elementor-section-height-default\" data-id=\"b01b3c3\" data-element_type=\"section\">\n\t\t\t\t\t\t<div class=\"elementor-container elementor-column-gap-default\">\n\t\t\t\t\t<div class=\"elementor-column elementor-col-100 elementor-top-column elementor-element elementor-element-af813c2\" data-id=\"af813c2\" data-element_type=\"column\">\n\t\t\t<div class=\"elementor-widget-wrap elementor-element-populated\">\n\t\t\t\t\t\t<div class=\"elementor-element elementor-element-7d8ef5d elementor-widget elementor-widget-image\" data-id=\"7d8ef5d\" data-element_type=\"widget\" data-widget_type=\"image.default\">\n\t\t\t\t<div class=\"elementor-widget-container\">\n\t\t\t<style>\/*! elementor - v3.20.0 - 13-03-2024 *\/\n.elementor-widget-image{text-align:center}.elementor-widget-image a{display:inline-block}.elementor-widget-image a img[src$=\".svg\"]{width:48px}.elementor-widget-image img{vertical-align:middle;display:inline-block}<\/style>\t\t\t\t\t\t\t\t\t\t<img fetchpriority=\"high\" decoding=\"async\" width=\"640\" height=\"427\" src=\"http:\/\/172.16.202.26\/wp-content\/uploads\/2022\/04\/Anmeldung_3-768x512.jpg\" class=\"attachment-medium_large size-medium_large wp-image-4655\" alt=\"\" srcset=\"http:\/\/172.16.202.26\/wp-content\/uploads\/2022\/04\/Anmeldung_3-768x512.jpg 768w, http:\/\/172.16.202.26\/wp-content\/uploads\/2022\/04\/Anmeldung_3-300x200.jpg 300w, http:\/\/172.16.202.26\/wp-content\/uploads\/2022\/04\/Anmeldung_3-1024x682.jpg 1024w, http:\/\/172.16.202.26\/wp-content\/uploads\/2022\/04\/Anmeldung_3-600x400.jpg 600w, http:\/\/172.16.202.26\/wp-content\/uploads\/2022\/04\/Anmeldung_3.jpg 1280w\" sizes=\"(max-width: 640px) 100vw, 640px\" \/>\t\t\t\t\t\t\t\t\t\t\t\t\t<\/div>\n\t\t\t\t<\/div>\n\t\t\t\t\t<\/div>\n\t\t<\/div>\n\t\t\t\t\t<\/div>\n\t\t<\/section>\n\t\t\t\t<section class=\"elementor-section elementor-top-section elementor-element elementor-element-fc826e5 elementor-section-boxed elementor-section-height-default elementor-section-height-default\" data-id=\"fc826e5\" data-element_type=\"section\">\n\t\t\t\t\t\t<div class=\"elementor-container elementor-column-gap-default\">\n\t\t\t\t\t<div class=\"elementor-column elementor-col-100 elementor-top-column elementor-element elementor-element-42930fa\" data-id=\"42930fa\" data-element_type=\"column\">\n\t\t\t<div class=\"elementor-widget-wrap elementor-element-populated\">\n\t\t\t\t\t\t<div class=\"elementor-element elementor-element-c92e611 elementor-widget elementor-widget-heading\" data-id=\"c92e611\" data-element_type=\"widget\" data-widget_type=\"heading.default\">\n\t\t\t\t<div class=\"elementor-widget-container\">\n\t\t\t<h2 class=\"elementor-heading-title elementor-size-default\">Die Anmeldung erfolgt Online \u00fcber den Link in der Men\u00fcleiste!<\/h2>\t\t<\/div>\n\t\t\t\t<\/div>\n\t\t\t\t<div class=\"elementor-element elementor-element-b18b121 elementor-widget elementor-widget-text-editor\" data-id=\"b18b121\" data-element_type=\"widget\" data-widget_type=\"text-editor.default\">\n\t\t\t\t<div class=\"elementor-widget-container\">\n\t\t\t<style>\/*! elementor - v3.20.0 - 13-03-2024 *\/\n.elementor-widget-text-editor.elementor-drop-cap-view-stacked .elementor-drop-cap{background-color:#69727d;color:#fff}.elementor-widget-text-editor.elementor-drop-cap-view-framed .elementor-drop-cap{color:#69727d;border:3px solid;background-color:transparent}.elementor-widget-text-editor:not(.elementor-drop-cap-view-default) .elementor-drop-cap{margin-top:8px}.elementor-widget-text-editor:not(.elementor-drop-cap-view-default) .elementor-drop-cap-letter{width:1em;height:1em}.elementor-widget-text-editor .elementor-drop-cap{float:left;text-align:center;line-height:1;font-size:50px}.elementor-widget-text-editor .elementor-drop-cap-letter{display:inline-block}<\/style>\t\t\t\t<div data-mobiledoc=\"{\"><div>\u00a0<\/div><div data-mobiledoc=\"{\"><p>W\u00e4hlen Sie &#8222;Anmeldung Sonderform&#8220; &gt; &#8222;Neue Anmeldung&#8220; &gt; Ausbildungsart &#8222;Vorbereitungslehrgang (Tagesform | 1-semestrig)&#8220; und anschlie\u00dfend den entsprechenden Vorbereitungslehrgang:<\/p><p>\u21d2 VWII &#8211; Vorbereitungslehrgang Wirtschaftsingenieure-Betriebsinformatik<br \/>\u21d2 VWIM &#8211; Vorbereitungslehrgang Wirtschaftsingenieure-Maschinenbau<\/p><p>\u00a0<\/p><p><strong>Folgende Unterlagen sind hochzuladen:<\/strong><\/p><\/div><p>\u2192 Geburtsurkunde<br \/>\u2192 Meldezettel<br \/>\u2192 Staatsb\u00fcrgerschaftsnachweis<\/p><p>\u2192 Einschl\u00e4gige Zeugnisse (z.B. Abschlusszeugnis der Fachschule, Abschlusszeugnis Vorbereitungslehrgang, etc.)<\/p><p>Hinweise f\u00fcr Bewertung und Nostrifikation ausl\u00e4ndischer Zeugnisse finden Sie unter <span style=\"text-decoration: underline;\"><a href=\"https:\/\/www.bmbwf.gv.at\/Themen\/schule\/schulrecht\/anauschubi\/bewertungen.html\" target=\"_blank\" rel=\"noopener\">https:\/\/www.bmbwf.gv.at\/Themen\/schule\/schulrecht\/anauschubi\/bewertungen.html<\/a><\/span><br \/>\u2192 Nachweise \u00fcber Kenntnis der deutschen Sprache: <a href=\"https:\/\/www.osd.at\" target=\"_blank\" rel=\"noopener\"><span style=\"text-decoration: underline;\">https:\/\/www.osd.at<\/span><\/a>\u00a0mit Mindestniveau B1 f\u00fcr Kolleg (mit \u00f6sterreichischem Abschluss erf\u00fcllt)<br \/>\u2192 Foto (4:3)<br \/>\u2192 Unterschriebene Online Anmeldung<br \/>\u2192 Unterschriebene Gestattungsvereinbarung (wird nach Ausf\u00fcllen des Anmeldeformulars automatisch mit ausgedruckt)<\/p><\/div>\t\t\t\t\t\t<\/div>\n\t\t\t\t<\/div>\n\t\t\t\t\t<\/div>\n\t\t<\/div>\n\t\t\t\t\t<\/div>\n\t\t<\/section>\n\t\t\t\t<\/div>\n\t\t","protected":false},"excerpt":{"rendered":"<p>Informationen zur Anmeldung Die Anmeldung erfolgt Online \u00fcber den Link in der Men\u00fcleiste! \u00a0 W\u00e4hlen Sie &#8222;Anmeldung Sonderform&#8220; &gt; &#8222;Neue Anmeldung&#8220; &gt; Ausbildungsart &#8222;Vorbereitungslehrgang (Tagesform | 1-semestrig)&#8220; und anschlie\u00dfend den entsprechenden Vorbereitungslehrgang: \u21d2 VWII &#8211; Vorbereitungslehrgang Wirtschaftsingenieure-Betriebsinformatik\u21d2 VWIM &#8211; Vorbereitungslehrgang Wirtschaftsingenieure-Maschinenbau \u00a0 Folgende Unterlagen sind hochzuladen: \u2192 Geburtsurkunde\u2192 Meldezettel\u2192 Staatsb\u00fcrgerschaftsnachweis \u2192 Einschl\u00e4gige Zeugnisse (z.B. Abschlusszeugnis der Fachschule, Abschlusszeugnis Vorbereitungslehrgang, etc.) [&hellip;]<\/p>\n","protected":false},"author":3,"featured_media":0,"parent":8527,"menu_order":0,"comment_status":"closed","ping_status":"closed","template":"elementor_header_footer","meta":[],"_links":{"self":[{"href":"http:\/\/172.16.202.26\/index.php?rest_route=\/wp\/v2\/pages\/6057"}],"collection":[{"href":"http:\/\/172.16.202.26\/index.php?rest_route=\/wp\/v2\/pages"}],"about":[{"href":"http:\/\/172.16.202.26\/index.php?rest_route=\/wp\/v2\/types\/page"}],"author":[{"embeddable":true,"href":"http:\/\/172.16.202.26\/index.php?rest_route=\/wp\/v2\/users\/3"}],"replies":[{"embeddable":true,"href":"http:\/\/172.16.202.26\/index.php?rest_route=%2Fwp%2Fv2%2Fcomments&post=6057"}],"version-history":[{"count":16,"href":"http:\/\/172.16.202.26\/index.php?rest_route=\/wp\/v2\/pages\/6057\/revisions"}],"predecessor-version":[{"id":14852,"href":"http:\/\/172.16.202.26\/index.php?rest_route=\/wp\/v2\/pages\/6057\/revisions\/14852"}],"up":[{"embeddable":true,"href":"http:\/\/172.16.202.26\/index.php?rest_route=\/wp\/v2\/pages\/8527"}],"wp:attachment":[{"href":"http:\/\/172.16.202.26\/index.php?rest_route=%2Fwp%2Fv2%2Fmedia&parent=6057"}],"curies":[{"name":"wp","href":"https:\/\/api.w.org\/{rel}","templated":true}]}}