{"id":6406,"date":"2022-05-10T15:25:48","date_gmt":"2022-05-10T13:25:48","guid":{"rendered":"http:\/\/192.189.51.53\/?page_id=6406"},"modified":"2024-05-29T13:07:29","modified_gmt":"2024-05-29T11:07:29","slug":"abendform-kolleg-mechatronik","status":"publish","type":"page","link":"http:\/\/172.16.202.26\/?page_id=6406","title":{"rendered":"Abendform-Kolleg-Mechatronik"},"content":{"rendered":"\t\t<div data-elementor-type=\"wp-page\" data-elementor-id=\"6406\" class=\"elementor elementor-6406\">\n\t\t\t\t\t\t<section class=\"elementor-section elementor-top-section elementor-element elementor-element-53a1e9d elementor-section-full_width elementor-section-height-min-height elementor-section-height-default elementor-section-items-middle\" data-id=\"53a1e9d\" data-element_type=\"section\">\n\t\t\t\t\t\t\t<div class=\"elementor-background-overlay\"><\/div>\n\t\t\t\t\t\t\t<div class=\"elementor-container elementor-column-gap-default\">\n\t\t\t\t\t<div class=\"elementor-column elementor-col-100 elementor-top-column elementor-element elementor-element-8097857\" data-id=\"8097857\" data-element_type=\"column\" data-settings=\"{&quot;background_background&quot;:&quot;slideshow&quot;,&quot;background_slideshow_gallery&quot;:[],&quot;background_slideshow_loop&quot;:&quot;yes&quot;,&quot;background_slideshow_slide_duration&quot;:5000,&quot;background_slideshow_slide_transition&quot;:&quot;fade&quot;,&quot;background_slideshow_transition_duration&quot;:500}\">\n\t\t\t<div class=\"elementor-widget-wrap elementor-element-populated\">\n\t\t\t\t\t\t<div class=\"elementor-element elementor-element-77b7ffd elementor-widget__width-auto elementor-invisible elementor-widget elementor-widget-heading\" data-id=\"77b7ffd\" data-element_type=\"widget\" data-settings=\"{&quot;_animation&quot;:&quot;fadeInLeft&quot;}\" data-widget_type=\"heading.default\">\n\t\t\t\t<div class=\"elementor-widget-container\">\n\t\t\t<style>\/*! elementor - v3.20.0 - 13-03-2024 *\/\n.elementor-heading-title{padding:0;margin:0;line-height:1}.elementor-widget-heading .elementor-heading-title[class*=elementor-size-]>a{color:inherit;font-size:inherit;line-height:inherit}.elementor-widget-heading .elementor-heading-title.elementor-size-small{font-size:15px}.elementor-widget-heading .elementor-heading-title.elementor-size-medium{font-size:19px}.elementor-widget-heading .elementor-heading-title.elementor-size-large{font-size:29px}.elementor-widget-heading .elementor-heading-title.elementor-size-xl{font-size:39px}.elementor-widget-heading .elementor-heading-title.elementor-size-xxl{font-size:59px}<\/style><h1 class=\"elementor-heading-title elementor-size-default\">Mechatronik<\/h1>\t\t<\/div>\n\t\t\t\t<\/div>\n\t\t\t\t<div class=\"elementor-element elementor-element-e821721 elementor-widget__width-auto elementor-absolute elementor-invisible elementor-widget elementor-widget-heading\" data-id=\"e821721\" data-element_type=\"widget\" data-settings=\"{&quot;_animation&quot;:&quot;fadeInDown&quot;,&quot;_position&quot;:&quot;absolute&quot;}\" data-widget_type=\"heading.default\">\n\t\t\t\t<div class=\"elementor-widget-container\">\n\t\t\t<h3 class=\"elementor-heading-title elementor-size-default\">Kolleg<\/h3>\t\t<\/div>\n\t\t\t\t<\/div>\n\t\t\t\t<div class=\"elementor-element elementor-element-4257c62 elementor-widget__width-auto elementor-absolute elementor-invisible elementor-widget elementor-widget-heading\" data-id=\"4257c62\" data-element_type=\"widget\" data-settings=\"{&quot;_animation&quot;:&quot;fadeInDown&quot;,&quot;_position&quot;:&quot;absolute&quot;}\" data-widget_type=\"heading.default\">\n\t\t\t\t<div class=\"elementor-widget-container\">\n\t\t\t<h4 class=\"elementor-heading-title elementor-size-default\">Abendschule<\/h4>\t\t<\/div>\n\t\t\t\t<\/div>\n\t\t\t\t\t<\/div>\n\t\t<\/div>\n\t\t\t\t\t<\/div>\n\t\t<\/section>\n\t\t\t\t<section class=\"elementor-section elementor-top-section elementor-element elementor-element-18b5765 elementor-section-full_width elementor-section-height-default elementor-section-height-default\" data-id=\"18b5765\" data-element_type=\"section\">\n\t\t\t\t\t\t<div class=\"elementor-container elementor-column-gap-default\">\n\t\t\t\t\t<div class=\"elementor-column elementor-col-50 elementor-top-column elementor-element elementor-element-7414615\" data-id=\"7414615\" data-element_type=\"column\" data-settings=\"{&quot;background_background&quot;:&quot;classic&quot;}\">\n\t\t\t<div class=\"elementor-widget-wrap elementor-element-populated\">\n\t\t\t\t\t\t<div class=\"elementor-element elementor-element-997ff23 elementor-widget elementor-widget-heading\" data-id=\"997ff23\" data-element_type=\"widget\" data-widget_type=\"heading.default\">\n\t\t\t\t<div class=\"elementor-widget-container\">\n\t\t\t<h3 class=\"elementor-heading-title elementor-size-default\">Technische Ausbildung<\/h3>\t\t<\/div>\n\t\t\t\t<\/div>\n\t\t\t\t<div class=\"elementor-element elementor-element-3d9742f elementor-widget elementor-widget-heading\" data-id=\"3d9742f\" data-element_type=\"widget\" data-widget_type=\"heading.default\">\n\t\t\t\t<div class=\"elementor-widget-container\">\n\t\t\t<h3 class=\"elementor-heading-title elementor-size-default\">am Puls der Zeit<\/h3>\t\t<\/div>\n\t\t\t\t<\/div>\n\t\t\t\t<div class=\"elementor-element elementor-element-39e1157 elementor-widget elementor-widget-text-editor\" data-id=\"39e1157\" data-element_type=\"widget\" data-widget_type=\"text-editor.default\">\n\t\t\t\t<div class=\"elementor-widget-container\">\n\t\t\t<style>\/*! elementor - v3.20.0 - 13-03-2024 *\/\n.elementor-widget-text-editor.elementor-drop-cap-view-stacked .elementor-drop-cap{background-color:#69727d;color:#fff}.elementor-widget-text-editor.elementor-drop-cap-view-framed .elementor-drop-cap{color:#69727d;border:3px solid;background-color:transparent}.elementor-widget-text-editor:not(.elementor-drop-cap-view-default) .elementor-drop-cap{margin-top:8px}.elementor-widget-text-editor:not(.elementor-drop-cap-view-default) .elementor-drop-cap-letter{width:1em;height:1em}.elementor-widget-text-editor .elementor-drop-cap{float:left;text-align:center;line-height:1;font-size:50px}.elementor-widget-text-editor .elementor-drop-cap-letter{display:inline-block}<\/style>\t\t\t\t<p>Im Zeitalter der Digitalisierung ist das tiefe Verst\u00e4ndnis von technischen Vorg\u00e4ngen und Prozessen gemeinsam mit der Kenntnis der digitalen M\u00f6glichkeiten unerl\u00e4sslich. Mechatronik erm\u00f6glicht die Digitalisierung in allen Bereichen im modernen Arbeitsumfeld. Durch die interdisziplin\u00e4re Ausbildung ist es m\u00f6glich sich schnell an wechselnde Arbeitsbedingungen anzupassen und Entwicklungen in allen Gebieten rasch anzuwenden. Abgerundet wird die Ausbildung mit betriebswirtschaftlichen und rechtlichen Kenntnissen zur Betriebsf\u00fchrung.<\/p><p>\u00a0<\/p><p>Das Ziel der Ausbildung ist die Heranbildung von Generalisten, die neben dem technischen Bereich auch den wirtschaftlich-rechtlichen Teil abdecken. Sie erhalten damit die F\u00e4higkeit, in jedem dieser Teilbereiche Standardaufgaben selbstst\u00e4ndig bearbeiten zu k\u00f6nnen, sowie spezielle Problemstellungen in der jeweiligen Fachsprache zu formulieren, um diese gezielt an Spezialisten delegieren zu k\u00f6nnen. Damit bietet sich den Absolventinnen und Absolventen ein breites Berufsfeld.<\/p>\t\t\t\t\t\t<\/div>\n\t\t\t\t<\/div>\n\t\t\t\t\t<\/div>\n\t\t<\/div>\n\t\t\t\t<div class=\"elementor-column elementor-col-50 elementor-top-column elementor-element elementor-element-3a88c4a\" data-id=\"3a88c4a\" data-element_type=\"column\" data-settings=\"{&quot;background_background&quot;:&quot;classic&quot;}\">\n\t\t\t<div class=\"elementor-widget-wrap elementor-element-populated\">\n\t\t\t\t\t\t<div class=\"elementor-element elementor-element-d8a6e7e elementor-widget elementor-widget-heading\" data-id=\"d8a6e7e\" data-element_type=\"widget\" data-widget_type=\"heading.default\">\n\t\t\t\t<div class=\"elementor-widget-container\">\n\t\t\t<h3 class=\"elementor-heading-title elementor-size-default\">Fachtheoretische Unterrichtsgegenst\u00e4nde<\/h3>\t\t<\/div>\n\t\t\t\t<\/div>\n\t\t\t\t<div class=\"elementor-element elementor-element-72560b4 elementor-widget elementor-widget-heading\" data-id=\"72560b4\" data-element_type=\"widget\" data-widget_type=\"heading.default\">\n\t\t\t\t<div class=\"elementor-widget-container\">\n\t\t\t<h4 class=\"elementor-heading-title elementor-size-default\">> Mechanik und Elemente des Maschinenbaus<\/h4>\t\t<\/div>\n\t\t\t\t<\/div>\n\t\t\t\t<div class=\"elementor-element elementor-element-cbb1619 elementor-widget elementor-widget-heading\" data-id=\"cbb1619\" data-element_type=\"widget\" data-widget_type=\"heading.default\">\n\t\t\t\t<div class=\"elementor-widget-container\">\n\t\t\t<h4 class=\"elementor-heading-title elementor-size-default\">> Mechatronische Systeme und Automatisierung<\/h4>\t\t<\/div>\n\t\t\t\t<\/div>\n\t\t\t\t<div class=\"elementor-element elementor-element-4171003 elementor-widget elementor-widget-heading\" data-id=\"4171003\" data-element_type=\"widget\" data-widget_type=\"heading.default\">\n\t\t\t\t<div class=\"elementor-widget-container\">\n\t\t\t<h4 class=\"elementor-heading-title elementor-size-default\">> Elektrotechnik und Elektronik<\/h4>\t\t<\/div>\n\t\t\t\t<\/div>\n\t\t\t\t<div class=\"elementor-element elementor-element-c39b506 elementor-widget elementor-widget-heading\" data-id=\"c39b506\" data-element_type=\"widget\" data-widget_type=\"heading.default\">\n\t\t\t\t<div class=\"elementor-widget-container\">\n\t\t\t<h4 class=\"elementor-heading-title elementor-size-default\">> Konstruktion und Projektmanagement<\/h4>\t\t<\/div>\n\t\t\t\t<\/div>\n\t\t\t\t<div class=\"elementor-element elementor-element-b71a1c4 elementor-widget elementor-widget-heading\" data-id=\"b71a1c4\" data-element_type=\"widget\" data-widget_type=\"heading.default\">\n\t\t\t\t<div class=\"elementor-widget-container\">\n\t\t\t<h4 class=\"elementor-heading-title elementor-size-default\">> Werkst\u00e4tte und Produktionstechnik<\/h4>\t\t<\/div>\n\t\t\t\t<\/div>\n\t\t\t\t<div class=\"elementor-element elementor-element-7d8d4fa elementor-widget elementor-widget-button\" data-id=\"7d8d4fa\" data-element_type=\"widget\" data-widget_type=\"button.default\">\n\t\t\t\t<div class=\"elementor-widget-container\">\n\t\t\t\t\t<div class=\"elementor-button-wrapper\">\n\t\t\t<a class=\"elementor-button elementor-button-link elementor-size-sm\" href=\"http:\/\/172.16.202.26\/?page_id=6534\">\n\t\t\t\t\t\t<span class=\"elementor-button-content-wrapper\">\n\t\t\t\t\t\t<span class=\"elementor-button-text\">zur Stundentafel<\/span>\n\t\t<\/span>\n\t\t\t\t\t<\/a>\n\t\t<\/div>\n\t\t\t\t<\/div>\n\t\t\t\t<\/div>\n\t\t\t\t\t<\/div>\n\t\t<\/div>\n\t\t\t\t\t<\/div>\n\t\t<\/section>\n\t\t\t\t<section class=\"elementor-section elementor-top-section elementor-element elementor-element-2d7cdc0 elementor-section-full_width elementor-section-height-default elementor-section-height-default\" data-id=\"2d7cdc0\" data-element_type=\"section\" data-settings=\"{&quot;background_background&quot;:&quot;classic&quot;}\">\n\t\t\t\t\t\t<div class=\"elementor-container elementor-column-gap-default\">\n\t\t\t\t\t<div class=\"elementor-column elementor-col-50 elementor-top-column elementor-element elementor-element-856dfe8\" data-id=\"856dfe8\" data-element_type=\"column\" data-settings=\"{&quot;background_background&quot;:&quot;classic&quot;}\">\n\t\t\t<div class=\"elementor-widget-wrap elementor-element-populated\">\n\t\t\t\t\t\t<div class=\"elementor-element elementor-element-b5ece9d elementor-widget elementor-widget-heading\" data-id=\"b5ece9d\" data-element_type=\"widget\" data-widget_type=\"heading.default\">\n\t\t\t\t<div class=\"elementor-widget-container\">\n\t\t\t<h3 class=\"elementor-heading-title elementor-size-default\">Das Kolleg<\/h3>\t\t<\/div>\n\t\t\t\t<\/div>\n\t\t\t\t<div class=\"elementor-element elementor-element-31d3f33 elementor-widget elementor-widget-text-editor\" data-id=\"31d3f33\" data-element_type=\"widget\" data-widget_type=\"text-editor.default\">\n\t\t\t\t<div class=\"elementor-widget-container\">\n\t\t\t\t\t\t\t<p>Das 6-semestrige Kolleg ist f\u00fcr Personen mit Matura bzw. mit einer bereits bestandenen Reifepr\u00fcfung einer allgemeinbildenden h\u00f6heren Schule, einer H\u00f6heren Technischen Lehranstalt oder einer gleichwertigen Lehranstalt sowie Personen mit Berufsreifepr\u00fcfung vorgesehen. Berufsbegleitend, also im Abendunterricht, wird effizient und praxisorientiert das h\u00f6here Bildungsziel eines Kollegs vermittelt. Das zukunftsweisende Studium schlie\u00dft mit der Diplompr\u00fcfung ab, welche im Herbst des Abschlussjahres statt findet.<br \/><br \/><\/p><p>Die Absolvent\/innen erwerben die beruflichen Berechtigungen der entsprechenden BHS.<br \/>Mit der Reife- und Diplompr\u00fcfung wird der berufliche Aufstieg erleichtert. Der Erwerb zus\u00e4tzlicher Fachkompetenzen liefert die Grundlage f\u00fcr eine berufliche Neuorientierung.<br \/><br \/><\/p><p>Das Kolleg findet jedes Jahr statt und startet im <strong>Februar<\/strong>.<br \/>Der Unterricht findet an 3-5 Abenden pro Woche statt (Montag bis Freitag 16:15 bis 21:00 Uhr).<br \/>Am Samstag sind F\u00f6rderkurse, Freigegenst\u00e4nde, geblockter Unterricht u.\u00e4. m\u00f6glich.<\/p>\t\t\t\t\t\t<\/div>\n\t\t\t\t<\/div>\n\t\t\t\t\t<\/div>\n\t\t<\/div>\n\t\t\t\t<div class=\"elementor-column elementor-col-50 elementor-top-column elementor-element elementor-element-e2610e4\" data-id=\"e2610e4\" data-element_type=\"column\" data-settings=\"{&quot;background_background&quot;:&quot;classic&quot;}\">\n\t\t\t<div class=\"elementor-widget-wrap elementor-element-populated\">\n\t\t\t\t\t\t<div class=\"elementor-element elementor-element-f6308d9 elementor-widget elementor-widget-heading\" data-id=\"f6308d9\" data-element_type=\"widget\" data-widget_type=\"heading.default\">\n\t\t\t\t<div class=\"elementor-widget-container\">\n\t\t\t<h3 class=\"elementor-heading-title elementor-size-default\">Die Anmeldung<\/h3>\t\t<\/div>\n\t\t\t\t<\/div>\n\t\t\t\t<div class=\"elementor-element elementor-element-6272585 elementor-widget elementor-widget-text-editor\" data-id=\"6272585\" data-element_type=\"widget\" data-widget_type=\"text-editor.default\">\n\t\t\t\t<div class=\"elementor-widget-container\">\n\t\t\t\t\t\t\t<p>Die Anmeldung f\u00fcr Kollegs ist von Anfang Oktober bis Anfang Februar m\u00f6glich.<br>Sp\u00e4tere Anmeldungen sind m\u00f6glich, Aufnahmen k\u00f6nnen aber nur nach Ma\u00dfgabe freier Pl\u00e4tze erfolgen.<br><\/p>\t\t\t\t\t\t<\/div>\n\t\t\t\t<\/div>\n\t\t\t\t<div class=\"elementor-element elementor-element-e61feac elementor-align-left elementor-widget elementor-widget-button\" data-id=\"e61feac\" data-element_type=\"widget\" data-widget_type=\"button.default\">\n\t\t\t\t<div class=\"elementor-widget-container\">\n\t\t\t\t\t<div class=\"elementor-button-wrapper\">\n\t\t\t<a class=\"elementor-button elementor-button-link elementor-size-sm\" href=\"http:\/\/172.16.202.26\/?page_id=14853\">\n\t\t\t\t\t\t<span class=\"elementor-button-content-wrapper\">\n\t\t\t\t\t\t<span class=\"elementor-button-text\">wichtige Informationen zur Anmeldung<\/span>\n\t\t<\/span>\n\t\t\t\t\t<\/a>\n\t\t<\/div>\n\t\t\t\t<\/div>\n\t\t\t\t<\/div>\n\t\t\t\t\t<\/div>\n\t\t<\/div>\n\t\t\t\t\t<\/div>\n\t\t<\/section>\n\t\t\t\t<section class=\"elementor-section elementor-top-section elementor-element elementor-element-1797cd1 elementor-section-boxed elementor-section-height-default elementor-section-height-default\" data-id=\"1797cd1\" data-element_type=\"section\">\n\t\t\t\t\t\t<div class=\"elementor-container elementor-column-gap-default\">\n\t\t\t\t\t<div class=\"elementor-column elementor-col-100 elementor-top-column elementor-element elementor-element-c462d36\" data-id=\"c462d36\" data-element_type=\"column\">\n\t\t\t<div class=\"elementor-widget-wrap elementor-element-populated\">\n\t\t\t\t\t\t<div class=\"elementor-element elementor-element-d913f21 elementor-widget elementor-widget-heading\" data-id=\"d913f21\" data-element_type=\"widget\" data-widget_type=\"heading.default\">\n\t\t\t\t<div class=\"elementor-widget-container\">\n\t\t\t<h3 class=\"elementor-heading-title elementor-size-default\">Kontakt zur Abteilung<\/h3>\t\t<\/div>\n\t\t\t\t<\/div>\n\t\t\t\t<section class=\"elementor-section elementor-inner-section elementor-element elementor-element-abdf6b6 elementor-section-boxed elementor-section-height-default elementor-section-height-default\" data-id=\"abdf6b6\" data-element_type=\"section\">\n\t\t\t\t\t\t<div class=\"elementor-container elementor-column-gap-default\">\n\t\t\t\t\t<div class=\"elementor-column elementor-col-50 elementor-inner-column elementor-element elementor-element-a1c15a5\" data-id=\"a1c15a5\" data-element_type=\"column\">\n\t\t\t<div class=\"elementor-widget-wrap elementor-element-populated\">\n\t\t\t\t\t\t<div class=\"elementor-element elementor-element-c3a2159 elementor-widget elementor-widget-image\" data-id=\"c3a2159\" data-element_type=\"widget\" data-widget_type=\"image.default\">\n\t\t\t\t<div class=\"elementor-widget-container\">\n\t\t\t<style>\/*! elementor - v3.20.0 - 13-03-2024 *\/\n.elementor-widget-image{text-align:center}.elementor-widget-image a{display:inline-block}.elementor-widget-image a img[src$=\".svg\"]{width:48px}.elementor-widget-image img{vertical-align:middle;display:inline-block}<\/style>\t\t\t\t\t\t\t\t\t\t<img fetchpriority=\"high\" decoding=\"async\" width=\"225\" height=\"300\" src=\"http:\/\/172.16.202.26\/wp-content\/uploads\/2023\/10\/Dvorak_600-225x300.jpg\" class=\"attachment-medium size-medium wp-image-20516\" alt=\"\" srcset=\"http:\/\/172.16.202.26\/wp-content\/uploads\/2023\/10\/Dvorak_600-225x300.jpg 225w, http:\/\/172.16.202.26\/wp-content\/uploads\/2023\/10\/Dvorak_600.jpg 600w\" sizes=\"(max-width: 225px) 100vw, 225px\" \/>\t\t\t\t\t\t\t\t\t\t\t\t\t<\/div>\n\t\t\t\t<\/div>\n\t\t\t\t\t<\/div>\n\t\t<\/div>\n\t\t\t\t<div class=\"elementor-column elementor-col-50 elementor-inner-column elementor-element elementor-element-7611ac8\" data-id=\"7611ac8\" data-element_type=\"column\">\n\t\t\t<div class=\"elementor-widget-wrap elementor-element-populated\">\n\t\t\t\t\t\t<div class=\"elementor-element elementor-element-e262f51 elementor-widget elementor-widget-heading\" data-id=\"e262f51\" data-element_type=\"widget\" data-widget_type=\"heading.default\">\n\t\t\t\t<div class=\"elementor-widget-container\">\n\t\t\t<h3 class=\"elementor-heading-title elementor-size-default\">Abteilungsvorstand<\/h3>\t\t<\/div>\n\t\t\t\t<\/div>\n\t\t\t\t<div class=\"elementor-element elementor-element-1852711 elementor-widget elementor-widget-text-editor\" data-id=\"1852711\" data-element_type=\"widget\" data-widget_type=\"text-editor.default\">\n\t\t\t\t<div class=\"elementor-widget-container\">\n\t\t\t\t\t\t\t<p>Dipl.-Ing.<\/p>\t\t\t\t\t\t<\/div>\n\t\t\t\t<\/div>\n\t\t\t\t<div class=\"elementor-element elementor-element-2aa83da elementor-widget elementor-widget-heading\" data-id=\"2aa83da\" data-element_type=\"widget\" data-widget_type=\"heading.default\">\n\t\t\t\t<div class=\"elementor-widget-container\">\n\t\t\t<h3 class=\"elementor-heading-title elementor-size-default\">Andreas F.\u00a0Dvo\u0159ak<\/h3>\t\t<\/div>\n\t\t\t\t<\/div>\n\t\t\t\t<div class=\"elementor-element elementor-element-c81b07f elementor-widget elementor-widget-text-editor\" data-id=\"c81b07f\" data-element_type=\"widget\" data-widget_type=\"text-editor.default\">\n\t\t\t\t<div class=\"elementor-widget-container\">\n\t\t\t\t\t\t\t<p>Email: avhlb@tgm.ac.at<\/p><p>Tel: +43 1 33 126 250<\/p><p>\u00a0<\/p>\t\t\t\t\t\t<\/div>\n\t\t\t\t<\/div>\n\t\t\t\t\t<\/div>\n\t\t<\/div>\n\t\t\t\t\t<\/div>\n\t\t<\/section>\n\t\t\t\t\t<\/div>\n\t\t<\/div>\n\t\t\t\t\t<\/div>\n\t\t<\/section>\n\t\t\t\t<section class=\"elementor-section elementor-top-section elementor-element elementor-element-fa26c74 elementor-section-boxed elementor-section-height-default elementor-section-height-default\" data-id=\"fa26c74\" data-element_type=\"section\">\n\t\t\t\t\t\t<div class=\"elementor-container elementor-column-gap-default\">\n\t\t\t\t\t<div class=\"elementor-column elementor-col-100 elementor-top-column elementor-element elementor-element-72f1efd\" data-id=\"72f1efd\" data-element_type=\"column\">\n\t\t\t<div class=\"elementor-widget-wrap elementor-element-populated\">\n\t\t\t\t\t\t<div class=\"elementor-element elementor-element-7d439be elementor-align-center elementor-widget elementor-widget-button\" data-id=\"7d439be\" data-element_type=\"widget\" data-widget_type=\"button.default\">\n\t\t\t\t<div class=\"elementor-widget-container\">\n\t\t\t\t\t<div class=\"elementor-button-wrapper\">\n\t\t\t<a class=\"elementor-button elementor-button-link elementor-size-sm\" href=\"http:\/\/172.16.202.26\/?page_id=8679\">\n\t\t\t\t\t\t<span class=\"elementor-button-content-wrapper\">\n\t\t\t\t\t\t<span class=\"elementor-button-text\">Studentenvertretung<\/span>\n\t\t<\/span>\n\t\t\t\t\t<\/a>\n\t\t<\/div>\n\t\t\t\t<\/div>\n\t\t\t\t<\/div>\n\t\t\t\t\t<\/div>\n\t\t<\/div>\n\t\t\t\t\t<\/div>\n\t\t<\/section>\n\t\t\t\t<\/div>\n\t\t","protected":false},"excerpt":{"rendered":"<p>Mechatronik Kolleg Abendschule Technische Ausbildung am Puls der Zeit Im Zeitalter der Digitalisierung ist das tiefe Verst\u00e4ndnis von technischen Vorg\u00e4ngen und Prozessen gemeinsam mit der Kenntnis der digitalen M\u00f6glichkeiten unerl\u00e4sslich. Mechatronik erm\u00f6glicht die Digitalisierung in allen Bereichen im modernen Arbeitsumfeld. Durch die interdisziplin\u00e4re Ausbildung ist es m\u00f6glich sich schnell an wechselnde Arbeitsbedingungen anzupassen und Entwicklungen in allen Gebieten rasch anzuwenden. [&hellip;]<\/p>\n","protected":false},"author":3,"featured_media":0,"parent":10993,"menu_order":0,"comment_status":"closed","ping_status":"closed","template":"elementor_header_footer","meta":[],"_links":{"self":[{"href":"http:\/\/172.16.202.26\/index.php?rest_route=\/wp\/v2\/pages\/6406"}],"collection":[{"href":"http:\/\/172.16.202.26\/index.php?rest_route=\/wp\/v2\/pages"}],"about":[{"href":"http:\/\/172.16.202.26\/index.php?rest_route=\/wp\/v2\/types\/page"}],"author":[{"embeddable":true,"href":"http:\/\/172.16.202.26\/index.php?rest_route=\/wp\/v2\/users\/3"}],"replies":[{"embeddable":true,"href":"http:\/\/172.16.202.26\/index.php?rest_route=%2Fwp%2Fv2%2Fcomments&post=6406"}],"version-history":[{"count":112,"href":"http:\/\/172.16.202.26\/index.php?rest_route=\/wp\/v2\/pages\/6406\/revisions"}],"predecessor-version":[{"id":22688,"href":"http:\/\/172.16.202.26\/index.php?rest_route=\/wp\/v2\/pages\/6406\/revisions\/22688"}],"up":[{"embeddable":true,"href":"http:\/\/172.16.202.26\/index.php?rest_route=\/wp\/v2\/pages\/10993"}],"wp:attachment":[{"href":"http:\/\/172.16.202.26\/index.php?rest_route=%2Fwp%2Fv2%2Fmedia&parent=6406"}],"curies":[{"name":"wp","href":"https:\/\/api.w.org\/{rel}","templated":true}]}}