{"id":6471,"date":"2022-05-11T06:38:09","date_gmt":"2022-05-11T04:38:09","guid":{"rendered":"http:\/\/192.189.51.53\/?page_id=6471"},"modified":"2024-05-29T13:08:43","modified_gmt":"2024-05-29T11:08:43","slug":"abendform-aufbaulehrgang-wirtschaftsingenieure-maschinenbau","status":"publish","type":"page","link":"http:\/\/172.16.202.26\/?page_id=6471","title":{"rendered":"Abendform-Aufbaulehrgang-Wirtschaftsingenieure-Maschinenbau"},"content":{"rendered":"\t\t<div data-elementor-type=\"wp-page\" data-elementor-id=\"6471\" class=\"elementor elementor-6471\">\n\t\t\t\t\t\t<section class=\"elementor-section elementor-top-section elementor-element elementor-element-53a1e9d elementor-section-full_width elementor-section-height-min-height elementor-section-height-default elementor-section-items-middle\" data-id=\"53a1e9d\" data-element_type=\"section\">\n\t\t\t\t\t\t\t<div class=\"elementor-background-overlay\"><\/div>\n\t\t\t\t\t\t\t<div class=\"elementor-container elementor-column-gap-default\">\n\t\t\t\t\t<div class=\"elementor-column elementor-col-100 elementor-top-column elementor-element elementor-element-8097857\" data-id=\"8097857\" data-element_type=\"column\" data-settings=\"{&quot;background_background&quot;:&quot;slideshow&quot;,&quot;background_slideshow_gallery&quot;:[],&quot;background_slideshow_loop&quot;:&quot;yes&quot;,&quot;background_slideshow_slide_duration&quot;:5000,&quot;background_slideshow_slide_transition&quot;:&quot;fade&quot;,&quot;background_slideshow_transition_duration&quot;:500}\">\n\t\t\t<div class=\"elementor-widget-wrap elementor-element-populated\">\n\t\t\t\t\t\t<div class=\"elementor-element elementor-element-77b7ffd elementor-widget__width-auto elementor-invisible elementor-widget elementor-widget-heading\" data-id=\"77b7ffd\" data-element_type=\"widget\" data-settings=\"{&quot;_animation&quot;:&quot;fadeInLeft&quot;}\" data-widget_type=\"heading.default\">\n\t\t\t\t<div class=\"elementor-widget-container\">\n\t\t\t<style>\/*! elementor - v3.20.0 - 13-03-2024 *\/\n.elementor-heading-title{padding:0;margin:0;line-height:1}.elementor-widget-heading .elementor-heading-title[class*=elementor-size-]>a{color:inherit;font-size:inherit;line-height:inherit}.elementor-widget-heading .elementor-heading-title.elementor-size-small{font-size:15px}.elementor-widget-heading .elementor-heading-title.elementor-size-medium{font-size:19px}.elementor-widget-heading .elementor-heading-title.elementor-size-large{font-size:29px}.elementor-widget-heading .elementor-heading-title.elementor-size-xl{font-size:39px}.elementor-widget-heading .elementor-heading-title.elementor-size-xxl{font-size:59px}<\/style><h1 class=\"elementor-heading-title elementor-size-default\">Wirtschaftsingenieure-Maschinenbau<\/h1>\t\t<\/div>\n\t\t\t\t<\/div>\n\t\t\t\t<div class=\"elementor-element elementor-element-e821721 elementor-widget__width-auto elementor-absolute elementor-invisible elementor-widget elementor-widget-heading\" data-id=\"e821721\" data-element_type=\"widget\" data-settings=\"{&quot;_animation&quot;:&quot;fadeInDown&quot;,&quot;_position&quot;:&quot;absolute&quot;}\" data-widget_type=\"heading.default\">\n\t\t\t\t<div class=\"elementor-widget-container\">\n\t\t\t<h3 class=\"elementor-heading-title elementor-size-default\">Aufbaulehrgang<\/h3>\t\t<\/div>\n\t\t\t\t<\/div>\n\t\t\t\t<div class=\"elementor-element elementor-element-4257c62 elementor-widget__width-auto elementor-absolute elementor-invisible elementor-widget elementor-widget-heading\" data-id=\"4257c62\" data-element_type=\"widget\" data-settings=\"{&quot;_animation&quot;:&quot;fadeInDown&quot;,&quot;_position&quot;:&quot;absolute&quot;}\" data-widget_type=\"heading.default\">\n\t\t\t\t<div class=\"elementor-widget-container\">\n\t\t\t<h4 class=\"elementor-heading-title elementor-size-default\">Abendschule<\/h4>\t\t<\/div>\n\t\t\t\t<\/div>\n\t\t\t\t\t<\/div>\n\t\t<\/div>\n\t\t\t\t\t<\/div>\n\t\t<\/section>\n\t\t\t\t<section class=\"elementor-section elementor-top-section elementor-element elementor-element-18b5765 elementor-section-full_width elementor-section-height-default elementor-section-height-default\" data-id=\"18b5765\" data-element_type=\"section\">\n\t\t\t\t\t\t<div class=\"elementor-container elementor-column-gap-default\">\n\t\t\t\t\t<div class=\"elementor-column elementor-col-50 elementor-top-column elementor-element elementor-element-7414615\" data-id=\"7414615\" data-element_type=\"column\" data-settings=\"{&quot;background_background&quot;:&quot;classic&quot;}\">\n\t\t\t<div class=\"elementor-widget-wrap elementor-element-populated\">\n\t\t\t\t\t\t<div class=\"elementor-element elementor-element-b570698 elementor-widget elementor-widget-heading\" data-id=\"b570698\" data-element_type=\"widget\" data-widget_type=\"heading.default\">\n\t\t\t\t<div class=\"elementor-widget-container\">\n\t\t\t<h3 class=\"elementor-heading-title elementor-size-default\">Technische Ausbildung<\/h3>\t\t<\/div>\n\t\t\t\t<\/div>\n\t\t\t\t<div class=\"elementor-element elementor-element-4e46058 elementor-widget elementor-widget-heading\" data-id=\"4e46058\" data-element_type=\"widget\" data-widget_type=\"heading.default\">\n\t\t\t\t<div class=\"elementor-widget-container\">\n\t\t\t<h3 class=\"elementor-heading-title elementor-size-default\">am Puls der Zeit<\/h3>\t\t<\/div>\n\t\t\t\t<\/div>\n\t\t\t\t<div class=\"elementor-element elementor-element-39e1157 elementor-widget elementor-widget-text-editor\" data-id=\"39e1157\" data-element_type=\"widget\" data-widget_type=\"text-editor.default\">\n\t\t\t\t<div class=\"elementor-widget-container\">\n\t\t\t<style>\/*! elementor - v3.20.0 - 13-03-2024 *\/\n.elementor-widget-text-editor.elementor-drop-cap-view-stacked .elementor-drop-cap{background-color:#69727d;color:#fff}.elementor-widget-text-editor.elementor-drop-cap-view-framed .elementor-drop-cap{color:#69727d;border:3px solid;background-color:transparent}.elementor-widget-text-editor:not(.elementor-drop-cap-view-default) .elementor-drop-cap{margin-top:8px}.elementor-widget-text-editor:not(.elementor-drop-cap-view-default) .elementor-drop-cap-letter{width:1em;height:1em}.elementor-widget-text-editor .elementor-drop-cap{float:left;text-align:center;line-height:1;font-size:50px}.elementor-widget-text-editor .elementor-drop-cap-letter{display:inline-block}<\/style>\t\t\t\t<p>Langfristiger Unternehmenserfolg setzt interdisziplin\u00e4r ausgebildete F\u00fchrungskr\u00e4fte voraus.\u00a0Das vermittelte Wissen aus ingenieurtechnischer Qualifikation einerseits und betriebswirtschaftlichen und rechtlichen Inhalten\u00a0andererseits bildet die Grundlage der integrativen Kompetenz der Absolventinnen und Absolventen.<\/p><p>\u00a0<\/p><p>Diese Ausbildung erm\u00f6glicht die eigene Stellung im Betrieb durch pers\u00f6nliche Weiterbildung zu verbessern\u00a0und in die Leitung des Betriebes aufzusteigen. Es ist somit neben einer beruflichen T\u00e4tigkeit m\u00f6glich jene Kenntnisse zu erwerben,\u00a0die zur Planung und Steuerung der modernen Fabrikationsprozesse und zur Betriebsf\u00fchrung notwendig sind.<\/p><p>\u00a0<\/p><p>Arbeit und Lernen miteinander vereinbaren? &#8211; Kein Problem!<br \/>Mit einer Ausbildung in der H\u00f6heren Lehranstalt f\u00fcr Berufst\u00e4tige am TGM k\u00f6nnen Sie wie gewohnt Ihrem Beruf nachgehen\u00a0und am Abend gemeinsam mit Gleichgesinnten lernen und Ihre beruflichen Zukunftsperspektiven erweitern.\u00a0Unterst\u00fctzt werden Sie dabei durch klare Unterrichtskonzepte mit Flexibilit\u00e4t, Blended Learning Szenarien,\u00a0Verkn\u00fcpfung von Theorie und Praxis, erfahrene und engagierte Lehrende, Expertinnen und Experten aus Wirtschaft und Industrie&#8230;<\/p><p>\u00a0<\/p><p>Ihr n\u00e4chster Karriereschritt ist f\u00fcr Sie bei uns \u00e4u\u00dferst gut plan- und organisierbar!<\/p>\t\t\t\t\t\t<\/div>\n\t\t\t\t<\/div>\n\t\t\t\t\t<\/div>\n\t\t<\/div>\n\t\t\t\t<div class=\"elementor-column elementor-col-50 elementor-top-column elementor-element elementor-element-3a88c4a\" data-id=\"3a88c4a\" data-element_type=\"column\" data-settings=\"{&quot;background_background&quot;:&quot;classic&quot;}\">\n\t\t\t<div class=\"elementor-widget-wrap elementor-element-populated\">\n\t\t\t\t\t\t<div class=\"elementor-element elementor-element-53f2bb5 elementor-widget elementor-widget-heading\" data-id=\"53f2bb5\" data-element_type=\"widget\" data-widget_type=\"heading.default\">\n\t\t\t\t<div class=\"elementor-widget-container\">\n\t\t\t<h3 class=\"elementor-heading-title elementor-size-default\">Fachtheoretische Unterrichtsgegenst\u00e4nde<\/h3>\t\t<\/div>\n\t\t\t\t<\/div>\n\t\t\t\t<div class=\"elementor-element elementor-element-af056da elementor-widget elementor-widget-heading\" data-id=\"af056da\" data-element_type=\"widget\" data-widget_type=\"heading.default\">\n\t\t\t\t<div class=\"elementor-widget-container\">\n\t\t\t<h4 class=\"elementor-heading-title elementor-size-default\">> Unternehmensf\u00fchrung und Wirtschaftsrecht<\/h4>\t\t<\/div>\n\t\t\t\t<\/div>\n\t\t\t\t<div class=\"elementor-element elementor-element-7c5f09d elementor-widget elementor-widget-heading\" data-id=\"7c5f09d\" data-element_type=\"widget\" data-widget_type=\"heading.default\">\n\t\t\t\t<div class=\"elementor-widget-container\">\n\t\t\t<h4 class=\"elementor-heading-title elementor-size-default\">> Betriebstechnik<\/h4>\t\t<\/div>\n\t\t\t\t<\/div>\n\t\t\t\t<div class=\"elementor-element elementor-element-7d36505 elementor-widget elementor-widget-heading\" data-id=\"7d36505\" data-element_type=\"widget\" data-widget_type=\"heading.default\">\n\t\t\t\t<div class=\"elementor-widget-container\">\n\t\t\t<h4 class=\"elementor-heading-title elementor-size-default\">> Informatik und Informationssysteme<\/h4>\t\t<\/div>\n\t\t\t\t<\/div>\n\t\t\t\t<div class=\"elementor-element elementor-element-57d4a3d elementor-widget elementor-widget-heading\" data-id=\"57d4a3d\" data-element_type=\"widget\" data-widget_type=\"heading.default\">\n\t\t\t\t<div class=\"elementor-widget-container\">\n\t\t\t<h4 class=\"elementor-heading-title elementor-size-default\">> Konstruktion und Berechnung mit Softwareunterst\u00fctzung<\/h4>\t\t<\/div>\n\t\t\t\t<\/div>\n\t\t\t\t<div class=\"elementor-element elementor-element-6bc34fd elementor-widget elementor-widget-heading\" data-id=\"6bc34fd\" data-element_type=\"widget\" data-widget_type=\"heading.default\">\n\t\t\t\t<div class=\"elementor-widget-container\">\n\t\t\t<h4 class=\"elementor-heading-title elementor-size-default\">> Laboratorium<\/h4>\t\t<\/div>\n\t\t\t\t<\/div>\n\t\t\t\t<div class=\"elementor-element elementor-element-7d8d4fa elementor-widget elementor-widget-button\" data-id=\"7d8d4fa\" data-element_type=\"widget\" data-widget_type=\"button.default\">\n\t\t\t\t<div class=\"elementor-widget-container\">\n\t\t\t\t\t<div class=\"elementor-button-wrapper\">\n\t\t\t<a class=\"elementor-button elementor-button-link elementor-size-sm\" href=\"http:\/\/172.16.202.26\/?page_id=6551\">\n\t\t\t\t\t\t<span class=\"elementor-button-content-wrapper\">\n\t\t\t\t\t\t<span class=\"elementor-button-text\">zur Stundentafel<\/span>\n\t\t<\/span>\n\t\t\t\t\t<\/a>\n\t\t<\/div>\n\t\t\t\t<\/div>\n\t\t\t\t<\/div>\n\t\t\t\t\t<\/div>\n\t\t<\/div>\n\t\t\t\t\t<\/div>\n\t\t<\/section>\n\t\t\t\t<section class=\"elementor-section elementor-top-section elementor-element elementor-element-2d7cdc0 elementor-section-full_width elementor-section-height-default elementor-section-height-default\" data-id=\"2d7cdc0\" data-element_type=\"section\" data-settings=\"{&quot;background_background&quot;:&quot;classic&quot;}\">\n\t\t\t\t\t\t<div class=\"elementor-container elementor-column-gap-default\">\n\t\t\t\t\t<div class=\"elementor-column elementor-col-50 elementor-top-column elementor-element elementor-element-856dfe8\" data-id=\"856dfe8\" data-element_type=\"column\" data-settings=\"{&quot;background_background&quot;:&quot;classic&quot;}\">\n\t\t\t<div class=\"elementor-widget-wrap elementor-element-populated\">\n\t\t\t\t\t\t<div class=\"elementor-element elementor-element-65d5706 elementor-widget elementor-widget-heading\" data-id=\"65d5706\" data-element_type=\"widget\" data-widget_type=\"heading.default\">\n\t\t\t\t<div class=\"elementor-widget-container\">\n\t\t\t<h3 class=\"elementor-heading-title elementor-size-default\">Der Aufbaulehrgang<\/h3>\t\t<\/div>\n\t\t\t\t<\/div>\n\t\t\t\t<div class=\"elementor-element elementor-element-31d3f33 elementor-widget elementor-widget-text-editor\" data-id=\"31d3f33\" data-element_type=\"widget\" data-widget_type=\"text-editor.default\">\n\t\t\t\t<div class=\"elementor-widget-container\">\n\t\t\t\t\t\t\t<p>Der 7-semestrige Aufbaulehrgang f\u00fcr Wirtschaftsingenieure &#8211; Maschinenbau vermittelt Personen mit Reifepr\u00fcfung einer allgemeinbildenden h\u00f6heren Schule, einer Technischen Lehranstalt oder einer gleichwertigen Lehranstalt sowie Personen mit Berufsreifepr\u00fcfung im Abendunterricht das Bildungsgut eines Wirtschaftsingenieurs und stellt damit eine sichere Grundlage f\u00fcr einen beruflichen Erfolg und schlie\u00dft mit einer Diplompr\u00fcfung ab. Diese findet im Herbst des Abschlussjahres statt.<br \/><br \/><\/p><p>Die Absolvent\/innen erwerben die beruflichen Berechtigungen der entsprechenden BHS.<br \/>Mit der Reife- und Diplompr\u00fcfung wird der berufliche Aufstieg erleichtert. Der Erwerb zus\u00e4tzlicher Fachkompetenzen liefert die Grundlage f\u00fcr eine berufliche Neuorientierung.<br \/><br \/><\/p><p>Der Aufbaulehrgang findet jedes Jahr statt und startet im <strong>September<\/strong>.<br \/>Der Unterricht findet an 3-5 Abenden pro Woche statt (Montag bis Freitag 16:15 bis 21:00 Uhr).<br \/>Am Samstag sind F\u00f6rderkurse, Freigegenst\u00e4nde, geblockter Unterricht u.\u00e4. m\u00f6glich.<\/p>\t\t\t\t\t\t<\/div>\n\t\t\t\t<\/div>\n\t\t\t\t\t<\/div>\n\t\t<\/div>\n\t\t\t\t<div class=\"elementor-column elementor-col-50 elementor-top-column elementor-element elementor-element-e2610e4\" data-id=\"e2610e4\" data-element_type=\"column\" data-settings=\"{&quot;background_background&quot;:&quot;classic&quot;}\">\n\t\t\t<div class=\"elementor-widget-wrap elementor-element-populated\">\n\t\t\t\t\t\t<div class=\"elementor-element elementor-element-4a3b2cf elementor-widget elementor-widget-heading\" data-id=\"4a3b2cf\" data-element_type=\"widget\" data-widget_type=\"heading.default\">\n\t\t\t\t<div class=\"elementor-widget-container\">\n\t\t\t<h3 class=\"elementor-heading-title elementor-size-default\">Die Anmeldung<\/h3>\t\t<\/div>\n\t\t\t\t<\/div>\n\t\t\t\t<div class=\"elementor-element elementor-element-6272585 elementor-widget elementor-widget-text-editor\" data-id=\"6272585\" data-element_type=\"widget\" data-widget_type=\"text-editor.default\">\n\t\t\t\t<div class=\"elementor-widget-container\">\n\t\t\t\t\t\t\t<p>Die Anmeldung f\u00fcr den Aufbaulehrgang ist von Anfang Februar bis Ende August m\u00f6glich.<br>Sp\u00e4tere Anmeldungen sind m\u00f6glich, Aufnahmen k\u00f6nnen aber nur nach Ma\u00dfgabe freier Pl\u00e4tze erfolgen.<br><\/p>\t\t\t\t\t\t<\/div>\n\t\t\t\t<\/div>\n\t\t\t\t<div class=\"elementor-element elementor-element-e61feac elementor-align-left elementor-widget elementor-widget-button\" data-id=\"e61feac\" data-element_type=\"widget\" data-widget_type=\"button.default\">\n\t\t\t\t<div class=\"elementor-widget-container\">\n\t\t\t\t\t<div class=\"elementor-button-wrapper\">\n\t\t\t<a class=\"elementor-button elementor-button-link elementor-size-sm\" href=\"http:\/\/172.16.202.26\/?page_id=14858\">\n\t\t\t\t\t\t<span class=\"elementor-button-content-wrapper\">\n\t\t\t\t\t\t<span class=\"elementor-button-text\">wichtige Informationen zur Anmeldung<\/span>\n\t\t<\/span>\n\t\t\t\t\t<\/a>\n\t\t<\/div>\n\t\t\t\t<\/div>\n\t\t\t\t<\/div>\n\t\t\t\t\t<\/div>\n\t\t<\/div>\n\t\t\t\t\t<\/div>\n\t\t<\/section>\n\t\t\t\t<section class=\"elementor-section elementor-top-section elementor-element elementor-element-02d1f48 elementor-section-boxed elementor-section-height-default elementor-section-height-default\" data-id=\"02d1f48\" data-element_type=\"section\">\n\t\t\t\t\t\t<div class=\"elementor-container elementor-column-gap-default\">\n\t\t\t\t\t<div class=\"elementor-column elementor-col-100 elementor-top-column elementor-element elementor-element-6e6996b\" data-id=\"6e6996b\" data-element_type=\"column\">\n\t\t\t<div class=\"elementor-widget-wrap elementor-element-populated\">\n\t\t\t\t\t\t<div class=\"elementor-element elementor-element-0f1676c elementor-widget elementor-widget-heading\" data-id=\"0f1676c\" data-element_type=\"widget\" data-widget_type=\"heading.default\">\n\t\t\t\t<div class=\"elementor-widget-container\">\n\t\t\t<h3 class=\"elementor-heading-title elementor-size-default\">Kontakt zur Abteilung<\/h3>\t\t<\/div>\n\t\t\t\t<\/div>\n\t\t\t\t<section class=\"elementor-section elementor-inner-section elementor-element elementor-element-5ed8821 elementor-section-boxed elementor-section-height-default elementor-section-height-default\" data-id=\"5ed8821\" data-element_type=\"section\">\n\t\t\t\t\t\t<div class=\"elementor-container elementor-column-gap-default\">\n\t\t\t\t\t<div class=\"elementor-column elementor-col-50 elementor-inner-column elementor-element elementor-element-3b736d8\" data-id=\"3b736d8\" data-element_type=\"column\">\n\t\t\t<div class=\"elementor-widget-wrap elementor-element-populated\">\n\t\t\t\t\t\t<div class=\"elementor-element elementor-element-fd02ad3 elementor-widget elementor-widget-image\" data-id=\"fd02ad3\" data-element_type=\"widget\" data-widget_type=\"image.default\">\n\t\t\t\t<div class=\"elementor-widget-container\">\n\t\t\t<style>\/*! elementor - v3.20.0 - 13-03-2024 *\/\n.elementor-widget-image{text-align:center}.elementor-widget-image a{display:inline-block}.elementor-widget-image a img[src$=\".svg\"]{width:48px}.elementor-widget-image img{vertical-align:middle;display:inline-block}<\/style>\t\t\t\t\t\t\t\t\t\t<img fetchpriority=\"high\" decoding=\"async\" width=\"225\" height=\"300\" src=\"http:\/\/172.16.202.26\/wp-content\/uploads\/2023\/10\/Dvorak_600-225x300.jpg\" class=\"attachment-medium size-medium wp-image-20516\" alt=\"\" srcset=\"http:\/\/172.16.202.26\/wp-content\/uploads\/2023\/10\/Dvorak_600-225x300.jpg 225w, http:\/\/172.16.202.26\/wp-content\/uploads\/2023\/10\/Dvorak_600.jpg 600w\" sizes=\"(max-width: 225px) 100vw, 225px\" \/>\t\t\t\t\t\t\t\t\t\t\t\t\t<\/div>\n\t\t\t\t<\/div>\n\t\t\t\t\t<\/div>\n\t\t<\/div>\n\t\t\t\t<div class=\"elementor-column elementor-col-50 elementor-inner-column elementor-element elementor-element-3eec72c\" data-id=\"3eec72c\" data-element_type=\"column\">\n\t\t\t<div class=\"elementor-widget-wrap elementor-element-populated\">\n\t\t\t\t\t\t<div class=\"elementor-element elementor-element-bcfaa6e elementor-widget elementor-widget-heading\" data-id=\"bcfaa6e\" data-element_type=\"widget\" data-widget_type=\"heading.default\">\n\t\t\t\t<div class=\"elementor-widget-container\">\n\t\t\t<h3 class=\"elementor-heading-title elementor-size-default\">Abteilungsvorstand<\/h3>\t\t<\/div>\n\t\t\t\t<\/div>\n\t\t\t\t<div class=\"elementor-element elementor-element-f58e10e elementor-widget elementor-widget-text-editor\" data-id=\"f58e10e\" data-element_type=\"widget\" data-widget_type=\"text-editor.default\">\n\t\t\t\t<div class=\"elementor-widget-container\">\n\t\t\t\t\t\t\t<p>Dipl.-Ing.<\/p>\t\t\t\t\t\t<\/div>\n\t\t\t\t<\/div>\n\t\t\t\t<div class=\"elementor-element elementor-element-826a839 elementor-widget elementor-widget-heading\" data-id=\"826a839\" data-element_type=\"widget\" data-widget_type=\"heading.default\">\n\t\t\t\t<div class=\"elementor-widget-container\">\n\t\t\t<h3 class=\"elementor-heading-title elementor-size-default\">Andreas F.\u00a0Dvo\u0159ak<\/h3>\t\t<\/div>\n\t\t\t\t<\/div>\n\t\t\t\t<div class=\"elementor-element elementor-element-1e7206d elementor-widget elementor-widget-text-editor\" data-id=\"1e7206d\" data-element_type=\"widget\" data-widget_type=\"text-editor.default\">\n\t\t\t\t<div class=\"elementor-widget-container\">\n\t\t\t\t\t\t\t<p>Email: avhlb@tgm.ac.at<\/p><p>Tel: +43 1 33 126 250<\/p><p>\u00a0<\/p>\t\t\t\t\t\t<\/div>\n\t\t\t\t<\/div>\n\t\t\t\t\t<\/div>\n\t\t<\/div>\n\t\t\t\t\t<\/div>\n\t\t<\/section>\n\t\t\t\t\t<\/div>\n\t\t<\/div>\n\t\t\t\t\t<\/div>\n\t\t<\/section>\n\t\t\t\t<section class=\"elementor-section elementor-top-section elementor-element elementor-element-256cce8 elementor-section-boxed elementor-section-height-default elementor-section-height-default\" data-id=\"256cce8\" data-element_type=\"section\">\n\t\t\t\t\t\t<div class=\"elementor-container elementor-column-gap-default\">\n\t\t\t\t\t<div class=\"elementor-column elementor-col-100 elementor-top-column elementor-element elementor-element-df31d6e\" data-id=\"df31d6e\" data-element_type=\"column\">\n\t\t\t<div class=\"elementor-widget-wrap elementor-element-populated\">\n\t\t\t\t\t\t<div class=\"elementor-element elementor-element-9e5670c elementor-align-center elementor-widget elementor-widget-button\" data-id=\"9e5670c\" data-element_type=\"widget\" data-widget_type=\"button.default\">\n\t\t\t\t<div class=\"elementor-widget-container\">\n\t\t\t\t\t<div class=\"elementor-button-wrapper\">\n\t\t\t<a class=\"elementor-button elementor-button-link elementor-size-sm\" href=\"http:\/\/172.16.202.26\/?page_id=8679\">\n\t\t\t\t\t\t<span class=\"elementor-button-content-wrapper\">\n\t\t\t\t\t\t<span class=\"elementor-button-text\">Studentenvertretung<\/span>\n\t\t<\/span>\n\t\t\t\t\t<\/a>\n\t\t<\/div>\n\t\t\t\t<\/div>\n\t\t\t\t<\/div>\n\t\t\t\t\t<\/div>\n\t\t<\/div>\n\t\t\t\t\t<\/div>\n\t\t<\/section>\n\t\t\t\t<\/div>\n\t\t","protected":false},"excerpt":{"rendered":"<p>Wirtschaftsingenieure-Maschinenbau Aufbaulehrgang Abendschule Technische Ausbildung am Puls der Zeit Langfristiger Unternehmenserfolg setzt interdisziplin\u00e4r ausgebildete F\u00fchrungskr\u00e4fte voraus.\u00a0Das vermittelte Wissen aus ingenieurtechnischer Qualifikation einerseits und betriebswirtschaftlichen und rechtlichen Inhalten\u00a0andererseits bildet die Grundlage der integrativen Kompetenz der Absolventinnen und Absolventen. \u00a0 Diese Ausbildung erm\u00f6glicht die eigene Stellung im Betrieb durch pers\u00f6nliche Weiterbildung zu verbessern\u00a0und in die Leitung des Betriebes aufzusteigen. Es ist somit [&hellip;]<\/p>\n","protected":false},"author":3,"featured_media":0,"parent":10993,"menu_order":0,"comment_status":"closed","ping_status":"closed","template":"elementor_header_footer","meta":[],"_links":{"self":[{"href":"http:\/\/172.16.202.26\/index.php?rest_route=\/wp\/v2\/pages\/6471"}],"collection":[{"href":"http:\/\/172.16.202.26\/index.php?rest_route=\/wp\/v2\/pages"}],"about":[{"href":"http:\/\/172.16.202.26\/index.php?rest_route=\/wp\/v2\/types\/page"}],"author":[{"embeddable":true,"href":"http:\/\/172.16.202.26\/index.php?rest_route=\/wp\/v2\/users\/3"}],"replies":[{"embeddable":true,"href":"http:\/\/172.16.202.26\/index.php?rest_route=%2Fwp%2Fv2%2Fcomments&post=6471"}],"version-history":[{"count":97,"href":"http:\/\/172.16.202.26\/index.php?rest_route=\/wp\/v2\/pages\/6471\/revisions"}],"predecessor-version":[{"id":22700,"href":"http:\/\/172.16.202.26\/index.php?rest_route=\/wp\/v2\/pages\/6471\/revisions\/22700"}],"up":[{"embeddable":true,"href":"http:\/\/172.16.202.26\/index.php?rest_route=\/wp\/v2\/pages\/10993"}],"wp:attachment":[{"href":"http:\/\/172.16.202.26\/index.php?rest_route=%2Fwp%2Fv2%2Fmedia&parent=6471"}],"curies":[{"name":"wp","href":"https:\/\/api.w.org\/{rel}","templated":true}]}}