{"id":6616,"date":"2022-05-11T17:01:26","date_gmt":"2022-05-11T15:01:26","guid":{"rendered":"http:\/\/192.189.51.53\/?page_id=6616"},"modified":"2026-03-18T08:53:01","modified_gmt":"2026-03-18T07:53:01","slug":"bibliothek","status":"publish","type":"page","link":"http:\/\/172.16.202.26\/?page_id=6616","title":{"rendered":"Bibliothek"},"content":{"rendered":"\t\t<div data-elementor-type=\"wp-page\" data-elementor-id=\"6616\" class=\"elementor elementor-6616\">\n\t\t\t\t\t\t<section class=\"elementor-section elementor-top-section elementor-element elementor-element-53a1e9d elementor-section-full_width elementor-section-height-min-height elementor-section-items-stretch elementor-section-height-default\" data-id=\"53a1e9d\" data-element_type=\"section\">\n\t\t\t\t\t\t\t<div class=\"elementor-background-overlay\"><\/div>\n\t\t\t\t\t\t\t<div class=\"elementor-container elementor-column-gap-custom\">\n\t\t\t\t\t<div class=\"elementor-column elementor-col-100 elementor-top-column elementor-element elementor-element-8097857\" data-id=\"8097857\" data-element_type=\"column\" data-settings=\"{&quot;background_background&quot;:&quot;slideshow&quot;,&quot;background_slideshow_gallery&quot;:[],&quot;background_slideshow_loop&quot;:&quot;yes&quot;,&quot;background_slideshow_slide_duration&quot;:5000,&quot;background_slideshow_slide_transition&quot;:&quot;fade&quot;,&quot;background_slideshow_transition_duration&quot;:500}\">\n\t\t\t<div class=\"elementor-widget-wrap elementor-element-populated\">\n\t\t\t\t\t\t<div class=\"elementor-element elementor-element-77b7ffd elementor-widget__width-auto elementor-invisible elementor-widget elementor-widget-heading\" data-id=\"77b7ffd\" data-element_type=\"widget\" data-settings=\"{&quot;_animation&quot;:&quot;fadeInLeft&quot;}\" data-widget_type=\"heading.default\">\n\t\t\t\t<div class=\"elementor-widget-container\">\n\t\t\t<style>\/*! elementor - v3.20.0 - 13-03-2024 *\/\n.elementor-heading-title{padding:0;margin:0;line-height:1}.elementor-widget-heading .elementor-heading-title[class*=elementor-size-]>a{color:inherit;font-size:inherit;line-height:inherit}.elementor-widget-heading .elementor-heading-title.elementor-size-small{font-size:15px}.elementor-widget-heading .elementor-heading-title.elementor-size-medium{font-size:19px}.elementor-widget-heading .elementor-heading-title.elementor-size-large{font-size:29px}.elementor-widget-heading .elementor-heading-title.elementor-size-xl{font-size:39px}.elementor-widget-heading .elementor-heading-title.elementor-size-xxl{font-size:59px}<\/style><h1 class=\"elementor-heading-title elementor-size-default\">Bibliothek<\/h1>\t\t<\/div>\n\t\t\t\t<\/div>\n\t\t\t\t\t<\/div>\n\t\t<\/div>\n\t\t\t\t\t<\/div>\n\t\t<\/section>\n\t\t\t\t<section class=\"elementor-section elementor-top-section elementor-element elementor-element-18b5765 elementor-section-full_width elementor-section-height-default elementor-section-height-default\" data-id=\"18b5765\" data-element_type=\"section\">\n\t\t\t\t\t\t<div class=\"elementor-container elementor-column-gap-default\">\n\t\t\t\t\t<div class=\"elementor-column elementor-col-50 elementor-top-column elementor-element elementor-element-7414615\" data-id=\"7414615\" data-element_type=\"column\" data-settings=\"{&quot;background_background&quot;:&quot;classic&quot;}\">\n\t\t\t<div class=\"elementor-widget-wrap elementor-element-populated\">\n\t\t\t\t\t\t<div class=\"elementor-element elementor-element-39e1157 elementor-widget elementor-widget-text-editor\" data-id=\"39e1157\" data-element_type=\"widget\" data-widget_type=\"text-editor.default\">\n\t\t\t\t<div class=\"elementor-widget-container\">\n\t\t\t<style>\/*! elementor - v3.20.0 - 13-03-2024 *\/\n.elementor-widget-text-editor.elementor-drop-cap-view-stacked .elementor-drop-cap{background-color:#69727d;color:#fff}.elementor-widget-text-editor.elementor-drop-cap-view-framed .elementor-drop-cap{color:#69727d;border:3px solid;background-color:transparent}.elementor-widget-text-editor:not(.elementor-drop-cap-view-default) .elementor-drop-cap{margin-top:8px}.elementor-widget-text-editor:not(.elementor-drop-cap-view-default) .elementor-drop-cap-letter{width:1em;height:1em}.elementor-widget-text-editor .elementor-drop-cap{float:left;text-align:center;line-height:1;font-size:50px}.elementor-widget-text-editor .elementor-drop-cap-letter{display:inline-block}<\/style>\t\t\t\t<h3 style=\"text-align: center;\">Lesesaal<\/h3>\n<p style=\"text-align: center;\"><br><\/p><p style=\"text-align: center;\">Der Lesesaal befindet sich im Hochhaus im 2. Stock.<\/p>\t\t\t\t\t\t<\/div>\n\t\t\t\t<\/div>\n\t\t\t\t<div class=\"elementor-element elementor-element-7dee44e elementor-widget elementor-widget-image\" data-id=\"7dee44e\" data-element_type=\"widget\" data-widget_type=\"image.default\">\n\t\t\t\t<div class=\"elementor-widget-container\">\n\t\t\t<style>\/*! elementor - v3.20.0 - 13-03-2024 *\/\n.elementor-widget-image{text-align:center}.elementor-widget-image a{display:inline-block}.elementor-widget-image a img[src$=\".svg\"]{width:48px}.elementor-widget-image img{vertical-align:middle;display:inline-block}<\/style>\t\t\t\t\t\t\t\t\t\t<img fetchpriority=\"high\" decoding=\"async\" width=\"600\" height=\"157\" src=\"http:\/\/172.16.202.26\/wp-content\/uploads\/2022\/05\/Lesesaal_01.jpg\" class=\"attachment-full size-full wp-image-6622\" alt=\"\" srcset=\"http:\/\/172.16.202.26\/wp-content\/uploads\/2022\/05\/Lesesaal_01.jpg 600w, http:\/\/172.16.202.26\/wp-content\/uploads\/2022\/05\/Lesesaal_01-300x79.jpg 300w\" sizes=\"(max-width: 600px) 100vw, 600px\" \/>\t\t\t\t\t\t\t\t\t\t\t\t\t<\/div>\n\t\t\t\t<\/div>\n\t\t\t\t<div class=\"elementor-element elementor-element-ad07a21 elementor-widget elementor-widget-text-editor\" data-id=\"ad07a21\" data-element_type=\"widget\" data-widget_type=\"text-editor.default\">\n\t\t\t\t<div class=\"elementor-widget-container\">\n\t\t\t\t\t\t\t<p><strong>B\u00fccher<\/strong><\/p><p>\u00a0<\/p><p>B\u00fccher k\u00f6nnen im Regelfall f\u00fcr die Dauer von zwei Wochen entlehnt werden.<\/p><p>Die Entlehnung ist kostenlos.<\/p><p>Entlehnverl\u00e4ngerungen sind m\u00f6glich, so keine Vormerkung vorliegt.<\/p><p>B\u00fccher und Zeitschriftenb\u00e4nde aus dem Kellerdepot werden binnen 24 Stunden ausgehoben.<\/p><p><strong>\u00a0<\/strong><\/p><p><strong>Zeitschriften<\/strong><\/p><p>\u00a0<\/p><p>Zeitschriften sind nicht entlehnbar, sie k\u00f6nnen nur im Lesesaal gelesen werden.\u00a0<\/p><p>Solltest du aber eine Kopie davon ben\u00f6tigen, kannst du selbstverst\u00e4ndlich in der Kopierstelle eine anfertigen lassen.<\/p>\t\t\t\t\t\t<\/div>\n\t\t\t\t<\/div>\n\t\t\t\t<div class=\"elementor-element elementor-element-a73e16f elementor-align-center elementor-widget elementor-widget-button\" data-id=\"a73e16f\" data-element_type=\"widget\" data-widget_type=\"button.default\">\n\t\t\t\t<div class=\"elementor-widget-container\">\n\t\t\t\t\t<div class=\"elementor-button-wrapper\">\n\t\t\t<a class=\"elementor-button elementor-button-link elementor-size-sm\" href=\"http:\/\/172.16.202.26\/wp-content\/uploads\/2022\/05\/Benutzungsordnung.pdf\" target=\"_blank\">\n\t\t\t\t\t\t<span class=\"elementor-button-content-wrapper\">\n\t\t\t\t\t\t<span class=\"elementor-button-text\">Benutzungsordnung<\/span>\n\t\t<\/span>\n\t\t\t\t\t<\/a>\n\t\t<\/div>\n\t\t\t\t<\/div>\n\t\t\t\t<\/div>\n\t\t\t\t\t<\/div>\n\t\t<\/div>\n\t\t\t\t<div class=\"elementor-column elementor-col-50 elementor-top-column elementor-element elementor-element-5558c33\" data-id=\"5558c33\" data-element_type=\"column\" data-settings=\"{&quot;background_background&quot;:&quot;classic&quot;}\">\n\t\t\t<div class=\"elementor-widget-wrap elementor-element-populated\">\n\t\t\t\t\t\t<div class=\"elementor-element elementor-element-614c519 elementor-widget elementor-widget-text-editor\" data-id=\"614c519\" data-element_type=\"widget\" data-widget_type=\"text-editor.default\">\n\t\t\t\t<div class=\"elementor-widget-container\">\n\t\t\t\t\t\t\t<h4>Katalog:<\/h4>\t\t\t\t\t\t<\/div>\n\t\t\t\t<\/div>\n\t\t\t\t<div class=\"elementor-element elementor-element-3a48b6c elementor-widget elementor-widget-text-editor\" data-id=\"3a48b6c\" data-element_type=\"widget\" data-widget_type=\"text-editor.default\">\n\t\t\t\t<div class=\"elementor-widget-container\">\n\t\t\t\t\t\t\t<p>Hier geht es zum Online-Katalog:\u00a0 <span style=\"text-decoration: underline;\"><strong><a href=\"https:\/\/tgm-wien.webopac.at\/index.php?path=search\" target=\"_blank\" rel=\"noopener\">tgm-Zentralbibliothek<\/a><\/strong><\/span><\/p><p>\u00a0<\/p><p>Anleitung:<\/p><p>Wenn du dir nicht sicher bist, welches Buch das Richtige ist dann verwende die \u201eeinfache Suche\u201c.\u00a0Mit dieser kannst du mit Schlag- bzw. Stichwort durch den ganzen Katalog st\u00f6bern.\u00a0Solltest du den Titel oder den Verfasser des Buches wissen, dann empfiehlt sich die \u201eerweiterte Suche\u201c, in der du gezielt nach dem Titel oder nach dem Autor suchen kannst.<\/p>\t\t\t\t\t\t<\/div>\n\t\t\t\t<\/div>\n\t\t\t\t<div class=\"elementor-element elementor-element-635aa9e elementor-widget elementor-widget-image\" data-id=\"635aa9e\" data-element_type=\"widget\" data-widget_type=\"image.default\">\n\t\t\t\t<div class=\"elementor-widget-container\">\n\t\t\t\t\t\t\t\t\t\t\t\t\t<img decoding=\"async\" width=\"1249\" height=\"838\" src=\"http:\/\/172.16.202.26\/wp-content\/uploads\/2022\/05\/katalog.png\" class=\"attachment-full size-full wp-image-6646\" alt=\"\" srcset=\"http:\/\/172.16.202.26\/wp-content\/uploads\/2022\/05\/katalog.png 1249w, http:\/\/172.16.202.26\/wp-content\/uploads\/2022\/05\/katalog-300x201.png 300w, http:\/\/172.16.202.26\/wp-content\/uploads\/2022\/05\/katalog-1024x687.png 1024w, http:\/\/172.16.202.26\/wp-content\/uploads\/2022\/05\/katalog-768x515.png 768w\" sizes=\"(max-width: 1249px) 100vw, 1249px\" \/>\t\t\t\t\t\t\t\t\t\t\t\t\t<\/div>\n\t\t\t\t<\/div>\n\t\t\t\t\t<\/div>\n\t\t<\/div>\n\t\t\t\t\t<\/div>\n\t\t<\/section>\n\t\t\t\t<section class=\"elementor-section elementor-top-section elementor-element elementor-element-2290b33 elementor-section-full_width elementor-section-height-default elementor-section-height-default\" data-id=\"2290b33\" data-element_type=\"section\" data-settings=\"{&quot;background_background&quot;:&quot;classic&quot;}\">\n\t\t\t\t\t\t<div class=\"elementor-container elementor-column-gap-default\">\n\t\t\t\t\t<div class=\"elementor-column elementor-col-50 elementor-top-column elementor-element elementor-element-a1c6df1\" data-id=\"a1c6df1\" data-element_type=\"column\" data-settings=\"{&quot;background_background&quot;:&quot;classic&quot;}\">\n\t\t\t<div class=\"elementor-widget-wrap elementor-element-populated\">\n\t\t\t\t\t\t<div class=\"elementor-element elementor-element-34b277b elementor-widget elementor-widget-heading\" data-id=\"34b277b\" data-element_type=\"widget\" data-widget_type=\"heading.default\">\n\t\t\t\t<div class=\"elementor-widget-container\">\n\t\t\t<h3 class=\"elementor-heading-title elementor-size-default\">\u00d6ffnungszeiten<\/h3>\t\t<\/div>\n\t\t\t\t<\/div>\n\t\t\t\t<section class=\"elementor-section elementor-inner-section elementor-element elementor-element-4e5ffdd elementor-section-boxed elementor-section-height-default elementor-section-height-default\" data-id=\"4e5ffdd\" data-element_type=\"section\">\n\t\t\t\t\t\t<div class=\"elementor-container elementor-column-gap-no\">\n\t\t\t\t\t<div class=\"elementor-column elementor-col-100 elementor-inner-column elementor-element elementor-element-ba4b64f\" data-id=\"ba4b64f\" data-element_type=\"column\">\n\t\t\t<div class=\"elementor-widget-wrap elementor-element-populated\">\n\t\t\t\t\t\t<div class=\"elementor-element elementor-element-4f4b9ee elementor-widget elementor-widget-eael-advanced-data-table\" data-id=\"4f4b9ee\" data-element_type=\"widget\" data-widget_type=\"eael-advanced-data-table.default\">\n\t\t\t\t<div class=\"elementor-widget-container\">\n\t\t\t<div class=\"ea-advanced-data-table-wrap\" data-id=\"4f4b9ee\"><div class=\"ea-advanced-data-table-wrap-inner\">\n                <table class=\"ea-advanced-data-table ea-advanced-data-table-static ea-advanced-data-table-4f4b9ee\" data-id=\"4f4b9ee\"><tbody><tr><td>Mo<\/td><td><p>8:00 - 12:30<\/p><\/td><td><p>13:15 - 15:00<\/p><\/td><\/tr><tr><td>Di<\/td><td><p>8:00 - 12:30<\/p><\/td><td><p>13:15 - 18:00<\/p><\/td><\/tr><tr><td>Mi<\/td><td><p>8:00 - 12:30<\/p><\/td><td><p>13:15 - 15:00<\/p><\/td><\/tr><tr><td>Do<\/td><td><p>8:00 - 12:30<\/p><\/td><td><p>13:15 - 15:00<\/p><\/td><\/tr><tr><td>Fr<\/td><td><p>8:00 - 12:30<\/p><\/td><td><p>13:15 - 14:00<\/p><\/td><\/tr><\/tbody><\/table>\n            <\/div><\/div>\t\t<\/div>\n\t\t\t\t<\/div>\n\t\t\t\t\t<\/div>\n\t\t<\/div>\n\t\t\t\t\t<\/div>\n\t\t<\/section>\n\t\t\t\t<div class=\"elementor-element elementor-element-c9ddb30 elementor-widget elementor-widget-heading\" data-id=\"c9ddb30\" data-element_type=\"widget\" data-widget_type=\"heading.default\">\n\t\t\t\t<div class=\"elementor-widget-container\">\n\t\t\t<h3 class=\"elementor-heading-title elementor-size-default\">Leitung der Zentralbibliothek<\/h3>\t\t<\/div>\n\t\t\t\t<\/div>\n\t\t\t\t<div class=\"elementor-element elementor-element-e3d3c4c elementor-widget elementor-widget-text-editor\" data-id=\"e3d3c4c\" data-element_type=\"widget\" data-widget_type=\"text-editor.default\">\n\t\t\t\t<div class=\"elementor-widget-container\">\n\t\t\t\t\t\t\t<p style=\"text-align: center;\"><strong>Mobeen Khan<\/strong><\/p><p style=\"text-align: center;\">Hochhaus 2. Stock, Zimmer 243<\/p><p style=\"text-align: center;\">Tel.: +43 1 33126-227 und -228<\/p><p style=\"text-align: center;\"><span style=\"text-decoration: underline;\"><a href=\"mailto:bibliothek@tgm.ac.at\" target=\"_blank\" rel=\"noopener\">bibliothek@tgm.ac.at<\/a><\/span><\/p>\t\t\t\t\t\t<\/div>\n\t\t\t\t<\/div>\n\t\t\t\t\t<\/div>\n\t\t<\/div>\n\t\t\t\t<div class=\"elementor-column elementor-col-50 elementor-top-column elementor-element elementor-element-bfe192a\" data-id=\"bfe192a\" data-element_type=\"column\" data-settings=\"{&quot;background_background&quot;:&quot;classic&quot;}\">\n\t\t\t<div class=\"elementor-widget-wrap elementor-element-populated\">\n\t\t\t\t\t\t<div class=\"elementor-element elementor-element-d698bae elementor-widget elementor-widget-text-editor\" data-id=\"d698bae\" data-element_type=\"widget\" data-widget_type=\"text-editor.default\">\n\t\t\t\t<div class=\"elementor-widget-container\">\n\t\t\t\t\t\t\t<h4>Links:<\/h4>\t\t\t\t\t\t<\/div>\n\t\t\t\t<\/div>\n\t\t\t\t<div class=\"elementor-element elementor-element-6eb3dd9 elementor-widget elementor-widget-text-editor\" data-id=\"6eb3dd9\" data-element_type=\"widget\" data-widget_type=\"text-editor.default\">\n\t\t\t\t<div class=\"elementor-widget-container\">\n\t\t\t\t\t\t\t<p><span style=\"text-decoration: underline;\"><strong><a href=\"https:\/\/signon.springer.com\/login?service=https%3A%2F%2Fwww.springerprofessional.de%2Fcallback%3Fclient_name%3DCasClienthttps%3A%2F%2Fwww.springerprofessional.de&amp;gtm=GTM-MBT36G&amp;locale=de\" target=\"_blank\" rel=\"noopener\">Springer-Verlag<\/a><\/strong><\/span><\/p>\t\t\t\t\t\t<\/div>\n\t\t\t\t<\/div>\n\t\t\t\t<div class=\"elementor-element elementor-element-250148d elementor-widget elementor-widget-text-editor\" data-id=\"250148d\" data-element_type=\"widget\" data-widget_type=\"text-editor.default\">\n\t\t\t\t<div class=\"elementor-widget-container\">\n\t\t\t\t\t\t\t<p>ACHTUNG: Dieser Zugang ist aber nur f\u00fcr Sch\u00fclerInnen des 4., 5. Jahrgangs, Kolleg- und Abendschulklassen.<\/p>\t\t\t\t\t\t<\/div>\n\t\t\t\t<\/div>\n\t\t\t\t<div class=\"elementor-element elementor-element-f12eb65 elementor-widget elementor-widget-text-editor\" data-id=\"f12eb65\" data-element_type=\"widget\" data-widget_type=\"text-editor.default\">\n\t\t\t\t<div class=\"elementor-widget-container\">\n\t\t\t\t\t\t\t<p><span style=\"text-decoration: underline;\"><strong><a href=\"https:\/\/de.statista.com\/\" target=\"_blank\" rel=\"noopener\">STATISTA<\/a><\/strong><\/span><\/p>\t\t\t\t\t\t<\/div>\n\t\t\t\t<\/div>\n\t\t\t\t<div class=\"elementor-element elementor-element-7b221c7 elementor-widget elementor-widget-text-editor\" data-id=\"7b221c7\" data-element_type=\"widget\" data-widget_type=\"text-editor.default\">\n\t\t\t\t<div class=\"elementor-widget-container\">\n\t\t\t\t\t\t\t<p><strong>Statista-Dossier zu \u00d6sterreich<\/strong><\/p><p>Das Dossier enth\u00e4lt redaktionell zusammengestellte Statistiken zu \u00d6sterreich. Betrachtet werden die wichtigsten Kennzahlen aus den Bereichen Bev\u00f6lkerung und Demographie, Bruttoinlandsprodukt, Arbeitsmarkt, Inflation und Preise, Au\u00dfenhandel sowie Staatsfinanzen.<\/p>\t\t\t\t\t\t<\/div>\n\t\t\t\t<\/div>\n\t\t\t\t<div class=\"elementor-element elementor-element-a017dcd elementor-widget elementor-widget-text-editor\" data-id=\"a017dcd\" data-element_type=\"widget\" data-widget_type=\"text-editor.default\">\n\t\t\t\t<div class=\"elementor-widget-container\">\n\t\t\t\t\t\t\t<p><span style=\"text-decoration: underline;\"><strong><a href=\"https:\/\/useradmin.austrian-standards.at\/auth\/AutoLogin.action?uid=lesesaal_tgm@autologin.at&amp;ticket=155-15-95-41-14-56-221-237-226-158-66-63-5-30-84-21\" target=\"_blank\" rel=\"noopener\">Normen (Austrian Standards)<\/a><\/strong><\/span><\/p>\t\t\t\t\t\t<\/div>\n\t\t\t\t<\/div>\n\t\t\t\t<div class=\"elementor-element elementor-element-cf3aab1 elementor-widget elementor-widget-text-editor\" data-id=\"cf3aab1\" data-element_type=\"widget\" data-widget_type=\"text-editor.default\">\n\t\t\t\t<div class=\"elementor-widget-container\">\n\t\t\t\t\t\t\t<p>Das TGM mit seiner Versuchsanstalt hat seine Normenbezug von Papier auf eine elektronische L\u00f6sungen umgestellt. Im Zuge dieses neuen Normenbezuges werden Normen nur mehr bedarfsorientiert bezogen.<\/p><p>Um unseren Sch\u00fclerinnen und Sch\u00fclern, wie auch Lehrerinnen und Lehrern M\u00f6glichkeiten zu bieten, die der alten Papierversion gleichwertig ist, wurde ein Lesesaal integriert. Dieser Lesesaal steht Sch\u00fclerinnen und Sch\u00fcler, Lehrerinnen und Lehrer und allen Personen die im TGM-Netz angemeldet sind, zur Verf\u00fcgung. Er bietet die M\u00f6glichkeit s\u00e4mtliche unter den Titel \u00d6NORM d.h. Normen, Norm-Entw\u00fcrfe, ON-Regel usw. zur Zeit mehr als 66000 Dokumente zu lesen.<\/p>\t\t\t\t\t\t<\/div>\n\t\t\t\t<\/div>\n\t\t\t\t\t<\/div>\n\t\t<\/div>\n\t\t\t\t\t<\/div>\n\t\t<\/section>\n\t\t\t\t<\/div>\n\t\t","protected":false},"excerpt":{"rendered":"<p>Bibliothek Lesesaal Der Lesesaal befindet sich im Hochhaus im 2. Stock. B\u00fccher \u00a0 B\u00fccher k\u00f6nnen im Regelfall f\u00fcr die Dauer von zwei Wochen entlehnt werden. Die Entlehnung ist kostenlos. Entlehnverl\u00e4ngerungen sind m\u00f6glich, so keine Vormerkung vorliegt. B\u00fccher und Zeitschriftenb\u00e4nde aus dem Kellerdepot werden binnen 24 Stunden ausgehoben. \u00a0 Zeitschriften \u00a0 Zeitschriften sind nicht entlehnbar, sie k\u00f6nnen nur im Lesesaal gelesen [&hellip;]<\/p>\n","protected":false},"author":3,"featured_media":0,"parent":0,"menu_order":0,"comment_status":"closed","ping_status":"closed","template":"elementor_header_footer","meta":[],"_links":{"self":[{"href":"http:\/\/172.16.202.26\/index.php?rest_route=\/wp\/v2\/pages\/6616"}],"collection":[{"href":"http:\/\/172.16.202.26\/index.php?rest_route=\/wp\/v2\/pages"}],"about":[{"href":"http:\/\/172.16.202.26\/index.php?rest_route=\/wp\/v2\/types\/page"}],"author":[{"embeddable":true,"href":"http:\/\/172.16.202.26\/index.php?rest_route=\/wp\/v2\/users\/3"}],"replies":[{"embeddable":true,"href":"http:\/\/172.16.202.26\/index.php?rest_route=%2Fwp%2Fv2%2Fcomments&post=6616"}],"version-history":[{"count":247,"href":"http:\/\/172.16.202.26\/index.php?rest_route=\/wp\/v2\/pages\/6616\/revisions"}],"predecessor-version":[{"id":26729,"href":"http:\/\/172.16.202.26\/index.php?rest_route=\/wp\/v2\/pages\/6616\/revisions\/26729"}],"wp:attachment":[{"href":"http:\/\/172.16.202.26\/index.php?rest_route=%2Fwp%2Fv2%2Fmedia&parent=6616"}],"curies":[{"name":"wp","href":"https:\/\/api.w.org\/{rel}","templated":true}]}}