{"id":7034,"date":"2022-05-13T16:23:46","date_gmt":"2022-05-13T14:23:46","guid":{"rendered":"http:\/\/192.189.51.53\/?page_id=7034"},"modified":"2022-12-07T13:37:48","modified_gmt":"2022-12-07T12:37:48","slug":"lernbuero-et","status":"publish","type":"page","link":"http:\/\/172.16.202.26\/?page_id=7034","title":{"rendered":"Lernb\u00fcro ET"},"content":{"rendered":"\t\t<div data-elementor-type=\"wp-page\" data-elementor-id=\"7034\" class=\"elementor elementor-7034\">\n\t\t\t\t\t\t<section class=\"elementor-section elementor-top-section elementor-element elementor-element-d94d3ce elementor-section-boxed elementor-section-height-default elementor-section-height-default\" data-id=\"d94d3ce\" data-element_type=\"section\">\n\t\t\t\t\t\t<div class=\"elementor-container elementor-column-gap-default\">\n\t\t\t\t\t<div class=\"elementor-column elementor-col-100 elementor-top-column elementor-element elementor-element-21ff2e8\" data-id=\"21ff2e8\" data-element_type=\"column\">\n\t\t\t<div class=\"elementor-widget-wrap elementor-element-populated\">\n\t\t\t\t\t\t<div class=\"elementor-element elementor-element-2417a3b elementor-widget elementor-widget-heading\" data-id=\"2417a3b\" data-element_type=\"widget\" data-widget_type=\"heading.default\">\n\t\t\t\t<div class=\"elementor-widget-container\">\n\t\t\t<style>\/*! elementor - v3.20.0 - 13-03-2024 *\/\n.elementor-heading-title{padding:0;margin:0;line-height:1}.elementor-widget-heading .elementor-heading-title[class*=elementor-size-]>a{color:inherit;font-size:inherit;line-height:inherit}.elementor-widget-heading .elementor-heading-title.elementor-size-small{font-size:15px}.elementor-widget-heading .elementor-heading-title.elementor-size-medium{font-size:19px}.elementor-widget-heading .elementor-heading-title.elementor-size-large{font-size:29px}.elementor-widget-heading .elementor-heading-title.elementor-size-xl{font-size:39px}.elementor-widget-heading .elementor-heading-title.elementor-size-xxl{font-size:59px}<\/style><h2 class=\"elementor-heading-title elementor-size-default\">Das Lernb\u00fcro in der Abteilung Elektrotechnik<\/h2>\t\t<\/div>\n\t\t\t\t<\/div>\n\t\t\t\t\t<\/div>\n\t\t<\/div>\n\t\t\t\t\t<\/div>\n\t\t<\/section>\n\t\t\t\t<section class=\"elementor-section elementor-top-section elementor-element elementor-element-76c2361 elementor-section-boxed elementor-section-height-default elementor-section-height-default\" data-id=\"76c2361\" data-element_type=\"section\">\n\t\t\t\t\t\t<div class=\"elementor-container elementor-column-gap-default\">\n\t\t\t\t\t<div class=\"elementor-column elementor-col-100 elementor-top-column elementor-element elementor-element-4616f6d\" data-id=\"4616f6d\" data-element_type=\"column\">\n\t\t\t<div class=\"elementor-widget-wrap elementor-element-populated\">\n\t\t\t\t\t\t<div class=\"elementor-element elementor-element-dba3cdd elementor-widget elementor-widget-heading\" data-id=\"dba3cdd\" data-element_type=\"widget\" data-widget_type=\"heading.default\">\n\t\t\t\t<div class=\"elementor-widget-container\">\n\t\t\t<h2 class=\"elementor-heading-title elementor-size-default\">sch\u00fclerzentriertes, selbstgesteuertes Lernen statt lehrerzentriertem Unterricht<\/h2>\t\t<\/div>\n\t\t\t\t<\/div>\n\t\t\t\t\t<\/div>\n\t\t<\/div>\n\t\t\t\t\t<\/div>\n\t\t<\/section>\n\t\t\t\t<section class=\"elementor-section elementor-top-section elementor-element elementor-element-548db00 elementor-section-boxed elementor-section-height-default elementor-section-height-default\" data-id=\"548db00\" data-element_type=\"section\">\n\t\t\t\t\t\t<div class=\"elementor-container elementor-column-gap-default\">\n\t\t\t\t\t<div class=\"elementor-column elementor-col-100 elementor-top-column elementor-element elementor-element-1c413a1\" data-id=\"1c413a1\" data-element_type=\"column\">\n\t\t\t<div class=\"elementor-widget-wrap elementor-element-populated\">\n\t\t\t\t\t\t<div class=\"elementor-element elementor-element-7d8ce27 elementor-widget elementor-widget-text-editor\" data-id=\"7d8ce27\" data-element_type=\"widget\" data-widget_type=\"text-editor.default\">\n\t\t\t\t<div class=\"elementor-widget-container\">\n\t\t\t<style>\/*! elementor - v3.20.0 - 13-03-2024 *\/\n.elementor-widget-text-editor.elementor-drop-cap-view-stacked .elementor-drop-cap{background-color:#69727d;color:#fff}.elementor-widget-text-editor.elementor-drop-cap-view-framed .elementor-drop-cap{color:#69727d;border:3px solid;background-color:transparent}.elementor-widget-text-editor:not(.elementor-drop-cap-view-default) .elementor-drop-cap{margin-top:8px}.elementor-widget-text-editor:not(.elementor-drop-cap-view-default) .elementor-drop-cap-letter{width:1em;height:1em}.elementor-widget-text-editor .elementor-drop-cap{float:left;text-align:center;line-height:1;font-size:50px}.elementor-widget-text-editor .elementor-drop-cap-letter{display:inline-block}<\/style>\t\t\t\t<p style=\"text-align: center;\"><strong><em>Wir trauen unseren Sch\u00fclerinnen und Sch\u00fclern zu, Verantwortung f\u00fcr das eigene Lernen zu \u00fcbernehmen und begleiten sie dabei!!<\/em><\/strong><\/p>\t\t\t\t\t\t<\/div>\n\t\t\t\t<\/div>\n\t\t\t\t\t<\/div>\n\t\t<\/div>\n\t\t\t\t\t<\/div>\n\t\t<\/section>\n\t\t\t\t<section class=\"elementor-section elementor-top-section elementor-element elementor-element-5653e63 elementor-section-boxed elementor-section-height-default elementor-section-height-default\" data-id=\"5653e63\" data-element_type=\"section\">\n\t\t\t\t\t\t<div class=\"elementor-container elementor-column-gap-default\">\n\t\t\t\t\t<div class=\"elementor-column elementor-col-100 elementor-top-column elementor-element elementor-element-d52c2b6\" data-id=\"d52c2b6\" data-element_type=\"column\">\n\t\t\t<div class=\"elementor-widget-wrap elementor-element-populated\">\n\t\t\t\t\t\t<div class=\"elementor-element elementor-element-1c8df64 elementor-widget elementor-widget-image\" data-id=\"1c8df64\" data-element_type=\"widget\" data-widget_type=\"image.default\">\n\t\t\t\t<div class=\"elementor-widget-container\">\n\t\t\t<style>\/*! elementor - v3.20.0 - 13-03-2024 *\/\n.elementor-widget-image{text-align:center}.elementor-widget-image a{display:inline-block}.elementor-widget-image a img[src$=\".svg\"]{width:48px}.elementor-widget-image img{vertical-align:middle;display:inline-block}<\/style>\t\t\t\t\t\t\t\t\t\t<img fetchpriority=\"high\" decoding=\"async\" width=\"640\" height=\"480\" src=\"http:\/\/172.16.202.26\/wp-content\/uploads\/2022\/11\/Lernbuero_ET-1-768x576.jpg\" class=\"attachment-medium_large size-medium_large wp-image-16091\" alt=\"\" srcset=\"http:\/\/172.16.202.26\/wp-content\/uploads\/2022\/11\/Lernbuero_ET-1-768x576.jpg 768w, http:\/\/172.16.202.26\/wp-content\/uploads\/2022\/11\/Lernbuero_ET-1-300x225.jpg 300w, http:\/\/172.16.202.26\/wp-content\/uploads\/2022\/11\/Lernbuero_ET-1-1024x768.jpg 1024w, http:\/\/172.16.202.26\/wp-content\/uploads\/2022\/11\/Lernbuero_ET-1.jpg 1296w\" sizes=\"(max-width: 640px) 100vw, 640px\" \/>\t\t\t\t\t\t\t\t\t\t\t\t\t<\/div>\n\t\t\t\t<\/div>\n\t\t\t\t\t<\/div>\n\t\t<\/div>\n\t\t\t\t\t<\/div>\n\t\t<\/section>\n\t\t\t\t<section class=\"elementor-section elementor-top-section elementor-element elementor-element-fc826e5 elementor-section-full_width elementor-section-height-default elementor-section-height-default\" data-id=\"fc826e5\" data-element_type=\"section\">\n\t\t\t\t\t\t<div class=\"elementor-container elementor-column-gap-default\">\n\t\t\t\t\t<div class=\"elementor-column elementor-col-100 elementor-top-column elementor-element elementor-element-42930fa\" data-id=\"42930fa\" data-element_type=\"column\">\n\t\t\t<div class=\"elementor-widget-wrap elementor-element-populated\">\n\t\t\t\t\t\t<div class=\"elementor-element elementor-element-b18b121 elementor-widget elementor-widget-text-editor\" data-id=\"b18b121\" data-element_type=\"widget\" data-widget_type=\"text-editor.default\">\n\t\t\t\t<div class=\"elementor-widget-container\">\n\t\t\t\t\t\t\t<p>\u2022 Das Lernb\u00fcro ist ein <strong>innovatives Unterrichtskonzept<\/strong>, das die Selbst\u00e4ndigkeit f\u00f6rdert und den Unterrichtstoff nachhaltiger vermittelt<\/p><p><br \/>\u2022 Der <strong>Unterrichtsstoff<\/strong> ist jeweils <strong>modular<\/strong> so vorbereitet, dass ihn Sch\u00fclerinnen und Sch\u00fcler selbstst\u00e4ndig erarbeiten k\u00f6nnen \u2013 die Rolle der Lehrkraft ist die eines <strong>Coaches<\/strong><\/p><p>\u00a0 <br \/>\u2022 Der Lehrstoff ist in <strong>grundlegende und erweiterte Inhalte<\/strong> aufgeteilt, wobei sich schw\u00e4chere Sch\u00fclerinnen und Sch\u00fcler auf die grundlegenden Inhalte konzentrieren k\u00f6nnen, st\u00e4rkere Sch\u00fclerinnen und Sch\u00fcler entweder auf erweiterte Inhalte oder auf andere Gegenst\u00e4nde<\/p><p>\u00a0 <br \/>\u2022 Sch\u00fclerinnen und Sch\u00fcler arbeiten in ausgew\u00e4hlten Gegenst\u00e4nden eigenverantwortlich und haben <strong>zus\u00e4tzliche Freiheiten<\/strong> bez\u00fcglich Stoffauswahl und Lerntempo<\/p><p>\u00a0 <br \/>\u2022 Sch\u00fclerinnen und Sch\u00fcler d\u00fcrfen in den Lernb\u00fcro-Gegenst\u00e4nden die <strong>Anzahl der Stunden variieren<\/strong> &#8211; z.B. k\u00f6nnen Sie bei Bedarf eine Englisch-Stunde mehr und daf\u00fcr eine Mathematik-Stunde weniger besuchen<\/p><p><br \/>\u2022 Der Unterricht in den Lernb\u00fcro-Gegenst\u00e4nden wird <strong>gleichzeitig in verschiedenen R\u00e4umen<\/strong> (den sogenannten Lernb\u00fcros) angeboten, wo jeweils eine Lehrkraft zur Unterst\u00fctzung der Sch\u00fclerinnen und Sch\u00fcler zur Verf\u00fcgung steht<\/p><p><br \/>\u2022 Die Erfahrungen zeigen, dass durch diese Art des Unterrichts das <strong>Selbstbewusstsein und die Selbstsicherheit<\/strong> der Sch\u00fclerinnen und Sch\u00fcler gest\u00e4rkt werden und <strong>Problemstellungen besser gel\u00f6st<\/strong> werden k\u00f6nnen!<\/p>\t\t\t\t\t\t<\/div>\n\t\t\t\t<\/div>\n\t\t\t\t\t<\/div>\n\t\t<\/div>\n\t\t\t\t\t<\/div>\n\t\t<\/section>\n\t\t\t\t<\/div>\n\t\t","protected":false},"excerpt":{"rendered":"<p>Das Lernb\u00fcro in der Abteilung Elektrotechnik sch\u00fclerzentriertes, selbstgesteuertes Lernen statt lehrerzentriertem Unterricht Wir trauen unseren Sch\u00fclerinnen und Sch\u00fclern zu, Verantwortung f\u00fcr das eigene Lernen zu \u00fcbernehmen und begleiten sie dabei!! \u2022 Das Lernb\u00fcro ist ein innovatives Unterrichtskonzept, das die Selbst\u00e4ndigkeit f\u00f6rdert und den Unterrichtstoff nachhaltiger vermittelt \u2022 Der Unterrichtsstoff ist jeweils modular so vorbereitet, dass ihn Sch\u00fclerinnen und Sch\u00fcler selbstst\u00e4ndig [&hellip;]<\/p>\n","protected":false},"author":3,"featured_media":0,"parent":12657,"menu_order":0,"comment_status":"closed","ping_status":"closed","template":"elementor_header_footer","meta":[],"_links":{"self":[{"href":"http:\/\/172.16.202.26\/index.php?rest_route=\/wp\/v2\/pages\/7034"}],"collection":[{"href":"http:\/\/172.16.202.26\/index.php?rest_route=\/wp\/v2\/pages"}],"about":[{"href":"http:\/\/172.16.202.26\/index.php?rest_route=\/wp\/v2\/types\/page"}],"author":[{"embeddable":true,"href":"http:\/\/172.16.202.26\/index.php?rest_route=\/wp\/v2\/users\/3"}],"replies":[{"embeddable":true,"href":"http:\/\/172.16.202.26\/index.php?rest_route=%2Fwp%2Fv2%2Fcomments&post=7034"}],"version-history":[{"count":49,"href":"http:\/\/172.16.202.26\/index.php?rest_route=\/wp\/v2\/pages\/7034\/revisions"}],"predecessor-version":[{"id":16258,"href":"http:\/\/172.16.202.26\/index.php?rest_route=\/wp\/v2\/pages\/7034\/revisions\/16258"}],"up":[{"embeddable":true,"href":"http:\/\/172.16.202.26\/index.php?rest_route=\/wp\/v2\/pages\/12657"}],"wp:attachment":[{"href":"http:\/\/172.16.202.26\/index.php?rest_route=%2Fwp%2Fv2%2Fmedia&parent=7034"}],"curies":[{"name":"wp","href":"https:\/\/api.w.org\/{rel}","templated":true}]}}