{"id":8527,"date":"2022-06-01T15:24:38","date_gmt":"2022-06-01T13:24:38","guid":{"rendered":"http:\/\/192.189.51.53\/?page_id=8527"},"modified":"2024-01-17T13:29:54","modified_gmt":"2024-01-17T12:29:54","slug":"ausbildung-ab-17-tagesform-neu","status":"publish","type":"page","link":"http:\/\/172.16.202.26\/?page_id=8527","title":{"rendered":"Ausbildung ab 17 Tagesform"},"content":{"rendered":"\t\t<div data-elementor-type=\"wp-page\" data-elementor-id=\"8527\" class=\"elementor elementor-8527\">\n\t\t\t\t\t\t<section class=\"elementor-section elementor-top-section elementor-element elementor-element-2807d9f elementor-section-boxed elementor-section-height-default elementor-section-height-default\" data-id=\"2807d9f\" data-element_type=\"section\">\n\t\t\t\t\t\t<div class=\"elementor-container elementor-column-gap-no\">\n\t\t\t\t\t<div class=\"elementor-column elementor-col-50 elementor-top-column elementor-element elementor-element-40d78a5\" data-id=\"40d78a5\" data-element_type=\"column\">\n\t\t\t<div class=\"elementor-widget-wrap elementor-element-populated\">\n\t\t\t\t\t\t<div class=\"elementor-element elementor-element-e1b0c3f elementor-invisible elementor-widget elementor-widget-heading\" data-id=\"e1b0c3f\" data-element_type=\"widget\" data-settings=\"{&quot;_animation&quot;:&quot;fadeInDown&quot;,&quot;_animation_tablet&quot;:&quot;none&quot;}\" data-widget_type=\"heading.default\">\n\t\t\t\t<div class=\"elementor-widget-container\">\n\t\t\t<style>\/*! elementor - v3.20.0 - 13-03-2024 *\/\n.elementor-heading-title{padding:0;margin:0;line-height:1}.elementor-widget-heading .elementor-heading-title[class*=elementor-size-]>a{color:inherit;font-size:inherit;line-height:inherit}.elementor-widget-heading .elementor-heading-title.elementor-size-small{font-size:15px}.elementor-widget-heading .elementor-heading-title.elementor-size-medium{font-size:19px}.elementor-widget-heading .elementor-heading-title.elementor-size-large{font-size:29px}.elementor-widget-heading .elementor-heading-title.elementor-size-xl{font-size:39px}.elementor-widget-heading .elementor-heading-title.elementor-size-xxl{font-size:59px}<\/style><h3 class=\"elementor-heading-title elementor-size-xl\">Erwachsenenbildung<br\/>Tagesform<\/h3>\t\t<\/div>\n\t\t\t\t<\/div>\n\t\t\t\t\t<\/div>\n\t\t<\/div>\n\t\t\t\t<div class=\"elementor-column elementor-col-50 elementor-top-column elementor-element elementor-element-6bb5c44\" data-id=\"6bb5c44\" data-element_type=\"column\">\n\t\t\t<div class=\"elementor-widget-wrap elementor-element-populated\">\n\t\t\t\t\t\t<div class=\"elementor-element elementor-element-6e3454c elementor-widget__width-inherit elementor-invisible elementor-widget elementor-widget-image\" data-id=\"6e3454c\" data-element_type=\"widget\" data-settings=\"{&quot;_animation&quot;:&quot;fadeInUp&quot;,&quot;_animation_tablet&quot;:&quot;none&quot;}\" data-widget_type=\"image.default\">\n\t\t\t\t<div class=\"elementor-widget-container\">\n\t\t\t<style>\/*! elementor - v3.20.0 - 13-03-2024 *\/\n.elementor-widget-image{text-align:center}.elementor-widget-image a{display:inline-block}.elementor-widget-image a img[src$=\".svg\"]{width:48px}.elementor-widget-image img{vertical-align:middle;display:inline-block}<\/style>\t\t\t\t\t\t\t\t\t\t\t<a href=\"https:\/\/www.youtube.com\/watch?v=W-wJqZHYsKw\" target=\"_blank\">\n\t\t\t\t\t\t\t<img decoding=\"async\" width=\"50\" height=\"50\" src=\"http:\/\/172.16.202.26\/wp-content\/uploads\/2022\/05\/video-clip-e1686742978148.png\" class=\"elementor-animation-grow attachment-full size-full wp-image-5670\" alt=\"\" \/>\t\t\t\t\t\t\t\t<\/a>\n\t\t\t\t\t\t\t\t\t\t\t\t\t<\/div>\n\t\t\t\t<\/div>\n\t\t\t\t\t<\/div>\n\t\t<\/div>\n\t\t\t\t\t<\/div>\n\t\t<\/section>\n\t\t\t\t<section class=\"elementor-section elementor-top-section elementor-element elementor-element-e6a808a elementor-section-full_width elementor-section-height-default elementor-section-height-default\" data-id=\"e6a808a\" data-element_type=\"section\">\n\t\t\t\t\t\t<div class=\"elementor-container elementor-column-gap-default\">\n\t\t\t\t\t<div class=\"elementor-column elementor-col-50 elementor-top-column elementor-element elementor-element-d2e6a66\" data-id=\"d2e6a66\" data-element_type=\"column\">\n\t\t\t<div class=\"elementor-widget-wrap elementor-element-populated\">\n\t\t\t\t\t\t<div class=\"elementor-element elementor-element-6bba86a elementor-widget elementor-widget-heading\" data-id=\"6bba86a\" data-element_type=\"widget\" data-widget_type=\"heading.default\">\n\t\t\t\t<div class=\"elementor-widget-container\">\n\t\t\t<h3 class=\"elementor-heading-title elementor-size-default\">Kollegs<\/h3>\t\t<\/div>\n\t\t\t\t<\/div>\n\t\t\t\t<section class=\"elementor-section elementor-inner-section elementor-element elementor-element-007aa37 elementor-section-boxed elementor-section-height-default elementor-section-height-default\" data-id=\"007aa37\" data-element_type=\"section\">\n\t\t\t\t\t\t<div class=\"elementor-container elementor-column-gap-default\">\n\t\t\t\t\t<div class=\"elementor-column elementor-col-33 elementor-inner-column elementor-element elementor-element-286da88\" data-id=\"286da88\" data-element_type=\"column\" data-settings=\"{&quot;background_background&quot;:&quot;classic&quot;,&quot;animation&quot;:&quot;none&quot;,&quot;animation_delay&quot;:500}\">\n\t\t\t<div class=\"elementor-widget-wrap elementor-element-populated\">\n\t\t\t\t\t\t<div class=\"elementor-element elementor-element-16c6b07 elementor-widget elementor-widget-image\" data-id=\"16c6b07\" data-element_type=\"widget\" data-widget_type=\"image.default\">\n\t\t\t\t<div class=\"elementor-widget-container\">\n\t\t\t\t\t\t\t\t\t\t\t\t\t\t<a href=\"http:\/\/172.16.202.26\/?page_id=5311\">\n\t\t\t\t\t\t\t<img decoding=\"async\" src=\"http:\/\/172.16.202.26\/wp-content\/uploads\/elementor\/thumbs\/energie-povc9n4poae5km5mxlyej7rggpqm9aul0kngmtfgy0.jpg\" title=\"\" alt=\"\" class=\"elementor-animation-grow\" loading=\"lazy\" \/>\t\t\t\t\t\t\t\t<\/a>\n\t\t\t\t\t\t\t\t\t\t\t\t\t<\/div>\n\t\t\t\t<\/div>\n\t\t\t\t<div class=\"elementor-element elementor-element-2f7e2c2 elementor-widget elementor-widget-icon-box\" data-id=\"2f7e2c2\" data-element_type=\"widget\" data-widget_type=\"icon-box.default\">\n\t\t\t\t<div class=\"elementor-widget-container\">\n\t\t\t<link rel=\"stylesheet\" href=\"http:\/\/172.16.202.26\/wp-content\/plugins\/elementor\/assets\/css\/widget-icon-box.min.css\">\t\t<div class=\"elementor-icon-box-wrapper\">\n\t\t\t\t\t\t<div class=\"elementor-icon-box-content\">\n\t\t\t\t<h4 class=\"elementor-icon-box-title\">\n\t\t\t\t\t<a href=\"http:\/\/172.16.202.26\/?page_id=5311\" >\n\t\t\t\t\t\tErneuerbare Energie, Umwelt und Nachhaltigkeit\t\t\t\t\t<\/a>\n\t\t\t\t<\/h4>\n\t\t\t\t\t\t\t<\/div>\n\t\t<\/div>\n\t\t\t\t<\/div>\n\t\t\t\t<\/div>\n\t\t\t\t\t<\/div>\n\t\t<\/div>\n\t\t\t\t<div class=\"elementor-column elementor-col-33 elementor-inner-column elementor-element elementor-element-8db1236\" data-id=\"8db1236\" data-element_type=\"column\" data-settings=\"{&quot;background_background&quot;:&quot;classic&quot;,&quot;animation&quot;:&quot;none&quot;,&quot;animation_delay&quot;:1000}\">\n\t\t\t<div class=\"elementor-widget-wrap elementor-element-populated\">\n\t\t\t\t\t\t<div class=\"elementor-element elementor-element-57c1d5b elementor-widget elementor-widget-image\" data-id=\"57c1d5b\" data-element_type=\"widget\" data-widget_type=\"image.default\">\n\t\t\t\t<div class=\"elementor-widget-container\">\n\t\t\t\t\t\t\t\t\t\t\t\t\t\t<a href=\"http:\/\/172.16.202.26\/?page_id=5370\">\n\t\t\t\t\t\t\t<img decoding=\"async\" src=\"http:\/\/172.16.202.26\/wp-content\/uploads\/elementor\/thumbs\/netz-povc9p0e1ygq7u2wmmrno7adnhhcop21otyfldcolk.jpg\" title=\"\" alt=\"\" class=\"elementor-animation-grow\" loading=\"lazy\" \/>\t\t\t\t\t\t\t\t<\/a>\n\t\t\t\t\t\t\t\t\t\t\t\t\t<\/div>\n\t\t\t\t<\/div>\n\t\t\t\t<div class=\"elementor-element elementor-element-bae936f elementor-widget elementor-widget-icon-box\" data-id=\"bae936f\" data-element_type=\"widget\" data-widget_type=\"icon-box.default\">\n\t\t\t\t<div class=\"elementor-widget-container\">\n\t\t\t\t\t<div class=\"elementor-icon-box-wrapper\">\n\t\t\t\t\t\t<div class=\"elementor-icon-box-content\">\n\t\t\t\t<h4 class=\"elementor-icon-box-title\">\n\t\t\t\t\t<a href=\"http:\/\/172.16.202.26\/?page_id=5370\" >\n\t\t\t\t\t\tElektronik und Technische Informatik<br><br>(Netzwerktechnik)\t\t\t\t\t<\/a>\n\t\t\t\t<\/h4>\n\t\t\t\t\t\t\t<\/div>\n\t\t<\/div>\n\t\t\t\t<\/div>\n\t\t\t\t<\/div>\n\t\t\t\t\t<\/div>\n\t\t<\/div>\n\t\t\t\t<div class=\"elementor-column elementor-col-33 elementor-inner-column elementor-element elementor-element-c024291\" data-id=\"c024291\" data-element_type=\"column\" data-settings=\"{&quot;background_background&quot;:&quot;classic&quot;,&quot;animation&quot;:&quot;none&quot;,&quot;animation_delay&quot;:1000}\">\n\t\t\t<div class=\"elementor-widget-wrap elementor-element-populated\">\n\t\t\t\t\t\t<div class=\"elementor-element elementor-element-64b57c6 elementor-widget elementor-widget-image\" data-id=\"64b57c6\" data-element_type=\"widget\" data-widget_type=\"image.default\">\n\t\t\t\t<div class=\"elementor-widget-container\">\n\t\t\t\t\t\t\t\t\t\t\t\t\t\t<a href=\"http:\/\/172.16.202.26\/?page_id=4631\">\n\t\t\t\t\t\t\t<img decoding=\"async\" src=\"http:\/\/172.16.202.26\/wp-content\/uploads\/elementor\/thumbs\/wii_bt-povc9p0e1ygq7u2wmmrno7adnhhcop21otyfldcolk.jpg\" title=\"\" alt=\"\" class=\"elementor-animation-grow\" loading=\"lazy\" \/>\t\t\t\t\t\t\t\t<\/a>\n\t\t\t\t\t\t\t\t\t\t\t\t\t<\/div>\n\t\t\t\t<\/div>\n\t\t\t\t<div class=\"elementor-element elementor-element-621d0b8 elementor-widget elementor-widget-icon-box\" data-id=\"621d0b8\" data-element_type=\"widget\" data-widget_type=\"icon-box.default\">\n\t\t\t\t<div class=\"elementor-widget-container\">\n\t\t\t\t\t<div class=\"elementor-icon-box-wrapper\">\n\t\t\t\t\t\t<div class=\"elementor-icon-box-content\">\n\t\t\t\t<h4 class=\"elementor-icon-box-title\">\n\t\t\t\t\t<a href=\"http:\/\/172.16.202.26\/?page_id=4631\" >\n\t\t\t\t\t\tWirtschaftsingenieure\t\t\t\t\t<\/a>\n\t\t\t\t<\/h4>\n\t\t\t\t\t\t\t<\/div>\n\t\t<\/div>\n\t\t\t\t<\/div>\n\t\t\t\t<\/div>\n\t\t\t\t\t<\/div>\n\t\t<\/div>\n\t\t\t\t\t<\/div>\n\t\t<\/section>\n\t\t\t\t<div class=\"elementor-element elementor-element-603bcbf elementor-widget elementor-widget-text-editor\" data-id=\"603bcbf\" data-element_type=\"widget\" data-widget_type=\"text-editor.default\">\n\t\t\t\t<div class=\"elementor-widget-container\">\n\t\t\t<style>\/*! elementor - v3.20.0 - 13-03-2024 *\/\n.elementor-widget-text-editor.elementor-drop-cap-view-stacked .elementor-drop-cap{background-color:#69727d;color:#fff}.elementor-widget-text-editor.elementor-drop-cap-view-framed .elementor-drop-cap{color:#69727d;border:3px solid;background-color:transparent}.elementor-widget-text-editor:not(.elementor-drop-cap-view-default) .elementor-drop-cap{margin-top:8px}.elementor-widget-text-editor:not(.elementor-drop-cap-view-default) .elementor-drop-cap-letter{width:1em;height:1em}.elementor-widget-text-editor .elementor-drop-cap{float:left;text-align:center;line-height:1;font-size:50px}.elementor-widget-text-editor .elementor-drop-cap-letter{display:inline-block}<\/style>\t\t\t\t<p><strong>Voraussetzungen f\u00fcr den Besuch eines Kollegs<\/strong><\/p><p>\u2192 17. Lebensjahr sp\u00e4testens im Kalenderjahr der Aufnahme abgeschlossen<\/p><p>\u2192 ausreichende Kenntnis der deutschen Sprache (mindestens B1)<\/p><p>erfolgreich abgelegte<\/p><p>\u2192 <span style=\"text-decoration: underline;\">Reifepr\u00fcfung<\/span>, <span style=\"text-decoration: underline;\">Berufsreifepr\u00fcfung<\/span>, <span style=\"text-decoration: underline;\">Reife- und Diplompr\u00fcfung<\/span> oder<\/p><p>\u2192 facheinschl\u00e4gige <span style=\"text-decoration: underline;\">Studienberechtigungspr\u00fcfung<\/span><\/p><p><strong>\u00a0<\/strong><\/p><p><strong>Ausbildungsdauer<\/strong><\/p><p>2 Jahre (4 Semester)<\/p><p><strong>Abschluss<\/strong><\/p><p>Diplompr\u00fcfung<\/p>\t\t\t\t\t\t<\/div>\n\t\t\t\t<\/div>\n\t\t\t\t\t<\/div>\n\t\t<\/div>\n\t\t\t\t<div class=\"elementor-column elementor-col-50 elementor-top-column elementor-element elementor-element-8ee6747\" data-id=\"8ee6747\" data-element_type=\"column\">\n\t\t\t<div class=\"elementor-widget-wrap elementor-element-populated\">\n\t\t\t\t\t\t<div class=\"elementor-element elementor-element-ff96d27 elementor-widget elementor-widget-heading\" data-id=\"ff96d27\" data-element_type=\"widget\" data-widget_type=\"heading.default\">\n\t\t\t\t<div class=\"elementor-widget-container\">\n\t\t\t<h3 class=\"elementor-heading-title elementor-size-default\">Aufbaulehrg\u00e4nge<\/h3>\t\t<\/div>\n\t\t\t\t<\/div>\n\t\t\t\t<section class=\"elementor-section elementor-inner-section elementor-element elementor-element-190b16d elementor-section-boxed elementor-section-height-default elementor-section-height-default\" data-id=\"190b16d\" data-element_type=\"section\">\n\t\t\t\t\t\t<div class=\"elementor-container elementor-column-gap-default\">\n\t\t\t\t\t<div class=\"elementor-column elementor-col-50 elementor-inner-column elementor-element elementor-element-976cdce\" data-id=\"976cdce\" data-element_type=\"column\" data-settings=\"{&quot;background_background&quot;:&quot;classic&quot;,&quot;animation&quot;:&quot;none&quot;,&quot;animation_delay&quot;:1000}\">\n\t\t\t<div class=\"elementor-widget-wrap elementor-element-populated\">\n\t\t\t\t\t\t<div class=\"elementor-element elementor-element-df197ca elementor-widget elementor-widget-image\" data-id=\"df197ca\" data-element_type=\"widget\" data-widget_type=\"image.default\">\n\t\t\t\t<div class=\"elementor-widget-container\">\n\t\t\t\t\t\t\t\t\t\t\t\t\t\t<a href=\"http:\/\/172.16.202.26\/?page_id=5485\">\n\t\t\t\t\t\t\t<img decoding=\"async\" src=\"http:\/\/172.16.202.26\/wp-content\/uploads\/elementor\/thumbs\/netz-povc9p0e1ygq7u2wmmrno7adnhhcop21otyfldcolk.jpg\" title=\"\" alt=\"\" class=\"elementor-animation-grow\" loading=\"lazy\" \/>\t\t\t\t\t\t\t\t<\/a>\n\t\t\t\t\t\t\t\t\t\t\t\t\t<\/div>\n\t\t\t\t<\/div>\n\t\t\t\t<div class=\"elementor-element elementor-element-643d225 elementor-widget elementor-widget-icon-box\" data-id=\"643d225\" data-element_type=\"widget\" data-widget_type=\"icon-box.default\">\n\t\t\t\t<div class=\"elementor-widget-container\">\n\t\t\t\t\t<div class=\"elementor-icon-box-wrapper\">\n\t\t\t\t\t\t<div class=\"elementor-icon-box-content\">\n\t\t\t\t<h4 class=\"elementor-icon-box-title\">\n\t\t\t\t\t<a href=\"http:\/\/172.16.202.26\/?page_id=5485\" >\n\t\t\t\t\t\tElektronik und Technische Informatik<br><br>(Netzwerktechnik)\t\t\t\t\t<\/a>\n\t\t\t\t<\/h4>\n\t\t\t\t\t\t\t<\/div>\n\t\t<\/div>\n\t\t\t\t<\/div>\n\t\t\t\t<\/div>\n\t\t\t\t\t<\/div>\n\t\t<\/div>\n\t\t\t\t<div class=\"elementor-column elementor-col-50 elementor-inner-column elementor-element elementor-element-c3e82cf\" data-id=\"c3e82cf\" data-element_type=\"column\" data-settings=\"{&quot;background_background&quot;:&quot;classic&quot;,&quot;animation&quot;:&quot;none&quot;,&quot;animation_delay&quot;:1000}\">\n\t\t\t<div class=\"elementor-widget-wrap elementor-element-populated\">\n\t\t\t\t\t\t<div class=\"elementor-element elementor-element-70ee0da elementor-widget elementor-widget-image\" data-id=\"70ee0da\" data-element_type=\"widget\" data-widget_type=\"image.default\">\n\t\t\t\t<div class=\"elementor-widget-container\">\n\t\t\t\t\t\t\t\t\t\t\t\t\t\t<a href=\"http:\/\/172.16.202.26\/?page_id=5489\">\n\t\t\t\t\t\t\t<img decoding=\"async\" src=\"http:\/\/172.16.202.26\/wp-content\/uploads\/elementor\/thumbs\/wii_bt-povc9p0e1ygq7u2wmmrno7adnhhcop21otyfldcolk.jpg\" title=\"\" alt=\"\" class=\"elementor-animation-grow\" loading=\"lazy\" \/>\t\t\t\t\t\t\t\t<\/a>\n\t\t\t\t\t\t\t\t\t\t\t\t\t<\/div>\n\t\t\t\t<\/div>\n\t\t\t\t<div class=\"elementor-element elementor-element-ba5eb61 elementor-widget elementor-widget-icon-box\" data-id=\"ba5eb61\" data-element_type=\"widget\" data-widget_type=\"icon-box.default\">\n\t\t\t\t<div class=\"elementor-widget-container\">\n\t\t\t\t\t<div class=\"elementor-icon-box-wrapper\">\n\t\t\t\t\t\t<div class=\"elementor-icon-box-content\">\n\t\t\t\t<h4 class=\"elementor-icon-box-title\">\n\t\t\t\t\t<a href=\"http:\/\/172.16.202.26\/?page_id=5489\" >\n\t\t\t\t\t\tWirtschaftsingenieure\t\t\t\t\t<\/a>\n\t\t\t\t<\/h4>\n\t\t\t\t\t\t\t<\/div>\n\t\t<\/div>\n\t\t\t\t<\/div>\n\t\t\t\t<\/div>\n\t\t\t\t\t<\/div>\n\t\t<\/div>\n\t\t\t\t\t<\/div>\n\t\t<\/section>\n\t\t\t\t<div class=\"elementor-element elementor-element-8ec3648 elementor-widget elementor-widget-text-editor\" data-id=\"8ec3648\" data-element_type=\"widget\" data-widget_type=\"text-editor.default\">\n\t\t\t\t<div class=\"elementor-widget-container\">\n\t\t\t\t\t\t\t<p><strong>Voraussetzungen f\u00fcr den Besuch eines Aufbaulehrganges<\/strong><\/p>\n<p>\u2192 17. Lebensjahr sp\u00e4testens im Kalenderjahr der Aufnahme abgeschlossen<\/p>\n<p>\u2192 ausreichende Kenntnis der deutschen Sprache<\/p>\n<p>erfolgreich abgelegte Abschlusspr\u00fcfung bzw. positiver Abschluss<\/p>\n<p>\u2192&nbsp; einer f<span style=\"text-decoration: underline;\">acheinschl\u00e4gigen&nbsp;Fachschule<\/span> (3,5- bzw. 4-j\u00e4hrig) oder<\/p>\n<p>\u2192 des 1-semestrigen <span style=\"text-decoration: underline;\">Vorbereitungslehrgangs<\/span> (gilt nur f\u00fcr \u201cWirtschaftsingenieure\u201d)<\/p>\n<p><strong><br><\/strong><\/p><p><strong>Ausbildungsdauer<\/strong><\/p>\n<p>2,5 Jahre (5 Semester)<\/p>\n<p><strong>Abschluss<\/strong><\/p>\n<p>Reife- und Diplompr\u00fcfung<\/p>\t\t\t\t\t\t<\/div>\n\t\t\t\t<\/div>\n\t\t\t\t\t<\/div>\n\t\t<\/div>\n\t\t\t\t\t<\/div>\n\t\t<\/section>\n\t\t\t\t<section class=\"elementor-section elementor-top-section elementor-element elementor-element-366805f elementor-section-full_width elementor-section-height-default elementor-section-height-default\" data-id=\"366805f\" data-element_type=\"section\">\n\t\t\t\t\t\t<div class=\"elementor-container elementor-column-gap-default\">\n\t\t\t\t\t<div class=\"elementor-column elementor-col-50 elementor-top-column elementor-element elementor-element-2c6d982\" data-id=\"2c6d982\" data-element_type=\"column\">\n\t\t\t<div class=\"elementor-widget-wrap elementor-element-populated\">\n\t\t\t\t\t\t<section class=\"elementor-section elementor-inner-section elementor-element elementor-element-309d5fe elementor-section-boxed elementor-section-height-default elementor-section-height-default\" data-id=\"309d5fe\" data-element_type=\"section\">\n\t\t\t\t\t\t<div class=\"elementor-container elementor-column-gap-default\">\n\t\t\t\t\t<div class=\"elementor-column elementor-col-100 elementor-inner-column elementor-element elementor-element-8c854f6\" data-id=\"8c854f6\" data-element_type=\"column\">\n\t\t\t<div class=\"elementor-widget-wrap\">\n\t\t\t\t\t\t\t<\/div>\n\t\t<\/div>\n\t\t\t\t\t<\/div>\n\t\t<\/section>\n\t\t\t\t\t<\/div>\n\t\t<\/div>\n\t\t\t\t<div class=\"elementor-column elementor-col-50 elementor-top-column elementor-element elementor-element-8758b54\" data-id=\"8758b54\" data-element_type=\"column\">\n\t\t\t<div class=\"elementor-widget-wrap elementor-element-populated\">\n\t\t\t\t\t\t<div class=\"elementor-element elementor-element-f49e9db elementor-widget elementor-widget-heading\" data-id=\"f49e9db\" data-element_type=\"widget\" data-widget_type=\"heading.default\">\n\t\t\t\t<div class=\"elementor-widget-container\">\n\t\t\t<h3 class=\"elementor-heading-title elementor-size-default\">Vorbereitungslehrgang<\/h3>\t\t<\/div>\n\t\t\t\t<\/div>\n\t\t\t\t<section class=\"elementor-section elementor-inner-section elementor-element elementor-element-945db5c elementor-section-boxed elementor-section-height-default elementor-section-height-default\" data-id=\"945db5c\" data-element_type=\"section\">\n\t\t\t\t\t\t<div class=\"elementor-container elementor-column-gap-default\">\n\t\t\t\t\t<div class=\"elementor-column elementor-col-33 elementor-inner-column elementor-element elementor-element-f4fa572\" data-id=\"f4fa572\" data-element_type=\"column\" data-settings=\"{&quot;background_background&quot;:&quot;classic&quot;,&quot;animation&quot;:&quot;none&quot;,&quot;animation_delay&quot;:500}\">\n\t\t\t<div class=\"elementor-widget-wrap\">\n\t\t\t\t\t\t\t<\/div>\n\t\t<\/div>\n\t\t\t\t<div class=\"elementor-column elementor-col-33 elementor-inner-column elementor-element elementor-element-9bca51f\" data-id=\"9bca51f\" data-element_type=\"column\" data-settings=\"{&quot;background_background&quot;:&quot;classic&quot;,&quot;animation&quot;:&quot;none&quot;,&quot;animation_delay&quot;:1000}\">\n\t\t\t<div class=\"elementor-widget-wrap elementor-element-populated\">\n\t\t\t\t\t\t<div class=\"elementor-element elementor-element-fa1def2 elementor-widget elementor-widget-image\" data-id=\"fa1def2\" data-element_type=\"widget\" data-widget_type=\"image.default\">\n\t\t\t\t<div class=\"elementor-widget-container\">\n\t\t\t\t\t\t\t\t\t\t\t\t\t\t<a href=\"http:\/\/172.16.202.26\/?page_id=4761\">\n\t\t\t\t\t\t\t<img decoding=\"async\" src=\"http:\/\/172.16.202.26\/wp-content\/uploads\/elementor\/thumbs\/wii_bt-povc9p0e1ygq7u2wmmrno7adnhhcop21otyfldcolk.jpg\" title=\"\" alt=\"\" class=\"elementor-animation-grow\" loading=\"lazy\" \/>\t\t\t\t\t\t\t\t<\/a>\n\t\t\t\t\t\t\t\t\t\t\t\t\t<\/div>\n\t\t\t\t<\/div>\n\t\t\t\t<div class=\"elementor-element elementor-element-35226ca elementor-widget elementor-widget-icon-box\" data-id=\"35226ca\" data-element_type=\"widget\" data-widget_type=\"icon-box.default\">\n\t\t\t\t<div class=\"elementor-widget-container\">\n\t\t\t\t\t<div class=\"elementor-icon-box-wrapper\">\n\t\t\t\t\t\t<div class=\"elementor-icon-box-content\">\n\t\t\t\t<h4 class=\"elementor-icon-box-title\">\n\t\t\t\t\t<a href=\"http:\/\/172.16.202.26\/?page_id=4761\" >\n\t\t\t\t\t\tWirtschaftsingenieure<br><br><br><br>\t\t\t\t\t<\/a>\n\t\t\t\t<\/h4>\n\t\t\t\t\t\t\t<\/div>\n\t\t<\/div>\n\t\t\t\t<\/div>\n\t\t\t\t<\/div>\n\t\t\t\t\t<\/div>\n\t\t<\/div>\n\t\t\t\t<div class=\"elementor-column elementor-col-33 elementor-inner-column elementor-element elementor-element-5960d12\" data-id=\"5960d12\" data-element_type=\"column\" data-settings=\"{&quot;background_background&quot;:&quot;classic&quot;,&quot;animation&quot;:&quot;none&quot;,&quot;animation_delay&quot;:1000}\">\n\t\t\t<div class=\"elementor-widget-wrap\">\n\t\t\t\t\t\t\t<\/div>\n\t\t<\/div>\n\t\t\t\t\t<\/div>\n\t\t<\/section>\n\t\t\t\t<div class=\"elementor-element elementor-element-206aea9 elementor-widget elementor-widget-text-editor\" data-id=\"206aea9\" data-element_type=\"widget\" data-widget_type=\"text-editor.default\">\n\t\t\t\t<div class=\"elementor-widget-container\">\n\t\t\t\t\t\t\t<p><strong>Voraussetzungen f\u00fcr den Besuch des Vorbereitungslehrganges<\/strong><\/p>\n<p>\u2192 17. Lebensjahr sp\u00e4testens im Kalenderjahr der Aufnahme abgeschlossen<\/p>\n<p>\u2192 ausreichende Kenntnis der deutschen Sprache (mindestens A2)<\/p>\n<p>positiver Abschlu\u00df<\/p>\n<p>\u2192 der&nbsp;8.Schulstufe&nbsp;&nbsp;oder<\/p>\n<p>\u2192&nbsp;nichtfacheinschl\u00e4giger Lehrabschluss,&nbsp;Fachschulabschluss&nbsp;oder Werkmeisterabschluss<\/p>\n<p><strong>&nbsp;<\/strong><\/p>\n<p><strong>Ausbildungsdauer<\/strong><\/p>\n<p>1 Semester<\/p>\n<p><strong>nach Beendigung<\/strong><\/p>\n<p>Berechtigung zum Besuch des Aufbaulehrganges<\/p>\t\t\t\t\t\t<\/div>\n\t\t\t\t<\/div>\n\t\t\t\t\t<\/div>\n\t\t<\/div>\n\t\t\t\t\t<\/div>\n\t\t<\/section>\n\t\t\t\t<section class=\"elementor-section elementor-top-section elementor-element elementor-element-3f5f83a elementor-section-boxed elementor-section-height-default elementor-section-height-default\" data-id=\"3f5f83a\" data-element_type=\"section\" data-settings=\"{&quot;background_background&quot;:&quot;classic&quot;}\">\n\t\t\t\t\t\t<div class=\"elementor-container elementor-column-gap-default\">\n\t\t\t\t\t<div class=\"elementor-column elementor-col-100 elementor-top-column elementor-element elementor-element-4d50b9a\" data-id=\"4d50b9a\" data-element_type=\"column\" data-settings=\"{&quot;background_background&quot;:&quot;classic&quot;}\">\n\t\t\t<div class=\"elementor-widget-wrap elementor-element-populated\">\n\t\t\t\t\t\t<div class=\"elementor-element elementor-element-10b8eac elementor-widget elementor-widget-text-editor\" data-id=\"10b8eac\" data-element_type=\"widget\" data-widget_type=\"text-editor.default\">\n\t\t\t\t<div class=\"elementor-widget-container\">\n\t\t\t\t\t\t\t<p><strong>Qualifikation und Berechtigung nach Abschluss<\/strong><\/p><p>\u2192\u00a0 Abgeschlossene Berufsausbildung auf EU-DIPLOMNIVEAU<br \/>\u2192\u00a0 Studienberechtigung f\u00fcr UNIVERSIT\u00c4TEN und FACHHOCHSCHULEN<br \/>\u2192\u00a0 Anerkennung als \u201eUnternehmerpr\u00fcfung\u201c gem\u00e4\u00df \u00a7 23 der Gewerbeordnung<br \/>\u2192\u00a0 Nach 3 Jahren Praxis: Qualifikationsbezeichnung INGENIEUR<br \/>\u2192\u00a0 Fallweise Studiendauerverk\u00fcrzung an einschl\u00e4gigen Fachhochschulen durch Anrechnung von Vorkenntnissen<\/p><h4>\u00a0<\/h4><p><strong>Berufsberechtigungen<\/strong><\/p><p>S\u00e4mtliche gewerbliche Berechtigungen und die Zuordnung der Ausbildung zu den Gewerben bzw. Handwerken<\/p><p>siehe\u00a0<a href=\"http:\/\/www.gewerbeordnung.at\">http:\/\/www.gewerbeordnung.at<\/a><\/p>\t\t\t\t\t\t<\/div>\n\t\t\t\t<\/div>\n\t\t\t\t\t<\/div>\n\t\t<\/div>\n\t\t\t\t\t<\/div>\n\t\t<\/section>\n\t\t\t\t<\/div>\n\t\t","protected":false},"excerpt":{"rendered":"<p>ErwachsenenbildungTagesform Kollegs Erneuerbare Energie, Umwelt und Nachhaltigkeit Elektronik und Technische Informatik (Netzwerktechnik) Wirtschaftsingenieure Voraussetzungen f\u00fcr den Besuch eines Kollegs \u2192 17. Lebensjahr sp\u00e4testens im Kalenderjahr der Aufnahme abgeschlossen \u2192 ausreichende Kenntnis der deutschen Sprache (mindestens B1) erfolgreich abgelegte \u2192 Reifepr\u00fcfung, Berufsreifepr\u00fcfung, Reife- und Diplompr\u00fcfung oder \u2192 facheinschl\u00e4gige Studienberechtigungspr\u00fcfung \u00a0 Ausbildungsdauer 2 Jahre (4 Semester) Abschluss Diplompr\u00fcfung Aufbaulehrg\u00e4nge Elektronik und Technische [&hellip;]<\/p>\n","protected":false},"author":3,"featured_media":0,"parent":724,"menu_order":0,"comment_status":"closed","ping_status":"closed","template":"elementor_header_footer","meta":[],"_links":{"self":[{"href":"http:\/\/172.16.202.26\/index.php?rest_route=\/wp\/v2\/pages\/8527"}],"collection":[{"href":"http:\/\/172.16.202.26\/index.php?rest_route=\/wp\/v2\/pages"}],"about":[{"href":"http:\/\/172.16.202.26\/index.php?rest_route=\/wp\/v2\/types\/page"}],"author":[{"embeddable":true,"href":"http:\/\/172.16.202.26\/index.php?rest_route=\/wp\/v2\/users\/3"}],"replies":[{"embeddable":true,"href":"http:\/\/172.16.202.26\/index.php?rest_route=%2Fwp%2Fv2%2Fcomments&post=8527"}],"version-history":[{"count":182,"href":"http:\/\/172.16.202.26\/index.php?rest_route=\/wp\/v2\/pages\/8527\/revisions"}],"predecessor-version":[{"id":21359,"href":"http:\/\/172.16.202.26\/index.php?rest_route=\/wp\/v2\/pages\/8527\/revisions\/21359"}],"up":[{"embeddable":true,"href":"http:\/\/172.16.202.26\/index.php?rest_route=\/wp\/v2\/pages\/724"}],"wp:attachment":[{"href":"http:\/\/172.16.202.26\/index.php?rest_route=%2Fwp%2Fv2%2Fmedia&parent=8527"}],"curies":[{"name":"wp","href":"https:\/\/api.w.org\/{rel}","templated":true}]}}